{"id":32330,"date":"2021-02-21T11:01:40","date_gmt":"2021-02-21T09:01:40","guid":{"rendered":"https:\/\/azura.ro\/?post_type=product&#038;p=32330"},"modified":"2025-08-05T18:17:32","modified_gmt":"2025-08-05T15:17:32","slug":"cartus-filrant-sedimente-pp5-30-5-microni","status":"publish","type":"product","link":"https:\/\/azura.ro\/es\/produs\/cartus-filrant-sedimente-pp5-30-5-microni\/","title":{"rendered":"CARTUCHO FILTRANTE DE SEDIMENTOS PP5 30\u2033 5 MICRAS"},"content":{"rendered":"<h2><span style=\"font-family: tahoma, arial, helvetica, sans-serif; font-size: 110%;\">Cartus filtrant sedimente 30\u201d cu grad de filtrare 5 microni.<\/span><\/h2>\n<p><span style=\"font-family: tahoma, arial, helvetica, sans-serif; font-size: 110%;\">Cartusul filtrant se utilizeaza cu carcase de 30&#8243;.<\/span><\/p>\n<p><span style=\"font-size: 110%; font-family: tahoma, arial, helvetica, sans-serif;\">Finalidad de la filtraci\u00f3n: filtra sedimentos, suciedad, arena, part\u00edculas en suspensi\u00f3n, hierro y manganeso oxidado.<\/span><\/p>\n<p><span style=\"font-family: tahoma, arial, helvetica, sans-serif; font-size: 110%;\">Material: fibras de polipropileno prensado<\/span><br \/>\n<span style=\"font-family: tahoma, arial, helvetica, sans-serif; font-size: 110%;\">Dimensiuni: 30\u201d cm x 2,5\u201d <\/span><\/p>\n<p><span style=\"font-family: tahoma, arial, helvetica, sans-serif; font-size: 110%;\">Grado de filtraci\u00f3n: 5 micras<br \/>\nDebit initial: 1100 l\/h<\/span><\/p>\n<p><span style=\"font-family: tahoma, arial, helvetica, sans-serif; font-size: 110%;\">Temperatura m\u00ednima: 3\u00b0C<\/span><br \/>\n<span style=\"font-family: tahoma, arial, helvetica, sans-serif; font-size: 110%;\">Temperatura m\u00e1xima: 52\u00b0C<\/span><\/p>\n<p><span style=\"font-family: tahoma, arial, helvetica, sans-serif; font-size: 110%;\">Perioada de schimb: la caderea de presiune de 0,5 bari.<\/span><\/p>\n<p><span style=\"font-size: 110%;\"><strong><span style=\"font-family: tahoma, arial, helvetica, sans-serif;\">Cutia contine 25 bucati. Comanda minima 25 bucati.<\/span><\/strong><\/span><\/p>","protected":false},"excerpt":{"rendered":"<p><span style=\"font-size: 105%; font-family: tahoma, arial, helvetica, sans-serif;\">Acest produs se poate livra in aproximativ 7 zile lucratoare si cu un avans minim de 30%.<\/span><\/p>","protected":false},"featured_media":71089,"comment_status":"open","ping_status":"closed","template":"","meta":{"_seopress_robots_primary_cat":"none","_seopress_titles_title":"","_seopress_titles_desc":"","_seopress_robots_index":""},"product_brand":[],"product_cat":[1678],"product_tag":[1679,1680,1681],"class_list":{"0":"post-32330","1":"product","2":"type-product","3":"status-publish","4":"has-post-thumbnail","6":"product_cat-cartuse-filtre-industrie","7":"product_tag-cartus-filtrant-30","8":"product_tag-cartus-polipropilena-30","9":"product_tag-cartus-pp-30","11":"first","12":"outofstock","13":"taxable","14":"shipping-taxable","15":"purchasable","16":"product-type-simple"},"_links":{"self":[{"href":"https:\/\/azura.ro\/es\/wp-json\/wp\/v2\/product\/32330","targetHints":{"allow":["GET"]}}],"collection":[{"href":"https:\/\/azura.ro\/es\/wp-json\/wp\/v2\/product"}],"about":[{"href":"https:\/\/azura.ro\/es\/wp-json\/wp\/v2\/types\/product"}],"replies":[{"embeddable":true,"href":"https:\/\/azura.ro\/es\/wp-json\/wp\/v2\/comments?post=32330"}],"wp:featuredmedia":[{"embeddable":true,"href":"https:\/\/azura.ro\/es\/wp-json\/wp\/v2\/media\/71089"}],"wp:attachment":[{"href":"https:\/\/azura.ro\/es\/wp-json\/wp\/v2\/media?parent=32330"}],"wp:term":[{"taxonomy":"product_brand","embeddable":true,"href":"https:\/\/azura.ro\/es\/wp-json\/wp\/v2\/product_brand?post=32330"},{"taxonomy":"product_cat","embeddable":true,"href":"https:\/\/azura.ro\/es\/wp-json\/wp\/v2\/product_cat?post=32330"},{"taxonomy":"product_tag","embeddable":true,"href":"https:\/\/azura.ro\/es\/wp-json\/wp\/v2\/product_tag?post=32330"}],"curies":[{"name":"wp","href":"https:\/\/api.w.org\/{rel}","templated":true}]}}