{"id":33012,"date":"2021-03-16T22:18:26","date_gmt":"2021-03-16T20:18:26","guid":{"rendered":"https:\/\/azura.ro\/?post_type=product&#038;p=33012"},"modified":"2026-03-31T12:43:27","modified_gmt":"2026-03-31T09:43:27","slug":"tableta-efervescente-tableta-desinfeccion-del-agua-cloro-dioxido-de-cloro-dioxido-de-oxido","status":"publish","type":"product","link":"https:\/\/azura.ro\/es\/produs\/tableta-efervescenta-dezinfectie-apa-clor-dioxid-eoxide\/","title":{"rendered":"EFERVESCENTA DEZINFECTIE TABLETA DEZINFECTIE AGUA DI\u00d3XIDO DE CLORO e\u00d3xido"},"content":{"rendered":"<h2><span style=\"font-family: tahoma, arial, helvetica, sans-serif; font-size: 110%;\">Pastilla efervescente para la desinfecci\u00f3n del agua, di\u00f3xido de cloro eOxide<\/span><\/h2>\n<p><span style=\"font-family: tahoma, arial, helvetica, sans-serif; font-size: 110%;\">La pastilla de di\u00f3xido de cloro eOxide puede utilizarse para desinfectar el agua de: pozos, dep\u00f3sitos y cisternas.<img decoding=\"async\" class=\"alignright wp-image-33024 size-medium\" src=\"https:\/\/azura.ro\/wp-content\/uploads\/2021\/03\/TABLETA-EFERVESCENTA-DEZINFECTIE-APA-CLOR-DIOXID-eOxide-LQ-75-248x300.jpg\" alt=\"Pastilla desinfectante del agua eOxide\" width=\"248\" height=\"300\" srcset=\"https:\/\/azura.ro\/wp-content\/uploads\/2021\/03\/TABLETA-EFERVESCENTA-DEZINFECTIE-APA-CLOR-DIOXID-eOxide-LQ-75-248x300.jpg 248w, https:\/\/azura.ro\/wp-content\/uploads\/2021\/03\/TABLETA-EFERVESCENTA-DEZINFECTIE-APA-CLOR-DIOXID-eOxide-LQ-75.jpg 279w\" sizes=\"(max-width: 248px) 100vw, 248px\" \/> almacenamiento, agua de tuber\u00edas dom\u00e9sticas u otras aplicaciones.<\/span><\/p>\n<p><span style=\"font-family: tahoma, arial, helvetica, sans-serif; font-size: 110%;\"><strong>Nota:<\/strong> in cazul forajului\/putului, daca exista o contaminare permanenta, acest tip de dezinfectie va functiona pe o perioada scurta. Dupa improspatarea apei din foraj, aceasta va fi din nou contaminata cu bacterii. De aceea, noi recomandam ca in astfel de cazuri apa sa fie tratata permament prin metode specifice. Daca acesta este cazul dvs., va sugeram sa ne trimiteti buletinul de analiza a apei prin email.<\/span><\/p>\n<p><span style=\"font-family: tahoma, arial, helvetica, sans-serif; font-size: 110%;\">Fiecare tableta de clor dioxid eOxide dezinfecteaza pana la 2000 de litri de apa pentru o doza normala si 1000 litri apa pentru doza soc. In cazul dezinfectei boilerelor, doza necesara este de o tableta la 100 litri.<\/span><\/p>\n<h3><span style=\"font-family: tahoma, arial, helvetica, sans-serif; font-size: 110%;\">Los dep\u00f3sitos de agua, las calderas, las tuber\u00edas e incluso los pozos deben desinfectarse peri\u00f3dicamente para evitar la acumulaci\u00f3n de microorganismos y biopel\u00edculas.<\/span><\/h3>\n<p><span style=\"font-family: tahoma, arial, helvetica, sans-serif; font-size: 110%;\">La materia org\u00e1nica en dep\u00f3sitos, calderas y tuber\u00edas de agua puede ser perjudicial para la salud y afectar negativamente al sabor y olor del agua. eOxide es el di\u00f3xido de cloro m\u00e1s eficaz del mercado para desinfectar dep\u00f3sitos y calderas de agua y garantizar la calidad del agua potable.<\/span><\/p>\n<p><span style=\"font-family: tahoma, arial, helvetica, sans-serif; font-size: 110%;\">Ventajas de las pastillas eOxide<\/span><\/p>\n<ul>\n<li><span style=\"font-family: tahoma, arial, helvetica, sans-serif; font-size: 110%;\">Eficaz en una amplia gama de pH (de 4 a 10);<\/span><\/li>\n<li><span style=\"font-family: tahoma, arial, helvetica, sans-serif; font-size: 110%;\">Controla bacterias, Legionella, hongos, virus, biopel\u00edculas y algas;<\/span><\/li>\n<li><span style=\"font-family: tahoma, arial, helvetica, sans-serif; font-size: 110%;\">Neutraliza los sabores y olores desagradables del agua del dep\u00f3sito y de las calderas;<\/span><\/li>\n<li><span style=\"font-size: 110%;\"><span style=\"font-family: tahoma, arial, helvetica, sans-serif;\">M\u00e1s seguro que el cloro. eOxide no reacciona con el amon\u00edaco y no produce <\/span><span style=\"font-family: tahoma, arial, helvetica, sans-serif;\">compuestos t\u00f3xicos que entran en contacto con materiales org\u00e1nicos presentes en el agua;<\/span><\/span><\/li>\n<li><span style=\"font-family: tahoma, arial, helvetica, sans-serif; font-size: 110%;\">Eficace la doze mai mici decat clorul sau bromul;<\/span><\/li>\n<li><span style=\"font-family: tahoma, arial, helvetica, sans-serif; font-size: 110%;\">No corrosivo a las dosis recomendadas;<\/span><\/li>\n<li><span style=\"font-family: tahoma, arial, helvetica, sans-serif; font-size: 110%;\">Biodegradable a la luz del sol, por lo que no tiene efectos nocivos para el medio ambiente cuando se vierte el agua del dep\u00f3sito despu\u00e9s de la desinfecci\u00f3n;<\/span><\/li>\n<li><span style=\"font-family: tahoma, arial, helvetica, sans-serif; font-size: 110%;\">Los microorganismos no desarrollan resistencia al eOxido.<\/span><\/li>\n<\/ul>\n<h3><span style=\"font-family: tahoma, arial, helvetica, sans-serif; font-size: 110%;\">Instructiuni de utilizare tableta efervescenta clor dioxid eOxide<\/span><\/h3>\n<p><span style=\"font-family: tahoma, arial, helvetica, sans-serif; font-size: 110%;\">Fiecare tableta trateaza pana la 2000 de litri de apa in doza normala si pana la 1000 litri de apa in doza soc; In cazul dezinfectei boilerelor doza necesara este de o tableta la 100 litri.<\/span><\/p>\n<ul>\n<li><span style=\"font-family: tahoma, arial, helvetica, sans-serif; font-size: 110%;\">Al manipular las pastillas, evite el contacto con la piel;<\/span><\/li>\n<li><span style=\"font-family: tahoma, arial, helvetica, sans-serif; font-size: 110%;\">Saque la pastilla del envase y a\u00f1\u00e1dala directamente a la fuente de agua. La mejor dosis es por la noche;<\/span><\/li>\n<li><span style=\"font-size: 110%;\"><span style=\"font-family: tahoma, arial, helvetica, sans-serif;\">En el caso de dep\u00f3sitos de agua grandes, para obtener mejores resultados recomendamos <\/span><span style=\"font-family: tahoma, arial, helvetica, sans-serif;\">utilizar una peque\u00f1a bomba solar o el\u00e9ctrica sumergible para <\/span><span style=\"font-family: tahoma, arial, helvetica, sans-serif;\">distribuci\u00f3n del agua y aireaci\u00f3n durante la desinfecci\u00f3n;<\/span><\/span><\/li>\n<li><span style=\"font-family: tahoma, arial, helvetica, sans-serif; font-size: 110%;\">La cantidad de eOxido necesaria para la desinfecci\u00f3n del agua depender\u00e1 de la calidad del agua a desinfectar;<\/span><\/li>\n<li><span style=\"font-size: 110%;\"><span style=\"font-family: tahoma, arial, helvetica, sans-serif;\">Cuando se utiliza como tratamiento general o medida de precauci\u00f3n puede tratar hasta <\/span><span style=\"font-family: tahoma, arial, helvetica, sans-serif;\">2000 litros por pastilla.<\/span><\/span><\/li>\n<li><span style=\"font-size: 110%;\">Si trata aguas turbias o sucias, p\u00f3ngase en contacto con la empresa para obtener instrucciones de dosificaci\u00f3n.<\/span><\/li>\n<li><span style=\"font-family: tahoma, arial, helvetica, sans-serif; font-size: 110%;\">Si la dosis es superior a la recomendada, evite inhalar los vapores del agua tratada;<\/span><\/li>\n<li><span style=\"font-family: tahoma, arial, helvetica, sans-serif; font-size: 110%; color: #d83131;\">En caso de tratamiento del agua potable a la dosis recomendada, le aconsejamos que espere al menos 72 horas.<\/span><br \/>\n<span style=\"font-family: tahoma, arial, helvetica, sans-serif; font-size: 110%; color: #d83131;\">\u00a0inainte de a bea apa; In cele 72 ore, este necesar sa utililizati apa (fara a o bea) pentru ca dezinfectantul sa fie eliminat de pe conductele casei si din vasul de stocare.<\/span><\/li>\n<\/ul>\n<p><span style=\"font-family: tahoma, arial, helvetica, sans-serif; font-size: 110%;\">Una vez abiertos los comprimidos del envase original, deben utilizarse en un plazo de 12 meses.<\/span><\/p>\n<div id=\"malwarebytes-root\"><\/div>","protected":false},"excerpt":{"rendered":"<p>Tableta efervescenta cu scop de dezinfectie apa, clor dioxid eOxide Tableta de clor dioxid eOxide, se poate utiliza pentru a dezinfecta apa din: foraje\/puturi, rezervoare si vase de stocare, apa din conductele casei sau din alte aplicatii. Nota: in cazul forajului\/putului, daca exista o contaminare permanenta, acest tip de dezinfectie va functiona pe o perioada [&#8230;]\n","protected":false},"featured_media":69913,"comment_status":"open","ping_status":"closed","template":"","meta":{"_seopress_robots_primary_cat":"none","_seopress_titles_title":"","_seopress_titles_desc":"","_seopress_robots_index":""},"product_brand":[],"product_cat":[127],"product_tag":[1693,1692,1694],"class_list":{"0":"post-33012","1":"product","2":"type-product","3":"status-publish","4":"has-post-thumbnail","6":"product_cat-dozare-chimicale","7":"product_tag-clor-dioxid","8":"product_tag-dezinfectie-apa","9":"product_tag-eoxide","11":"first","12":"instock","13":"taxable","14":"shipping-taxable","15":"purchasable","16":"product-type-simple"},"_links":{"self":[{"href":"https:\/\/azura.ro\/es\/wp-json\/wp\/v2\/product\/33012","targetHints":{"allow":["GET"]}}],"collection":[{"href":"https:\/\/azura.ro\/es\/wp-json\/wp\/v2\/product"}],"about":[{"href":"https:\/\/azura.ro\/es\/wp-json\/wp\/v2\/types\/product"}],"replies":[{"embeddable":true,"href":"https:\/\/azura.ro\/es\/wp-json\/wp\/v2\/comments?post=33012"}],"wp:featuredmedia":[{"embeddable":true,"href":"https:\/\/azura.ro\/es\/wp-json\/wp\/v2\/media\/69913"}],"wp:attachment":[{"href":"https:\/\/azura.ro\/es\/wp-json\/wp\/v2\/media?parent=33012"}],"wp:term":[{"taxonomy":"product_brand","embeddable":true,"href":"https:\/\/azura.ro\/es\/wp-json\/wp\/v2\/product_brand?post=33012"},{"taxonomy":"product_cat","embeddable":true,"href":"https:\/\/azura.ro\/es\/wp-json\/wp\/v2\/product_cat?post=33012"},{"taxonomy":"product_tag","embeddable":true,"href":"https:\/\/azura.ro\/es\/wp-json\/wp\/v2\/product_tag?post=33012"}],"curies":[{"name":"wp","href":"https:\/\/api.w.org\/{rel}","templated":true}]}}