{"id":331,"date":"2014-04-27T01:23:54","date_gmt":"2014-04-26T23:23:54","guid":{"rendered":"http:\/\/dev02.websynapse.ro\/product\/cartus-filtrant-ionizator-ja-503-purepro\/"},"modified":"2026-03-17T12:16:14","modified_gmt":"2026-03-17T10:16:14","slug":"ja-503-purepro-cartucho-de-filtro-ionizador-purepro","status":"publish","type":"product","link":"https:\/\/azura.ro\/es\/produs\/cartus-filtrant-ionizator-ja-503-purepro\/","title":{"rendered":"IONIZADOR FILTRANTE CARTUS JA - 103\/503\/2000 PurePro"},"content":{"rendered":"<h2><span style=\"font-size: 110%; font-family: tahoma, arial, helvetica, sans-serif;\">El cartucho filtrante PurePro se utiliza junto con el ionizador de agua JA - 503. <\/span><\/h2>\n<p><span style=\"font-size: 110%; font-family: tahoma, arial, helvetica, sans-serif;\">Est\u00e1 construido con los mejores materiales y tiene la mejor capacidad de filtraci\u00f3n en comparaci\u00f3n con otros ionizadores de agua.<\/span><\/p>\n<p><span style=\"font-size: 110%; font-family: tahoma, arial, helvetica, sans-serif;\">La construcci\u00f3n del filtro es multicapa, con diferentes medios filtrantes para diferentes contaminantes:<\/span><\/p>\n<p><span style=\"font-size: 110%; font-family: tahoma, arial, helvetica, sans-serif;\">1.  Polipropileno para la retenci\u00f3n de sedimentos<\/span><br \/>\n<span style=\"font-size: 110%; font-family: tahoma, arial, helvetica, sans-serif;\"> 2.  Carb\u00f3n activo granular impregnado de plata para efecto bacteriost\u00e1tico<\/span><br \/>\n<span style=\"font-size: 110%; font-family: tahoma, arial, helvetica, sans-serif;\"> 3. Resina de intercambio i\u00f3nico para la retenci\u00f3n de metales pesados<\/span><br \/>\n<span style=\"font-size: 110%; font-family: tahoma, arial, helvetica, sans-serif;\"> 4. KDF para retener metales pesados y aumentar la capacidad de filtraci\u00f3n del carb\u00f3n activado.<\/span><\/p>\n<p><span style=\"font-size: 110%; font-family: tahoma, arial, helvetica, sans-serif;\">\u00a1El filtro m\u00e1s potente integrado en un ionizador de agua! \u00a1PurePro crea calidad!<\/span><\/p>\n<p><span style=\"font-size: 110%; font-family: tahoma, arial, helvetica, sans-serif;\">\u00a0Filtra trihalometanos (THM), sustancias qu\u00edmicas org\u00e1nicas vol\u00e1tiles (COV), cloro y otras sustancias qu\u00edmicas.<\/span><\/p>\n<h3><span style=\"font-size: 110%; font-family: tahoma, arial, helvetica, sans-serif;\">Incluye filtro de agua JA-503:<\/span><\/h3>\n<p><span style=\"font-size: 110%; font-family: tahoma, arial, helvetica, sans-serif;\">99,98496+ reducci\u00f3n de part\u00edculas de 3 - 4 micras<\/span><br \/>\n<span style=\"font-size: 110%; font-family: tahoma, arial, helvetica, sans-serif;\"> 99,9696+ reducci\u00f3n de part\u00edculas de 1 - 2 micras<\/span><br \/>\n<span style=\"font-size: 110%; font-family: tahoma, arial, helvetica, sans-serif;\"> Filtraci\u00f3n en varios pasos, cada vez m\u00e1s finos.<\/span><\/p>\n<p><span style=\"font-size: 110%; font-family: tahoma, arial, helvetica, sans-serif;\">Ventajas:<\/span><\/p>\n<p><span style=\"font-size: 110%; font-family: tahoma, arial, helvetica, sans-serif;\">Reducci\u00f3n eficaz del plomo disuelto<\/span><br \/>\n<span style=\"font-size: 110%; font-family: tahoma, arial, helvetica, sans-serif;\"> Muy alto poder de adsorci\u00f3n de sustancias qu\u00edmicas<\/span><br \/>\n<span style=\"font-size: 110%; font-family: tahoma, arial, helvetica, sans-serif;\"> Eliminar tambi\u00e9n el plomo no disuelto<\/span><br \/>\n<span style=\"font-size: 110%; font-family: tahoma, arial, helvetica, sans-serif;\"> Reduce quistes como Giardia y Cryptosporidium<\/span><br \/>\n<span style=\"font-size: 110%; font-family: tahoma, arial, helvetica, sans-serif;\"> Reduce la turbidez de forma muy eficaz<\/span><br \/>\n<span style=\"font-size: 110%; font-family: tahoma, arial, helvetica, sans-serif;\"> Fabricado con materiales puros<\/span><\/p>\n<p><span style=\"font-size: 110%; font-family: tahoma, arial, helvetica, sans-serif;\">Capacidad de filtraci\u00f3n muy elevada, 12000 litros de agua. Esta cantidad est\u00e1 directamente influenciada por la calidad del agua.\u00a0<\/span><\/p>\n<p><span style=\"font-family: tahoma, arial, helvetica, sans-serif; font-size: 110%;\">Compatible con los ionizadores JA-103, JA-503 y JA-2000.<\/span><\/p>","protected":false},"excerpt":{"rendered":"<p><span style=\"font-size: 10pt; font-family: tahoma, arial, helvetica, sans-serif;\">Filtro de recambio para ionizador JA - 503 PurePro<\/span><\/p>","protected":false},"featured_media":67984,"comment_status":"open","ping_status":"closed","template":"","meta":{"_seopress_robots_primary_cat":"none","_seopress_titles_title":"","_seopress_titles_desc":"FILTRU APA PENTRU IONIZATOR JA - 503 PurePro","_seopress_robots_index":""},"product_brand":[],"product_cat":[1141],"product_tag":[448,446,450,451,445,452],"class_list":{"0":"post-331","1":"product","2":"type-product","3":"status-publish","4":"has-post-thumbnail","6":"product_cat-cartuse-ionizatoare-apa","7":"product_tag-cartus-filtrant-de-schimb-ionizator-purepro","8":"product_tag-filtru-apa-purepro","9":"product_tag-filtru-ionizator","10":"product_tag-filtru-ja-503","11":"product_tag-filtru-purepro","12":"product_tag-ja-503","14":"first","15":"instock","16":"taxable","17":"shipping-taxable","18":"purchasable","19":"product-type-simple"},"_links":{"self":[{"href":"https:\/\/azura.ro\/es\/wp-json\/wp\/v2\/product\/331","targetHints":{"allow":["GET"]}}],"collection":[{"href":"https:\/\/azura.ro\/es\/wp-json\/wp\/v2\/product"}],"about":[{"href":"https:\/\/azura.ro\/es\/wp-json\/wp\/v2\/types\/product"}],"replies":[{"embeddable":true,"href":"https:\/\/azura.ro\/es\/wp-json\/wp\/v2\/comments?post=331"}],"wp:featuredmedia":[{"embeddable":true,"href":"https:\/\/azura.ro\/es\/wp-json\/wp\/v2\/media\/67984"}],"wp:attachment":[{"href":"https:\/\/azura.ro\/es\/wp-json\/wp\/v2\/media?parent=331"}],"wp:term":[{"taxonomy":"product_brand","embeddable":true,"href":"https:\/\/azura.ro\/es\/wp-json\/wp\/v2\/product_brand?post=331"},{"taxonomy":"product_cat","embeddable":true,"href":"https:\/\/azura.ro\/es\/wp-json\/wp\/v2\/product_cat?post=331"},{"taxonomy":"product_tag","embeddable":true,"href":"https:\/\/azura.ro\/es\/wp-json\/wp\/v2\/product_tag?post=331"}],"curies":[{"name":"wp","href":"https:\/\/api.w.org\/{rel}","templated":true}]}}