{"id":346,"date":"2014-05-03T12:53:45","date_gmt":"2014-05-03T12:53:45","guid":{"rendered":"http:\/\/dev02.websynapse.ro\/product\/sterilizator-apa-uv40-racord-34-ultraviolet\/"},"modified":"2025-10-07T12:24:35","modified_gmt":"2025-10-07T09:24:35","slug":"sterilizator-apa-uv40-racord-34-ultraviolet","status":"publish","type":"product","link":"https:\/\/azura.ro\/es\/produs\/sterilizator-apa-uv40-racord-34-ultraviolet\/","title":{"rendered":"STERILIZATOR APA UV40 RACORD 3\/4&#8243;"},"content":{"rendered":"<h2><span style=\"font-family: tahoma, arial, helvetica, sans-serif; font-size: 110%;\">Sterilizator apa UV40 cu conexiuni 3\/4&#8243;<\/span><\/h2>\n<p><span style=\"font-size: 110%; font-family: tahoma, arial, helvetica, sans-serif;\">Sterilizatoarele cu ultraviolete sunt special concepute pentru dezinfectia apei cu scop de potabilizare. Acest echipament se utilizeaza in mod uzual pentru dezinfectia apei pe toata casa. Scopul sterilizatoarelor din seria ULTRAVIOLET este sa dezinfecteze toata apa ce se utilizeaza in casa. Ca orice echipament pentru filtrarea si potabilizarea apei, sterilizatorul cu ultraviolete se alege in functie de debitul de apa tratat.<\/span><\/p>\n<p style=\"text-align: left;\"><span style=\"font-size: 110%; font-family: tahoma, arial, helvetica, sans-serif;\"><br \/>\nCaracter\u00edsticas t\u00e9cnicas:<\/span><\/p>\n<p><span style=\"font-family: tahoma, arial, helvetica, sans-serif; font-size: 110%;\">Model: UV40<\/span><br \/>\n<span style=\"font-family: tahoma, arial, helvetica, sans-serif; font-size: 110%;\">Debit maxim: 2720 l\/h<\/span><br \/>\n<span style=\"font-family: tahoma, arial, helvetica, sans-serif; font-size: 110%;\">Numar lampi: 1 buc.<\/span><br \/>\n<span style=\"font-family: tahoma, arial, helvetica, sans-serif; font-size: 110%;\">Putere: 40W<\/span><br \/>\n<span style=\"font-family: tahoma, arial, helvetica, sans-serif; font-size: 110%;\">Racorduri: 3\/4&#8243; filet exterior<\/span><br \/>\n<span style=\"font-family: tahoma, arial, helvetica, sans-serif; font-size: 110%;\">Diametru: 63,5 mm<\/span><br \/>\n<span style=\"font-family: tahoma, arial, helvetica, sans-serif; font-size: 110%;\">Lungime: 924 mm<\/span><\/p>\n<p><span style=\"font-size: 110%; font-family: tahoma, arial, helvetica, sans-serif;\">Sterilizatorul cu ultraviolete este indicat a se utiliza pentru orice apa, fie ca sursa este de la reteaua publica sau din sursa proprie (apa de foraj\/put).<\/span><\/p>\n<p><span style=\"font-size: 110%; font-family: tahoma, arial, helvetica, sans-serif;\">Eficienta sterilizatorului cu ultraviolet este strans legata de calitatea apei de alimentare. Pentru eficienta maxima, se recomanda ca apa ce urmeaza a fi tratata sa aiba urmatorii parametrii:<\/span><\/p>\n<p><span style=\"font-size: 110%; font-family: tahoma, arial, helvetica, sans-serif;\">Duritate maxima: 7 grade Germane<\/span><br \/>\n<span style=\"font-size: 110%; font-family: tahoma, arial, helvetica, sans-serif;\"> Fier &lt;0,2 mg\/l<\/span><br \/>\n<span style=\"font-size: 110%; font-family: tahoma, arial, helvetica, sans-serif;\"> Hidrogen sulfurat &lt;0,05 mg\/l<\/span><br \/>\n<span style=\"font-size: 110%; font-family: tahoma, arial, helvetica, sans-serif;\"> Mangan &lt; 0,05 mg\/l<\/span><br \/>\n<span style=\"font-size: 110%; font-family: tahoma, arial, helvetica, sans-serif;\"> Suspensii &lt; 10 mg\/l<\/span><\/p>\n<p><span style=\"font-size: 110%; font-family: tahoma, arial, helvetica, sans-serif;\">Daca apa nu indeplineste conditiile mentionate mai sus, se impune tratarea acesteia in prealabil prin medote specifice si cu echipamente potrivite.<\/span><\/p>\n<p><span style=\"font-size: 110%; font-family: tahoma, arial, helvetica, sans-serif;\">Despre montaj:<\/span><\/p>\n<p><span style=\"font-size: 110%; font-family: tahoma, arial, helvetica, sans-serif;\">Sterilizatorul cu lampa UV\u00a0a fost proiectat astfel incat se poate monta vertical\/orizonta. Ideal, se va monta in pozitie verticala si cu conectorul lampii in partea de sus.<\/span><\/p>\n<p><span style=\"font-size: 110%; font-family: tahoma, arial, helvetica, sans-serif;\">Se va monta doar pe apa rece!<\/span><\/p>\n<p><span style=\"font-size: 110%; font-family: tahoma, arial, helvetica, sans-serif;\">Sugestii:<\/span><\/p>\n<p><span style=\"font-size: 110%; font-family: tahoma, arial, helvetica, sans-serif;\">Este indicat montarea unui filtru cu finete de filtrare 5 microni, inaintea sterilizatorului UV.<\/span><br \/>\n<span style=\"font-size: 110%; font-family: tahoma, arial, helvetica, sans-serif;\"> In cazul in care calitatea apei necesita mai multe echipamente de tratare, sterilizatorul se va monta ca ultima treapta de tratare inaintea furnizarii de apa catre casa.<br \/>\n<\/span><br \/>\n<span style=\"font-size: 110%; font-family: tahoma, arial, helvetica, sans-serif;\"> Sterilizatorul UV se monteaza dupa hidrofor, ca orice alt echipament pentru filtrarea si tratare apei.<\/span><br \/>\n<span style=\"font-size: 110%; font-family: tahoma, arial, helvetica, sans-serif;\"> Este indicat ca traseele de conducte cu apa sa fie dezinfectate cu hipoclorit de sodiu.<\/span><\/p>\n<p><span style=\"font-size: 110%; font-family: tahoma, arial, helvetica, sans-serif;\">In cazul in care exista intreruperi de curent sau tensiune oscilanta, se recomanda instalarea unui stabilizator de curent.<\/span><\/p>\n<h3><span style=\"font-size: 110%; font-family: tahoma, arial, helvetica, sans-serif;\">Din ce este compus sterilizatorul UV40?<\/span><\/h3>\n<p><span style=\"font-size: 110%; font-family: tahoma, arial, helvetica, sans-serif;\">&#8211; carcasa inox \u2013 1 buc;<br \/>\n&#8211; teaca quartz \u2013 1 buc;<br \/>\n&#8211; balast (transformator) \u2013 1 buc;<br \/>\n&#8211; lampa UV \u2013 1 buc;<br \/>\n&#8211; cablu alimentare \u2013 1 buc;<br \/>\n&#8211; brida prindere \u2013 2 buc;<br \/>\n&#8211; o\u2010ring \u2013 2 buc.<\/span><\/p>\n<p><span style=\"font-family: tahoma, arial, helvetica, sans-serif; font-size: 110%;\">Durata de viata:<\/span><\/p>\n<p><span style=\"font-size: 110%; font-family: tahoma, arial, helvetica, sans-serif;\">Sterilizatorul UV contine o lampa ce are durata de viata 9000 ore, aproximativ un an. Dupa 9000 ore, lampa trebuie schimbata altfel sterilizatorul va deveni ineficient.<\/span><\/p>\n<p class=\"Default\"><span style=\"font-size: 110%; font-family: tahoma, arial, helvetica, sans-serif;\">Precauci\u00f3n La exposici\u00f3n directa o reflejada a la luz ultravioleta provocar\u00e1 irritaciones dolorosas en los ojos y la piel. Las personas que puedan verse expuestas accidentalmente deber\u00e1n llevar gafas especiales, guantes y ropa de protecci\u00f3n adecuada.<\/span><\/p>\n<p><span style=\"font-family: tahoma, arial, helvetica, sans-serif; font-size: 110%;\">Nota finala: bazat pe experienta noastra, rata de dezinfectie cu un sterilizator UV este intre 10% &#8211; 80%. Desigur, aceasta rata este influentata de tipul de sterilizator, de debit si de conditiile fizico-chimice ale apei. In realitate, rata de dezinfectie cu un sterilizator UV poate fi mai mica de 10% dar si mai mare de 80%.<\/span><\/p>\n<p class=\"Default\"><span style=\"font-size: 110%; font-family: tahoma, arial, helvetica, sans-serif;\">Garantie: perioada de garantie este de doi ani, exceptand lampa UV de schimb ce este un consumabil.<\/span><\/p>","protected":false},"excerpt":{"rendered":"<p><span style=\"font-size: 100%; font-family: tahoma, arial, helvetica, sans-serif;\">Sterilizator casnic de apa cu ultraviolete pentru distrugerea bacteriilor, fungilor, algelor, protozoarelor, mucegaiurilor. Debit, 2710 l\/h.<\/span><\/p>\n<p><a href=\"https:\/\/azura.ro\/es\/100-30-dias-de-garantia-de-devolucion\/\" target=\"_blank\" rel=\"noopener noreferrer\"><img decoding=\"async\" class=\"alignnone wp-image-7307\" src=\"https:\/\/azura.ro\/wp-content\/uploads\/2016\/06\/Garantie-retur.png\" alt=\"\" width=\"112\" height=\"103\" \/><\/a><a href=\"https:\/\/azura.ro\/es\/service\/\" target=\"_blank\" rel=\"noopener noreferrer\"><img decoding=\"async\" class=\"alignnone wp-image-7308\" src=\"https:\/\/azura.ro\/wp-content\/uploads\/2016\/06\/Service.png\" alt=\"\" width=\"120\" height=\"124\" \/><\/a><a href=\"https:\/\/azura.ro\/es\/2-ani-garantie\/\" target=\"_blank\" rel=\"noopener noreferrer\"><img decoding=\"async\" class=\"alignnone wp-image-14008\" src=\"https:\/\/azura.ro\/wp-content\/uploads\/2018\/12\/2-ani-garantie.png\" alt=\"\" width=\"105\" height=\"126\" \/><\/a><\/p>\n<p><a href=\"https:\/\/azura.ro\/es\/100-30-dias-de-garantia-de-devolucion\/\" target=\"_blank\" rel=\"noopener noreferrer\">Ofrecemos garant\u00eda de satisfacci\u00f3n con devoluci\u00f3n del dinero en 30 d\u00edas<\/a><br \/>\n<a href=\"https:\/\/azura.ro\/es\/service\/\" target=\"_blank\" rel=\"noopener noreferrer\">Ofrecemos servicio especializado en Ruman\u00eda \u00a1Cualquier problema t\u00e9cnico se resuelve en Ruman\u00eda!<\/a><br \/>\n<a href=\"https:\/\/azura.ro\/es\/2-ani-garantie\/\" target=\"_blank\" rel=\"noopener noreferrer\">Ofrecemos garant\u00eda contra defectos de fabricaci\u00f3n, 2 a\u00f1os de garant\u00eda<\/a><\/p>\n<p><span style=\"font-size: 85%;\" data-nosnippet=\"true\"><i>El precio de venta del AEE incluye el valor del coste del \"sello verde<u>seg\u00fan GEO 5\/2015<\/u><\/i><\/span><\/p>","protected":false},"featured_media":68975,"comment_status":"open","ping_status":"closed","template":"","meta":{"_seopress_robots_primary_cat":"none","_seopress_titles_title":"","_seopress_titles_desc":"STERILIZATOR ULTRAVIOLETE CASNIC","_seopress_robots_index":""},"product_brand":[],"product_cat":[125],"product_tag":[306,456,457,458,307],"class_list":{"0":"post-346","1":"product","2":"type-product","3":"status-publish","4":"has-post-thumbnail","6":"product_cat-sterilizatoare-cu-uv","7":"product_tag-lampa-uv","8":"product_tag-sterilizator-apa","9":"product_tag-sterilizator-casnic","10":"product_tag-sterilizator-ultraviolete-casnic","11":"product_tag-ultraviolete","12":"pa_amplasare-conductaprincipala","13":"pa_brand-azurauv","15":"first","16":"outofstock","17":"sale","18":"taxable","19":"shipping-taxable","20":"purchasable","21":"product-type-simple"},"_links":{"self":[{"href":"https:\/\/azura.ro\/es\/wp-json\/wp\/v2\/product\/346","targetHints":{"allow":["GET"]}}],"collection":[{"href":"https:\/\/azura.ro\/es\/wp-json\/wp\/v2\/product"}],"about":[{"href":"https:\/\/azura.ro\/es\/wp-json\/wp\/v2\/types\/product"}],"replies":[{"embeddable":true,"href":"https:\/\/azura.ro\/es\/wp-json\/wp\/v2\/comments?post=346"}],"wp:featuredmedia":[{"embeddable":true,"href":"https:\/\/azura.ro\/es\/wp-json\/wp\/v2\/media\/68975"}],"wp:attachment":[{"href":"https:\/\/azura.ro\/es\/wp-json\/wp\/v2\/media?parent=346"}],"wp:term":[{"taxonomy":"product_brand","embeddable":true,"href":"https:\/\/azura.ro\/es\/wp-json\/wp\/v2\/product_brand?post=346"},{"taxonomy":"product_cat","embeddable":true,"href":"https:\/\/azura.ro\/es\/wp-json\/wp\/v2\/product_cat?post=346"},{"taxonomy":"product_tag","embeddable":true,"href":"https:\/\/azura.ro\/es\/wp-json\/wp\/v2\/product_tag?post=346"}],"curies":[{"name":"wp","href":"https:\/\/api.w.org\/{rel}","templated":true}]}}