{"id":349,"date":"2014-05-03T15:35:46","date_gmt":"2014-05-03T13:35:46","guid":{"rendered":"http:\/\/dev02.websynapse.ro\/product\/sterilizator-filtru-apa-uv-6w-ultraviolet-uws\/"},"modified":"2025-11-08T18:17:08","modified_gmt":"2025-11-08T16:17:08","slug":"sterilizator-filtru-apa-uv-6w-ultraviolet-uws","status":"publish","type":"product","link":"https:\/\/azura.ro\/es\/produs\/sterilizator-filtru-apa-uv-6w-ultraviolet-uws\/","title":{"rendered":"STERILIZATOR FILTRU APA UV 6W"},"content":{"rendered":"<h2><span style=\"font-family: tahoma, arial, helvetica, sans-serif; font-size: 110%;\">Sterilizator filtru apa de 6W compatibil cu orice purificator sau filtru de apa ce se instaleaza sub chiuveta.<\/span><\/h2>\n<p><span style=\"font-size: 110%; font-family: tahoma, arial, helvetica, sans-serif;\">Sterilizatoarele cu ultraviolete sunt special concepute pentru dezinfectia apei cu scop de potabilizare. Acest echipament se utilizeaza in mod uzual pentru un singur punct de consum, mai exact se ataseaza la filtrele de apa potabila fie ca acestea sunt ceramice, cu ultrafiltrare, cu osmoza inversa. Este ultima treapta in procesul de purificare. Acest sterilizator nu poate fi utilizat pentru dezinfectia apei la nivel de casa deoarece nu suporta debitul respectiv.<\/span><\/p>\n<h3><span style=\"font-size: 110%; font-family: tahoma, arial, helvetica, sans-serif;\">Caracteristici tehnice sterilizator filtru apa:<\/span><\/h3>\n<p><span style=\"font-size: 110%;\">Model: LBR-EC-S01<\/span><br \/>\n<span style=\"font-size: 110%;\">Debit maxim: 120 l\/h<\/span><br \/>\n<span style=\"font-size: 110%;\">Numar lampi: 1 buc.<\/span><br \/>\n<span style=\"font-size: 110%;\">Putere: 6W<\/span><br \/>\n<span style=\"font-size: 110%;\">Racorduri: 1\/4&#8243; filet exterior<\/span><br \/>\n<span style=\"font-size: 110%;\">Diametru: 60 mm<\/span><br \/>\n<span style=\"font-size: 110%;\">Lungime: 260 mm<\/span><\/p>\n<p><span style=\"font-size: 110%;\">Sterilizatorul cu ultraviolete este indicat a se utiliza pentru orice apa, fie ca sursa este de la reteaua publica sau din sursa proprie (apa de foraj\/put).<\/span><\/p>\n<p><span style=\"font-size: 110%; font-family: tahoma, arial, helvetica, sans-serif;\">Eficienta sterilizatorului cu ultraviolete\u00a0este strans legata de calitatea apei de alimentare. Pentru eficienta maxima, se recomanda ca apa ce urmeaza a fi tratata sa aiba urmatorii parametrii:<\/span><\/p>\n<p><span style=\"font-size: 110%; font-family: tahoma, arial, helvetica, sans-serif;\">Duritate maxima: 7 grade Germane<\/span><br \/>\n<span style=\"font-size: 110%; font-family: tahoma, arial, helvetica, sans-serif;\"> Fier &lt;0,2 mg\/l<\/span><br \/>\n<span style=\"font-size: 110%; font-family: tahoma, arial, helvetica, sans-serif;\"> Hidrogen sulfurat &lt;0,05 mg\/l<\/span><br \/>\n<span style=\"font-size: 110%; font-family: tahoma, arial, helvetica, sans-serif;\"> Mangan &lt; 0,05 mg\/l<\/span><br \/>\n<span style=\"font-size: 110%; font-family: tahoma, arial, helvetica, sans-serif;\"> Suspensii &lt; 10 mg\/l<\/span><\/p>\n<p><span style=\"font-size: 110%; font-family: tahoma, arial, helvetica, sans-serif;\">Daca apa nu indeplineste conditiile mentionate mai sus, se impune tratarea acesteia in prealabil prin medote specifice si cu echipamente potrivite.<\/span><\/p>\n<p><span style=\"font-size: 110%; font-family: tahoma, arial, helvetica, sans-serif;\">Despre montaj:<\/span><\/p>\n<p><span style=\"font-size: 110%; font-family: tahoma, arial, helvetica, sans-serif;\">Se va monta pe diferite filtre de apa ca ultima treapta de tratare. In unele cazuri, in functie de necesitate, se poate instala si inaintea sistemului de filtrare (cu prefiltrare potrivita).<\/span><\/p>\n<p><span style=\"font-size: 110%; font-family: tahoma, arial, helvetica, sans-serif;\">Se va monta doar pe apa rece!<\/span><\/p>\n<h3><span style=\"font-size: 110%; font-family: tahoma, arial, helvetica, sans-serif;\">Din ce este compus sterilizatorul UV 6W?<\/span><\/h3>\n<p><span style=\"font-size: 110%; font-family: tahoma, arial, helvetica, sans-serif;\">&#8211; carcasa inox \u2013 1 buc;<br \/>\n&#8211; teaca quartz \u2013 1 buc;<br \/>\n&#8211; balast (transformator) \u2013 1 buc;<br \/>\n&#8211; lampa UV \u2013 1 buc;<br \/>\n&#8211; cablu alimentare \u2013 1 buc;<br \/>\n&#8211; brida prindere \u2013 2 buc;<br \/>\n&#8211; o\u2010ring \u2013 2 buc.<\/span><\/p>\n<p><span style=\"font-family: tahoma, arial, helvetica, sans-serif; font-size: 110%;\">Durata de viata:<\/span><\/p>\n<p><span style=\"font-size: 110%; font-family: tahoma, arial, helvetica, sans-serif;\">Sterilizatorul UV\u00a0 contine o lampa ce are durata de viata 9000 ore, aproximativ un an. Dupa 9000 ore, lampa trebuie schimbata altfel sterilizatorul va deveni ineficient.<\/span><\/p>\n<p><span style=\"font-size: 110%; font-family: tahoma, arial, helvetica, sans-serif;\">Precauci\u00f3n La exposici\u00f3n directa o reflejada a la luz ultravioleta provocar\u00e1 irritaciones dolorosas en los ojos y la piel. Las personas que puedan verse expuestas accidentalmente deber\u00e1n llevar gafas especiales, guantes y ropa de protecci\u00f3n adecuada.<\/span><\/p>\n<p><span style=\"font-family: tahoma, arial, helvetica, sans-serif; font-size: 110%;\">Nota finala: bazat pe experienta noastra, rata de dezinfectie cu un sterilizator UV este intre 10% &#8211; 80%. Desigur, aceasta rata este influentata de tipul de sterilizator, de debit si de conditiile fizico-chimice ale apei. In realitate, rata de dezinfectie cu un sterilizator UV poate fi mai mica de 10% dar si mai mare de 80%.<\/span><\/p>\n<p><span style=\"font-size: 110%; font-family: tahoma, arial, helvetica, sans-serif;\">Garantie: perioada de garantie este de doi ani, exceptand lampa UV de schimb ce este un consumabil.<\/span><\/p>","protected":false},"excerpt":{"rendered":"<p><span style=\"font-family: tahoma, arial, helvetica, sans-serif; font-size: 100%;\">Sterilizator de apa cu ultraviolete pentru filtre. Scop:\u00a0distrugerea bacteriilor, fungilor, algelor, protozoarelor, mucegaiurilor.<\/span><\/p>\n<p><a href=\"https:\/\/azura.ro\/es\/100-30-dias-de-garantia-de-devolucion\/\" target=\"_blank\" rel=\"noopener noreferrer\"><img decoding=\"async\" class=\"alignnone wp-image-7307\" src=\"https:\/\/azura.ro\/wp-content\/uploads\/2016\/06\/Garantie-retur.png\" alt=\"\" width=\"104\" height=\"118\" \/><\/a><a href=\"https:\/\/azura.ro\/es\/service\/\" target=\"_blank\" rel=\"noopener noreferrer\"><img decoding=\"async\" class=\"alignnone wp-image-7308\" src=\"https:\/\/azura.ro\/wp-content\/uploads\/2016\/06\/Service.png\" alt=\"\" width=\"111\" height=\"135\" \/><\/a><a href=\"https:\/\/azura.ro\/es\/2-ani-garantie\/\" target=\"_blank\" rel=\"noopener noreferrer\"><img decoding=\"async\" class=\"alignnone wp-image-14008\" src=\"https:\/\/azura.ro\/wp-content\/uploads\/2018\/12\/2-ani-garantie.png\" alt=\"\" width=\"104\" height=\"123\" \/><\/a><\/p>\n<p><a href=\"https:\/\/azura.ro\/es\/100-30-dias-de-garantia-de-devolucion\/\" target=\"_blank\" rel=\"noopener noreferrer\">Ofrecemos garant\u00eda de satisfacci\u00f3n con devoluci\u00f3n del dinero en 30 d\u00edas<\/a><br \/>\n<a href=\"https:\/\/azura.ro\/es\/service\/\" target=\"_blank\" rel=\"noopener noreferrer\">Ofrecemos servicio especializado en Ruman\u00eda \u00a1Cualquier problema t\u00e9cnico se resuelve en Ruman\u00eda!<\/a><br \/>\n<a href=\"https:\/\/azura.ro\/es\/2-ani-garantie\/\" target=\"_blank\" rel=\"noopener noreferrer\">Ofrecemos garant\u00eda contra defectos de fabricaci\u00f3n, 2 a\u00f1os de garant\u00eda<\/a><\/p>\n<p><span style=\"font-size: 85%;\" data-nosnippet=\"true\"><i>El precio de venta del AEE incluye el valor del coste del \"sello verde<u>seg\u00fan GEO 5\/2015<\/u><\/i><\/span><\/p>","protected":false},"featured_media":68977,"comment_status":"open","ping_status":"closed","template":"","meta":{"_seopress_robots_primary_cat":"none","_seopress_titles_title":"","_seopress_titles_desc":"STERILIZATOR ULTRAVIOLETE PENTRU FILTRU DE APA\/OSMOZA INVERSA","_seopress_robots_index":""},"product_brand":[],"product_cat":[125],"product_tag":[306,456,457,459,307],"class_list":{"0":"post-349","1":"product","2":"type-product","3":"status-publish","4":"has-post-thumbnail","6":"product_cat-sterilizatoare-cu-uv","7":"product_tag-lampa-uv","8":"product_tag-sterilizator-apa","9":"product_tag-sterilizator-casnic","10":"product_tag-sterilizator-ultraviolete-filtru-apa","11":"product_tag-ultraviolete","12":"pa_amplasare-subchiuveta","13":"pa_brand-azurauv","15":"first","16":"instock","17":"taxable","18":"shipping-taxable","19":"purchasable","20":"product-type-simple"},"_links":{"self":[{"href":"https:\/\/azura.ro\/es\/wp-json\/wp\/v2\/product\/349","targetHints":{"allow":["GET"]}}],"collection":[{"href":"https:\/\/azura.ro\/es\/wp-json\/wp\/v2\/product"}],"about":[{"href":"https:\/\/azura.ro\/es\/wp-json\/wp\/v2\/types\/product"}],"replies":[{"embeddable":true,"href":"https:\/\/azura.ro\/es\/wp-json\/wp\/v2\/comments?post=349"}],"wp:featuredmedia":[{"embeddable":true,"href":"https:\/\/azura.ro\/es\/wp-json\/wp\/v2\/media\/68977"}],"wp:attachment":[{"href":"https:\/\/azura.ro\/es\/wp-json\/wp\/v2\/media?parent=349"}],"wp:term":[{"taxonomy":"product_brand","embeddable":true,"href":"https:\/\/azura.ro\/es\/wp-json\/wp\/v2\/product_brand?post=349"},{"taxonomy":"product_cat","embeddable":true,"href":"https:\/\/azura.ro\/es\/wp-json\/wp\/v2\/product_cat?post=349"},{"taxonomy":"product_tag","embeddable":true,"href":"https:\/\/azura.ro\/es\/wp-json\/wp\/v2\/product_tag?post=349"}],"curies":[{"name":"wp","href":"https:\/\/api.w.org\/{rel}","templated":true}]}}