{"id":361,"date":"2014-05-04T18:38:42","date_gmt":"2014-05-04T18:38:42","guid":{"rendered":"http:\/\/dev02.websynapse.ro\/product\/lampa-ultraviolete-de-schimb-55w\/"},"modified":"2025-10-28T07:06:12","modified_gmt":"2025-10-28T05:06:12","slug":"lampara-ultravioleta-de-recambio-55w","status":"publish","type":"product","link":"https:\/\/azura.ro\/es\/produs\/lampa-ultraviolete-de-schimb-55w\/","title":{"rendered":"L\u00c1MPARA ULTRAVIOLETA DE RECAMBIO 55W"},"content":{"rendered":"<p><span style=\"font-size: 110%; font-family: tahoma, arial, helvetica, sans-serif;\"><em><strong>L\u00e1mpara UV de recambio<\/strong><\/em>potencia 55W, compatible con esterilizador <strong>UV55<\/strong>.<\/span><\/p>\n<p class=\"Default\"><span style=\"font-size: 110%; font-family: tahoma, arial, helvetica, sans-serif;\"><strong><em>L\u00e1mpara ultravioleta<\/em><\/strong>\u00a0tiene una vida \u00fatil de 9000 horas, aproximadamente un a\u00f1o. Despu\u00e9s de 9000 horas, debe cambiarse la l\u00e1mpara o el esterilizador dejar\u00e1 de ser eficaz.<\/span><\/p>\n<p class=\"Default\"><span style=\"font-size: 110%; font-family: tahoma, arial, helvetica, sans-serif;\">Precauci\u00f3n La exposici\u00f3n directa o reflejada a la luz ultravioleta provocar\u00e1 irritaciones dolorosas en los ojos y la piel. Las personas que puedan verse expuestas accidentalmente deber\u00e1n llevar gafas especiales, guantes y ropa de protecci\u00f3n adecuada.<\/span><\/p>","protected":false},"excerpt":{"rendered":"<p>L\u00e1mpara UV de recambio para esterilizador UV55<\/p>","protected":false},"featured_media":71122,"comment_status":"open","ping_status":"closed","template":"","meta":{"_seopress_robots_primary_cat":"none","_seopress_titles_title":"","_seopress_titles_desc":"LAMPA ULTRAVIOLETE DE SCHIMB 55W","_seopress_robots_index":""},"product_brand":[],"product_cat":[1146],"product_tag":[460,461,466],"class_list":{"0":"post-361","1":"product","2":"type-product","3":"status-publish","4":"has-post-thumbnail","6":"product_cat-lampi-uv","7":"product_tag-lampa-de-schimb-uv","8":"product_tag-lampa-ultraviolete","9":"product_tag-lampa-ultraviolete-de-schimb-55w","11":"first","12":"instock","13":"taxable","14":"shipping-taxable","15":"purchasable","16":"product-type-simple"},"_links":{"self":[{"href":"https:\/\/azura.ro\/es\/wp-json\/wp\/v2\/product\/361","targetHints":{"allow":["GET"]}}],"collection":[{"href":"https:\/\/azura.ro\/es\/wp-json\/wp\/v2\/product"}],"about":[{"href":"https:\/\/azura.ro\/es\/wp-json\/wp\/v2\/types\/product"}],"replies":[{"embeddable":true,"href":"https:\/\/azura.ro\/es\/wp-json\/wp\/v2\/comments?post=361"}],"wp:featuredmedia":[{"embeddable":true,"href":"https:\/\/azura.ro\/es\/wp-json\/wp\/v2\/media\/71122"}],"wp:attachment":[{"href":"https:\/\/azura.ro\/es\/wp-json\/wp\/v2\/media?parent=361"}],"wp:term":[{"taxonomy":"product_brand","embeddable":true,"href":"https:\/\/azura.ro\/es\/wp-json\/wp\/v2\/product_brand?post=361"},{"taxonomy":"product_cat","embeddable":true,"href":"https:\/\/azura.ro\/es\/wp-json\/wp\/v2\/product_cat?post=361"},{"taxonomy":"product_tag","embeddable":true,"href":"https:\/\/azura.ro\/es\/wp-json\/wp\/v2\/product_tag?post=361"}],"curies":[{"name":"wp","href":"https:\/\/api.w.org\/{rel}","templated":true}]}}