{"id":37012,"date":"2021-06-25T21:31:18","date_gmt":"2021-06-25T18:31:18","guid":{"rendered":"https:\/\/azura.ro\/?post_type=product&#038;p=37012"},"modified":"2026-04-07T18:27:35","modified_gmt":"2026-04-07T15:27:35","slug":"cartucho-descalcificador-clear-10-conexion-descalcificador-1-2-filtros-azura","status":"publish","type":"product","link":"https:\/\/azura.ro\/es\/produs\/cartus-dedurizator-apa-clear-10-racord-1-2-azura-filters\/","title":{"rendered":"FILTRO DESCALCIFICADOR TRANSPARENTE 10\u2033, CONEXI\u00d3N 1\/2\u2033 FILTROS AZURA"},"content":{"rendered":"<div id=\"malwarebytes-root\" style=\"position: fixed; inset: 0px 0px auto; z-index: 2147483647; width: 100%;\" tabindex=\"-1\"><\/div>\n<h2><span style=\"font-family: tahoma, arial, helvetica, sans-serif; font-size: 110%;\">Filtro descalcificador de agua Clear Clear 10\u2033, conexi\u00f3n de 1\/2\u2033, completo con cartucho, llave y soporte de pared.<\/span><\/h2>\n<p><span style=\"font-family: tahoma, arial, helvetica, sans-serif; font-size: 110%;\">La finalidad de este filtro es ablandar el agua por debajo de 1 grado alem\u00e1n.<\/span><\/p>\n<p><span style=\"font-family: tahoma, arial, helvetica, sans-serif; font-size: 110%;\">\u00bfD\u00f3nde se utiliza?<\/span><\/p>\n<ul style=\"list-style-type: disc;\">\n<li><span style=\"font-family: tahoma, arial, helvetica, sans-serif; font-size: 110%;\">Deduurizaci\u00f3n de agua para cafeteras espresso, lavadoras, carga de sistemas de calefacci\u00f3n;<\/span><\/li>\n<li><span style=\"font-family: tahoma, arial, helvetica, sans-serif; font-size: 110%;\">NO recomendamos instalar este filtro en una l\u00ednea de suministro dom\u00e9stico. La capacidad de ablandamiento es demasiado baja para una aplicaci\u00f3n de este tipo. Para ablandar el agua que entra en una casa, se recomienda<a href=\"https:\/\/azura.ro\/es\/productos\/ablandadores\/ablandadores-volumetricos\/\" target=\"_blank\" rel=\"noopener\"> ablandadores volum\u00e9tricos<\/a> aut\u00f3mata.<\/span><\/li>\n<\/ul>\n<p><span style=\"font-family: tahoma, arial, helvetica, sans-serif; font-size: 110%;\">C\u00f3mo funciona: intercambio i\u00f3nico. Elimina iones de calcio y magnesio y a\u00f1ade sodio.<\/span><\/p>\n<p><span style=\"font-family: tahoma, arial, helvetica, sans-serif; font-size: 110%;\">D\u00e9bito permitido:<\/span><\/p>\n<ul style=\"list-style-type: disc;\">\n<li><span style=\"font-family: tahoma, arial, helvetica, sans-serif; font-size: 110%;\">para conseguir agua por debajo de 1 grado alem\u00e1n, m\u00e1ximo 1 litro\/minuto;<\/span><\/li>\n<li><span style=\"font-family: tahoma, arial, helvetica, sans-serif; font-size: 110%;\">caudal posible: 20 litros\/minuto, pero en este caso la dureza del agua s\u00f3lo disminuir\u00e1 parcialmente.<\/span><\/li>\n<\/ul>\n<p><span style=\"font-size: 110%; font-family: tahoma, arial, helvetica, sans-serif;\">Caracter\u00edsticas t\u00e9cnicas:<\/span><\/p>\n<p><span style=\"font-size: 110%; font-family: tahoma, arial, helvetica, sans-serif;\">Presi\u00f3n m\u00edn.\/m\u00e1x. 1 - 6 bar.<\/span><br \/>\n<span style=\"font-size: 110%; font-family: tahoma, arial, helvetica, sans-serif;\">Temperatura m\u00edn.\/m\u00e1x. 5 - 40\u00b0C<\/span><br \/>\n<span style=\"font-size: 110%; font-family: tahoma, arial, helvetica, sans-serif;\">Dimensiones mm: 315 x 120<\/span><br \/>\n<span style=\"font-size: 110%; font-family: tahoma, arial, helvetica, sans-serif;\">Conexi\u00f3n: rosca interior met\u00e1lica de 1\/2<\/span><\/p>\n<p><span style=\"font-size: 110%; font-family: tahoma, arial, helvetica, sans-serif;\">Caudal m\u00e1ximo: 1200 l\/h pero con ca\u00eddas de dureza.<\/span><\/p>\n<p><span style=\"font-size: 110%; font-family: tahoma, arial, helvetica, sans-serif;\">Instalaci\u00f3n del filtro: \u00a1s\u00f3lo debe instalarse en la tuber\u00eda de agua fr\u00eda!<\/span><\/p>\n<p><span style=\"font-family: tahoma, arial, helvetica, sans-serif; font-size: 110%;\">Cantidad y calidad de resina cati\u00f3nica:<\/span><\/p>\n<ul style=\"list-style-type: disc;\">\n<li><span style=\"font-family: tahoma, arial, helvetica, sans-serif; font-size: 110%;\">Resina Dowex de calidad alimentaria, con certificaci\u00f3n NSF.<\/span><\/li>\n<li><span style=\"font-family: tahoma, arial, helvetica, sans-serif; font-size: 110%;\">Cantidad de resina: ~ 700 - ~720 ml.<\/span><\/li>\n<\/ul>\n<p><span style=\"font-family: tahoma, arial, helvetica, sans-serif; font-size: 110%;\">Capacidad de filtraci\u00f3n expresada en litros. La capacidad de filtraci\u00f3n depende de la dureza del agua:<\/span><\/p>\n<p><span style=\"font-family: tahoma, arial, helvetica, sans-serif; font-size: 110%;\">5 grados Germane = 560 litros<\/span><br \/>\n<span style=\"font-family: tahoma, arial, helvetica, sans-serif; font-size: 110%;\">10 grados Germane = 280 litros<\/span><br \/>\n<span style=\"font-family: tahoma, arial, helvetica, sans-serif; font-size: 110%;\">15 grados alemanes = 187 litros<\/span><br \/>\n<span style=\"font-family: tahoma, arial, helvetica, sans-serif; font-size: 110%;\">20 grados germanos = 140 litros<\/span><br \/>\n<span style=\"font-family: tahoma, arial, helvetica, sans-serif; font-size: 110%;\">25 grados alemanes = 112 litros<\/span><br \/>\n<span style=\"font-family: tahoma, arial, helvetica, sans-serif; font-size: 110%;\">30 grados Germane = 93 litros<\/span><br \/>\n<span style=\"font-family: tahoma, arial, helvetica, sans-serif; font-size: 110%;\">35 grados germanos = 80 litros<\/span><br \/>\n<span style=\"font-family: tahoma, arial, helvetica, sans-serif; font-size: 110%;\">40 grados germanos = 70 litros<\/span><br \/>\n<span style=\"font-family: tahoma, arial, helvetica, sans-serif; font-size: 110%;\">45 grados Germano = 62 litros<\/span><br \/>\n<span style=\"font-family: tahoma, arial, helvetica, sans-serif; font-size: 110%;\">50 grados Germane = 56 litros<\/span><\/p>\n<p><span style=\"font-family: tahoma, arial, helvetica, sans-serif; font-size: 110%;\">Si el agua contiene hierro y manganeso por encima del l\u00edmite m\u00e1ximo permitido, el n\u00famero de litros ablandados disminuir\u00e1 considerablemente.<\/span><\/p>\n<p><span style=\"font-family: tahoma, arial, helvetica, sans-serif; font-size: 110%;\">El cartucho tiene la capacidad de reducir los niveles de hierro y manganeso en el agua.<\/span><\/p>\n<p><span style=\"font-family: tahoma, arial, helvetica, sans-serif; font-size: 110%;\">Si la vaina del cartucho est\u00e1 en buen estado, puede rellenarse con <a href=\"https:\/\/azura.ro\/es\/product-2\/resina-ablandadora-1-l-dowex\/\" target=\"_blank\" rel=\"noopener\">Resina Dowex<\/a>.<\/span><\/p>\n<p><span style=\"font-family: tahoma, arial, helvetica, sans-serif; font-size: 110%;\">En el momento de la instalaci\u00f3n, se deben hacer pasar aproximadamente 10 litros de agua por el cartucho al caudal m\u00e1ximo antes de consumirlo o utilizarlo.<\/span><\/p>\n<p><span style=\"font-family: tahoma, arial, helvetica, sans-serif; font-size: 110%;\">Otras recomendaciones:<\/span><br \/>\n<span style=\"font-family: tahoma, arial, helvetica, sans-serif; font-size: 110%;\">Recomendamos que antes de este filtro ablandador a <a href=\"https:\/\/azura.ro\/es\/productos\/filtros-de-agua-de-sedimentos\/filtre-apa-cu-cartus-schimbabil\/\" target=\"_blank\" rel=\"noopener\">filtro mec\u00e1nico<\/a> con un grado de filtraci\u00f3n entre 5 - 20 micras. De este modo, la resina permanecer\u00e1 limpia durante toda la vida \u00fatil del cartucho descalcificador y funcionar\u00e1 a su m\u00e1xima capacidad.<\/span><\/p>\n<p><span style=\"font-size: 110%;\">Para comprobar peri\u00f3dicamente la capacidad de ablandamiento del filtro, es necesario poder analizar el agua. Puede hacerlo con <a href=\"https:\/\/azura.ro\/es\/product-2\/prueba-de-dureza-del-agua-grados-alemanes\/\" target=\"_blank\" rel=\"noopener\">PRUEBA ALEMANA DE DUREZA DEL AGUA.<\/a><\/span><\/p>\n<p><span style=\"font-size: 110%; font-family: tahoma, arial, helvetica, sans-serif;\">La garant\u00eda del filtro es de dos a\u00f1os. El cartucho del filtro es consumible y no est\u00e1 cubierto por la garant\u00eda.<\/span><\/p>\n<p><span style=\"font-family: tahoma, arial, helvetica, sans-serif; font-size: 110%;\">Fabricado por: AZURA FILTERS<\/span><\/p>\n<p>&nbsp;<\/p>\n<p>&nbsp;<\/p>","protected":false},"excerpt":{"rendered":"<p>Filtru dedurizator apa Clear 10&#8243;, racord 1\/2&#8243;, complet: cu cartus, cheie si suport prindere in perete. Scopul acestui filtru este dedurizarea apei, pana la sub 1 grad german. Unde utilizam? Dedurizare apa pentru expresoare de cafea, masini de spalat, incarcare instalatie inclazire; NU recomandam instalarea acestui filtru pe linia de alimentare a unei case. Capacitatea [&#8230;]\n","protected":false},"featured_media":70995,"comment_status":"open","ping_status":"closed","template":"","meta":{"_seopress_robots_primary_cat":"none","_seopress_titles_title":"","_seopress_titles_desc":"","_seopress_robots_index":""},"product_brand":[],"product_cat":[58],"product_tag":[1732,1157],"class_list":{"0":"post-37012","1":"product","2":"type-product","3":"status-publish","4":"has-post-thumbnail","6":"product_cat-horeca-vending","7":"product_tag-carttus-dedurizator","8":"product_tag-dowex","9":"pa_amplasare-conductaprincipala","11":"first","12":"instock","13":"taxable","14":"shipping-taxable","15":"purchasable","16":"product-type-simple"},"_links":{"self":[{"href":"https:\/\/azura.ro\/es\/wp-json\/wp\/v2\/product\/37012","targetHints":{"allow":["GET"]}}],"collection":[{"href":"https:\/\/azura.ro\/es\/wp-json\/wp\/v2\/product"}],"about":[{"href":"https:\/\/azura.ro\/es\/wp-json\/wp\/v2\/types\/product"}],"replies":[{"embeddable":true,"href":"https:\/\/azura.ro\/es\/wp-json\/wp\/v2\/comments?post=37012"}],"wp:featuredmedia":[{"embeddable":true,"href":"https:\/\/azura.ro\/es\/wp-json\/wp\/v2\/media\/70995"}],"wp:attachment":[{"href":"https:\/\/azura.ro\/es\/wp-json\/wp\/v2\/media?parent=37012"}],"wp:term":[{"taxonomy":"product_brand","embeddable":true,"href":"https:\/\/azura.ro\/es\/wp-json\/wp\/v2\/product_brand?post=37012"},{"taxonomy":"product_cat","embeddable":true,"href":"https:\/\/azura.ro\/es\/wp-json\/wp\/v2\/product_cat?post=37012"},{"taxonomy":"product_tag","embeddable":true,"href":"https:\/\/azura.ro\/es\/wp-json\/wp\/v2\/product_tag?post=37012"}],"curies":[{"name":"wp","href":"https:\/\/api.w.org\/{rel}","templated":true}]}}