{"id":376,"date":"2014-07-01T17:14:11","date_gmt":"2014-07-01T15:14:11","guid":{"rendered":"http:\/\/dev02.websynapse.ro\/product\/filtru-dus-pro-6000-kdf-gac-purepro\/"},"modified":"2026-04-06T12:45:32","modified_gmt":"2026-04-06T09:45:32","slug":"filtru-dus-pro-6000-kdf-gac-purepro","status":"publish","type":"product","link":"https:\/\/azura.ro\/es\/produs\/filtru-dus-pro-6000-kdf-gac-purepro\/","title":{"rendered":"FILTRO DUS PRO 6000, KDF + GAC PurePro"},"content":{"rendered":"<h2><span style=\"font-size: 110%; font-family: tahoma, arial, helvetica, sans-serif;\">Filtru de dus model PRO 6000 produs de catre compania americana PurePro.<\/span><\/h2>\n<h3><span style=\"font-size: 110%; font-family: tahoma, arial, helvetica, sans-serif;\"> De ce este necesar filtrul de dus PRO 6000?<\/span><\/h3>\n<p><span style=\"font-size: 110%; font-family: tahoma, arial, helvetica, sans-serif;\"> Apa din retelele publice este clorinata. Acest lucru este absolut normal pentru ca este nevoie ca apa sa ajunga la dvs. dezinfectata. Totusi, acest clor introdus in apa nu este sanatos pentru organismul uman. Aburul creat la dus este inhalat si anumite studii afirma ca adsorbtia de clor in organism este mai rapida in acest fel decat daca s-ar consuma apa direct de la chiuveta (nefiltrata). Pentru acest lucru PurePro (SUA) a creat filtrul de dus PRO 6000 \u00a0ce se bazeaza pe doua tehnologii de filtrare: prin adsorbtie de clor si prin oxidare reducere.<\/span><\/p>\n<h3><span style=\"font-size: 110%; font-family: tahoma, arial, helvetica, sans-serif;\"> Specificatii filtru dus PRO 6000:<\/span><\/h3>\n<p><span style=\"font-size: 110%; font-family: tahoma, arial, helvetica, sans-serif;\"> * Filtreaza 95% din clorul continut de apa<\/span><br \/>\n<span style=\"font-size: 110%; font-family: tahoma, arial, helvetica, sans-serif;\"> * Filtreaza 98% metale grele ce ar putea fi prezente in apa<\/span><br \/>\n<span style=\"font-size: 110%; font-family: tahoma, arial, helvetica, sans-serif;\"> * Indeparteaza si alte substante chimice ce ar putea fi prezente in apa<\/span><br \/>\n<span style=\"font-size: 110%; font-family: tahoma, arial, helvetica, sans-serif;\"> * Opreste dezvoltarea bacteriilor datorita mediului filtrant <strong>KDF 55<\/strong><\/span><br \/>\n<span style=\"font-size: 110%; font-family: tahoma, arial, helvetica, sans-serif;\"> * Este construit in mai multe straturi de filtrare pentru o mai buna eficienta<\/span><br \/>\n<span style=\"font-size: 110%; font-family: tahoma, arial, helvetica, sans-serif;\"> * Se instaleaza foarte usor<\/span><\/p>\n<p><span style=\"font-size: 110%; font-family: tahoma, arial, helvetica, sans-serif;\">Ce NU filtreaza:<\/span><\/p>\n<ul style=\"list-style-type: disc;\">\n<li><span style=\"font-size: 110%; font-family: tahoma, arial, helvetica, sans-serif;\">Nu poate filtra apa colorata de la mal sau de la rugina<\/span><\/li>\n<li><span style=\"font-size: 110%; font-family: tahoma, arial, helvetica, sans-serif;\">Nu dedurizeaza apa. Duritatea apei ramane la acelasi nivel<br \/>\n<\/span><\/li>\n<li><span style=\"font-size: 110%; font-family: tahoma, arial, helvetica, sans-serif;\">Nu reduce efectele apei dure.<\/span><\/li>\n<\/ul>\n<p><span style=\"font-size: 110%; font-family: tahoma, arial, helvetica, sans-serif;\">NOTA: niciun filtru de dus nu poate deduriza apa. Cantitatea de material filtrant este mult prea mica pentru a putea face asta!<\/span><\/p>\n<p><span style=\"font-size: 110%; font-family: tahoma, arial, helvetica, sans-serif;\"><strong> Acum poti avea un dus mult mai placut si mai sanatos cu PRO 6000!<\/strong><\/span><\/p>\n<p><span style=\"font-size: 110%; font-family: tahoma, arial, helvetica, sans-serif;\"><strong> Cartusul filtrant PRO 6000 si perioada de inlocuire<\/strong><\/span><\/p>\n<p><span style=\"font-size: 110%; font-family: tahoma, arial, helvetica, sans-serif;\"><strong> PRO 6000 contine<\/strong> un cartus filtrant cu<strong> KDF<\/strong> (aliaj de inalta puritate intre cupru si zinc) si<strong> GAC<\/strong> (carbune activat granular)<\/span><\/p>\n<p><span style=\"font-size: 110%; font-family: tahoma, arial, helvetica, sans-serif;\"> Perioada de inlocuire difera de la caz la caz in functie de volumul de apa consumat si de calitatea apei ce va fi filtrata. In mod uzual acest cartus filtrant trebuie schimbat intre 4 &#8211; 7 luni. Schimbarea cartusului filtrant se face foarte simplu, prin desurubare, inlocuire, insurubare carcasa filtru. Nu necesita cunostintele unui specialist!<\/span><\/p>\n<h3><span style=\"font-size: 110%; font-family: tahoma, arial, helvetica, sans-serif;\"> Montaj filtru dus PRO 6000<\/span><\/h3>\n<p><span style=\"font-size: 110%; font-family: tahoma, arial, helvetica, sans-serif;\"> Se desurubeaza furtunul dusului la baza acestuia unde se imbina cu bateria de baie si intercaleaza. Se insurbeaza filtrul mai intai pe filetul bateriei de baie dup acare se insurbeaza furtunul dusului pe filtru. Daca este necesar, se va folosi piesa metalica inclusa in pachet si inclinata la\u00a045\u00b0.<\/span><\/p>\n<p><span style=\"font-size: 110%; font-family: tahoma, arial, helvetica, sans-serif;\">Atentie! Nu strangeti cu forta filtrul. Carcasa este construita din plastic rezistent dar la o presiune de strangere exagerata, se poate fisura.<\/span><\/p>\n<p><span style=\"font-size: 110%; font-family: tahoma, arial, helvetica, sans-serif;\">Punere in functiune PRO 6000.<\/span><\/p>\n<p><span style=\"font-size: 110%; font-family: tahoma, arial, helvetica, sans-serif;\">Inainte de a utiliza apa filtrata, rulati prin filtru apoximativ 10 l de apa. Prima apa trecuta prin filtru va avea culoare neagra deoarece antreneaza si curata praful de carbune activat. Acest lucru este absolut normal!<\/span><\/p>\n<p><span style=\"font-size: 110%; font-family: tahoma, arial, helvetica, sans-serif;\"> La garant\u00eda del filtro es de dos a\u00f1os. El cartucho del filtro es consumible y no est\u00e1 cubierto por la garant\u00eda.<\/span><\/p>\n<p><span style=\"font-family: tahoma, arial, helvetica, sans-serif; font-size: 110%;\">Garant\u00eda: 2 a\u00f1os<\/span><br \/>\n<span style=\"font-family: tahoma, arial, helvetica, sans-serif; font-size: 110%;\">Fabricante: PurePro<\/span><br \/>\n<span style=\"font-family: tahoma, arial, helvetica, sans-serif; font-size: 110%;\">Pa\u00eds de origen: Taiw\u00e1n<\/span><span style=\"font-size: 110%; font-family: tahoma, arial, helvetica, sans-serif;\">\u00a0<\/span><\/p>","protected":false},"excerpt":{"rendered":"<p><span style=\"font-size: 90%; font-family: tahoma, arial, helvetica, sans-serif;\">Filtru de dus PurePro (SUA) cu KDF si GAC<\/span><\/p>","protected":false},"featured_media":68039,"comment_status":"open","ping_status":"closed","template":"","meta":{"_seopress_robots_primary_cat":"none","_seopress_titles_title":"","_seopress_titles_desc":"FILTRU DUS KDF PRO 6000 PUREPRO","_seopress_robots_index":""},"product_brand":[],"product_cat":[118],"product_tag":[345,473,472,351,474,476],"class_list":{"0":"post-376","1":"product","2":"type-product","3":"status-publish","4":"has-post-thumbnail","6":"product_cat-filtre-apa-dus","7":"product_tag-filtru-dus","8":"product_tag-filtru-dus-purepro","9":"product_tag-filtru-pro-6000","10":"product_tag-kdf","11":"product_tag-kdf-55","12":"product_tag-purepro","13":"pa_amplasare-dus","14":"pa_brand-purepro","16":"first","17":"instock","18":"taxable","19":"shipping-taxable","20":"purchasable","21":"product-type-simple"},"_links":{"self":[{"href":"https:\/\/azura.ro\/es\/wp-json\/wp\/v2\/product\/376","targetHints":{"allow":["GET"]}}],"collection":[{"href":"https:\/\/azura.ro\/es\/wp-json\/wp\/v2\/product"}],"about":[{"href":"https:\/\/azura.ro\/es\/wp-json\/wp\/v2\/types\/product"}],"replies":[{"embeddable":true,"href":"https:\/\/azura.ro\/es\/wp-json\/wp\/v2\/comments?post=376"}],"wp:featuredmedia":[{"embeddable":true,"href":"https:\/\/azura.ro\/es\/wp-json\/wp\/v2\/media\/68039"}],"wp:attachment":[{"href":"https:\/\/azura.ro\/es\/wp-json\/wp\/v2\/media?parent=376"}],"wp:term":[{"taxonomy":"product_brand","embeddable":true,"href":"https:\/\/azura.ro\/es\/wp-json\/wp\/v2\/product_brand?post=376"},{"taxonomy":"product_cat","embeddable":true,"href":"https:\/\/azura.ro\/es\/wp-json\/wp\/v2\/product_cat?post=376"},{"taxonomy":"product_tag","embeddable":true,"href":"https:\/\/azura.ro\/es\/wp-json\/wp\/v2\/product_tag?post=376"}],"curies":[{"name":"wp","href":"https:\/\/api.w.org\/{rel}","templated":true}]}}