{"id":38097,"date":"2021-08-19T21:01:17","date_gmt":"2021-08-19T18:01:17","guid":{"rendered":"https:\/\/azura.ro\/?post_type=product&#038;p=38097"},"modified":"2025-08-14T16:53:13","modified_gmt":"2025-08-14T13:53:13","slug":"medio-filtrante-kdf-55-1-kg","status":"publish","type":"product","link":"https:\/\/azura.ro\/es\/produs\/mediu-filtrant-kdf-55-1-kg\/","title":{"rendered":"MEDIO FILTRANTE KDF-55, 1 KG"},"content":{"rendered":"<h2><span style=\"font-size: 110%; font-family: tahoma, arial, helvetica, sans-serif;\">Medio filtrante KDF-55, en cantidad de 1 Kg.<\/span><\/h2>\n<p><span style=\"font-size: 110%; font-family: tahoma, arial, helvetica, sans-serif;\"><em>Medio filtrante KDF (fluxi\u00f3n de degradaci\u00f3n cin\u00e9tica)<\/em> es una aleaci\u00f3n de gran pureza compuesta por cobre y zinc.<\/span><\/p>\n<h3><span style=\"font-size: 110%; font-family: tahoma, arial, helvetica, sans-serif;\">KDF-55 ha sido probado y aprobado por la NSF.<\/span><\/h3>\n<p><span style=\"font-size: 110%; font-family: tahoma, arial, helvetica, sans-serif;\"><em>KDF-55<\/em> se utiliza para la eliminaci\u00f3n\/reducci\u00f3n del cloro, el control de metales pesados, cal y microorganismos.\u00a0<\/span><\/p>\n<p><span style=\"font-size: 110%; font-family: tahoma, arial, helvetica, sans-serif;\">Puede utilizarse con carb\u00f3n activado granular o en bloque.<\/span><\/p>\n<p><span style=\"font-size: 110%; font-family: tahoma, arial, helvetica, sans-serif;\">El precio es por 1 kg de KDF.<br \/>\n<\/span><\/p>\n<p><span style=\"font-family: tahoma, arial, helvetica, sans-serif; font-size: 110%;\">NOTA: al a\u00f1adir 1 (una unidad) a la cesta de la compra, significa 1 kg de KDF-55.<\/span><\/p>","protected":false},"excerpt":{"rendered":"<p><span style=\"font-size: 100%; font-family: tahoma, arial, helvetica, sans-serif;\">Medio filtrante KDF-55, 1 Kg\u00a0<\/span><\/p>","protected":false},"featured_media":816,"comment_status":"open","ping_status":"closed","template":"","meta":{"_seopress_robots_primary_cat":"none","_seopress_titles_title":"","_seopress_titles_desc":"KDF - cel mai bun pret","_seopress_robots_index":""},"product_brand":[],"product_cat":[133],"product_tag":[351,474],"class_list":{"0":"post-38097","1":"product","2":"type-product","3":"status-publish","4":"has-post-thumbnail","6":"product_cat-medii-filtrante","7":"product_tag-kdf","8":"product_tag-kdf-55","10":"first","11":"outofstock","12":"taxable","13":"shipping-taxable","14":"purchasable","15":"product-type-simple"},"_links":{"self":[{"href":"https:\/\/azura.ro\/es\/wp-json\/wp\/v2\/product\/38097","targetHints":{"allow":["GET"]}}],"collection":[{"href":"https:\/\/azura.ro\/es\/wp-json\/wp\/v2\/product"}],"about":[{"href":"https:\/\/azura.ro\/es\/wp-json\/wp\/v2\/types\/product"}],"replies":[{"embeddable":true,"href":"https:\/\/azura.ro\/es\/wp-json\/wp\/v2\/comments?post=38097"}],"wp:featuredmedia":[{"embeddable":true,"href":"https:\/\/azura.ro\/es\/wp-json\/wp\/v2\/media\/816"}],"wp:attachment":[{"href":"https:\/\/azura.ro\/es\/wp-json\/wp\/v2\/media?parent=38097"}],"wp:term":[{"taxonomy":"product_brand","embeddable":true,"href":"https:\/\/azura.ro\/es\/wp-json\/wp\/v2\/product_brand?post=38097"},{"taxonomy":"product_cat","embeddable":true,"href":"https:\/\/azura.ro\/es\/wp-json\/wp\/v2\/product_cat?post=38097"},{"taxonomy":"product_tag","embeddable":true,"href":"https:\/\/azura.ro\/es\/wp-json\/wp\/v2\/product_tag?post=38097"}],"curies":[{"name":"wp","href":"https:\/\/api.w.org\/{rel}","templated":true}]}}