{"id":38171,"date":"2021-08-23T10:20:41","date_gmt":"2021-08-23T07:20:41","guid":{"rendered":"https:\/\/azura.ro\/?post_type=product&#038;p=38171"},"modified":"2026-02-16T15:09:58","modified_gmt":"2026-02-16T13:09:58","slug":"ews-filtro-de-acero-inoxidable-para-grifos","status":"publish","type":"product","link":"https:\/\/azura.ro\/es\/produs\/filtru-declorinator-ews-din-inox-pentru-robinet\/","title":{"rendered":"EWS FILTRO DE ACERO INOXIDABLE PARA GRIFOS"},"content":{"rendered":"<h2><span style=\"font-family: tahoma, arial, helvetica, sans-serif; font-size: 110%;\">Filtro para grifos de cocina o ba\u00f1o<\/span><\/h2>\n<p><span style=\"font-family: tahoma, arial, helvetica, sans-serif; font-size: 110%;\">Es un filtro de acero inoxidable de calidad alimentaria con tecnolog\u00eda de carb\u00f3n activado para la eliminaci\u00f3n de cloro, trihalometanos, herbicidas y pesticidas o restos de medicamentos. Elimina el sabor y el olor desagradables del agua.<\/span><\/p>\n<p><span style=\"font-family: tahoma, arial, helvetica, sans-serif; font-size: 110%;\">El grado de filtraci\u00f3n es de ~ 5 micras.<\/span><\/p>\n<h3><span style=\"font-family: tahoma, arial, helvetica, sans-serif; font-size: 110%;\">Instalaci\u00f3n de un filtro para grifos<\/span><\/h3>\n<p><span style=\"font-family: tahoma, arial, helvetica, sans-serif; font-size: 110%;\">Se instala directamente en la bater\u00eda de agua del fregadero, ya sea en la cocina o en el cuarto de ba\u00f1o. En primer lugar, desenrosque el aireador situado en el extremo de la bater\u00eda y, a continuaci\u00f3n, enrosque la pieza especial unida al filtro.<\/span><\/p>\n<h3><span style=\"font-family: tahoma, arial, helvetica, sans-serif; font-size: 110%;\">Puesta en funcionamiento del filtro de grifo<\/span><\/h3>\n<p><span style=\"font-family: tahoma, arial, helvetica, sans-serif; font-size: 110%;\">Para eliminar el polvo de carb\u00f3n activo presente en el cartucho filtrante, es necesario dejar correr unos 5 litros de agua antes de consumirla.<\/span><\/p>\n<h3><span style=\"font-family: tahoma, arial, helvetica, sans-serif; font-size: 110%;\">Mantenimiento del filtro para grifos<\/span><\/h3>\n<p><span style=\"font-family: tahoma, arial, helvetica, sans-serif; font-size: 110%;\">Para mantener la eficacia de la filtraci\u00f3n, recomendamos cambiar el cartucho filtrante cada 2 meses de uso.<\/span><\/p>\n<p><span style=\"font-family: tahoma, arial, helvetica, sans-serif; font-size: 110%;\">Probado por el equipo de azura.ro para la eliminaci\u00f3n de cloro a caudal m\u00e1ximo (2 bares de presi\u00f3n). Rendimiento: ~ 99,99%<\/span><\/p>\n<p><span style=\"font-family: tahoma, arial, helvetica, sans-serif; font-size: 110%;\">Pa\u00eds de origen: China<\/span><\/p>\n<p><span style=\"font-size: 110%; font-family: tahoma, arial, helvetica, sans-serif;\">Garant\u00eda: 1 a\u00f1o<\/span><\/p>","protected":false},"excerpt":{"rendered":"<p>Filtru declorinator pentru robinet, fie pentru bucatarie sau baie Este un filtru din inox alimentar si cu tehnologie bazata pe carbune activ, pentru eliminarea clorului a trihalometanilor a erbicidelor si pesdicidelor sau a urmelor de medicamente. Elimina gustul neplacut si mirosul apei. Gradul de filtrare este de ~ 5 microni. Instalare filtru declorinator pentru robinet [&#8230;]\n","protected":false},"featured_media":38178,"comment_status":"open","ping_status":"closed","template":"","meta":{"_seopress_robots_primary_cat":"none","_seopress_titles_title":"","_seopress_titles_desc":"","_seopress_robots_index":""},"product_brand":[],"product_cat":[985],"product_tag":[1458,1762,1461,1764,1763,986],"class_list":{"0":"post-38171","1":"product","2":"type-product","3":"status-publish","4":"has-post-thumbnail","6":"product_cat-filtre-apa-robinet","7":"product_tag-filtru-apa-baterie","8":"product_tag-filtru-apa-clor","9":"product_tag-filtru-apa-robinet","10":"product_tag-filtru-baie","11":"product_tag-filtru-bucatarie","12":"product_tag-filtru-robinet","13":"pa_amplasare-deasuprachiuvetei","15":"first","16":"outofstock","17":"sale","18":"taxable","19":"shipping-taxable","20":"purchasable","21":"product-type-simple"},"_links":{"self":[{"href":"https:\/\/azura.ro\/es\/wp-json\/wp\/v2\/product\/38171","targetHints":{"allow":["GET"]}}],"collection":[{"href":"https:\/\/azura.ro\/es\/wp-json\/wp\/v2\/product"}],"about":[{"href":"https:\/\/azura.ro\/es\/wp-json\/wp\/v2\/types\/product"}],"replies":[{"embeddable":true,"href":"https:\/\/azura.ro\/es\/wp-json\/wp\/v2\/comments?post=38171"}],"wp:featuredmedia":[{"embeddable":true,"href":"https:\/\/azura.ro\/es\/wp-json\/wp\/v2\/media\/38178"}],"wp:attachment":[{"href":"https:\/\/azura.ro\/es\/wp-json\/wp\/v2\/media?parent=38171"}],"wp:term":[{"taxonomy":"product_brand","embeddable":true,"href":"https:\/\/azura.ro\/es\/wp-json\/wp\/v2\/product_brand?post=38171"},{"taxonomy":"product_cat","embeddable":true,"href":"https:\/\/azura.ro\/es\/wp-json\/wp\/v2\/product_cat?post=38171"},{"taxonomy":"product_tag","embeddable":true,"href":"https:\/\/azura.ro\/es\/wp-json\/wp\/v2\/product_tag?post=38171"}],"curies":[{"name":"wp","href":"https:\/\/api.w.org\/{rel}","templated":true}]}}