{"id":38681,"date":"2021-09-17T10:30:33","date_gmt":"2021-09-17T07:30:33","guid":{"rendered":"https:\/\/azura.ro\/?post_type=product&#038;p=38681"},"modified":"2025-11-10T23:23:04","modified_gmt":"2025-11-10T21:23:04","slug":"clairify-1-quantum-desinfeccion-bacterias-purificador-de-agua-con-kit-de-instalacion","status":"publish","type":"product","link":"https:\/\/azura.ro\/es\/produs\/purificator-pentru-apa-cu-bacterii-clairify-1-quantum-disinfection-cu-kit-de-instalare\/","title":{"rendered":"CLAIRIFY 1 QUANTUM DESINFECCI\u00d3N BACTERIAS PURIFICADOR DE AGUA CON KIT DE INSTALACI\u00d3N"},"content":{"rendered":"<h2><span style=\"font-family: tahoma, arial, helvetica, sans-serif; font-size: 110%;\">Purificador de agua para bacterias, el sistema de purificaci\u00f3n de agua m\u00e1s avanzado para el problema de las bacterias. Clairify 1 Desinfecci\u00f3n Cu\u00e1ntica <\/span><span style=\"font-family: tahoma, arial, helvetica, sans-serif; font-size: 110%;\"><span style=\"color: #e14d43;\">con kit de instalaci\u00f3n <\/span><\/span><span style=\"font-family: tahoma, arial, helvetica, sans-serif; font-size: 110%;\">producidos en EE.UU. con certificaci\u00f3n NSF.<\/span><\/h2>\n<p><span style=\"font-family: tahoma, arial, helvetica, sans-serif; font-size: 110%; color: #282828;\">\u00bfSab\u00eda que el problema n\u00ba 1 en Ruman\u00eda en relaci\u00f3n con el agua de pozos, manantiales y aguas superficiales es la presencia de bacterias en el agua? En su mayor\u00eda, bacterias pat\u00f3genas como E. coli, Presudomonas Aeruginosa, Clostridium o bacterias coliformes.<\/span><\/p>\n<p><span style=\"font-family: tahoma, arial, helvetica, sans-serif; font-size: 110%; color: #282828;\">El purificador de agua Clairify 1 Quantum Disinfection\u2122 es la soluci\u00f3n t\u00e9cnica para que tu agua est\u00e9 libre de bacterias.<\/span><\/p>\n<p><span style=\"font-family: tahoma, arial, helvetica, sans-serif; font-size: 110%; color: #282828;\">S\u00ed, Clairify 1 Quantum Desinfection es el purificador que le proporciona agua libre de bacterias. Adecuado para un solo punto de uso (en la cocina) con un caudal de hasta 3,8 litros\/minuto. Probado y certificado por la NSF (la certificaci\u00f3n m\u00e1s estricta de EE.UU.).<\/span><\/p>\n<p><span style=\"font-family: tahoma, arial, helvetica, sans-serif; font-size: 110%; color: #282828;\">En comparaci\u00f3n con cualquier otra tecnolog\u00eda de desinfecci\u00f3n (cloro, UV, ultrafiltraci\u00f3n) es claramente superior porque:<\/span><\/p>\n<ul style=\"list-style-type: square;\">\n<li><span style=\"font-family: tahoma, arial, helvetica, sans-serif; font-size: 110%; color: #282828;\">El cloro necesita unos 30 minutos de contacto con el agua para desinfectarla;<\/span><\/li>\n<li><span style=\"font-family: tahoma, arial, helvetica, sans-serif; font-size: 110%; color: #282828;\">La UV (luz ultravioleta) tiene un porcentaje de desinfecci\u00f3n de 10%-80%, nunca de 99,99%;<\/span><\/li>\n<li><span style=\"font-family: tahoma, arial, helvetica, sans-serif; font-size: 110%; color: #282828;\">La ultrafiltraci\u00f3n produce una biopel\u00edcula en la que las bacterias crecen dentro del filtro.<\/span><\/li>\n<\/ul>\n<h2><span style=\"font-family: tahoma, arial, helvetica, sans-serif; font-size: 110%; color: #282828;\">D\u00f3nde instalar Clairify 1 Quantum Disinfection\u2122?<\/span><\/h2>\n<p><span style=\"font-family: tahoma, arial, helvetica, sans-serif; font-size: 110%; color: #282828;\">Adecuado para un punto de consumo: frigor\u00edfico, dispensador de agua, fregadero, instalado en el suministro de agua fr\u00eda.\u00a0<\/span><\/p>\n<p><span style=\"font-size: 110%; font-family: tahoma, arial, helvetica, sans-serif; color: #282828;\">Otras aplicaciones posibles:<\/span><\/p>\n<ul style=\"list-style-type: square;\">\n<li><span style=\"font-size: 110%; font-family: tahoma, arial, helvetica, sans-serif; color: #282828;\">Puede instalarse con otros sistemas de filtraci\u00f3n<\/span><\/li>\n<li><span style=\"font-family: tahoma, arial, helvetica, sans-serif; font-size: 110%; color: #282828;\">Para la zona HORECA<\/span><\/li>\n<li><span style=\"font-family: tahoma, arial, helvetica, sans-serif; font-size: 110%; color: #282828;\">Puede instalarse tanto para agua de perforaci\u00f3n como para agua de la red p\u00fablica.<\/span><\/li>\n<\/ul>\n<p><span style=\"font-family: tahoma, arial, helvetica, sans-serif; font-size: 110%; color: #282828;\">Requisito m\u00ednimo de instalaci\u00f3n: prefiltro con grado de filtraci\u00f3n de 1 micra.<\/span><\/p>\n<h2><span style=\"font-family: tahoma, arial, helvetica, sans-serif; font-size: 110%; color: #282828;\">Certificaciones para Clairify 1 Quantum Disinfection\u2122.<\/span><\/h2>\n<ul style=\"list-style-type: square;\">\n<li><span style=\"font-family: tahoma, arial, helvetica, sans-serif; font-size: 110%; color: #282828;\">NSF NSF\/ANSI 42 Certificaci\u00f3n de componentes NSF\/ANSI 42 s\u00f3lo para materiales (Certificado #: C0292640-01);<\/span><\/li>\n<li><span style=\"font-family: tahoma, arial, helvetica, sans-serif; font-size: 110%; color: #282828;\">Probado por IAPMO para NSF\/ANSI 61 (Certificado #: 23033);<\/span><\/li>\n<li><span style=\"font-family: tahoma, arial, helvetica, sans-serif; font-size: 110%; color: #282828;\">Certificaci\u00f3n MOH - China (Certificado #: 2015KF2513).<\/span><\/li>\n<\/ul>\n<h2><span style=\"font-family: tahoma, arial, helvetica, sans-serif; font-size: 110%; color: #282828;\">Rendimiento para Clairify 1 Quantum Disinfection\u2122.<\/span><\/h2>\n<p><span style=\"font-family: tahoma, arial, helvetica, sans-serif; font-size: 110%; color: #282828;\">El rendimiento de desinfecci\u00f3n del agua es Log 6, es decir, 99,9999%. Este es el mejor rendimiento de desinfecci\u00f3n de agua para un dispositivo de desinfecci\u00f3n de agua a nivel internacional.<\/span><\/p>\n<h2><span style=\"font-family: tahoma, arial, helvetica, sans-serif; font-size: 110%; color: #282828;\">Qu\u00e9 tipo de microorganismos destruye Clairify 1 Quantum Disinfection\u2122?<\/span><\/h2>\n<p><span style=\"font-family: tahoma, arial, helvetica, sans-serif; font-size: 110%; color: #282828;\">Bacterias como: E. coli, Pseudomonas Aeruginosa, Clostridium, bacterias coliformes y colonias de bacterias, virus, par\u00e1sitos como Cryptosporidium y Giardia.<\/span><\/p>\n<p><span style=\"font-family: tahoma, arial, helvetica, sans-serif; font-size: 110%; color: #282828;\">A continuaci\u00f3n figura un cuadro detallado:<\/span><\/p>\n<p><span style=\"font-family: tahoma, arial, helvetica, sans-serif; font-size: 110%; color: #282828;\">\n<table id=\"tablepress-3\" class=\"tablepress tablepress-id-3\">\n<thead>\n<tr class=\"row-1\">\n\t<th class=\"column-1\">MICROORGANISMOS<\/th><th class=\"column-2\">TIPO DE<br \/>\nMICROORGANISMOS<\/th><th class=\"column-3\">MAYOR EFICACIA<br \/>\nReducci\u00f3n de troncos<\/th><th class=\"column-4\">CERTIFICADO DE LABORATORIO<\/th>\n<\/tr>\n<\/thead>\n<tbody class=\"row-striping row-hover\">\n<tr class=\"row-2\">\n\t<td class=\"column-1\">Pseudomonas aeruginosa\t<\/td><td class=\"column-2\">Bacterias<\/td><td class=\"column-3\">Registro 7<\/td><td class=\"column-4\">PIL, Proteus<\/td>\n<\/tr>\n<tr class=\"row-3\">\n\t<td class=\"column-1\">PIL, Proteus<\/td><td class=\"column-2\">Bacterias<\/td><td class=\"column-3\">Registro 7<\/td><td class=\"column-4\">\tEPA, Avazyme, Eurofine,<br \/>\nMicrobac, Proteus,<br \/>\nAckuritlabs, GDCM, BFML<\/td>\n<\/tr>\n<tr class=\"row-4\">\n\t<td class=\"column-1\">Staphylococcus aureus<\/td><td class=\"column-2\">Bacterias<\/td><td class=\"column-3\">Registro 7<\/td><td class=\"column-4\">Staphylococcus aureus<\/td>\n<\/tr>\n<tr class=\"row-5\">\n\t<td class=\"column-1\">Eterococcus hirae<\/td><td class=\"column-2\">Bacterias<\/td><td class=\"column-3\">Registro 10<\/td><td class=\"column-4\">Ackuritlabs, PIL, Proteus<\/td>\n<\/tr>\n<tr class=\"row-6\">\n\t<td class=\"column-1\">Legionella adelaidensis<\/td><td class=\"column-2\">Bacterias<\/td><td class=\"column-3\">Registro 6<\/td><td class=\"column-4\">Proteus<\/td>\n<\/tr>\n<tr class=\"row-7\">\n\t<td class=\"column-1\">Citrobacter sp<\/td><td class=\"column-2\">Bacterias<\/td><td class=\"column-3\">Registro 5<\/td><td class=\"column-4\">Citrobacter sp<\/td>\n<\/tr>\n<tr class=\"row-8\">\n\t<td class=\"column-1\">MS2<\/td><td class=\"column-2\">Virus<\/td><td class=\"column-3\">Registro 6<\/td><td class=\"column-4\">Avazyme, Laboratorio QFT<\/td>\n<\/tr>\n<tr class=\"row-9\">\n\t<td class=\"column-1\">Candida albicans<\/td><td class=\"column-2\">Drojdie<\/td><td class=\"column-3\">Registro 5<\/td><td class=\"column-4\">Proteus<\/td>\n<\/tr>\n<tr class=\"row-10\">\n\t<td class=\"column-1\">Anabaena constricta<\/td><td class=\"column-2\">Algas marinas<\/td><td class=\"column-3\">Registro 5<\/td><td class=\"column-4\">Proteus<br \/>\n<\/td>\n<\/tr>\n<tr class=\"row-11\">\n\t<td class=\"column-1\">Cryptosporidium<\/td><td class=\"column-2\">Protozoos<\/td><td class=\"column-3\">Registro 5<\/td><td class=\"column-4\">Eurofines<\/td>\n<\/tr>\n<\/tbody>\n<\/table>\n<!-- #tablepress-3 from cache --><\/span><\/p>\n<p><span style=\"font-family: tahoma, arial, helvetica, sans-serif; font-size: 110%; color: #282828;\">Gu\u00eda r\u00e1pida para la reducci\u00f3n de troncos:<\/span><\/p>\n<p><span style=\"font-family: tahoma, arial, helvetica, sans-serif; font-size: 110%; color: #282828;\">Log 5 = reduce los microorganismos en un 99,999%<\/span><br \/>\n<span style=\"font-family: tahoma, arial, helvetica, sans-serif; font-size: 110%; color: #282828;\">Log 6 = reduce los microorganismos en 99,9999%<\/span><br \/>\n<span style=\"font-family: tahoma, arial, helvetica, sans-serif; font-size: 110%; color: #282828;\">Log 7 = reduce los microorganismos en un 99,9999999%<\/span><br \/>\n<span style=\"font-family: tahoma, arial, helvetica, sans-serif; font-size: 110%; color: #282828;\">Log 8 = reduce los microorganismos en un 99,99999999%<\/span><br \/>\n<span style=\"font-family: tahoma, arial, helvetica, sans-serif; font-size: 110%; color: #282828;\">Log 9 = reduce los microorganismos en un 99,99999999999%<\/span><br \/>\n<span style=\"font-family: tahoma, arial, helvetica, sans-serif; font-size: 110%; color: #282828;\">Log 10 = reduce los microorganismos en un 99,999999999999%<\/span><\/p>\n<h2><span style=\"font-family: tahoma, arial, helvetica, sans-serif; font-size: 110%; color: #282828;\">Con qu\u00e9 tipo de agua se puede utilizar el purificador Clairify 1 Quantum Disinfection\u2122?<\/span><\/h2>\n<p><span style=\"font-family: tahoma, arial, helvetica, sans-serif; font-size: 110%; color: #282828;\">Tanto con agua de pozo como con agua superficial o de la red p\u00fablica. El agua debe cumplir las siguientes condiciones m\u00ednimas:<\/span><\/p>\n<ul style=\"list-style-type: square;\">\n<li><span style=\"font-family: tahoma, arial, helvetica, sans-serif; font-size: 110%; color: #282828;\">pH 3,5 - 8,5<\/span><\/li>\n<li><span style=\"font-family: tahoma, arial, helvetica, sans-serif; font-size: 110%; color: #282828;\">S\u00f3lidos en suspensi\u00f3n totales: SST (mg\/L) &lt; 5<\/span><\/li>\n<li><span style=\"font-family: tahoma, arial, helvetica, sans-serif; font-size: 110%; color: #282828;\">Tama\u00f1o de la suspensi\u00f3n (\u03bc) &lt; 5<\/span><\/li>\n<li><span style=\"font-family: tahoma, arial, helvetica, sans-serif; font-size: 110%; color: #282828;\">Suspensiones s\u00f3lidas disueltas: TDS (mg\/L) &lt; 1.000<\/span><\/li>\n<li><span style=\"font-family: tahoma, arial, helvetica, sans-serif; font-size: 110%; color: #282828;\">Turbidez (NTU) &lt; 0,01<\/span><\/li>\n<li><span style=\"font-family: tahoma, arial, helvetica, sans-serif; font-size: 110%; color: #282828;\">Nitrato (mg\/L) &lt; 20<\/span><\/li>\n<li><span style=\"font-family: tahoma, arial, helvetica, sans-serif; font-size: 110%; color: #282828;\">Fosfato (mg\/L) &lt; 10<\/span><\/li>\n<li><span style=\"font-family: tahoma, arial, helvetica, sans-serif; font-size: 110%; color: #282828;\">Alcalinidad (mg CaCO3\/L) &lt; 600<\/span><\/li>\n<li><span style=\"font-family: tahoma, arial, helvetica, sans-serif; font-size: 110%; color: #282828;\">Cloruros (mg\/L) &lt; 200<\/span><\/li>\n<li><span style=\"font-family: tahoma, arial, helvetica, sans-serif; font-size: 110%; color: #282828;\">Cloruro (mg\/L) &lt; 2<\/span><\/li>\n<li><span style=\"font-family: tahoma, arial, helvetica, sans-serif; font-size: 110%; color: #282828;\">Brom (mg\/L) &lt; 0,1<\/span><\/li>\n<li><span style=\"font-family: tahoma, arial, helvetica, sans-serif; font-size: 110%; color: #282828;\">Fluoruro (mg\/L) &lt; 5<\/span><\/li>\n<li><span style=\"font-family: tahoma, arial, helvetica, sans-serif; font-size: 110%; color: #282828;\">Dureza &lt; (dH) 48<\/span><\/li>\n<li><span style=\"font-family: tahoma, arial, helvetica, sans-serif; font-size: 110%; color: #282828;\">Metales pesados (mg\/L) &lt; 100<\/span><\/li>\n<\/ul>\n<h2><span style=\"font-family: tahoma, arial, helvetica, sans-serif; font-size: 110%; color: #282828;\">Especificaciones t\u00e9cnicas del purificador Clairify 1 Quantum Disinfection\u2122.<\/span><\/h2>\n<ul style=\"list-style-type: square;\">\n<li style=\"list-style-type: none;\">\n<ul style=\"list-style-type: square;\">\n<li><span style=\"font-family: tahoma, arial, helvetica, sans-serif; font-size: 110%; color: #282828;\">Presi\u00f3n m\u00ednima 20 psi\/1,4 bar<\/span><\/li>\n<li><span style=\"font-family: tahoma, arial, helvetica, sans-serif; font-size: 110%; color: #282828;\">Presi\u00f3n m\u00e1xima 125 psi\/8,6 bar<\/span><\/li>\n<li><span style=\"font-family: tahoma, arial, helvetica, sans-serif; font-size: 110%; color: #282828;\">Temperatura m\u00ednima 4,4<span class=\"dvDNH GRkHZd\">\u00a0<\/span><span class=\"gyWzne Eq0J8\">\u00b0C<\/span><\/span><\/li>\n<li><span style=\"font-family: tahoma, arial, helvetica, sans-serif; font-size: 110%; color: #282828;\">Temperatura m\u00e1xima 38 <span class=\"gyWzne Eq0J8\">\u00b0C<\/span><\/span><\/li>\n<li><span style=\"font-family: tahoma, arial, helvetica, sans-serif; font-size: 110%; color: #282828;\">Caudal m\u00e1ximo: 1 GPM (4L\/min)<\/span><\/li>\n<li><span style=\"font-family: tahoma, arial, helvetica, sans-serif; font-size: 110%; color: #282828;\">Capacidad de desinfecci\u00f3n: 56000 litros o 1 a\u00f1o siempre que el agua se filtre previamente hasta un grado de 1<img decoding=\"async\" class=\"alignright wp-image-38541\" src=\"https:\/\/azura.ro\/wp-content\/uploads\/2021\/09\/Explicatie-grafica-functionare-Clairify-Quantul-Disinfection.jpg\" alt=\"Explicaci\u00f3n gr\u00e1fica del funcionamiento de Clairify Quantul Disinfection\" width=\"303\" height=\"392\" srcset=\"https:\/\/azura.ro\/wp-content\/uploads\/2021\/09\/Explicatie-grafica-functionare-Clairify-Quantul-Disinfection.jpg 424w, https:\/\/azura.ro\/wp-content\/uploads\/2021\/09\/Explicatie-grafica-functionare-Clairify-Quantul-Disinfection-232x300.jpg 232w\" sizes=\"(max-width: 303px) 100vw, 303px\" \/> micr\u00f3n.<br \/>\n<\/span><\/li>\n<li><span style=\"font-family: tahoma, arial, helvetica, sans-serif; font-size: 110%; color: #282828;\">Si se instala en agua de la red p\u00fablica, la capacidad se limita a 4.500 litros o 1 a\u00f1o, ya que \u00e9sta es la capacidad de decloraci\u00f3n.<\/span><\/li>\n<li><span style=\"font-family: tahoma, arial, helvetica, sans-serif; font-size: 110%; color: #282828;\">Conexiones: 3\/8\u2033 con acoplamientos r\u00e1pidos. Los acopladores de 3\/8\u2033 pueden cambiarse por 1\/4\u2033 (los acopladores de 1\/4\u2033 no est\u00e1n incluidos).<\/span><\/li>\n<li><span style=\"font-family: tahoma, arial, helvetica, sans-serif; font-size: 110%; color: #282828;\"><strong>\u00a1Incluye kit de instalaci\u00f3n (bater\u00eda de agua, manguera de 3 m y grifo de conexi\u00f3n)!<\/strong><\/span><\/li>\n<\/ul>\n<\/li>\n<\/ul>\n<p><span style=\"font-family: tahoma, arial, helvetica, sans-serif; font-size: 110%; color: #282828;\"><strong>Dimensiones:<\/strong> An 46 cm x Pr 20 cm<\/span><\/p>\n<h2><span style=\"font-family: tahoma, arial, helvetica, sans-serif; font-size: 110%; color: #282828;\">C\u00f3mo funciona el purificador Clairify 1 Quantum Disinfection\u2122?<\/span><\/h2>\n<p><span style=\"font-family: tahoma, arial, helvetica, sans-serif; font-size: 110%; color: #282828;\">El medio de tratamiento Quantum Disinfection es positivo, lo que provoca la atracci\u00f3n de electrones. El agua simplemente pasa a trav\u00e9s del medio filtrante y los microorganismos cargados negativamente son destruidos instant\u00e1neamente.<\/span><\/p>\n<p>&nbsp;<\/p>\n<h2><span style=\"font-family: tahoma, arial, helvetica, sans-serif; font-size: 110%; color: #282828;\">D\u00f3nde se produce el purificador Clairify 1 Quantum Disinfection\u2122?<\/span><\/h2>\n<p><span style=\"font-family: tahoma, arial, helvetica, sans-serif; font-size: 110%; color: #282828;\"><img decoding=\"async\" class=\"alignleft  wp-image-99664\" src=\"https:\/\/azura.ro\/wp-content\/uploads\/2025\/11\/produs-in-sua-300x300.png\" alt=\"producido en su\" width=\"115\" height=\"115\" srcset=\"https:\/\/azura.ro\/wp-content\/uploads\/2025\/11\/produs-in-sua-300x300.png 300w, https:\/\/azura.ro\/wp-content\/uploads\/2025\/11\/produs-in-sua-150x150.png 150w, https:\/\/azura.ro\/wp-content\/uploads\/2025\/11\/produs-in-sua-12x12.png 12w, https:\/\/azura.ro\/wp-content\/uploads\/2025\/11\/produs-in-sua-247x247.png 247w, https:\/\/azura.ro\/wp-content\/uploads\/2025\/11\/produs-in-sua-510x510.png 510w, https:\/\/azura.ro\/wp-content\/uploads\/2025\/11\/produs-in-sua-100x100.png 100w, https:\/\/azura.ro\/wp-content\/uploads\/2025\/11\/produs-in-sua.png 800w\" sizes=\"(max-width: 115px) 100vw, 115px\" \/>Los purificadores se fabrican en EE.UU.\u00a0<\/span><\/p>\n<p><span style=\"font-family: tahoma, arial, helvetica, sans-serif; font-size: 110%; color: #282828;\">Garant\u00eda contra defectos de fabricaci\u00f3n: 2 a\u00f1os<\/span><\/p>","protected":false},"excerpt":{"rendered":"<p><span style=\"font-size: 100%; font-family: tahoma, arial, helvetica, sans-serif;\"><a href=\"https:\/\/azura.ro\/es\/100-30-dias-de-garantia-de-devolucion\/\" target=\"_blank\" rel=\"attachment noopener wp-att-7307 noreferrer\"><img decoding=\"async\" class=\"alignnone wp-image-7307\" src=\"https:\/\/azura.ro\/wp-content\/uploads\/2016\/06\/Garantie-retur.png\" alt=\"\" width=\"108\" height=\"133\" \/><\/a><a href=\"https:\/\/azura.ro\/es\/service\/\" target=\"_blank\" rel=\"attachment noopener wp-att-7308 noreferrer\"><img decoding=\"async\" class=\"alignnone wp-image-7308\" src=\"https:\/\/azura.ro\/wp-content\/uploads\/2016\/06\/Service.png\" alt=\"\" width=\"134\" height=\"134\" srcset=\"https:\/\/azura.ro\/wp-content\/uploads\/2016\/06\/Service.png 189w, https:\/\/azura.ro\/wp-content\/uploads\/2016\/06\/Service-100x100.png 100w, https:\/\/azura.ro\/wp-content\/uploads\/2016\/06\/Service-150x150.png 150w\" sizes=\"(max-width: 134px) 100vw, 134px\" \/><\/a><a href=\"https:\/\/azura.ro\/es\/2-ani-garantie\/\" target=\"_blank\" rel=\"noopener noreferrer\"><img decoding=\"async\" class=\"alignnone wp-image-14008\" src=\"https:\/\/azura.ro\/wp-content\/uploads\/2018\/12\/2-ani-garantie.png\" alt=\"\" width=\"109\" height=\"139\" \/><\/a><\/span><\/p>\n<p><span style=\"font-size: 105%; font-family: tahoma, arial, helvetica, sans-serif;\"><a href=\"https:\/\/azura.ro\/es\/100-30-dias-de-garantia-de-devolucion\/\" target=\"_blank\" rel=\"noopener noreferrer\"><span style=\"font-size: 100%;\">Ofrecemos garant\u00eda de satisfacci\u00f3n con pol\u00edtica de devoluci\u00f3n de 30 d\u00edas;<\/span><\/a><\/span><br \/>\n<span style=\"font-size: 100%; font-family: tahoma, arial, helvetica, sans-serif;\"><a href=\"https:\/\/azura.ro\/es\/service\/\" target=\"_blank\" rel=\"noopener noreferrer\">Ofrecemos servicio especializado en Ruman\u00eda \u00a1Cualquier problema t\u00e9cnico se resuelve en Ruman\u00eda!<\/a><a href=\"https:\/\/azura.ro\/es\/service\/\" target=\"_blank\" rel=\"noopener noreferrer\"><br \/>\n<\/a><a href=\"https:\/\/azura.ro\/es\/2-ani-garantie\/\" target=\"_blank\" rel=\"noopener noreferrer\">Ofrecemos garant\u00eda contra defectos de fabricaci\u00f3n, 2 a\u00f1os de garant\u00eda;<\/a><\/span><\/p>","protected":false},"featured_media":69659,"comment_status":"open","ping_status":"closed","template":"","meta":{"_seopress_robots_primary_cat":"none","_seopress_titles_title":"","_seopress_titles_desc":"","_seopress_robots_index":""},"product_brand":[],"product_cat":[1765],"product_tag":[1777,1773],"class_list":{"0":"post-38681","1":"product","2":"type-product","3":"status-publish","4":"has-post-thumbnail","6":"product_cat-filtre-pentru-apa-cu-bacterii","7":"product_tag-clairify-1","8":"product_tag-quantum-disinfection","9":"pa_amplasare-subchiuveta","11":"first","12":"instock","13":"sale","14":"taxable","15":"shipping-taxable","16":"purchasable","17":"product-type-simple"},"_links":{"self":[{"href":"https:\/\/azura.ro\/es\/wp-json\/wp\/v2\/product\/38681","targetHints":{"allow":["GET"]}}],"collection":[{"href":"https:\/\/azura.ro\/es\/wp-json\/wp\/v2\/product"}],"about":[{"href":"https:\/\/azura.ro\/es\/wp-json\/wp\/v2\/types\/product"}],"replies":[{"embeddable":true,"href":"https:\/\/azura.ro\/es\/wp-json\/wp\/v2\/comments?post=38681"}],"wp:featuredmedia":[{"embeddable":true,"href":"https:\/\/azura.ro\/es\/wp-json\/wp\/v2\/media\/69659"}],"wp:attachment":[{"href":"https:\/\/azura.ro\/es\/wp-json\/wp\/v2\/media?parent=38681"}],"wp:term":[{"taxonomy":"product_brand","embeddable":true,"href":"https:\/\/azura.ro\/es\/wp-json\/wp\/v2\/product_brand?post=38681"},{"taxonomy":"product_cat","embeddable":true,"href":"https:\/\/azura.ro\/es\/wp-json\/wp\/v2\/product_cat?post=38681"},{"taxonomy":"product_tag","embeddable":true,"href":"https:\/\/azura.ro\/es\/wp-json\/wp\/v2\/product_tag?post=38681"}],"curies":[{"name":"wp","href":"https:\/\/api.w.org\/{rel}","templated":true}]}}