{"id":38702,"date":"2021-09-22T10:30:43","date_gmt":"2021-09-22T07:30:43","guid":{"rendered":"https:\/\/azura.ro\/?post_type=product&#038;p=38702"},"modified":"2025-11-10T23:21:48","modified_gmt":"2025-11-10T21:21:48","slug":"purificator-pentru-apa-cu-bacterii-clairify-ro10-quantum-disinfection","status":"publish","type":"product","link":"https:\/\/azura.ro\/es\/produs\/purificator-pentru-apa-cu-bacterii-clairify-ro10-quantum-disinfection\/","title":{"rendered":"BACTERIAS PURIFICADOR DE AGUA CLAIRIFY RO10 QUANTUM DISINFECTION T33 TF"},"content":{"rendered":"<h2><span style=\"font-family: tahoma, arial, helvetica, sans-serif; font-size: 110%;\">Purificator pentru apa cu bacterii, cel mai avansat sistem de purificare a apei pentru problema bacteriilor. Clairify RO10 Quantum Disinfection, produs in SUA cu certificare NSF.<\/span><\/h2>\n<p><span style=\"font-family: tahoma, arial, helvetica, sans-serif; font-size: 110%;\">\u00bfSab\u00eda que el problema n\u00ba 1 en Ruman\u00eda en relaci\u00f3n con el agua de pozos, manantiales y aguas superficiales es la presencia de bacterias en el agua? En su mayor\u00eda, bacterias pat\u00f3genas como E. coli, Presudomonas Aeruginosa, Clostridium o bacterias coliformes.<\/span><\/p>\n<p><span style=\"font-family: tahoma, arial, helvetica, sans-serif; font-size: 110%;\">Purificatorul pentru apa Clairify RO10 Quantum Disinfection\u2122 este solutia tehnica pentru ca apa ta sa nu contina bacterii.<\/span><\/p>\n<p><span style=\"font-family: tahoma, arial, helvetica, sans-serif; font-size: 110%;\">Da, Clairify RO10 Quantum Disinfection este purificatorul care iti ofera apa fara bacterii. Potrivit pentru a se instala ca post filtru pentru sisteme de purificatoare cu osmoza inversa\/nanofiltrare\/ultrafiltrare\/microfiltrare. Testat si certificat NSF (cea mai stricta certificare din SUA).<\/span><\/p>\n<p><span style=\"font-family: tahoma, arial, helvetica, sans-serif; font-size: 110%;\">Modelul T33 inseamna un filtru cu diametrul de 2 toli ce se instaleaza dupa membrana de osmoza inversa\/nanofiltrare\/ultrafiltrare, de aceea se numeste si Post Filtru. Rolul lui este de a dezinfecta apa (eliminare bacterii). In acest caz, filtrul T33 contine materian filtrant patentat, certificat NSF, numit Quantum Disinfection.<\/span><\/p>\n<p><span style=\"font-family: tahoma, arial, helvetica, sans-serif; font-size: 110%;\">TF inseamna tipul de conexiune. THREAD FEMALE = conectare pe baza de filet de tip mama. In acest caz filetul este de 1\/4 toli. Cu alte cuvinte este necesara cupla de tip Tata. Pe filetul cuplei, se va adauga intotdeauna banda de teflon iar cupla se va strange doar cu mana, fara scule de forta (cleste, patent).<\/span><\/p>\n<p><span style=\"font-family: tahoma, arial, helvetica, sans-serif; font-size: 110%;\">En comparaci\u00f3n con cualquier otra tecnolog\u00eda de desinfecci\u00f3n (cloro, UV, ultrafiltraci\u00f3n) es claramente superior porque:<\/span><\/p>\n<ul style=\"list-style-type: square;\">\n<li><span style=\"font-family: tahoma, arial, helvetica, sans-serif; font-size: 110%;\">El cloro necesita unos 30 minutos de contacto con el agua para desinfectarla;<\/span><\/li>\n<li><span style=\"font-family: tahoma, arial, helvetica, sans-serif; font-size: 110%;\">La UV (luz ultravioleta) tiene un porcentaje de desinfecci\u00f3n de 10%-80%, nunca de 99,99%;<\/span><\/li>\n<li><span style=\"font-family: tahoma, arial, helvetica, sans-serif; font-size: 110%;\">La ultrafiltraci\u00f3n produce una biopel\u00edcula en la que las bacterias crecen dentro del filtro.<\/span><\/li>\n<\/ul>\n<h2><span style=\"font-family: tahoma, arial, helvetica, sans-serif; font-size: 110%;\">Unde se instaleaza Clairify RO10 Quantum Disinfection\u2122?<\/span><\/h2>\n<p><span style=\"font-family: tahoma, arial, helvetica, sans-serif; font-size: 110%;\">Adecuado para un punto de consumo: idealmente instalado con otro sistema de filtraci\u00f3n como \u00faltima etapa.\u00a0<\/span><\/p>\n<h2><span style=\"font-family: tahoma, arial, helvetica, sans-serif; font-size: 110%;\">Certificari pentru Clairify RO10 Quantum Disinfection\u2122<\/span><\/h2>\n<ul style=\"list-style-type: square;\">\n<li><span style=\"font-family: tahoma, arial, helvetica, sans-serif; font-size: 110%;\">NSF NSF\/ANSI 42 Certificaci\u00f3n de componentes NSF\/ANSI 42 s\u00f3lo para materiales (Certificado #: C0292640-01);<\/span><\/li>\n<li><span style=\"font-family: tahoma, arial, helvetica, sans-serif; font-size: 110%;\">Probado por IAPMO para NSF\/ANSI 61 (Certificado #: 23033);<\/span><\/li>\n<li><span style=\"font-family: tahoma, arial, helvetica, sans-serif; font-size: 110%;\">Certificaci\u00f3n MOH - China (Certificado #: 2015KF2513).<\/span><\/li>\n<\/ul>\n<h2><span style=\"font-family: tahoma, arial, helvetica, sans-serif; font-size: 110%;\">Performanta pentru Clairify RO10 Quantum Disinfection\u2122<\/span><\/h2>\n<p><span style=\"font-family: tahoma, arial, helvetica, sans-serif; font-size: 110%;\">El rendimiento de desinfecci\u00f3n del agua es Log 6, es decir, 99,9999%. Este es el mejor rendimiento de desinfecci\u00f3n de agua para un dispositivo de desinfecci\u00f3n de agua a nivel internacional.<\/span><\/p>\n<h2><span style=\"font-family: tahoma, arial, helvetica, sans-serif; font-size: 110%;\">Ce tip de microorganisme distruge Clairify RO10 Quantum Disinfection\u2122?<\/span><\/h2>\n<p><span style=\"font-family: tahoma, arial, helvetica, sans-serif; font-size: 110%;\">Bacterias como: E. coli, Pseudomonas Aeruginosa, Clostridium, bacterias coliformes y colonias de bacterias, virus, par\u00e1sitos como Cryptosporidium y Giardia.<\/span><\/p>\n<p><span style=\"font-family: tahoma, arial, helvetica, sans-serif; font-size: 110%;\">A continuaci\u00f3n figura un cuadro detallado:<\/span><\/p>\n\n<table id=\"tablepress-3\" class=\"tablepress tablepress-id-3\">\n<thead>\n<tr class=\"row-1\">\n\t<th class=\"column-1\">MICROORGANISMOS<\/th><th class=\"column-2\">TIPO DE<br \/>\nMICROORGANISMOS<\/th><th class=\"column-3\">MAYOR EFICACIA<br \/>\nReducci\u00f3n de troncos<\/th><th class=\"column-4\">CERTIFICADO DE LABORATORIO<\/th>\n<\/tr>\n<\/thead>\n<tbody class=\"row-striping row-hover\">\n<tr class=\"row-2\">\n\t<td class=\"column-1\">Pseudomonas aeruginosa\t<\/td><td class=\"column-2\">Bacterias<\/td><td class=\"column-3\">Registro 7<\/td><td class=\"column-4\">PIL, Proteus<\/td>\n<\/tr>\n<tr class=\"row-3\">\n\t<td class=\"column-1\">PIL, Proteus<\/td><td class=\"column-2\">Bacterias<\/td><td class=\"column-3\">Registro 7<\/td><td class=\"column-4\">\tEPA, Avazyme, Eurofine,<br \/>\nMicrobac, Proteus,<br \/>\nAckuritlabs, GDCM, BFML<\/td>\n<\/tr>\n<tr class=\"row-4\">\n\t<td class=\"column-1\">Staphylococcus aureus<\/td><td class=\"column-2\">Bacterias<\/td><td class=\"column-3\">Registro 7<\/td><td class=\"column-4\">Staphylococcus aureus<\/td>\n<\/tr>\n<tr class=\"row-5\">\n\t<td class=\"column-1\">Eterococcus hirae<\/td><td class=\"column-2\">Bacterias<\/td><td class=\"column-3\">Registro 10<\/td><td class=\"column-4\">Ackuritlabs, PIL, Proteus<\/td>\n<\/tr>\n<tr class=\"row-6\">\n\t<td class=\"column-1\">Legionella adelaidensis<\/td><td class=\"column-2\">Bacterias<\/td><td class=\"column-3\">Registro 6<\/td><td class=\"column-4\">Proteus<\/td>\n<\/tr>\n<tr class=\"row-7\">\n\t<td class=\"column-1\">Citrobacter sp<\/td><td class=\"column-2\">Bacterias<\/td><td class=\"column-3\">Registro 5<\/td><td class=\"column-4\">Citrobacter sp<\/td>\n<\/tr>\n<tr class=\"row-8\">\n\t<td class=\"column-1\">MS2<\/td><td class=\"column-2\">Virus<\/td><td class=\"column-3\">Registro 6<\/td><td class=\"column-4\">Avazyme, Laboratorio QFT<\/td>\n<\/tr>\n<tr class=\"row-9\">\n\t<td class=\"column-1\">Candida albicans<\/td><td class=\"column-2\">Drojdie<\/td><td class=\"column-3\">Registro 5<\/td><td class=\"column-4\">Proteus<\/td>\n<\/tr>\n<tr class=\"row-10\">\n\t<td class=\"column-1\">Anabaena constricta<\/td><td class=\"column-2\">Algas marinas<\/td><td class=\"column-3\">Registro 5<\/td><td class=\"column-4\">Proteus<br \/>\n<\/td>\n<\/tr>\n<tr class=\"row-11\">\n\t<td class=\"column-1\">Cryptosporidium<\/td><td class=\"column-2\">Protozoos<\/td><td class=\"column-3\">Registro 5<\/td><td class=\"column-4\">Eurofines<\/td>\n<\/tr>\n<\/tbody>\n<\/table>\n<!-- #tablepress-3 from cache -->\n<p><span style=\"font-family: tahoma, arial, helvetica, sans-serif; font-size: 110%;\">Gu\u00eda r\u00e1pida para la reducci\u00f3n de troncos:<\/span><\/p>\n<p><span style=\"font-family: tahoma, arial, helvetica, sans-serif; font-size: 110%;\">Log 5 = reduce los microorganismos en un 99,999%<\/span><br \/>\n<span style=\"font-family: tahoma, arial, helvetica, sans-serif; font-size: 110%;\">Log 6 = reduce los microorganismos en 99,9999%<\/span><br \/>\n<span style=\"font-family: tahoma, arial, helvetica, sans-serif; font-size: 110%;\">Log 7 = reduce los microorganismos en un 99,9999999%<\/span><br \/>\n<span style=\"font-family: tahoma, arial, helvetica, sans-serif; font-size: 110%;\">Log 8 = reduce los microorganismos en un 99,99999999%<\/span><br \/>\n<span style=\"font-family: tahoma, arial, helvetica, sans-serif; font-size: 110%;\">Log 9 = reduce los microorganismos en un 99,99999999999%<\/span><br \/>\n<span style=\"font-family: tahoma, arial, helvetica, sans-serif; font-size: 110%;\">Log 10 = reduce los microorganismos en un 99,999999999999%<\/span><\/p>\n<h2><span style=\"font-family: tahoma, arial, helvetica, sans-serif; font-size: 110%;\">Cu ce tip de apa poate fi utilizat purificatorul Clairify RO10 Quantum Disinfection\u2122?<\/span><\/h2>\n<p><span style=\"font-family: tahoma, arial, helvetica, sans-serif; font-size: 110%;\">Tanto con agua de pozo como con agua superficial o de la red p\u00fablica. El agua debe cumplir las siguientes condiciones m\u00ednimas:<\/span><\/p>\n<ul style=\"list-style-type: square;\">\n<li><span style=\"font-family: tahoma, arial, helvetica, sans-serif; font-size: 110%;\">pH 3,5 - 8,5<\/span><\/li>\n<li><span style=\"font-family: tahoma, arial, helvetica, sans-serif; font-size: 110%;\">S\u00f3lidos en suspensi\u00f3n totales: SST (mg\/L) &lt; 5<\/span><\/li>\n<li><span style=\"font-family: tahoma, arial, helvetica, sans-serif; font-size: 110%;\">Tama\u00f1o de la suspensi\u00f3n (\u03bc) &lt; 5<\/span><\/li>\n<li><span style=\"font-family: tahoma, arial, helvetica, sans-serif; font-size: 110%;\">Suspensiones s\u00f3lidas disueltas: TDS (mg\/L) &lt; 1.000<\/span><\/li>\n<li><span style=\"font-family: tahoma, arial, helvetica, sans-serif; font-size: 110%;\">Turbidez (NTU) &lt; 0,01<\/span><\/li>\n<li><span style=\"font-family: tahoma, arial, helvetica, sans-serif; font-size: 110%;\">Nitrato (mg\/L) &lt; 20<\/span><\/li>\n<li><span style=\"font-family: tahoma, arial, helvetica, sans-serif; font-size: 110%;\">Fosfato (mg\/L) &lt; 10<\/span><\/li>\n<li><span style=\"font-family: tahoma, arial, helvetica, sans-serif; font-size: 110%;\">Alcalinidad (mg CaCO3\/L) &lt; 600<\/span><\/li>\n<li><span style=\"font-family: tahoma, arial, helvetica, sans-serif; font-size: 110%;\">Cloruros (mg\/L) &lt; 200<\/span><\/li>\n<li><span style=\"font-family: tahoma, arial, helvetica, sans-serif; font-size: 110%;\">Cloruro (mg\/L) &lt; 2<\/span><\/li>\n<li><span style=\"font-family: tahoma, arial, helvetica, sans-serif; font-size: 110%;\">Brom (mg\/L) &lt; 0,1<\/span><\/li>\n<li><span style=\"font-family: tahoma, arial, helvetica, sans-serif; font-size: 110%;\">Fluoruro (mg\/L) &lt; 5<\/span><\/li>\n<li><span style=\"font-family: tahoma, arial, helvetica, sans-serif; font-size: 110%;\">Dureza &lt; (dH) 48<\/span><\/li>\n<li><span style=\"font-family: tahoma, arial, helvetica, sans-serif; font-size: 110%;\">Metales pesados (mg\/L) &lt; 100<\/span><\/li>\n<\/ul>\n<h2><span style=\"font-family: tahoma, arial, helvetica, sans-serif; font-size: 110%;\">Specificatii tehnice purificatorul Clairify RO10 Quantum Disinfection\u2122<\/span><\/h2>\n<ul style=\"list-style-type: square;\">\n<li style=\"list-style-type: none;\">\n<ul style=\"list-style-type: square;\">\n<li><span style=\"font-family: tahoma, arial, helvetica, sans-serif; font-size: 110%;\">Presi\u00f3n m\u00ednima 20 psi\/1,4 bar<\/span><\/li>\n<li><span style=\"font-family: tahoma, arial, helvetica, sans-serif; font-size: 110%;\">Presi\u00f3n m\u00e1xima 125 psi\/8,6 bar<\/span><\/li>\n<li><span style=\"font-family: tahoma, arial, helvetica, sans-serif; font-size: 110%;\">Temperatura m\u00ednima 4,4<span class=\"dvDNH GRkHZd\">\u00a0<\/span><span class=\"gyWzne Eq0J8\">\u00b0C<\/span><\/span><\/li>\n<li><span style=\"font-family: tahoma, arial, helvetica, sans-serif; font-size: 110%;\">Temperatura m\u00e1xima 38 <span class=\"gyWzne Eq0J8\">\u00b0C<\/span><\/span><\/li>\n<li><span style=\"font-family: tahoma, arial, helvetica, sans-serif; font-size: 110%;\">Caudal m\u00e1ximo: 0,5 GPM, 2 L\/min.<\/span><\/li>\n<li><span style=\"font-family: tahoma, arial, helvetica, sans-serif; font-size: 110%;\">Capacidad de desinfecci\u00f3n: 11000 litros o 1 a\u00f1o<img decoding=\"async\" class=\"alignright wp-image-38541\" src=\"https:\/\/azura.ro\/wp-content\/uploads\/2021\/09\/Explicatie-grafica-functionare-Clairify-Quantul-Disinfection.jpg\" alt=\"Explicaci\u00f3n gr\u00e1fica del funcionamiento de Clairify Quantul Disinfection\" width=\"303\" height=\"392\" srcset=\"https:\/\/azura.ro\/wp-content\/uploads\/2021\/09\/Explicatie-grafica-functionare-Clairify-Quantul-Disinfection.jpg 424w, https:\/\/azura.ro\/wp-content\/uploads\/2021\/09\/Explicatie-grafica-functionare-Clairify-Quantul-Disinfection-232x300.jpg 232w\" sizes=\"(max-width: 303px) 100vw, 303px\" \/><br \/>\n<\/span><\/li>\n<li><span style=\"font-family: tahoma, arial, helvetica, sans-serif; font-size: 110%;\">Conexiones: acoplamientos r\u00e1pidos de 1\/4<\/span><\/li>\n<\/ul>\n<\/li>\n<\/ul>\n<p><span style=\"font-family: tahoma, arial, helvetica, sans-serif; font-size: 110%;\"><strong>Dimensiones:<\/strong> An 25 cm x Pr 5 cm<\/span><\/p>\n<h2><span style=\"font-family: tahoma, arial, helvetica, sans-serif; font-size: 110%;\">Cum functioneaza purificatorul Clairify RO10 Quantum Disinfection\u2122?<\/span><\/h2>\n<p><span style=\"font-family: tahoma, arial, helvetica, sans-serif; font-size: 110%;\">El medio de tratamiento Quantum Disinfection es positivo, lo que provoca la atracci\u00f3n de electrones. El agua simplemente pasa a trav\u00e9s del medio filtrante y los microorganismos cargados negativamente son destruidos instant\u00e1neamente.<\/span><\/p>\n<p>&nbsp;<\/p>\n<h2><span style=\"font-family: tahoma, arial, helvetica, sans-serif; font-size: 110%;\">Unde este produs purificatorul Clairify RO10 Quantum Disinfection\u2122?<\/span><\/h2>\n<p><span style=\"font-family: tahoma, arial, helvetica, sans-serif; font-size: 110%;\"><img decoding=\"async\" class=\"alignleft  wp-image-99664\" src=\"https:\/\/azura.ro\/wp-content\/uploads\/2025\/11\/produs-in-sua-300x300.png\" alt=\"producido en su\" width=\"104\" height=\"104\" srcset=\"https:\/\/azura.ro\/wp-content\/uploads\/2025\/11\/produs-in-sua-300x300.png 300w, https:\/\/azura.ro\/wp-content\/uploads\/2025\/11\/produs-in-sua-150x150.png 150w, https:\/\/azura.ro\/wp-content\/uploads\/2025\/11\/produs-in-sua-12x12.png 12w, https:\/\/azura.ro\/wp-content\/uploads\/2025\/11\/produs-in-sua-247x247.png 247w, https:\/\/azura.ro\/wp-content\/uploads\/2025\/11\/produs-in-sua-510x510.png 510w, https:\/\/azura.ro\/wp-content\/uploads\/2025\/11\/produs-in-sua-100x100.png 100w, https:\/\/azura.ro\/wp-content\/uploads\/2025\/11\/produs-in-sua.png 800w\" sizes=\"(max-width: 104px) 100vw, 104px\" \/>Los purificadores se fabrican en EE.UU.\u00a0<\/span><\/p>\n<p><span style=\"font-family: tahoma, arial, helvetica, sans-serif; font-size: 110%;\">Garant\u00eda contra defectos de fabricaci\u00f3n: 2 a\u00f1os<\/span><\/p>","protected":false},"excerpt":{"rendered":"<p><span style=\"font-size: 100%; font-family: tahoma, arial, helvetica, sans-serif;\"><a href=\"https:\/\/azura.ro\/es\/100-30-dias-de-garantia-de-devolucion\/\" target=\"_blank\" rel=\"attachment noopener wp-att-7307 noreferrer\"><img decoding=\"async\" class=\"alignnone wp-image-7307\" src=\"https:\/\/azura.ro\/wp-content\/uploads\/2016\/06\/Garantie-retur.png\" alt=\"\" width=\"108\" height=\"133\" \/><\/a><a href=\"https:\/\/azura.ro\/es\/service\/\" target=\"_blank\" rel=\"attachment noopener wp-att-7308 noreferrer\"><img decoding=\"async\" class=\"alignnone wp-image-7308\" src=\"https:\/\/azura.ro\/wp-content\/uploads\/2016\/06\/Service.png\" alt=\"\" width=\"134\" height=\"134\" srcset=\"https:\/\/azura.ro\/wp-content\/uploads\/2016\/06\/Service.png 189w, https:\/\/azura.ro\/wp-content\/uploads\/2016\/06\/Service-100x100.png 100w, https:\/\/azura.ro\/wp-content\/uploads\/2016\/06\/Service-150x150.png 150w\" sizes=\"(max-width: 134px) 100vw, 134px\" \/><\/a><a href=\"https:\/\/azura.ro\/es\/2-ani-garantie\/\" target=\"_blank\" rel=\"noopener noreferrer\"><img decoding=\"async\" class=\"alignnone wp-image-14008\" src=\"https:\/\/azura.ro\/wp-content\/uploads\/2018\/12\/2-ani-garantie.png\" alt=\"\" width=\"109\" height=\"139\" \/><\/a><\/span><\/p>\n<p><span style=\"font-size: 105%; font-family: tahoma, arial, helvetica, sans-serif;\"><a href=\"https:\/\/azura.ro\/es\/100-30-dias-de-garantia-de-devolucion\/\" target=\"_blank\" rel=\"noopener noreferrer\"><span style=\"font-size: 100%;\">Ofrecemos garant\u00eda de satisfacci\u00f3n con pol\u00edtica de devoluci\u00f3n de 30 d\u00edas;<\/span><\/a><\/span><br \/>\n<span style=\"font-size: 100%; font-family: tahoma, arial, helvetica, sans-serif;\"><a href=\"https:\/\/azura.ro\/es\/service\/\" target=\"_blank\" rel=\"noopener noreferrer\">Ofrecemos servicio especializado en Ruman\u00eda \u00a1Cualquier problema t\u00e9cnico se resuelve en Ruman\u00eda!<\/a><a href=\"https:\/\/azura.ro\/es\/service\/\" target=\"_blank\" rel=\"noopener noreferrer\"><br \/>\n<\/a><a href=\"https:\/\/azura.ro\/es\/2-ani-garantie\/\" target=\"_blank\" rel=\"noopener noreferrer\">Ofrecemos garant\u00eda contra defectos de fabricaci\u00f3n, 2 a\u00f1os de garant\u00eda;<\/a><\/span><\/p>","protected":false},"featured_media":38706,"comment_status":"open","ping_status":"closed","template":"","meta":{"_seopress_robots_primary_cat":"none","_seopress_titles_title":"","_seopress_titles_desc":"","_seopress_robots_index":""},"product_brand":[],"product_cat":[1765],"product_tag":[1777,1773],"class_list":{"0":"post-38702","1":"product","2":"type-product","3":"status-publish","4":"has-post-thumbnail","6":"product_cat-filtre-pentru-apa-cu-bacterii","7":"product_tag-clairify-1","8":"product_tag-quantum-disinfection","9":"pa_amplasare-subchiuveta","11":"first","12":"outofstock","13":"taxable","14":"shipping-taxable","15":"purchasable","16":"product-type-simple"},"_links":{"self":[{"href":"https:\/\/azura.ro\/es\/wp-json\/wp\/v2\/product\/38702","targetHints":{"allow":["GET"]}}],"collection":[{"href":"https:\/\/azura.ro\/es\/wp-json\/wp\/v2\/product"}],"about":[{"href":"https:\/\/azura.ro\/es\/wp-json\/wp\/v2\/types\/product"}],"replies":[{"embeddable":true,"href":"https:\/\/azura.ro\/es\/wp-json\/wp\/v2\/comments?post=38702"}],"wp:featuredmedia":[{"embeddable":true,"href":"https:\/\/azura.ro\/es\/wp-json\/wp\/v2\/media\/38706"}],"wp:attachment":[{"href":"https:\/\/azura.ro\/es\/wp-json\/wp\/v2\/media?parent=38702"}],"wp:term":[{"taxonomy":"product_brand","embeddable":true,"href":"https:\/\/azura.ro\/es\/wp-json\/wp\/v2\/product_brand?post=38702"},{"taxonomy":"product_cat","embeddable":true,"href":"https:\/\/azura.ro\/es\/wp-json\/wp\/v2\/product_cat?post=38702"},{"taxonomy":"product_tag","embeddable":true,"href":"https:\/\/azura.ro\/es\/wp-json\/wp\/v2\/product_tag?post=38702"}],"curies":[{"name":"wp","href":"https:\/\/api.w.org\/{rel}","templated":true}]}}