{"id":408,"date":"2014-07-17T16:51:53","date_gmt":"2014-07-17T16:51:53","guid":{"rendered":"http:\/\/dev02.websynapse.ro\/product\/debitmetru-cu-impuls-lancia-impulsi\/"},"modified":"2025-11-27T10:54:31","modified_gmt":"2025-11-27T08:54:31","slug":"caudalimetro-de-impulsos-lancia-impulsi","status":"publish","type":"product","link":"https:\/\/azura.ro\/es\/produs\/debitmetru-cu-impuls-lancia-impulsi\/","title":{"rendered":"CAUDAL\u00cdMETRO DE IMPULSOS PARA BOMBA DOSIFICADORA 1\u2033 - 3\/4\u2033- 1\/2\u2033."},"content":{"rendered":"<h2><span style=\"font-family: tahoma, arial, helvetica, sans-serif; font-size: 110%; color: #808080;\">Caudal\u00edmetro de impulsos para bomba dosificadora de volumen de agua. Para uso con cloradores autom\u00e1ticos.<\/span><\/h2>\n<p><span style=\"font-family: tahoma, arial, helvetica, sans-serif; font-size: 110%; color: #808080;\">Elija la conexi\u00f3n deseada en funci\u00f3n del caudal necesario.<\/span><\/p>\n<p><span style=\"font-family: tahoma, arial, helvetica, sans-serif; font-size: 110%; color: #808080;\">A continuaci\u00f3n puede ver los modelos disponibles para los que puede encontrar precios seleccionando el modelo deseado en el \"<strong>Modelo de caudal\u00edmetro\",<\/strong> junto al bot\u00f3n \"A\u00f1adir a la cesta\". El precio del caudal\u00edmetro cambiar\u00e1 en funci\u00f3n de su elecci\u00f3n.<\/span><\/p>\n<p><span style=\"font-size: 110%; font-family: tahoma, arial, helvetica, sans-serif;\">DEB-121 \/ Conexi\u00f3n 1\/2\u2033 \/ Caudal m\u00e1ximo m3\/h: 3 \/ Caudal nominal m3\/h: 1,5 \/ Impulsos\/L 1 \/ Presi\u00f3n m\u00e1xima 10 bar;<\/span><\/p>\n<p><span style=\"font-size: 110%; font-family: tahoma, arial, helvetica, sans-serif;\">DEB-341 \/ Conexi\u00f3n 3\/4\u2033 \/ Caudal m\u00e1ximo m3\/h: 5 \/ Caudal nominal m3\/h: 2,5 \/ Impulsos\/L 1 \/ Presi\u00f3n m\u00e1xima 10 bar;<\/span><\/p>\n<p><span style=\"font-size: 110%; font-family: tahoma, arial, helvetica, sans-serif;\"><span style=\"color: #808080;\">DEB-3410<\/span> \/ Conexi\u00f3n 3\/4\u2033 \/ Caudal m\u00e1ximo m3\/h: 5 \/ Caudal nominal m3\/h: 2,5 \/ Pulso\/L 10 \/ Presi\u00f3n m\u00e1xima 10 bar;<\/span><\/p>\n<p><span style=\"font-size: 110%; font-family: tahoma, arial, helvetica, sans-serif;\"><span style=\"color: #808080;\">DEB-11<\/span> \/ Racor 1\u2033 \/ Caudal m\u00e1ximo m3\/h: 7 \/ Caudal nominal m3\/h: 3,5 \/ Pulso\/L 1 \/ Presi\u00f3n m\u00e1xima 10 bar;<\/span><\/p>\n<p><span style=\"font-size: 110%; font-family: tahoma, arial, helvetica, sans-serif;\"><span style=\"color: #808080;\">DEB-110<\/span> \/ Racor 1\u2033 \/ Caudal m\u00e1ximo m3\/h: 7 \/ Caudal nominal m3\/h: 3,5 \/ Impulsos\/L 10 \/ Presi\u00f3n m\u00e1xima 10 bar;<\/span><\/p>\n<p><span style=\"font-size: 110%; font-family: tahoma, arial, helvetica, sans-serif;\"><span style=\"color: #808080;\">DEB-1141<\/span> \/ Conexi\u00f3n <span style=\"color: #808080;\">1 \u00bc\"<\/span> \/ Caudal m\u00e1ximo m3\/h: 10 \/ Caudal nominal m3\/h: 5 \/ Pulso\/L 1 \/ Presi\u00f3n m\u00e1xima 10 bar;<\/span><\/p>\n<p><span style=\"font-size: 110%; font-family: tahoma, arial, helvetica, sans-serif;\"><span style=\"color: #808080;\">DEB-112<\/span> \/ Conexi\u00f3n <span style=\"color: #808080;\">1 \u00bd\"<\/span>\u00a0\/ Caudal m\u00e1ximo m3\/h: 20 \/ Caudal nominal m3\/h: 10 \/ Pulso\/L 1 \/ Presi\u00f3n m\u00e1xima 10 bar;<\/span><\/p>\n<p><span style=\"font-size: 110%; font-family: tahoma, arial, helvetica, sans-serif;\"><span style=\"color: #808080;\">DEB-2<\/span> \/ Conexi\u00f3n 2 \/ Caudal m\u00e1ximo m3\/h: 30 \/ Caudal nominal m3\/h: 15 \/ Pulso\/L 1 \/ Presi\u00f3n m\u00e1xima 10 bar;<\/span><\/p>\n<p><span style=\"font-family: tahoma, arial, helvetica, sans-serif; font-size: 110%; color: #808080;\">Para tama\u00f1os superiores, solicite presupuesto.<\/span><\/p>\n<p><span style=\"font-size: 110%; font-family: tahoma, arial, helvetica, sans-serif; color: #808080;\">Aseg\u00farese de instalar un filtro para sedimentos, limo, arena y \u00f3xido antes del caudal\u00edmetro. El bloqueo del caudal\u00edmetro o su aver\u00eda debido a part\u00edculas en suspensi\u00f3n no est\u00e1n cubiertos por la garant\u00eda.<\/span><\/p>\n<p><span style=\"font-size: 120%; font-family: tahoma, arial, helvetica, sans-serif; color: #00a859;\">Pentru a functiona impreuna cu o pompa dozatoare, este necesar sa achizitionati si <span style=\"color: #ed1c24;\"><a style=\"color: #ed1c24;\" href=\"https:\/\/azura.ro\/es\/product-2\/cable-de-senal-del-caudalimetro-de-impulsos\/\" target=\"_blank\" rel=\"noopener\">cablu de semnal<\/a><\/span>. Va rugam sa ne intrebati.<\/span><\/p>\n<p><span style=\"font-family: tahoma, arial, helvetica, sans-serif; font-size: 110%; color: #808080;\">Garant\u00eda: 2 a\u00f1os para particulares<br \/>\n1 a\u00f1o de garant\u00eda para las personas jur\u00eddicas<\/span><\/p>","protected":false},"excerpt":{"rendered":"<p>Debitmetru cu impuls pentru pompa dozatoare\u00a0pentru contorizarea volumului de apa. Se utilizeaza impreuna cu clorinatoarele automate. Alegeti racordul dorit in functie de debitul necesar. Mai jos puteti vedea modelele disponibile pentru care gasiti si preturi selectand modelul dorit de la \u201cModel debitmetru\u201d, de langa butonul \u201cAdauga in cos\u201d. Pretul debitmetrului se va schimba in functie [&#8230;]\n","protected":false},"featured_media":70529,"comment_status":"open","ping_status":"closed","template":"","meta":{"_seopress_robots_primary_cat":"none","_seopress_titles_title":"","_seopress_titles_desc":"Mai jos puteti vedea modelele disponibile pentru care gasiti si preturi selectand modelul dorit de la \u201cModel debitmetru\u201d, de langa butonul \u201cAdauga in cos\u201d.","_seopress_robots_index":""},"product_brand":[],"product_cat":[127],"product_tag":[502,506,503],"class_list":{"0":"post-408","1":"product","2":"type-product","3":"status-publish","4":"has-post-thumbnail","6":"product_cat-dozare-chimicale","7":"product_tag-debitmetru","8":"product_tag-debitmetru-cu-impuls","9":"product_tag-impuls","10":"pa_brand-lancia-impulsi","12":"first","13":"instock","14":"taxable","15":"shipping-taxable","16":"purchasable","17":"product-type-variable"},"_links":{"self":[{"href":"https:\/\/azura.ro\/es\/wp-json\/wp\/v2\/product\/408","targetHints":{"allow":["GET"]}}],"collection":[{"href":"https:\/\/azura.ro\/es\/wp-json\/wp\/v2\/product"}],"about":[{"href":"https:\/\/azura.ro\/es\/wp-json\/wp\/v2\/types\/product"}],"replies":[{"embeddable":true,"href":"https:\/\/azura.ro\/es\/wp-json\/wp\/v2\/comments?post=408"}],"wp:featuredmedia":[{"embeddable":true,"href":"https:\/\/azura.ro\/es\/wp-json\/wp\/v2\/media\/70529"}],"wp:attachment":[{"href":"https:\/\/azura.ro\/es\/wp-json\/wp\/v2\/media?parent=408"}],"wp:term":[{"taxonomy":"product_brand","embeddable":true,"href":"https:\/\/azura.ro\/es\/wp-json\/wp\/v2\/product_brand?post=408"},{"taxonomy":"product_cat","embeddable":true,"href":"https:\/\/azura.ro\/es\/wp-json\/wp\/v2\/product_cat?post=408"},{"taxonomy":"product_tag","embeddable":true,"href":"https:\/\/azura.ro\/es\/wp-json\/wp\/v2\/product_tag?post=408"}],"curies":[{"name":"wp","href":"https:\/\/api.w.org\/{rel}","templated":true}]}}