{"id":41086,"date":"2021-12-04T17:49:34","date_gmt":"2021-12-04T15:49:34","guid":{"rendered":"https:\/\/azura.ro\/?post_type=product&#038;p=41086"},"modified":"2025-12-15T13:12:57","modified_gmt":"2025-12-15T11:12:57","slug":"cartucho-filtrante-para-bacterias-45-x-10-nanoceramica-de-argonido-de-doble-capa","status":"publish","type":"product","link":"https:\/\/azura.ro\/es\/produs\/cartus-filtrant-pentru-bacterii-45-x-10-dublu-strat-argonide-nanoceram\/","title":{"rendered":"CARTUCHO FILTRANTE DE BACTERIAS 4,5\u2033 X 10\" NANOCER\u00c1MICA DE ARG\u00d3NIDO DE DOBLE CAPA"},"content":{"rendered":"<h2><span style=\"font-family: tahoma, arial, helvetica, sans-serif; font-size: 110%;\">Cartucho filtrante NanoCeram 4,5\u2033 x 10\u2033 para la eliminaci\u00f3n de bacterias, con filtraci\u00f3n de doble capa, fabricado por la empresa estadounidense ARGONIDE.<\/span><\/h2>\n<p><span style=\"font-family: tahoma, arial, helvetica, sans-serif; font-size: 110%;\">Tecnolog\u00eda de filtraci\u00f3n: electropositiva, es decir, electroadhesi\u00f3n - doble capa.<\/span><\/p>\n<h3><span style=\"font-family: tahoma, arial, helvetica, sans-serif; font-size: 110%;\">Caracter\u00edsticas t\u00e9cnicas del cartucho filtrante NANOCERAM 4.5\" X 10\" DOUBLE STRAT ARGONIDE ARGONIDE NANOCERAM<\/span><\/h3>\n<p><span style=\"font-family: tahoma, arial, helvetica, sans-serif; font-size: 110%;\">Tama\u00f1o: 4,5\" x 10\" - compatible con la mayor\u00eda de maletas Spartan Blue de 10\";<\/span><br \/>\n<span style=\"font-family: tahoma, arial, helvetica, sans-serif; font-size: 110%;\">Grado de filtraci\u00f3n 2- 3 micras: captura part\u00edculas de 0,2 micras absolutas gracias a la tecnolog\u00eda de filtraci\u00f3n electropositiva;<\/span><br \/>\n<span style=\"font-family: tahoma, arial, helvetica, sans-serif; font-size: 110%;\">Caudal nominal: 38 litros\/minuto;<\/span><br \/>\n<span style=\"font-family: tahoma, arial, helvetica, sans-serif; font-size: 110%;\">Caudal m\u00e1ximo para periodos cortos (cartucho filtrante nuevo): 95 litros\/minuto;<\/span><br \/>\n<span style=\"font-family: tahoma, arial, helvetica, sans-serif; font-size: 110%;\">Ca\u00edda de presi\u00f3n inicial (cartucho filtrante nuevo): ~0,7 bar;<\/span><br \/>\n<span style=\"font-family: tahoma, arial, helvetica, sans-serif; font-size: 110%;\">Certificaci\u00f3n: NSF53.<\/span><\/p>\n<p><span style=\"font-family: tahoma, arial, helvetica, sans-serif; font-size: 110%;\">Capacidad de filtraci\u00f3n:<\/span><\/p>\n<p><span style=\"font-family: tahoma, arial, helvetica, sans-serif; font-size: 110%;\">321,760 litros si la turbidez es inferior o igual a 1 NTU.<\/span><\/p>\n<p><span style=\"font-family: tahoma, arial, helvetica, sans-serif; font-size: 110%;\">Caracter\u00edsticas de retenci\u00f3n\/filtraci\u00f3n de microorganismos:<\/span><\/p>\n<p><span style=\"font-family: tahoma, arial, helvetica, sans-serif; font-size: 110%;\">&gt;99,95 para los quistes;<\/span><br \/>\n<span style=\"font-family: tahoma, arial, helvetica, sans-serif; font-size: 110%;\">&gt;99,95 endotoxina;<\/span><br \/>\n<span style=\"font-family: tahoma, arial, helvetica, sans-serif; font-size: 110%;\">&gt;99,99 para virus con descuento;<\/span><br \/>\n<span style=\"font-family: tahoma, arial, helvetica, sans-serif; font-size: 110%;\">&gt;99,9999 para bacterias.<\/span><\/p>\n<p><span style=\"font-family: tahoma, arial, helvetica, sans-serif; font-size: 110%;\">Fabricado en EE.UU. por ARGONIDE<\/span><\/p>","protected":false},"excerpt":{"rendered":"<p>Cartus filtrant NanoCeram 4,5&#8243; x 10&#8243; pentru eliminare bacterii, cu strat dublu de filtrare, produs de catre compania americana ARGONIDE Tehnologie de filtrare: electropozitiva adica electro-adeziune \u2013 dublu strat. Caracteristici tehnice pentru cartusul filtrant 4,5\u201d X 10\u201d DUBLU STRAT ARGONIDE NANOCERAM Dimensiune: 4,5\u201d x 10\u201d \u2013 compatibil cu majoritatea carcaselor de Spartan Blue 10\u201d; Grad [&#8230;]\n","protected":false},"featured_media":70270,"comment_status":"open","ping_status":"closed","template":"","meta":{"_seopress_robots_primary_cat":"none","_seopress_titles_title":"","_seopress_titles_desc":"","_seopress_robots_index":""},"product_brand":[],"product_cat":[1142],"product_tag":[1783,1784,1786,1787,1782,1785],"class_list":{"0":"post-41086","1":"product","2":"type-product","3":"status-publish","4":"has-post-thumbnail","6":"product_cat-cartuse-filtre-toata-casa","7":"product_tag-argonide","8":"product_tag-bacterii","9":"product_tag-chisturi","10":"product_tag-endotoxine","11":"product_tag-nanoceram","12":"product_tag-virusuri","14":"first","15":"instock","16":"taxable","17":"shipping-taxable","18":"purchasable","19":"product-type-simple"},"_links":{"self":[{"href":"https:\/\/azura.ro\/es\/wp-json\/wp\/v2\/product\/41086","targetHints":{"allow":["GET"]}}],"collection":[{"href":"https:\/\/azura.ro\/es\/wp-json\/wp\/v2\/product"}],"about":[{"href":"https:\/\/azura.ro\/es\/wp-json\/wp\/v2\/types\/product"}],"replies":[{"embeddable":true,"href":"https:\/\/azura.ro\/es\/wp-json\/wp\/v2\/comments?post=41086"}],"wp:featuredmedia":[{"embeddable":true,"href":"https:\/\/azura.ro\/es\/wp-json\/wp\/v2\/media\/70270"}],"wp:attachment":[{"href":"https:\/\/azura.ro\/es\/wp-json\/wp\/v2\/media?parent=41086"}],"wp:term":[{"taxonomy":"product_brand","embeddable":true,"href":"https:\/\/azura.ro\/es\/wp-json\/wp\/v2\/product_brand?post=41086"},{"taxonomy":"product_cat","embeddable":true,"href":"https:\/\/azura.ro\/es\/wp-json\/wp\/v2\/product_cat?post=41086"},{"taxonomy":"product_tag","embeddable":true,"href":"https:\/\/azura.ro\/es\/wp-json\/wp\/v2\/product_tag?post=41086"}],"curies":[{"name":"wp","href":"https:\/\/api.w.org\/{rel}","templated":true}]}}