{"id":41106,"date":"2021-12-04T18:46:37","date_gmt":"2021-12-04T16:46:37","guid":{"rendered":"https:\/\/azura.ro\/?post_type=product&#038;p=41106"},"modified":"2025-08-04T19:27:10","modified_gmt":"2025-08-04T16:27:10","slug":"crewelter-mediqua-limpiador-ionizador-crewelter-mediqua","status":"publish","type":"product","link":"https:\/\/azura.ro\/es\/produs\/aparat-curatare-ionizator-crewelter-mediqua\/","title":{"rendered":"M\u00c1QUINA DE LIMPIEZA CON IONIZADOR CREWELTER\/MEDIQUA"},"content":{"rendered":"<h2><span style=\"font-family: tahoma, arial, helvetica, sans-serif; font-size: 110%;\">Crewelter y limpiador\/desincrustante ionizante Mediqua.<\/span><\/h2>\n<p><span style=\"font-family: tahoma, arial, helvetica, sans-serif; font-size: 110%;\">Debido al proceso de electr\u00f3lisis, los ionizadores, independientemente de la marca o el fabricante, son susceptibles a la obstrucci\u00f3n por cal. Este proceso de obstrucci\u00f3n puede provocar el bloqueo del flujo de agua, lo que significa que el ionizador queda inutilizado. Incluso si el ionizador no se obstruye con cal, reduce considerablemente su rendimiento y capacidad de ionizaci\u00f3n, debido a que la capa de cal depositada en las placas de titanio y platino tiene un efecto aislante. Si el agua no entra en perfecto contacto con las placas de titanio y platino, su ionizaci\u00f3n disminuye considerablemente.<\/span><\/p>\n<p><span style=\"font-family: tahoma, arial, helvetica, sans-serif; font-size: 110%;\">Periodo aproximado en el que es necesaria la limpieza:<\/span><\/p>\n<p><span style=\"font-family: tahoma, arial, helvetica, sans-serif; font-size: 110%;\">*para zonas de agua dura: 2 - 6 meses<\/span><br \/>\n<span style=\"font-family: tahoma, arial, helvetica, sans-serif; font-size: 110%;\">*Para zonas con agua menos dura: 6 - 12 meses.<\/span><\/p>\n<p><span style=\"font-family: tahoma, arial, helvetica, sans-serif; font-size: 110%;\">La m\u00e1quina de limpieza est\u00e1 equipada con una potente bomba y un temporizador. Funciona autom\u00e1ticamente. El ciclo de limpieza dura unos 50 minutos. El ciclo de limpieza puede repetirse para eliminar completamente la cal del interior del ionizador.<\/span><\/p>\n<p><span style=\"font-family: tahoma, arial, helvetica, sans-serif; font-size: 110%;\">El dispositivo est\u00e1 dise\u00f1ado para limpiar los ionizadores Crewelter y Mediqua, pero puede adaptarse y utilizarse para cualquier otro tipo de ionizador.\u00a0<\/span><\/p>\n<p><span style=\"font-family: tahoma, arial, helvetica, sans-serif; font-size: 110%;\">La m\u00e1quina viene con 1260 gramos de soluci\u00f3n limpiadora, suficiente para unas 10 limpiezas. La soluci\u00f3n limpiadora puede adquirirse por separado.<\/span><\/p>\n<p><span style=\"font-family: tahoma, arial, helvetica, sans-serif; font-size: 110%;\">Fabricado en Corea del Sur.<\/span><\/p>\n<p><span style=\"font-family: tahoma, arial, helvetica, sans-serif; font-size: 110%;\">2 a\u00f1os de garant\u00eda.<\/span><\/p>\n<p>&nbsp;<\/p>","protected":false},"excerpt":{"rendered":"<p>Aparat pentru curatare \/ decalcifiere ionizatoare Crewelter si Mediqua. Datorita procesului de electroliza, ionizatoarele, indiferent de brand sau de producator, sunt sensibile la colmatare cu calcar. Acest proces de colmatare poate conduce pana la blocarea fluxului de apa, ceea ce inseamana ca aparatul de ionizare devine inutilizabil. Chiar daca ionizatorul nu se blocheaza cu calcar, [&#8230;]\n","protected":false},"featured_media":70753,"comment_status":"open","ping_status":"closed","template":"","meta":{"_seopress_robots_primary_cat":"none","_seopress_titles_title":"","_seopress_titles_desc":"","_seopress_robots_index":""},"product_brand":[],"product_cat":[116,1049],"product_tag":[1791,1531,1249],"class_list":{"0":"post-41106","1":"product","2":"type-product","3":"status-publish","4":"has-post-thumbnail","6":"product_cat-ionizatoare-de-apa","7":"product_cat-produse-conexe","8":"product_tag-aparat-curatare-ionizator","9":"product_tag-crewelter","10":"product_tag-mediqua","12":"first","13":"instock","14":"taxable","15":"shipping-taxable","16":"purchasable","17":"product-type-simple"},"_links":{"self":[{"href":"https:\/\/azura.ro\/es\/wp-json\/wp\/v2\/product\/41106","targetHints":{"allow":["GET"]}}],"collection":[{"href":"https:\/\/azura.ro\/es\/wp-json\/wp\/v2\/product"}],"about":[{"href":"https:\/\/azura.ro\/es\/wp-json\/wp\/v2\/types\/product"}],"replies":[{"embeddable":true,"href":"https:\/\/azura.ro\/es\/wp-json\/wp\/v2\/comments?post=41106"}],"wp:featuredmedia":[{"embeddable":true,"href":"https:\/\/azura.ro\/es\/wp-json\/wp\/v2\/media\/70753"}],"wp:attachment":[{"href":"https:\/\/azura.ro\/es\/wp-json\/wp\/v2\/media?parent=41106"}],"wp:term":[{"taxonomy":"product_brand","embeddable":true,"href":"https:\/\/azura.ro\/es\/wp-json\/wp\/v2\/product_brand?post=41106"},{"taxonomy":"product_cat","embeddable":true,"href":"https:\/\/azura.ro\/es\/wp-json\/wp\/v2\/product_cat?post=41106"},{"taxonomy":"product_tag","embeddable":true,"href":"https:\/\/azura.ro\/es\/wp-json\/wp\/v2\/product_tag?post=41106"}],"curies":[{"name":"wp","href":"https:\/\/api.w.org\/{rel}","templated":true}]}}