{"id":41303,"date":"2021-12-09T17:27:17","date_gmt":"2021-12-09T15:27:17","guid":{"rendered":"https:\/\/azura.ro\/?post_type=product&#038;p=41303"},"modified":"2026-02-16T10:59:37","modified_gmt":"2026-02-16T08:59:37","slug":"baterie-cromata-pentru-filtre-o-cale","status":"publish","type":"product","link":"https:\/\/azura.ro\/es\/produs\/baterie-cromata-pentru-filtre-o-cale\/","title":{"rendered":"BATER\u00cdA CROMADA PARA FILTROS, UNIDIRECCIONAL"},"content":{"rendered":"<h2><span style=\"font-size: 110%; font-family: tahoma, arial, helvetica, sans-serif; color: #333333;\">Baterie cromata pentru filtre cu o singura cale.<\/span><\/h2>\n<p><span style=\"font-size: 110%; font-family: tahoma, arial, helvetica, sans-serif; color: #333333;\">Se utiliza con diferentes sistemas de filtraci\u00f3n: cer\u00e1mica, ultrafiltraci\u00f3n, nanofiltraci\u00f3n, \u00f3smosis inversa.<\/span><\/p>\n<p><span style=\"font-size: 110%; font-family: tahoma, arial, helvetica, sans-serif; color: #333333;\">Conectare la furtun de 1\/4&#8243;.<\/span><\/p>\n<p><span style=\"font-size: 110%; font-family: tahoma, arial, helvetica, sans-serif; color: #333333;\">La instalaci\u00f3n de la pila requiere un orificio de 12 mm de di\u00e1metro en el fregadero o la encimera.<\/span><\/p>\n<p><span style=\"font-family: tahoma, arial, helvetica, sans-serif; font-size: 110%;\">Inaltime masurata de la baza chiuvetei: 26 cm<\/span><br \/>\n<span style=\"font-family: tahoma, arial, helvetica, sans-serif; font-size: 110%;\">Raza de gato cisne: 13 cm<\/span><\/p>\n<p><span style=\"font-size: 110%; font-family: tahoma, arial, helvetica, sans-serif; color: #333333;\">Garant\u00eda: 12 meses.<\/span><\/p>\n<p><span style=\"font-family: tahoma, arial, helvetica, sans-serif; font-size: 110%; color: #333333;\">Pa\u00eds de origen: Taiw\u00e1n<\/span><\/p>","protected":false},"excerpt":{"rendered":"<p>Baterie cromata pentru filtre cu o singura cale. Se utilizeaza impreuna cu diferite sisteme de filtrare: ceramice, ultrafiltrare, nanofiltrare, osmoza inversa. Conectare la furtun de 1\/4&#8243;. Instalarea bateriei necesita o gaura in chiuveta sau blat cu diametru de 12 mm. Inaltime masurata de la baza chiuvetei: 26 cm Raza gat de lebada: 13 cm Garantie: [&#8230;]\n","protected":false},"featured_media":70916,"comment_status":"open","ping_status":"closed","template":"","meta":{"_seopress_robots_primary_cat":"none","_seopress_titles_title":"","_seopress_titles_desc":"","_seopress_robots_index":""},"product_brand":[],"product_cat":[1130],"product_tag":[1060,1061,1591,1593,1592],"class_list":{"0":"post-41303","1":"product","2":"type-product","3":"status-publish","4":"has-post-thumbnail","6":"product_cat-baterii-filtre-apa","7":"product_tag-baterie","8":"product_tag-baterie-filtre-apa","9":"product_tag-baterie-filtru-apa","10":"product_tag-baterie-purificatoare-apa","11":"product_tag-baterie-purificator-apa","12":"pa_brand-azura-filters","14":"first","15":"instock","16":"sale","17":"taxable","18":"shipping-taxable","19":"purchasable","20":"product-type-simple"},"_links":{"self":[{"href":"https:\/\/azura.ro\/es\/wp-json\/wp\/v2\/product\/41303","targetHints":{"allow":["GET"]}}],"collection":[{"href":"https:\/\/azura.ro\/es\/wp-json\/wp\/v2\/product"}],"about":[{"href":"https:\/\/azura.ro\/es\/wp-json\/wp\/v2\/types\/product"}],"replies":[{"embeddable":true,"href":"https:\/\/azura.ro\/es\/wp-json\/wp\/v2\/comments?post=41303"}],"wp:featuredmedia":[{"embeddable":true,"href":"https:\/\/azura.ro\/es\/wp-json\/wp\/v2\/media\/70916"}],"wp:attachment":[{"href":"https:\/\/azura.ro\/es\/wp-json\/wp\/v2\/media?parent=41303"}],"wp:term":[{"taxonomy":"product_brand","embeddable":true,"href":"https:\/\/azura.ro\/es\/wp-json\/wp\/v2\/product_brand?post=41303"},{"taxonomy":"product_cat","embeddable":true,"href":"https:\/\/azura.ro\/es\/wp-json\/wp\/v2\/product_cat?post=41303"},{"taxonomy":"product_tag","embeddable":true,"href":"https:\/\/azura.ro\/es\/wp-json\/wp\/v2\/product_tag?post=41303"}],"curies":[{"name":"wp","href":"https:\/\/api.w.org\/{rel}","templated":true}]}}