{"id":41307,"date":"2021-12-09T17:41:12","date_gmt":"2021-12-09T15:41:12","guid":{"rendered":"https:\/\/azura.ro\/?post_type=product&#038;p=41307"},"modified":"2026-03-27T16:03:25","modified_gmt":"2026-03-27T14:03:25","slug":"baterie-inox-polisat-pentru-filtre-o-cale-nsf","status":"publish","type":"product","link":"https:\/\/azura.ro\/es\/produs\/baterie-inox-polisat-pentru-filtre-o-cale-nsf\/","title":{"rendered":"PILA DE ACERO INOXIDABLE PULIDO PARA FILTROS, UNIDIRECCIONAL, NSF"},"content":{"rendered":"<h2><span style=\"font-size: 110%; font-family: tahoma, arial, helvetica, sans-serif; color: #333333;\">Baterie din inox polisat pentru filtre cu o singura cale. Detine certificat NSF.<\/span><\/h2>\n<p><span style=\"font-size: 110%; font-family: tahoma, arial, helvetica, sans-serif; color: #333333;\">Se utiliza con diferentes sistemas de filtraci\u00f3n: cer\u00e1mica, ultrafiltraci\u00f3n, nanofiltraci\u00f3n, \u00f3smosis inversa.<\/span><\/p>\n<p><span style=\"font-size: 110%; font-family: tahoma, arial, helvetica, sans-serif; color: #333333;\">Conectare la furtun de 1\/4&#8243;.<\/span><\/p>\n<p><span style=\"font-size: 110%; font-family: tahoma, arial, helvetica, sans-serif; color: #333333;\">La instalaci\u00f3n de la pila requiere un orificio de 12 mm de di\u00e1metro en el fregadero o la encimera.<\/span><\/p>\n<p><span style=\"font-family: tahoma, arial, helvetica, sans-serif; font-size: 110%; color: #333333;\">Inaltime masurata de la baza chiuvetei: 25,5 cm<\/span><br \/>\n<span style=\"font-family: tahoma, arial, helvetica, sans-serif; font-size: 110%; color: #333333;\">Raza gat de lebada: 12,5 cm<\/span><\/p>\n<p><span style=\"font-size: 110%; font-family: tahoma, arial, helvetica, sans-serif; color: #333333;\">Garant\u00eda: 12 meses.<\/span><\/p>\n<p><span style=\"font-family: tahoma, arial, helvetica, sans-serif; font-size: 110%; color: #333333;\">Tara te origine: Taiwan<\/span><\/p>","protected":false},"excerpt":{"rendered":"<p>Baterie din inox polisat pentru filtre cu o singura cale. Detine certificat NSF. Se utilizeaza impreuna cu diferite sisteme de filtrare: ceramice, ultrafiltrare, nanofiltrare, osmoza inversa. Conectare la furtun de 1\/4&#8243;. Instalarea bateriei necesita o gaura in chiuveta sau blat cu diametru de 12 mm. Inaltime masurata de la baza chiuvetei: 25,5 cm Raza gat [&#8230;]\n","protected":false},"featured_media":70919,"comment_status":"open","ping_status":"closed","template":"","meta":{"_seopress_robots_primary_cat":"none","_seopress_titles_title":"","_seopress_titles_desc":"","_seopress_robots_index":""},"product_brand":[],"product_cat":[1130],"product_tag":[1060,1061,1591,1805,1593,1592],"class_list":{"0":"post-41307","1":"product","2":"type-product","3":"status-publish","4":"has-post-thumbnail","6":"product_cat-baterii-filtre-apa","7":"product_tag-baterie","8":"product_tag-baterie-filtre-apa","9":"product_tag-baterie-filtru-apa","10":"product_tag-baterie-inox","11":"product_tag-baterie-purificatoare-apa","12":"product_tag-baterie-purificator-apa","13":"pa_brand-azura-filters","15":"first","16":"outofstock","17":"sale","18":"taxable","19":"shipping-taxable","20":"purchasable","21":"product-type-simple"},"_links":{"self":[{"href":"https:\/\/azura.ro\/es\/wp-json\/wp\/v2\/product\/41307","targetHints":{"allow":["GET"]}}],"collection":[{"href":"https:\/\/azura.ro\/es\/wp-json\/wp\/v2\/product"}],"about":[{"href":"https:\/\/azura.ro\/es\/wp-json\/wp\/v2\/types\/product"}],"replies":[{"embeddable":true,"href":"https:\/\/azura.ro\/es\/wp-json\/wp\/v2\/comments?post=41307"}],"wp:featuredmedia":[{"embeddable":true,"href":"https:\/\/azura.ro\/es\/wp-json\/wp\/v2\/media\/70919"}],"wp:attachment":[{"href":"https:\/\/azura.ro\/es\/wp-json\/wp\/v2\/media?parent=41307"}],"wp:term":[{"taxonomy":"product_brand","embeddable":true,"href":"https:\/\/azura.ro\/es\/wp-json\/wp\/v2\/product_brand?post=41307"},{"taxonomy":"product_cat","embeddable":true,"href":"https:\/\/azura.ro\/es\/wp-json\/wp\/v2\/product_cat?post=41307"},{"taxonomy":"product_tag","embeddable":true,"href":"https:\/\/azura.ro\/es\/wp-json\/wp\/v2\/product_tag?post=41307"}],"curies":[{"name":"wp","href":"https:\/\/api.w.org\/{rel}","templated":true}]}}