{"id":443,"date":"2014-08-27T00:29:14","date_gmt":"2014-08-26T22:29:14","guid":{"rendered":"http:\/\/dev02.websynapse.ro\/product\/filtru-apa-mineralizare-ph-cu-turmalina-si-corosex\/"},"modified":"2026-03-09T20:27:02","modified_gmt":"2026-03-09T18:27:02","slug":"filtro-de-agua-de-mineralizacion-del-ph-con-turmalina-y-corosex","status":"publish","type":"product","link":"https:\/\/azura.ro\/es\/produs\/filtru-apa-mineralizare-ph-cu-turmalina-si-corosex\/","title":{"rendered":"MINERALIZACI\u00d3N DEL AGUA POSTFILTRADO, ALCALINIZACI\u00d3N CON TURMALINA Y COROSEX T33 TF"},"content":{"rendered":"<h2><span style=\"font-family: tahoma, arial, helvetica, sans-serif; font-size: 110%;\">Mineralizaci\u00f3n y alcalinizaci\u00f3n del agua postfiltrado con turmalina y corosex T33 TF<\/span><\/h2>\n<p><span style=\"font-family: tahoma, arial, helvetica, sans-serif; font-size: 110%;\">El modelo T33 es un filtro de 2-toli de di\u00e1metro que se instala despu\u00e9s de la membrana de \u00f3smosis inversa\/nanofiltraci\u00f3n\/ultrafiltraci\u00f3n, por eso tambi\u00e9n se llama Postfiltro. Su funci\u00f3n es a\u00f1adir minerales al agua y aumentar el pH del agua, haciendo que el agua sea alcalina. Este postfiltro T33 contiene minerales como calcio, magnesio (turmalina, corosex, guijarros de rau), necesarios para el cuerpo humano.<\/span><\/p>\n<p><span style=\"font-family: tahoma, arial, helvetica, sans-serif; font-size: 110%;\">TF significa tipo de conexi\u00f3n. ROSCA HEMBRA = conexi\u00f3n basada en rosca hembra. En este caso la rosca es 1\/4 toli. En otras palabras, se requiere un acoplamiento tipo Tata. Siempre se a\u00f1adir\u00e1 cinta de tefl\u00f3n en la rosca del acoplamiento y el acoplamiento s\u00f3lo se puede apretar a mano, sin herramientas de fuerza (alicates, patente).<\/span><\/p>\n<p><span style=\"font-family: tahoma, arial, helvetica, sans-serif; font-size: 110%;\"><span style=\"color: #d83131;\"><strong>Atenci\u00f3n:<\/strong><\/span> El hecho de que un filtro lleve la etiqueta T33 no significa que siempre tenga el mismo material filtrante. Puede diferir en contenido, pero no en calidad. T33 es s\u00f3lo un nombre gen\u00e9rico para un determinado tipo de filtro que tiene una determinada finalidad y un determinado tama\u00f1o\/forma.<\/span><\/p>\n<p><span style=\"font-family: tahoma, arial, helvetica, sans-serif; font-size: 110%;\">Vida \u00fatil: 1500 galones (5670 L de agua). La vida \u00fatil depende de la calidad del agua filtrada y de los contaminantes presentes en el agua. Como per\u00edodo de sustituci\u00f3n se recomienda utilizar un m\u00e1ximo de 12 meses.\u00a0<\/span><\/p>\n<p><span style=\"font-family: tahoma, arial, helvetica, sans-serif; font-size: 110%;\">Mantenimiento: no hay mantenimiento, el filtro se cambiar\u00e1 en el periodo mencionado anteriormente.<\/span><\/p>\n<h3><span style=\"font-family: tahoma, arial, helvetica, sans-serif; font-size: 110%;\">Especificaciones t\u00e9cnicas Mineralizaci\u00f3n y alcalinizaci\u00f3n del agua postfiltraci\u00f3n con turmalina y corosex T33 TF<\/span><\/h3>\n<ul>\n<li><span style=\"font-family: tahoma, arial, helvetica, sans-serif; font-size: 110%;\">Tama\u00f1o: 53 mm x 254 mm (\u2205 x L);<\/span><\/li>\n<li><span style=\"font-family: tahoma, arial, helvetica, sans-serif; font-size: 110%;\">Conexiones de entrada\/salida: rosca madre de 1\/4 de pulgada;<\/span><\/li>\n<li><span style=\"font-family: tahoma, arial, helvetica, sans-serif; font-size: 110%;\">Contenido: minerales como corosex, turmalina, guijarros (calcio y magnesio)<\/span><\/li>\n<\/ul>\n<h3><span style=\"font-family: tahoma, arial, helvetica, sans-serif; font-size: 110%;\">Precauciones de uso y recomendaciones Mineralizaci\u00f3n y alcalinizaci\u00f3n del agua postfiltraci\u00f3n con turmalina y corosex T33 TF<\/span><\/h3>\n<ul>\n<li><span style=\"font-family: tahoma, arial, helvetica, sans-serif; font-size: 110%;\">Antes de consumir el agua, hay que hacer pasar al menos 20 litros de agua por el filtro;<\/span><\/li>\n<li><span style=\"font-family: tahoma, arial, helvetica, sans-serif; font-size: 110%;\">Preste atenci\u00f3n a la direcci\u00f3n en la que el agua pasa a trav\u00e9s del filtro, indicada por una flecha en la etiqueta del producto;<\/span><\/li>\n<li><span style=\"font-family: tahoma, arial, helvetica, sans-serif; font-size: 110%;\">Requiere acopladores macho adicionales con rosca por un lado y conexi\u00f3n r\u00e1pida por el otro;<\/span><\/li>\n<li><span style=\"font-family: tahoma, arial, helvetica, sans-serif; font-size: 110%;\">Tambi\u00e9n se pueden utilizar los acoplamientos antiguos del filtro existente;<\/span><\/li>\n<li><span style=\"font-family: tahoma, arial, helvetica, sans-serif; font-size: 110%;\">El filtro puede contener tapones de pl\u00e1stico en los dos stents de conexi\u00f3n. En tal caso, deben retirarse;<\/span><\/li>\n<li><span style=\"font-family: tahoma, arial, helvetica, sans-serif; font-size: 110%;\">S\u00f3lo debe utilizarse para filtrar agua fr\u00eda, nunca agua caliente;<\/span><\/li>\n<li><span style=\"font-family: tahoma, arial, helvetica, sans-serif; font-size: 110%;\">No lo utilice con agua microbiol\u00f3gicamente insegura o con agua cuya calidad desconozca, sin haber desinfectado previamente el agua antes y despu\u00e9s del filtro.<\/span><\/li>\n<\/ul>\n<p><span style=\"font-family: tahoma, arial, helvetica, sans-serif; font-size: 110%;\">Certificaci\u00f3n: NSF, s\u00f3lo para los materiales utilizados en la fabricaci\u00f3n.<\/span><\/p>\n<p><span style=\"font-family: tahoma, arial, helvetica, sans-serif; font-size: 110%;\">Pa\u00eds de origen: Taiw\u00e1n<\/span><\/p>","protected":false},"excerpt":{"rendered":"<ul>\n<li><span style=\"font-size: 120%; font-family: tahoma, arial, helvetica, sans-serif;\">Mineralizaci\u00f3n y alcalinizaci\u00f3n postfiltro<\/span><\/li>\n<li><span style=\"font-size: 120%; font-family: tahoma, arial, helvetica, sans-serif;\">Minerales como: corosex, turmalina, guijarros de r\u00edo<\/span><\/li>\n<li><span style=\"font-size: 120%; font-family: tahoma, arial, helvetica, sans-serif;\">\u201eConexiones roscadas \u201dMama\u201d<\/span><\/li>\n<\/ul>","protected":false},"featured_media":70431,"comment_status":"open","ping_status":"closed","template":"","meta":{"_seopress_robots_primary_cat":"none","_seopress_titles_title":"","_seopress_titles_desc":"FILTRU REMINERALIZARE CRESTERE PH","_seopress_robots_index":""},"product_brand":[],"product_cat":[1137],"product_tag":[527,526,525,523,522,520,521,524,2033],"class_list":{"0":"post-443","1":"product","2":"type-product","3":"status-publish","4":"has-post-thumbnail","6":"product_cat-cartuse-filtre-bucatarie","7":"product_tag-crestere-ph","8":"product_tag-filtru-ph","9":"product_tag-filtru-remineralizare","10":"product_tag-filtru-ridicare-ph","11":"product_tag-mineralizare","12":"product_tag-ph","13":"product_tag-remineralizare","14":"product_tag-remineralizare-apa","15":"product_tag-t33","17":"first","18":"instock","19":"taxable","20":"shipping-taxable","21":"purchasable","22":"product-type-simple"},"_links":{"self":[{"href":"https:\/\/azura.ro\/es\/wp-json\/wp\/v2\/product\/443","targetHints":{"allow":["GET"]}}],"collection":[{"href":"https:\/\/azura.ro\/es\/wp-json\/wp\/v2\/product"}],"about":[{"href":"https:\/\/azura.ro\/es\/wp-json\/wp\/v2\/types\/product"}],"replies":[{"embeddable":true,"href":"https:\/\/azura.ro\/es\/wp-json\/wp\/v2\/comments?post=443"}],"wp:featuredmedia":[{"embeddable":true,"href":"https:\/\/azura.ro\/es\/wp-json\/wp\/v2\/media\/70431"}],"wp:attachment":[{"href":"https:\/\/azura.ro\/es\/wp-json\/wp\/v2\/media?parent=443"}],"wp:term":[{"taxonomy":"product_brand","embeddable":true,"href":"https:\/\/azura.ro\/es\/wp-json\/wp\/v2\/product_brand?post=443"},{"taxonomy":"product_cat","embeddable":true,"href":"https:\/\/azura.ro\/es\/wp-json\/wp\/v2\/product_cat?post=443"},{"taxonomy":"product_tag","embeddable":true,"href":"https:\/\/azura.ro\/es\/wp-json\/wp\/v2\/product_tag?post=443"}],"curies":[{"name":"wp","href":"https:\/\/api.w.org\/{rel}","templated":true}]}}