{"id":498,"date":"2014-09-09T17:58:03","date_gmt":"2014-09-09T15:58:03","guid":{"rendered":"http:\/\/dev02.websynapse.ro\/product\/ionizator-apa-ja-703-purepro\/"},"modified":"2026-01-22T09:46:27","modified_gmt":"2026-01-22T07:46:27","slug":"ionizador-de-agua-ja-703-purepro","status":"publish","type":"product","link":"https:\/\/azura.ro\/es\/produs\/ionizator-apa-ja-703-purepro\/","title":{"rendered":"JA - 703 PurePro IONIZADOR APA JA - 703 PurePro"},"content":{"rendered":"<h2><span style=\"font-size: 110%; font-family: tahoma, arial, helvetica, sans-serif;\"><strong>Ionizador de agua JA - 703 PurePro<\/strong><\/span><\/h2>\n<p><span style=\"font-size: 110%; font-family: tahoma, arial, helvetica, sans-serif;\">Potente, fiable, moderno, fabricado por <strong>PurePro USA<\/strong>.<\/span><br \/>\n<span style=\"font-size: 110%; font-family: tahoma, arial, helvetica, sans-serif;\"> Probablemente lo m\u00e1s importante que puede hacer por su salud es beber <strong><em>agua alcalina ionizada<\/em><\/strong>. Esta agua est\u00e1 enriquecida con antioxidantes. M\u00e1s placas para la electr\u00f3lisis del agua significa un <strong><em>mayor nivel de ORP<\/em><\/strong> y, por tanto, m\u00e1s iones negativos (que tambi\u00e9n se encuentran en las frutas y verduras frescas).<\/span><\/p>\n<h3><span style=\"font-size: 110%;\"><span style=\"font-family: tahoma, arial, helvetica, sans-serif;\">El ionizador de agua JA - 703 tiene 2 a\u00f1os de garant\u00eda.<\/span><\/span><\/h3>\n<p><span style=\"font-family: tahoma, arial, helvetica, sans-serif; font-size: 110%;\"><span style=\"color: #d0121a;\"><strong>\u00a1Muy importante! Oferta especial<\/strong><\/span>. La fiecare ionizator JA &#8211; 703 PurePro achizitionat, vei primi absolut gratuit pompa dedicata curatarii periodice a aparatului + tutorial video in care explicam utilizarea acestei proceduri. Chiar daca acest aparat isi face o curatare automata si zilnica, la un moment dat este necesara interventia de curatare &#8222;manuala&#8221;. Detalii in video-ul de mai jos.<\/span><\/p>\n<p><iframe loading=\"lazy\" title=\"Oferta especial PurePro JA 703 Bomba limpiadora ionizadora de agua PurePro JA 703\" width=\"1020\" height=\"574\" src=\"https:\/\/www.youtube.com\/embed\/OkoP4gOPHMk?feature=oembed\" frameborder=\"0\" allow=\"accelerometer; autoplay; clipboard-write; encrypted-media; gyroscope; picture-in-picture; web-share\" referrerpolicy=\"strict-origin-when-cross-origin\" allowfullscreen><\/iframe><\/p>\n<p><span style=\"font-size: 110%; font-family: tahoma, arial, helvetica, sans-serif;\"><strong> Ionizador PurePro JA - 703,<\/strong> es el equipo premium de la empresa americana, el modelo m\u00e1s avanzado de la gama de ionizadores JA PurePro. Este ionizador est\u00e1 construido con los materiales m\u00e1s modernos, contiene 7 grandes placas de titanio recubiertas de platino y tiene un dise\u00f1o ultramoderno que combina con cualquier cocina moderna.<\/span><\/p>\n<p><iframe loading=\"lazy\" title=\"Presentaci\u00f3n del ionizador de agua PurePro JA 703\" width=\"1020\" height=\"574\" src=\"https:\/\/www.youtube.com\/embed\/eiO-gF6bR9E?feature=oembed\" frameborder=\"0\" allow=\"accelerometer; autoplay; clipboard-write; encrypted-media; gyroscope; picture-in-picture; web-share\" referrerpolicy=\"strict-origin-when-cross-origin\" allowfullscreen><\/iframe><\/p>\n<p><span style=\"font-size: 110%; font-family: tahoma, arial, helvetica, sans-serif;\"><strong> Ionizador de agua JA - 703<\/strong> se beneficia de un sistema autom\u00e1tico de limpieza de electrodos. Est\u00e1 equipado con la \u00faltima tecnolog\u00eda de limpieza, basada en la inversi\u00f3n de la polaridad de los electrodos y el cambio de direcci\u00f3n del agua. De este modo, se puede consumir agua alcalina y \u00e1cida incluso cuando se est\u00e1 limpiando el equipo. Esta caracter\u00edstica no s\u00f3lo repercute en el ionizador (vida \u00fatil mucho m\u00e1s larga), sino que tambi\u00e9n tiene un impacto positivo en el agua, ya que podr\u00e1 ionizarse correctamente no s\u00f3lo en el primer periodo de vida del ionizador, sino durante toda su vida \u00fatil. Los ionizadores baratos no se benefician de un sistema de limpieza tan innovador.<\/span><\/p>\n<p><span style=\"font-family: tahoma, arial, helvetica, sans-serif; font-size: 110%;\">Tutorial de instalaci\u00f3n en el siguiente v\u00eddeo:<\/span><\/p>\n<p><iframe loading=\"lazy\" title=\"Instalaci\u00f3n del ionizador de agua PurePro JA 703\" width=\"1020\" height=\"574\" src=\"https:\/\/www.youtube.com\/embed\/a1oml31fevY?feature=oembed\" frameborder=\"0\" allow=\"accelerometer; autoplay; clipboard-write; encrypted-media; gyroscope; picture-in-picture; web-share\" referrerpolicy=\"strict-origin-when-cross-origin\" allowfullscreen><\/iframe><\/p>\n<h3><span style=\"font-size: 110%; font-family: tahoma, arial, helvetica, sans-serif;\"> Caracter\u00edsticas Ionizador PurePro JA - 703<\/span><\/h3>\n<p><span style=\"font-size: 110%; font-family: tahoma, arial, helvetica, sans-serif;\"> *<strong>\u00a0<\/strong>5 niveles de agua alcalina\u00a0<\/span><br \/>\n<span style=\"font-size: 110%;\"><span style=\"font-family: tahoma, arial, helvetica, sans-serif;\"> * 2 niveles de agua \u00e1cida<br \/>\n<\/span>* el aparato permite seleccionar los siguientes pH: \u00e1cido: 4 y 5,5; neutro: 7; alcalino: 8,5 - 9 - 9,5 - 10 - 11<\/span><br \/>\n<span style=\"font-size: 110%; font-family: tahoma, arial, helvetica, sans-serif;\"> * filtro de agua de carb\u00f3n activado impregnado de plata\u00a0<\/span><br \/>\n<span style=\"font-size: 110%; font-family: tahoma, arial, helvetica, sans-serif;\"> * Salida de agua alcalina de acero inoxidable<\/span><br \/>\n<span style=\"font-size: 110%; font-family: tahoma, arial, helvetica, sans-serif;\"> * indica el caudal en la pantalla<\/span><br \/>\n<span style=\"font-size: 110%; font-family: tahoma, arial, helvetica, sans-serif;\"> * indica pH en la pantalla<\/span><br \/>\n<span style=\"font-size: 110%; font-family: tahoma, arial, helvetica, sans-serif;\"> * panel de control electr\u00f3nico<\/span><br \/>\n<span style=\"font-size: 110%; font-family: tahoma, arial, helvetica, sans-serif;\"> * alto nivel de ORP negativo<\/span><br \/>\n<span style=\"font-size: 110%; font-family: tahoma, arial, helvetica, sans-serif;\"> * autocuidado<\/span><br \/>\n<span style=\"font-size: 110%; font-family: tahoma, arial, helvetica, sans-serif;\"> * sonido de confirmaci\u00f3n cada vez que se selecciona un nivel de pH diferente<\/span><br \/>\n<span style=\"font-size: 110%; font-family: tahoma, arial, helvetica, sans-serif;\"> * Indicador de sustituci\u00f3n del filtro de agua<\/span><br \/>\n<span style=\"font-size: 110%; font-family: tahoma, arial, helvetica, sans-serif;\"> * s\u00f3lo un minuto para cambiar el filtro de agua.<\/span><\/p>\n<p><span style=\"font-size: 110%; font-family: tahoma, arial, helvetica, sans-serif;\"><strong> Ionizador JA - 703 PurePro<\/strong> se beneficia de un filtro integrado de alto rendimiento, para que usted no s\u00f3lo se beneficie de agua ionizada, sino tambi\u00e9n de agua limpia, libre de sedimentos, metales pesados, cloro, trihalometanos, productos qu\u00edmicos org\u00e1nicos vol\u00e1tiles, etc.<\/span><br \/>\n<span style=\"font-size: 110%; font-family: tahoma, arial, helvetica, sans-serif;\"> El filtro incorporado es uno de los m\u00e1s potentes, en comparaci\u00f3n con los filtros instalados en otros ionizadores de agua.<\/span><\/p>\n<p><span style=\"font-size: 110%; font-family: tahoma, arial, helvetica, sans-serif;\"><strong> Incorpora filtro de agua:<\/strong><\/span><br \/>\n<span style=\"font-size: 110%; font-family: tahoma, arial, helvetica, sans-serif;\"> Mezcla de gr\u00e1nulos de carb\u00f3n activo y medio filtrante de resina de intercambio i\u00f3nico + KDF<\/span><br \/>\n<span style=\"font-size: 110%; font-family: tahoma, arial, helvetica, sans-serif;\"> 99,98496+ reducci\u00f3n de part\u00edculas de 3 - 4 micras<\/span><br \/>\n<span style=\"font-size: 110%; font-family: tahoma, arial, helvetica, sans-serif;\"> 99,9696+ reducci\u00f3n de part\u00edculas de 1 - 2 micras<\/span><br \/>\n<span style=\"font-size: 110%; font-family: tahoma, arial, helvetica, sans-serif;\"> Filtraci\u00f3n en varios pasos, cada vez m\u00e1s finos.<\/span><\/p>\n<p><span style=\"font-size: 110%; font-family: tahoma, arial, helvetica, sans-serif;\">Ventajas del filtro de agua:<\/span><br \/>\n<span style=\"font-size: 110%; font-family: tahoma, arial, helvetica, sans-serif;\"> Reducci\u00f3n eficaz del plomo disuelto<\/span><br \/>\n<span style=\"font-size: 110%; font-family: tahoma, arial, helvetica, sans-serif;\"> Muy alto poder de adsorci\u00f3n de sustancias qu\u00edmicas<\/span><br \/>\n<span style=\"font-size: 110%; font-family: tahoma, arial, helvetica, sans-serif;\"> Eliminar tambi\u00e9n el plomo no disuelto<\/span><br \/>\n<span style=\"font-size: 110%; font-family: tahoma, arial, helvetica, sans-serif;\"> Reduce quistes como Giardia y Cryptosporidium<\/span><br \/>\n<span style=\"font-size: 110%; font-family: tahoma, arial, helvetica, sans-serif;\"> Reduce la turbidez de forma muy eficaz<\/span><br \/>\n<span style=\"font-size: 110%; font-family: tahoma, arial, helvetica, sans-serif;\"> Fabricado con materiales puros<\/span><br \/>\n<span style=\"font-size: 110%; font-family: tahoma, arial, helvetica, sans-serif;\"> Cartucho filtrante de muy larga duraci\u00f3n, 12000 litros de agua. Esta cantidad est\u00e1 directamente influenciada por la calidad del agua.\u00a0<\/span><\/p>\n<h3><span style=\"font-size: 110%; font-family: tahoma, arial, helvetica, sans-serif;\"> Datos t\u00e9cnicos del ionizador PurePro JA 703<\/span><\/h3>\n<p><span style=\"font-size: 110%; font-family: tahoma, arial, helvetica, sans-serif;\"> Voltaje : AC-110V \/ AC-240V.\u00a0<\/span><br \/>\n<span style=\"font-size: 110%; font-family: tahoma, arial, helvetica, sans-serif;\"> Electricidad: DC-2A~6A<\/span><br \/>\n<span style=\"font-size: 110%; font-family: tahoma, arial, helvetica, sans-serif;\"> C\u00e1mara de electr\u00f3lisis: Superficie: 1368cm2<\/span><br \/>\n<span style=\"font-size: 110%; font-family: tahoma, arial, helvetica, sans-serif;\"> Consumo: 100-200 W<\/span><br \/>\n<span style=\"font-size: 110%; font-family: tahoma, arial, helvetica, sans-serif;\"> Nivel de ORP y nivel de pH obtenidos: ORP: +500MV ~ -700MV; nivel de pH: 4 - 11 (depende de la calidad del agua de alimentaci\u00f3n).<\/span><br \/>\n<span style=\"font-size: 110%; font-family: tahoma, arial, helvetica, sans-serif;\"> Capacidad de filtraci\u00f3n: 12.000 litros\u00a0<\/span><br \/>\n<span style=\"font-size: 110%; font-family: tahoma, arial, helvetica, sans-serif;\"> Dimensiones: (cm) 31,5 (alto) x 25,5 (ancho) x 13,5 (largo)\u00a0<\/span><br \/>\n<span style=\"font-size: 110%; font-family: tahoma, arial, helvetica, sans-serif;\"> Peso: 5,5 kg\u00a0<\/span><\/p>\n<p><span style=\"font-size: 110%; font-family: tahoma, arial, helvetica, sans-serif;\"><strong> Garant\u00eda del ionizador<\/strong>\u00a0<strong>PurePro JA - 703 es de 2 a\u00f1os.\u00a0<\/strong>El cartucho filtrante incorporado es un consumible y no est\u00e1 cubierto por la garant\u00eda.<\/span><\/p>\n<p><span style=\"font-size: 110%; font-family: tahoma, arial, helvetica, sans-serif;\"> Si su fuente de agua no procede del suministro p\u00fablico, sino que es una fuente propia, como el agua de pozo o de sondeo, se recomienda que nos env\u00ede un informe de an\u00e1lisis del agua. Algunas fuentes de agua necesitan m\u00e1s filtraci\u00f3n (filtros especializados) que un\u00a0<em>ionizador de agua<\/em>\u00a0(ya sea de alto rendimiento), y queremos asegurarnos de que obtenga el agua m\u00e1s limpia y saludable posible.<\/span><\/p>","protected":false},"excerpt":{"rendered":"<p><span style=\"font-size: 100%; font-family: tahoma, arial, helvetica, sans-serif;\"><strong>Agua alcalina ionizada<\/strong> por su salud con<strong> Ionizador JA 703 PurePro<\/strong>.<br \/>\n<\/span><\/p>\n<p><span style=\"font-size: 100%;\"><a href=\"https:\/\/azura.ro\/es\/100-30-dias-de-garantia-de-devolucion\/\" target=\"_blank\" rel=\"noopener noreferrer\"><img decoding=\"async\" class=\"alignnone wp-image-7307\" src=\"https:\/\/azura.ro\/wp-content\/uploads\/2016\/06\/Garantie-retur.png\" alt=\"\" width=\"106\" height=\"109\" \/><\/a><a href=\"https:\/\/azura.ro\/es\/service\/\" target=\"_blank\" rel=\"noopener noreferrer\"><img decoding=\"async\" class=\"alignnone wp-image-7308\" src=\"https:\/\/azura.ro\/wp-content\/uploads\/2016\/06\/Service.png\" alt=\"\" width=\"116\" height=\"116\" srcset=\"https:\/\/azura.ro\/wp-content\/uploads\/2016\/06\/Service.png 189w, https:\/\/azura.ro\/wp-content\/uploads\/2016\/06\/Service-100x100.png 100w, https:\/\/azura.ro\/wp-content\/uploads\/2016\/06\/Service-150x150.png 150w\" sizes=\"(max-width: 116px) 100vw, 116px\" \/><\/a><a href=\"https:\/\/azura.ro\/es\/2-ani-garantie\/\" target=\"_blank\" rel=\"noopener noreferrer\"><img decoding=\"async\" class=\"alignnone wp-image-14008\" src=\"https:\/\/azura.ro\/wp-content\/uploads\/2018\/12\/2-ani-garantie.png\" alt=\"\" width=\"107\" height=\"109\" \/><\/a><\/span><\/p>\n<p><span style=\"font-size: 100%;\"><a href=\"https:\/\/azura.ro\/es\/100-30-dias-de-garantia-de-devolucion\/\" target=\"_blank\" rel=\"noopener noreferrer\">Ofrecemos garant\u00eda de satisfacci\u00f3n con devoluci\u00f3n del dinero en 30 d\u00edas<\/a><\/span><br \/>\n<span style=\"font-size: 100%;\"><a href=\"https:\/\/azura.ro\/es\/service\/\" target=\"_blank\" rel=\"noopener noreferrer\">Ofrecemos servicio especializado en Ruman\u00eda \u00a1Cualquier problema t\u00e9cnico se resuelve en Ruman\u00eda!<\/a><\/span><br \/>\n<span style=\"font-size: 100%;\"><a href=\"https:\/\/azura.ro\/es\/2-ani-garantie\/\" target=\"_blank\" rel=\"noopener noreferrer\">Ofrecemos garant\u00eda contra defectos de fabricaci\u00f3n, 2 a\u00f1os de garant\u00eda<\/a><br \/>\n<\/span><\/p>\n<p><span style=\"font-size: 85%;\" data-nosnippet=\"true\"><i>El precio de venta del AEE incluye el valor del coste del \"sello verde<u>seg\u00fan GEO 5\/2015<\/u><\/i><\/span><\/p>\n<p>&nbsp;<\/p>","protected":false},"featured_media":68161,"comment_status":"open","ping_status":"closed","template":"","meta":{"_seopress_robots_primary_cat":"none","_seopress_titles_title":"","_seopress_titles_desc":"IONIZATOA APA JA - 703 PurePro, APA ALCALINA IONIZATA","_seopress_robots_index":""},"product_brand":[],"product_cat":[116],"product_tag":[321,324,322,555,554,449],"class_list":{"0":"post-498","1":"product","2":"type-product","3":"status-publish","4":"has-post-thumbnail","6":"product_cat-ionizatoare-de-apa","7":"product_tag-apa-alcalina","8":"product_tag-apa-alcalina-ionizata","9":"product_tag-ionizator-apa","10":"product_tag-ionizator-ja-703-purepro","11":"product_tag-ionizator-purepro-ja-703","12":"product_tag-ja-703","13":"pa_amplasare-deasuprachiuvetei","14":"pa_brand-purepro","16":"first","17":"instock","18":"sale","19":"taxable","20":"shipping-taxable","21":"purchasable","22":"product-type-simple"},"_links":{"self":[{"href":"https:\/\/azura.ro\/es\/wp-json\/wp\/v2\/product\/498","targetHints":{"allow":["GET"]}}],"collection":[{"href":"https:\/\/azura.ro\/es\/wp-json\/wp\/v2\/product"}],"about":[{"href":"https:\/\/azura.ro\/es\/wp-json\/wp\/v2\/types\/product"}],"replies":[{"embeddable":true,"href":"https:\/\/azura.ro\/es\/wp-json\/wp\/v2\/comments?post=498"}],"wp:featuredmedia":[{"embeddable":true,"href":"https:\/\/azura.ro\/es\/wp-json\/wp\/v2\/media\/68161"}],"wp:attachment":[{"href":"https:\/\/azura.ro\/es\/wp-json\/wp\/v2\/media?parent=498"}],"wp:term":[{"taxonomy":"product_brand","embeddable":true,"href":"https:\/\/azura.ro\/es\/wp-json\/wp\/v2\/product_brand?post=498"},{"taxonomy":"product_cat","embeddable":true,"href":"https:\/\/azura.ro\/es\/wp-json\/wp\/v2\/product_cat?post=498"},{"taxonomy":"product_tag","embeddable":true,"href":"https:\/\/azura.ro\/es\/wp-json\/wp\/v2\/product_tag?post=498"}],"curies":[{"name":"wp","href":"https:\/\/api.w.org\/{rel}","templated":true}]}}