{"id":50974,"date":"2022-10-18T11:57:54","date_gmt":"2022-10-18T08:57:54","guid":{"rendered":"https:\/\/azura.ro\/?post_type=product&#038;p=50974"},"modified":"2026-03-30T15:37:31","modified_gmt":"2026-03-30T12:37:31","slug":"cartus-filtrant-antibacterian-10-1-micron","status":"publish","type":"product","link":"https:\/\/azura.ro\/es\/produs\/cartus-filtrant-antibacterian-10-1-micron\/","title":{"rendered":"CARTUCHO FILTRANTE ANTIBACTERIAS 10\u2033 1 MICRA"},"content":{"rendered":"<h2><span style=\"font-size: 110%; font-family: tahoma, arial, helvetica, sans-serif;\">Cartucho filtrante con nueva tecnolog\u00eda antibacteriana, uno de los mejores filtros antibacterianos y antimicrobianos.<\/span><\/h2>\n<p><span style=\"font-size: 110%; font-family: tahoma, arial, helvetica, sans-serif;\">Compatible con la mayor\u00eda de las carcasas de filtro de 10\u2033.<\/span><\/p>\n<p><span style=\"font-size: 110%; font-family: tahoma, arial, helvetica, sans-serif;\">Este cartucho filtrante retiene los sedimentos e impide el crecimiento de bacterias en el filtro, y esto da una mayor protecci\u00f3n al sistema de filtraci\u00f3n, a los siguientes cartuchos filtrantes que siguen como orden de filtrado y finalmente ofrece protecci\u00f3n al usuario.<\/span><\/p>\n<p><span style=\"font-size: 110%; font-family: tahoma, arial, helvetica, sans-serif;\">Agua potable limpia y segura gracias a la tecnolog\u00eda de iones de plata del filtro.<\/span><\/p>\n<p><span style=\"font-size: 110%;\"><strong><span style=\"font-family: tahoma, arial, helvetica, sans-serif;\">Caracter\u00edsticas t\u00e9cnicas:<\/span><\/strong><\/span><br \/>\n<span style=\"font-size: 110%; font-family: tahoma, arial, helvetica, sans-serif;\">Grad de filtrare: 1 micron \/ cartus impregnat cu ioni de argint<\/span><br \/>\n<span style=\"font-size: 110%; font-family: tahoma, arial, helvetica, sans-serif;\">Altura: 254 mm<\/span><br \/>\n<span style=\"font-size: 110%; font-family: tahoma, arial, helvetica, sans-serif;\">Di\u00e1metro: 63 mm<\/span><br \/>\n<span style=\"font-size: 110%; font-family: tahoma, arial, helvetica, sans-serif;\">Di\u00e1metro interior: 28 mm<\/span><br \/>\n<span style=\"font-size: 110%; font-family: tahoma, arial, helvetica, sans-serif;\">Debit permis: 13.3 l\/min<\/span><br \/>\n<span style=\"font-size: 110%; font-family: tahoma, arial, helvetica, sans-serif;\">Temperatura m\u00ednima\/m\u00e1xima: 4\u00b0C - 79\u00b0C<\/span><br \/>\n<span style=\"font-size: 110%; font-family: tahoma, arial, helvetica, sans-serif;\">Tiempo de filtraci\u00f3n: unos 6 meses o 12000 litros (dependiendo de la calidad del agua).<\/span><\/p>\n<p><span style=\"font-size: 110%;\"><strong>Aplicaciones:<\/strong><\/span><\/p>\n<p><span style=\"font-size: 110%;\">Industria de bebidas;<\/span><br \/>\n<span style=\"font-size: 110%;\">Agua embotellada;<\/span><br \/>\n<span style=\"font-size: 110%;\">Dispensadores de agua y sistemas de purificaci\u00f3n de agua;<\/span><br \/>\n<span style=\"font-size: 110%;\">Depuraci\u00f3n de agua, sistemas comerciales de depuraci\u00f3n de agua.<\/span><\/p>\n<p><span style=\"font-size: 110%; font-family: tahoma, arial, helvetica, sans-serif;\">Pa\u00eds de origen: Italia<\/span><\/p>","protected":false},"excerpt":{"rendered":"<p>Cartus filtrant cu tehnologie noua antibacteriana, unul din cele mai bune filtre antibacteriene si antimicrobiene. Compatibil cu cele mai multe carcase de filtre de 10&#8243;. Acest cartus filtrant retine sedimente si previne dezvoltarea bacteriilor in filtru, iar acest lucru confera o protectie sporita sistemului de filtrare, cartuselor filtrante ce urmeaza ca si ordine de filtrare [&#8230;]\n","protected":false},"featured_media":68331,"comment_status":"open","ping_status":"closed","template":"","meta":{"_seopress_robots_primary_cat":"none","_seopress_titles_title":"","_seopress_titles_desc":"","_seopress_robots_index":""},"product_brand":[],"product_cat":[1137],"product_tag":[970,1085],"class_list":{"0":"post-50974","1":"product","2":"type-product","3":"status-publish","4":"has-post-thumbnail","6":"product_cat-cartuse-filtre-bucatarie","7":"product_tag-5-microni","8":"product_tag-antibacterian","10":"first","11":"instock","12":"taxable","13":"shipping-taxable","14":"purchasable","15":"product-type-simple"},"_links":{"self":[{"href":"https:\/\/azura.ro\/es\/wp-json\/wp\/v2\/product\/50974","targetHints":{"allow":["GET"]}}],"collection":[{"href":"https:\/\/azura.ro\/es\/wp-json\/wp\/v2\/product"}],"about":[{"href":"https:\/\/azura.ro\/es\/wp-json\/wp\/v2\/types\/product"}],"replies":[{"embeddable":true,"href":"https:\/\/azura.ro\/es\/wp-json\/wp\/v2\/comments?post=50974"}],"wp:featuredmedia":[{"embeddable":true,"href":"https:\/\/azura.ro\/es\/wp-json\/wp\/v2\/media\/68331"}],"wp:attachment":[{"href":"https:\/\/azura.ro\/es\/wp-json\/wp\/v2\/media?parent=50974"}],"wp:term":[{"taxonomy":"product_brand","embeddable":true,"href":"https:\/\/azura.ro\/es\/wp-json\/wp\/v2\/product_brand?post=50974"},{"taxonomy":"product_cat","embeddable":true,"href":"https:\/\/azura.ro\/es\/wp-json\/wp\/v2\/product_cat?post=50974"},{"taxonomy":"product_tag","embeddable":true,"href":"https:\/\/azura.ro\/es\/wp-json\/wp\/v2\/product_tag?post=50974"}],"curies":[{"name":"wp","href":"https:\/\/api.w.org\/{rel}","templated":true}]}}