{"id":51748,"date":"2022-11-09T18:52:58","date_gmt":"2022-11-09T16:52:58","guid":{"rendered":"https:\/\/azura.ro\/?post_type=product&#038;p=51748"},"modified":"2026-03-18T16:35:00","modified_gmt":"2026-03-18T14:35:00","slug":"filtru-pentru-casa-spartan-blue-duo-10-azura-filters-5-microni-carbon-bloc","status":"publish","type":"product","link":"https:\/\/azura.ro\/es\/produs\/filtru-pentru-casa-spartan-blue-duo-10-azura-filters-5-microni-carbon-bloc\/","title":{"rendered":"HOME FILTER SPARTAN BLUE DUO 10\u2033 AZURA FILTROS, 5 MICRAS, BLOQUE DE CARB\u00d3N"},"content":{"rendered":"<h2><span style=\"font-family: tahoma, arial, helvetica, sans-serif; font-size: 110%;\">Filtrul pentru casa SPARTAN BLUE DUO 10&#8243; AZURA FILTERS &#8211; 5 MICRONI CARBON BLOC filtreaza: clor si subprodusi ai clorului, erbicide, pesticide, substante organice, urme de medicamente, sedimente (mal, rugina, nisip).<\/span><\/h2>\n<p><span style=\"font-family: tahoma, arial, helvetica, sans-serif; font-size: 110%;\">La filtraci\u00f3n se realiza en dos etapas con dos cartuchos filtrantes.<\/span><\/p>\n<p><span style=\"font-family: tahoma, arial, helvetica, sans-serif; font-size: 110%;\"><strong>Instalaci\u00f3n de filtros dom\u00e9sticos SPARTAN BLUE DUO 10\u2033.<\/strong><\/span><\/p>\n<p><span style=\"font-family: tahoma, arial, helvetica, sans-serif; font-size: 110%;\">Se instalar\u00e1 en la tuber\u00eda principal de suministro de la casa, la tuber\u00eda de suministro de agua fr\u00eda.<\/span><\/p>\n<p><span style=\"font-family: tahoma, arial, helvetica, sans-serif; font-size: 110%;\">Compatibilidad con el agua:<\/span><\/p>\n<ul>\n<li><span style=\"font-family: tahoma, arial, helvetica, sans-serif; font-size: 110%;\">Puede instalarse en cualquier fuente de agua desinfectada con cloro, en cualquier fuente de agua de las redes p\u00fablicas controladas;<\/span><\/li>\n<li><span style=\"font-family: tahoma, arial, helvetica, sans-serif; font-size: 110%;\">Agua de pozo: s\u00f3lo se instalar\u00e1 en una fuente de este tipo si el agua no est\u00e1 contaminada bacteriol\u00f3gicamente.<\/span><\/li>\n<\/ul>\n<p><span style=\"font-family: tahoma, arial, helvetica, sans-serif; font-size: 110%;\">Finalidad del filtro:<\/span><\/p>\n<ul>\n<li><span style=\"font-family: tahoma, arial, helvetica, sans-serif; font-size: 110%;\">eliminar el cloro del agua<\/span><\/li>\n<li><span style=\"font-family: tahoma, arial, helvetica, sans-serif; font-size: 110%;\">filtraci\u00f3n del agua para mejorar su calidad<\/span><\/li>\n<li><span style=\"font-family: tahoma, arial, helvetica, sans-serif; font-size: 110%;\">mejor sabor<\/span><\/li>\n<li><span style=\"font-family: tahoma, arial, helvetica, sans-serif; font-size: 110%;\">protecci\u00f3n para fontaner\u00eda, calefacci\u00f3n central, caldera, bater\u00edas de agua<\/span><\/li>\n<\/ul>\n<p><span style=\"font-family: tahoma, arial, helvetica, sans-serif; font-size: 110%;\">Otras aplicaciones:<\/span><\/p>\n<ul>\n<li><span style=\"font-family: tahoma, arial, helvetica, sans-serif; font-size: 110%;\">cocinas de restaurante\/catering<\/span><\/li>\n<li><span style=\"font-family: tahoma, arial, helvetica, sans-serif; font-size: 110%;\">casas de vacaciones<\/span><\/li>\n<li><span style=\"font-family: tahoma, arial, helvetica, sans-serif; font-size: 110%;\">protecci\u00f3n para sistemas comerciales e industriales de \u00f3smosis inversa\/nanofiltraci\u00f3n\/ultrafiltraci\u00f3n<\/span><\/li>\n<\/ul>\n<p><span style=\"font-family: tahoma, arial, helvetica, sans-serif; font-size: 110%;\">Este filtro contiene:<\/span><\/p>\n<p><span style=\"font-family: tahoma, arial, helvetica, sans-serif; font-size: 110%;\">Paso 1: PAPEL FILTRANTE DE SEDIMENTOS SPARTAN 10\u2033 5 micras<\/span><br \/>\n<span style=\"font-family: tahoma, arial, helvetica, sans-serif; font-size: 110%;\"> Paso 2: CARTUCHO FILTRANTE SPARTAN 10\u2033 DE BLOQUE DE CARBONO<\/span><\/p>\n<p><span style=\"font-family: tahoma, arial, helvetica, sans-serif; font-size: 110%;\">* Per\u00edodos de cambio de cartucho<\/span><\/p>\n<p><span style=\"font-family: tahoma, arial, helvetica, sans-serif; font-size: 110%;\">Viviendas peque\u00f1as y medianas con un consumo medio de agua:<\/span><\/p>\n<p><span style=\"font-family: tahoma, arial, helvetica, sans-serif; font-size: 110%;\">Fase 1: 6 meses<\/span><br \/>\n<span style=\"font-family: tahoma, arial, helvetica, sans-serif; font-size: 110%;\"> Fase 2: 6 meses<\/span><\/p>\n<p><span style=\"font-family: tahoma, arial, helvetica, sans-serif; font-size: 110%;\">Casas grandes con gran consumo de agua:<\/span><\/p>\n<p><span style=\"font-family: tahoma, arial, helvetica, sans-serif; font-size: 110%;\">Fase 1: 3 meses<\/span><br \/>\n<span style=\"font-family: tahoma, arial, helvetica, sans-serif; font-size: 110%;\"> Fase 2: 3 meses<\/span><\/p>\n<p><span style=\"font-family: tahoma, arial, helvetica, sans-serif; font-size: 110%;\">*Nota: los periodos mencionados son puramente indicativos. El periodo de intercambio est\u00e1 directamente influido por la calidad del agua y el volumen de agua consumida.<\/span><\/p>\n<p><strong><span style=\"font-family: tahoma, arial, helvetica, sans-serif; font-size: 110%;\">Especificaciones t\u00e9cnicas de la carcasa:<\/span><\/strong><br \/>\n<span style=\"font-family: tahoma, arial, helvetica, sans-serif; font-size: 110%;\"> - construcci\u00f3n de pl\u00e1stico reforzado resistente a los golpes<\/span><br \/>\n<span style=\"font-family: tahoma, arial, helvetica, sans-serif; font-size: 110%;\"> - compatible con una amplia gama de productos qu\u00edmicos<\/span><br \/>\n<span style=\"font-family: tahoma, arial, helvetica, sans-serif; font-size: 110%;\"> - disponible con v\u00e1lvula de ventilaci\u00f3n y despresurizaci\u00f3n<\/span><br \/>\n<span style=\"font-family: tahoma, arial, helvetica, sans-serif; font-size: 110%;\"> - apto para el contacto con agua potable<\/span><br \/>\n<span style=\"font-family: tahoma, arial, helvetica, sans-serif; font-size: 110%;\"> - contiene una clave para recoger y retirar los cad\u00e1veres<\/span><\/p>\n<p><strong><span style=\"font-family: tahoma, arial, helvetica, sans-serif; font-size: 110%;\">Caracter\u00edsticas t\u00e9cnicas:<\/span><\/strong><\/p>\n<p><span style=\"font-family: tahoma, arial, helvetica, sans-serif; font-size: 110%;\">Dimensiones: Largo 42 cm x Alto 47 x Ancho 20 cm<\/span><br \/>\n<span style=\"font-family: tahoma, arial, helvetica, sans-serif; font-size: 110%;\"> Caudal m\u00e1ximo: 2,1 mc\/h<br \/>\nCaudal para una decloraci\u00f3n eficaz: 0,68 mc\/h<br \/>\nConexiones: rosca interior de 1<\/span><br \/>\n<span style=\"font-family: tahoma, arial, helvetica, sans-serif; font-size: 110%;\"> Temperatura de trabajo: m\u00edn.\/m\u00e1x. 4\/45\u00b0C<\/span><br \/>\n<span style=\"font-family: tahoma, arial, helvetica, sans-serif; font-size: 110%;\"> Presi\u00f3n m\u00ednima\/m\u00e1xima: 1-5 bar (se recomienda utilizar con una presi\u00f3n m\u00e1xima de 4,5 bar)<\/span><\/p>\n<p><span style=\"font-size: 110%;\">2 a\u00f1os de garant\u00eda, excepto para los cartuchos, ya que son consumibles<\/span><\/p>\n<p><span style=\"font-size: 110%;\">Fabricado por: AZURA FILTERS<\/span><\/p>","protected":false},"excerpt":{"rendered":"<p>Sistema de filtraci\u00f3n para toda la casa u otras aplicaciones que requieran agua de baja turbidez y declorada.<\/p>","protected":false},"featured_media":68918,"comment_status":"open","ping_status":"closed","template":"","meta":{"_seopress_robots_primary_cat":"none","_seopress_titles_title":"","_seopress_titles_desc":"","_seopress_robots_index":""},"product_brand":[],"product_cat":[94,87],"product_tag":[976,975,977,973],"class_list":{"0":"post-51748","1":"product","2":"type-product","3":"status-publish","4":"has-post-thumbnail","6":"product_cat-filtre-apa-cu-cartus-schimbabil","7":"product_cat-filtre-standard-cu-carbune-activat","8":"product_tag-declorinator","9":"product_tag-duo","10":"product_tag-filtrare-retea","11":"product_tag-spartan-10","12":"pa_amplasare-conductaprincipala","13":"pa_brand-azura-filters","15":"first","16":"instock","17":"taxable","18":"shipping-taxable","19":"purchasable","20":"product-type-simple"},"_links":{"self":[{"href":"https:\/\/azura.ro\/es\/wp-json\/wp\/v2\/product\/51748","targetHints":{"allow":["GET"]}}],"collection":[{"href":"https:\/\/azura.ro\/es\/wp-json\/wp\/v2\/product"}],"about":[{"href":"https:\/\/azura.ro\/es\/wp-json\/wp\/v2\/types\/product"}],"replies":[{"embeddable":true,"href":"https:\/\/azura.ro\/es\/wp-json\/wp\/v2\/comments?post=51748"}],"wp:featuredmedia":[{"embeddable":true,"href":"https:\/\/azura.ro\/es\/wp-json\/wp\/v2\/media\/68918"}],"wp:attachment":[{"href":"https:\/\/azura.ro\/es\/wp-json\/wp\/v2\/media?parent=51748"}],"wp:term":[{"taxonomy":"product_brand","embeddable":true,"href":"https:\/\/azura.ro\/es\/wp-json\/wp\/v2\/product_brand?post=51748"},{"taxonomy":"product_cat","embeddable":true,"href":"https:\/\/azura.ro\/es\/wp-json\/wp\/v2\/product_cat?post=51748"},{"taxonomy":"product_tag","embeddable":true,"href":"https:\/\/azura.ro\/es\/wp-json\/wp\/v2\/product_tag?post=51748"}],"curies":[{"name":"wp","href":"https:\/\/api.w.org\/{rel}","templated":true}]}}