{"id":51751,"date":"2022-11-09T19:28:00","date_gmt":"2022-11-09T17:28:00","guid":{"rendered":"https:\/\/azura.ro\/?post_type=product&#038;p=51751"},"modified":"2026-03-18T16:43:19","modified_gmt":"2026-03-18T14:43:19","slug":"filtru-pentru-casa-spartan-blue-duo-20-azura-filters-5-microni-carbon-bloc","status":"publish","type":"product","link":"https:\/\/azura.ro\/es\/produs\/filtru-pentru-casa-spartan-blue-duo-20-azura-filters-5-microni-carbon-bloc\/","title":{"rendered":"HOME FILTER SPARTAN BLUE DUO 20\u2033 AZURA FILTROS, 5 MICRAS, BLOQUE DE CARB\u00d3N"},"content":{"rendered":"<h2><span style=\"color: #282828; font-size: 100%;\"><span style=\"font-family: tahoma, arial, helvetica, sans-serif;\">Filtrul pentru casa SPARTAN BLUE DUO 20&#8243; AZURA FILTERS &#8211; 5 MICRONI, CARBON BLOC filtreaza: <\/span>clor si subprodusi ai clorului, erbicide, pesticide, substante organice, urme de medicamente, sedimente (mal, rugina, nisip).<\/span><\/h2>\n<p><span style=\"font-family: tahoma, arial, helvetica, sans-serif; font-size: 100%; color: #282828;\">La filtraci\u00f3n se realiza en dos etapas con dos cartuchos filtrantes.<\/span><\/p>\n<p><span style=\"font-family: tahoma, arial, helvetica, sans-serif; font-size: 100%; color: #282828;\"><strong>Instalare filtru pentru casa SPARTAN BLUE DUO 20&#8243;<\/strong><\/span><\/p>\n<p><span style=\"font-family: tahoma, arial, helvetica, sans-serif; font-size: 100%; color: #282828;\">Se instalar\u00e1 en la tuber\u00eda principal de suministro de la casa, la tuber\u00eda de suministro de agua fr\u00eda.<\/span><\/p>\n<p><span style=\"font-family: tahoma, arial, helvetica, sans-serif; font-size: 100%; color: #282828;\">Compatibilidad con el agua:<\/span><\/p>\n<ul>\n<li><span style=\"font-family: tahoma, arial, helvetica, sans-serif; font-size: 100%; color: #282828;\">Puede instalarse en cualquier fuente de agua desinfectada con cloro, en cualquier fuente de agua de las redes p\u00fablicas controladas;<\/span><\/li>\n<li><span style=\"font-family: tahoma, arial, helvetica, sans-serif; font-size: 100%; color: #282828;\">Agua de fragua\/agua de balsa: s\u00f3lo se instalar\u00e1 en una fuente de este tipo si el agua no est\u00e1 bacteriol\u00f3gicamente contaminada.<\/span><\/li>\n<\/ul>\n<p><span style=\"font-family: tahoma, arial, helvetica, sans-serif; font-size: 100%; color: #282828;\">Finalidad del filtro:<\/span><\/p>\n<ul>\n<li><span style=\"font-family: tahoma, arial, helvetica, sans-serif; font-size: 100%; color: #282828;\">eliminar el cloro del agua<\/span><\/li>\n<li><span style=\"font-family: tahoma, arial, helvetica, sans-serif; font-size: 100%; color: #282828;\">filtraci\u00f3n del agua para mejorar su calidad<\/span><\/li>\n<li><span style=\"font-family: tahoma, arial, helvetica, sans-serif; font-size: 100%; color: #282828;\">mejor sabor<\/span><\/li>\n<li><span style=\"font-family: tahoma, arial, helvetica, sans-serif; font-size: 100%; color: #282828;\">protecci\u00f3n para fontaner\u00eda, calefacci\u00f3n central, caldera, bater\u00edas de agua<\/span><\/li>\n<\/ul>\n<p><span style=\"font-family: tahoma, arial, helvetica, sans-serif; font-size: 100%; color: #282828;\">Otras aplicaciones:<\/span><\/p>\n<ul>\n<li><span style=\"font-family: tahoma, arial, helvetica, sans-serif; font-size: 100%; color: #282828;\">cocinas de restaurante\/catering<\/span><\/li>\n<li><span style=\"font-family: tahoma, arial, helvetica, sans-serif; font-size: 100%; color: #282828;\">casas de vacaciones<\/span><\/li>\n<li><span style=\"font-family: tahoma, arial, helvetica, sans-serif; font-size: 100%; color: #282828;\">protecci\u00f3n para sistemas comerciales e industriales de \u00f3smosis inversa\/nanofiltraci\u00f3n\/ultrafiltraci\u00f3n<\/span><\/li>\n<\/ul>\n<p><span style=\"font-family: tahoma, arial, helvetica, sans-serif; font-size: 100%; color: #282828;\">Este filtro contiene:<\/span><\/p>\n<p><span style=\"font-family: tahoma, arial, helvetica, sans-serif; font-size: 100%; color: #282828;\">Treapta 1:\u00a0CARTUS FILTRANT SEDIMENTE SPARTAN 20\u2033 5 microni<\/span><br \/>\n<span style=\"font-family: tahoma, arial, helvetica, sans-serif; font-size: 100%; color: #282828;\"> Treapta 2: CARTUS FILTRANT SPARTAN 20\u2033 CARBON BLOC<\/span><\/p>\n<p><span style=\"font-family: tahoma, arial, helvetica, sans-serif; font-size: 100%; color: #282828;\">*Perioade de schimb cartuse:<\/span><\/p>\n<p><span style=\"font-family: tahoma, arial, helvetica, sans-serif; font-size: 100%; color: #282828;\">Fase 1: 6 meses<\/span><br \/>\n<span style=\"font-family: tahoma, arial, helvetica, sans-serif; font-size: 100%; color: #282828;\"> Fase 2: 6 meses<\/span><\/p>\n<p><span style=\"font-family: tahoma, arial, helvetica, sans-serif; font-size: 100%; color: #282828;\">*Nota: los periodos mencionados son puramente indicativos. El periodo de intercambio est\u00e1 directamente influido por la calidad del agua y el volumen de agua consumida.<\/span><\/p>\n<p><span style=\"color: #282828; font-size: 100%;\"><strong><span style=\"font-family: tahoma, arial, helvetica, sans-serif;\">Especificaciones t\u00e9cnicas de la carcasa:<\/span><\/strong><\/span><br \/>\n<span style=\"font-family: tahoma, arial, helvetica, sans-serif; font-size: 100%; color: #282828;\"> - construcci\u00f3n de pl\u00e1stico reforzado resistente a los golpes<\/span><br \/>\n<span style=\"font-family: tahoma, arial, helvetica, sans-serif; font-size: 100%; color: #282828;\"> - compatible con una amplia gama de productos qu\u00edmicos<\/span><br \/>\n<span style=\"font-family: tahoma, arial, helvetica, sans-serif; font-size: 100%; color: #282828;\"> - disponible con v\u00e1lvula de ventilaci\u00f3n y despresurizaci\u00f3n<\/span><br \/>\n<span style=\"font-family: tahoma, arial, helvetica, sans-serif; font-size: 100%; color: #282828;\"> - apto para el contacto con agua potable<\/span><br \/>\n<span style=\"font-family: tahoma, arial, helvetica, sans-serif; font-size: 100%; color: #282828;\"> - contiene una clave para recoger y retirar los cad\u00e1veres<\/span><\/p>\n<p><span style=\"color: #282828; font-size: 100%;\"><strong><span style=\"font-family: tahoma, arial, helvetica, sans-serif;\">Caracter\u00edsticas t\u00e9cnicas:<\/span><\/strong><\/span><\/p>\n<p><span style=\"font-family: tahoma, arial, helvetica, sans-serif; font-size: 100%; color: #282828;\">Dimensiuni: Lungime 42 cm x Inaltime 78 cm x Latime 20 cm<\/span><br \/>\n<span style=\"color: #282828; font-size: 100%;\"><span style=\"font-family: tahoma, arial, helvetica, sans-serif;\"> Debit maxim: 3,6 mc\/h<br \/>\nDebit pt declorinare eficienta: 1.6 mc\/h<br \/>\n<\/span><span style=\"font-family: tahoma, arial, helvetica, sans-serif;\"> Conexiones: rosca interior de 1<\/span><\/span><br \/>\n<span style=\"font-family: tahoma, arial, helvetica, sans-serif; font-size: 100%; color: #282828;\"> Temperatura de trabajo: m\u00edn.\/m\u00e1x. 2\/45\u00b0C<\/span><br \/>\n<span style=\"font-family: tahoma, arial, helvetica, sans-serif; font-size: 100%; color: #282828;\"> Presi\u00f3n m\u00edn.\/m\u00e1x.: 1-5 bar (recomendamos utilizar una presi\u00f3n m\u00e1x. de 4,5 bar)<\/span><\/p>\n<p><span style=\"font-size: 100%; color: #282828;\">2 a\u00f1os de garant\u00eda, excepto para los cartuchos, ya que son consumibles<\/span><\/p>\n<p><span style=\"font-size: 100%; color: #282828;\">Fabricado por: AZURA FILTERS<\/span><\/p>","protected":false},"excerpt":{"rendered":"<p><span style=\"font-family: tahoma, arial, helvetica, sans-serif; font-size: 105%;\">Sistema de filtraci\u00f3n para toda la casa u otras aplicaciones que requieran agua de baja turbidez y declorada.<\/span><\/p>","protected":false},"featured_media":69457,"comment_status":"open","ping_status":"closed","template":"","meta":{"_seopress_robots_primary_cat":"none","_seopress_titles_title":"","_seopress_titles_desc":"","_seopress_robots_index":""},"product_brand":[],"product_cat":[94,87],"product_tag":[976,975,977,799,1849,574,969],"class_list":{"0":"post-51751","1":"product","2":"type-product","3":"status-publish","4":"has-post-thumbnail","6":"product_cat-filtre-apa-cu-cartus-schimbabil","7":"product_cat-filtre-standard-cu-carbune-activat","8":"product_tag-declorinator","9":"product_tag-duo","10":"product_tag-filtrare-retea","11":"product_tag-filtru-pentru-casa","12":"product_tag-filtru-rugina","13":"product_tag-filtru-sedimente","14":"product_tag-spartan-20","15":"pa_amplasare-conductaprincipala","16":"pa_brand-azura-filters","18":"first","19":"instock","20":"taxable","21":"shipping-taxable","22":"purchasable","23":"product-type-simple"},"_links":{"self":[{"href":"https:\/\/azura.ro\/es\/wp-json\/wp\/v2\/product\/51751","targetHints":{"allow":["GET"]}}],"collection":[{"href":"https:\/\/azura.ro\/es\/wp-json\/wp\/v2\/product"}],"about":[{"href":"https:\/\/azura.ro\/es\/wp-json\/wp\/v2\/types\/product"}],"replies":[{"embeddable":true,"href":"https:\/\/azura.ro\/es\/wp-json\/wp\/v2\/comments?post=51751"}],"wp:featuredmedia":[{"embeddable":true,"href":"https:\/\/azura.ro\/es\/wp-json\/wp\/v2\/media\/69457"}],"wp:attachment":[{"href":"https:\/\/azura.ro\/es\/wp-json\/wp\/v2\/media?parent=51751"}],"wp:term":[{"taxonomy":"product_brand","embeddable":true,"href":"https:\/\/azura.ro\/es\/wp-json\/wp\/v2\/product_brand?post=51751"},{"taxonomy":"product_cat","embeddable":true,"href":"https:\/\/azura.ro\/es\/wp-json\/wp\/v2\/product_cat?post=51751"},{"taxonomy":"product_tag","embeddable":true,"href":"https:\/\/azura.ro\/es\/wp-json\/wp\/v2\/product_tag?post=51751"}],"curies":[{"name":"wp","href":"https:\/\/api.w.org\/{rel}","templated":true}]}}