{"id":51927,"date":"2022-11-15T16:20:56","date_gmt":"2022-11-15T14:20:56","guid":{"rendered":"https:\/\/azura.ro\/?post_type=product&#038;p=51927"},"modified":"2026-03-18T16:38:21","modified_gmt":"2026-03-18T14:38:21","slug":"filtru-pentru-casa-spartan-blue-trio-10-azura-filters-20-5-microni-1-micron-nanoceram-argonide","status":"publish","type":"product","link":"https:\/\/azura.ro\/es\/produs\/filtru-pentru-casa-spartan-blue-trio-10-azura-filters-20-5-microni-1-micron-nanoceram-argonide\/","title":{"rendered":"FILTROS PARA EL HOGAR SPARTAN BLUE TRIO 10\u2033 AZURA FILTERS, 5 MICRAS, 1 MICRA, NANOCERAM ARGONIDE"},"content":{"rendered":"<h2><span style=\"font-family: tahoma, arial, helvetica, sans-serif; font-size: 110%; color: #282828;\">Filtrul pentru casa SPARTAN BLUE TRIO 10&#8243; AZURA FILTERS &#8211; 5 MICRONI, 1 MICRON, NANOCERAM ARGONIDE filtreaza performant sedimente, mal, nisip, rugina si elimina bacteriile, virusurile, endotoxinele, protozoarele.<\/span><\/h2>\n<p><span style=\"font-family: tahoma, arial, helvetica, sans-serif; font-size: 110%; color: #282828;\">Filtrarea se face gradat, in trei etape, cu doua cartuse filtrante din polipropilena multistrat si un cartus filtrant cu strat dublu de filtrare produs de compania americana Argonide, pentru eliminarea bacteriilor. Filtrarea bacteriilor se face prin electro-adeziune \u2013 dublu strat.<\/span><\/p>\n<p><span style=\"font-family: tahoma, arial, helvetica, sans-serif; font-size: 110%; color: #282828;\">Gradul de filtrare al cartusului NanoCeram 4,5&#8243; x 10&#8243; pentru eliminare bacterii este de 2 &#8211; 3 microni: capteaza particule de 0,2 microni absolut, datorita tehnologiei de filtrare electropozitiva;<\/span><br \/>\n<span style=\"font-family: tahoma, arial, helvetica, sans-serif; font-size: 110%; color: #282828;\">Caudal nominal: 38 litros\/minuto;<\/span><br \/>\n<span style=\"font-family: tahoma, arial, helvetica, sans-serif; font-size: 110%; color: #282828;\">Caudal m\u00e1ximo para periodos cortos (cartucho filtrante nuevo): 95 litros\/minuto;<\/span><br \/>\n<span style=\"font-family: tahoma, arial, helvetica, sans-serif; font-size: 110%; color: #282828;\">Ca\u00edda de presi\u00f3n inicial (cartucho filtrante nuevo): ~0,7 bar;<\/span><br \/>\n<span style=\"font-family: tahoma, arial, helvetica, sans-serif; font-size: 110%; color: #282828;\">Certificaci\u00f3n: NSF53.<\/span><\/p>\n<p><strong><span style=\"font-family: tahoma, arial, helvetica, sans-serif; font-size: 110%; color: #282828;\">Capacidad de filtraci\u00f3n:<\/span><\/strong><\/p>\n<p><span style=\"font-family: tahoma, arial, helvetica, sans-serif; font-size: 110%; color: #282828;\">Depinde de calitatea apei.<\/span><\/p>\n<p><strong><span style=\"font-family: tahoma, arial, helvetica, sans-serif; font-size: 110%; color: #282828;\">Caracter\u00edsticas de retenci\u00f3n\/filtraci\u00f3n de microorganismos:<\/span><\/strong><\/p>\n<p><span style=\"font-family: tahoma, arial, helvetica, sans-serif; font-size: 110%; color: #282828;\">&gt;99,95 para los quistes;<\/span><br \/>\n<span style=\"font-family: tahoma, arial, helvetica, sans-serif; font-size: 110%; color: #282828;\">&gt;99,95 endotoxina;<\/span><br \/>\n<span style=\"font-family: tahoma, arial, helvetica, sans-serif; font-size: 110%; color: #282828;\">&gt;99,99 para virus con descuento;<\/span><br \/>\n<span style=\"font-family: tahoma, arial, helvetica, sans-serif; font-size: 110%; color: #282828;\">&gt;99,9999 para bacterias.<\/span><\/p>\n<p><span style=\"font-family: tahoma, arial, helvetica, sans-serif; font-size: 110%; color: #282828;\"><strong>Instalaci\u00f3n de filtros dom\u00e9sticos SPARTAN BLUE TRIO 10\u2033.<\/strong><\/span><\/p>\n<p><span style=\"font-family: tahoma, arial, helvetica, sans-serif; font-size: 110%; color: #282828;\">Se instalar\u00e1 en la tuber\u00eda principal de suministro de la casa, la tuber\u00eda de suministro de agua fr\u00eda.<\/span><\/p>\n<p><span style=\"font-family: tahoma, arial, helvetica, sans-serif; font-size: 110%; color: #282828;\">Compatibilidad con el agua:<\/span><\/p>\n<ul>\n<li><span style=\"font-family: tahoma, arial, helvetica, sans-serif; font-size: 110%; color: #282828;\">Se poate instala pe orice sursa de apa <\/span><\/li>\n<\/ul>\n<p><span style=\"font-family: tahoma, arial, helvetica, sans-serif; font-size: 110%; color: #282828;\">Finalidad del filtro:<\/span><\/p>\n<ul>\n<li><span style=\"font-family: tahoma, arial, helvetica, sans-serif; font-size: 110%;\">eliminarea bacteriilor<\/span><\/li>\n<li><span style=\"font-family: tahoma, arial, helvetica, sans-serif; font-size: 110%; color: #282828;\">filtrarea foarte fina a apei, pentru o calitate mai buna<\/span><\/li>\n<li><span style=\"font-family: tahoma, arial, helvetica, sans-serif; font-size: 110%; color: #282828;\">protectie pentru instalatie, centrala, boiler, baterii de apa impotriva depunerii sedimentelor<\/span><\/li>\n<\/ul>\n<p><span style=\"font-family: tahoma, arial, helvetica, sans-serif; font-size: 110%; color: #282828;\">Otras aplicaciones:<\/span><\/p>\n<ul>\n<li><span style=\"font-family: tahoma, arial, helvetica, sans-serif; font-size: 110%; color: #282828;\">casas de vacaciones<\/span><\/li>\n<li><span style=\"font-family: tahoma, arial, helvetica, sans-serif; font-size: 110%; color: #282828;\">protecci\u00f3n para sistemas comerciales e industriales de \u00f3smosis inversa\/nanofiltraci\u00f3n\/ultrafiltraci\u00f3n<\/span><\/li>\n<\/ul>\n<p><span style=\"font-family: tahoma, arial, helvetica, sans-serif; font-size: 110%; color: #282828;\">Este filtro contiene:<\/span><\/p>\n<p><span style=\"font-family: tahoma, arial, helvetica, sans-serif; font-size: 110%; color: #282828;\">Treapta 1: CARTUS FILTRANT SEDIMENTE SPARTAN 10\u2033\u00a0 5 microni<\/span><br \/>\n<span style=\"font-family: tahoma, arial, helvetica, sans-serif; font-size: 110%; color: #282828;\"> Treapta 2: CARTUS FILTRANT SEDIMENTE SPARTAN 10\u2033\u00a0 1 micron<\/span><br \/>\n<span style=\"font-family: tahoma, arial, helvetica, sans-serif; font-size: 110%; color: #282828;\"> Treapta 3: CARTUS FILTRANT NanoCeram 4,5&#8243; x 10&#8243;<\/span><\/p>\n<p><span style=\"font-family: tahoma, arial, helvetica, sans-serif; font-size: 110%; color: #282828;\">* Per\u00edodos de cambio de cartucho<\/span><\/p>\n<p><span style=\"font-family: tahoma, arial, helvetica, sans-serif; font-size: 110%; color: #282828;\">Fase 1: 6 meses<\/span><br \/>\n<span style=\"font-family: tahoma, arial, helvetica, sans-serif; font-size: 110%; color: #282828;\"> Fase 2: 6 meses<\/span><br \/>\n<span style=\"font-family: tahoma, arial, helvetica, sans-serif; font-size: 110%; color: #282828;\"> Treapta 3: 12 luni<\/span><\/p>\n<p><span style=\"font-family: tahoma, arial, helvetica, sans-serif; font-size: 110%; color: #282828;\">*Nota: los periodos mencionados son puramente indicativos. El periodo de intercambio est\u00e1 directamente influido por la calidad del agua y el volumen de agua consumida.<\/span><\/p>\n<p><span style=\"color: #282828; font-family: tahoma, arial, helvetica, sans-serif; font-size: 110%;\"><strong>Especificaciones t\u00e9cnicas de la carcasa:<\/strong><\/span><br \/>\n<span style=\"font-family: tahoma, arial, helvetica, sans-serif; font-size: 110%; color: #282828;\"> - construcci\u00f3n de pl\u00e1stico reforzado resistente a los golpes<\/span><br \/>\n<span style=\"font-family: tahoma, arial, helvetica, sans-serif; font-size: 110%; color: #282828;\"> - compatible con una amplia gama de productos qu\u00edmicos<\/span><br \/>\n<span style=\"font-family: tahoma, arial, helvetica, sans-serif; font-size: 110%; color: #282828;\"> - disponible con v\u00e1lvula de ventilaci\u00f3n y despresurizaci\u00f3n<\/span><br \/>\n<span style=\"font-family: tahoma, arial, helvetica, sans-serif; font-size: 110%; color: #282828;\"> - apto para el contacto con agua potable<\/span><br \/>\n<span style=\"font-family: tahoma, arial, helvetica, sans-serif; font-size: 110%; color: #282828;\"> - contiene una clave para recoger y retirar los cad\u00e1veres<\/span><\/p>\n<p><span style=\"color: #282828; font-family: tahoma, arial, helvetica, sans-serif; font-size: 110%;\"><strong>Caracter\u00edsticas t\u00e9cnicas:<\/strong><\/span><\/p>\n<p><span style=\"font-family: tahoma, arial, helvetica, sans-serif; font-size: 110%; color: #282828;\">Dimensiuni: Lungime 62 cm x Inaltime 78 cm x Latime 20 cm<\/span><br \/>\n<span style=\"color: #282828; font-family: tahoma, arial, helvetica, sans-serif; font-size: 110%;\"> Caudal m\u00e1ximo: 2,1 mc\/h<br \/>\nConexiones: rosca interior de 1<\/span><br \/>\n<span style=\"font-family: tahoma, arial, helvetica, sans-serif; font-size: 110%; color: #282828;\"> Temperatura de trabajo: m\u00edn.\/m\u00e1x. 2\/45\u00b0C<\/span><br \/>\n<span style=\"font-family: tahoma, arial, helvetica, sans-serif; font-size: 110%; color: #282828;\"> Presi\u00f3n m\u00edn.\/m\u00e1x.: 1-5 bar (recomendamos utilizar una presi\u00f3n m\u00e1x. de 4,5 bar)<\/span><\/p>\n<p><span style=\"font-size: 110%; color: #282828; font-family: tahoma, arial, helvetica, sans-serif;\">Garantie 2 ani, cu exceptia cartuselor, deoarece sunt consumabile.<\/span><\/p>\n<p><span style=\"font-size: 110%; color: #282828; font-family: tahoma, arial, helvetica, sans-serif;\">Fabricado por: AZURA FILTERS<\/span><\/p>","protected":false},"excerpt":{"rendered":"<p><span style=\"font-family: tahoma, arial, helvetica, sans-serif; font-size: 105%;\">Sistema de filtraci\u00f3n para toda la casa u otras aplicaciones que requieran agua de baja turbidez.<\/span><\/p>","protected":false},"featured_media":68908,"comment_status":"open","ping_status":"closed","template":"","meta":{"_seopress_robots_primary_cat":"none","_seopress_titles_title":"","_seopress_titles_desc":"","_seopress_robots_index":""},"product_brand":[],"product_cat":[94,1765],"product_tag":[1784,977,315,430,1580,1790,1847,969,979],"class_list":{"0":"post-51927","1":"product","2":"type-product","3":"status-publish","4":"has-post-thumbnail","6":"product_cat-filtre-apa-cu-cartus-schimbabil","7":"product_cat-filtre-pentru-apa-cu-bacterii","8":"product_tag-bacterii","9":"product_tag-filtrare-retea","10":"product_tag-filtru-apa-casa","11":"product_tag-filtru-apa-retea","12":"product_tag-filtru-apa-vila","13":"product_tag-filtru-endotoxine","14":"product_tag-filtru-virusuri","15":"product_tag-spartan-20","16":"product_tag-spartan-blue-trio","17":"pa_amplasare-conductaprincipala","18":"pa_brand-azura-filters","19":"pa_graddefiltrare-02-microni","21":"first","22":"instock","23":"taxable","24":"shipping-taxable","25":"purchasable","26":"product-type-simple"},"_links":{"self":[{"href":"https:\/\/azura.ro\/es\/wp-json\/wp\/v2\/product\/51927","targetHints":{"allow":["GET"]}}],"collection":[{"href":"https:\/\/azura.ro\/es\/wp-json\/wp\/v2\/product"}],"about":[{"href":"https:\/\/azura.ro\/es\/wp-json\/wp\/v2\/types\/product"}],"replies":[{"embeddable":true,"href":"https:\/\/azura.ro\/es\/wp-json\/wp\/v2\/comments?post=51927"}],"wp:featuredmedia":[{"embeddable":true,"href":"https:\/\/azura.ro\/es\/wp-json\/wp\/v2\/media\/68908"}],"wp:attachment":[{"href":"https:\/\/azura.ro\/es\/wp-json\/wp\/v2\/media?parent=51927"}],"wp:term":[{"taxonomy":"product_brand","embeddable":true,"href":"https:\/\/azura.ro\/es\/wp-json\/wp\/v2\/product_brand?post=51927"},{"taxonomy":"product_cat","embeddable":true,"href":"https:\/\/azura.ro\/es\/wp-json\/wp\/v2\/product_cat?post=51927"},{"taxonomy":"product_tag","embeddable":true,"href":"https:\/\/azura.ro\/es\/wp-json\/wp\/v2\/product_tag?post=51927"}],"curies":[{"name":"wp","href":"https:\/\/api.w.org\/{rel}","templated":true}]}}