{"id":52011,"date":"2022-11-17T19:37:33","date_gmt":"2022-11-17T17:37:33","guid":{"rendered":"https:\/\/azura.ro\/?post_type=product&#038;p=52011"},"modified":"2026-03-18T16:42:23","modified_gmt":"2026-03-18T14:42:23","slug":"filtru-pentru-casa-spartan-blue-duo-20-azura-filters-5-microni-1-micron","status":"publish","type":"product","link":"https:\/\/azura.ro\/es\/produs\/filtru-pentru-casa-spartan-blue-duo-20-azura-filters-5-microni-1-micron\/","title":{"rendered":"FILTRO DOM\u00c9STICO SPARTAN BLUE DUO 20\u2033 AZURA FILTROS, 5 MICRAS, 1 MICRA"},"content":{"rendered":"<h2><span style=\"color: #282828; font-size: 110%; font-family: tahoma, arial, helvetica, sans-serif;\">Filtrul pentru casa SPARTAN BLUE DUO 20&#8243; AZURA FILTERS &#8211; 5 MICRONI, 1 MICRON filtreaza performant sedimente, mal, rugina, nisip.<\/span><\/h2>\n<p><span style=\"font-family: tahoma, arial, helvetica, sans-serif; font-size: 110%; color: #282828;\">La filtraci\u00f3n se realiza en dos etapas con dos cartuchos filtrantes.<\/span><\/p>\n<p><span style=\"font-family: tahoma, arial, helvetica, sans-serif; font-size: 110%; color: #282828;\"><strong>Instalare filtru pentru casa SPARTAN BLUE DUO 20&#8243;<\/strong><\/span><\/p>\n<p><span style=\"font-family: tahoma, arial, helvetica, sans-serif; font-size: 110%; color: #282828;\">Se instalar\u00e1 en la tuber\u00eda principal de suministro de la casa, la tuber\u00eda de suministro de agua fr\u00eda.\u00a0<\/span><\/p>\n<p><span style=\"font-size: 110%; font-family: tahoma, arial, helvetica, sans-serif; color: #282828;\">Puede instalarse como prefiltraci\u00f3n antes del FILTRO ARG\u00d3NIDO DE BACTERIAS NANOCERAM 4,5\" X 10\", CONEXIONES 1'', DOBLE ESTRATO o del DEPURADOR DE AGUA DE BACTERIAS CLAIRIFY.<\/span><\/p>\n<p><span style=\"font-family: tahoma, arial, helvetica, sans-serif; font-size: 110%; color: #282828;\">Compatibilidad con el agua:<\/span><\/p>\n<ul>\n<li><span style=\"font-family: tahoma, arial, helvetica, sans-serif; font-size: 110%; color: #282828;\">Puede instalarse en cualquier fuente de agua desinfectada con cloro, en cualquier fuente de agua de las redes p\u00fablicas controladas;<\/span><\/li>\n<li><span style=\"font-family: tahoma, arial, helvetica, sans-serif; font-size: 110%; color: #282828;\">Agua de pozo: s\u00f3lo se instalar\u00e1 en una fuente de este tipo si el agua no est\u00e1 contaminada bacteriol\u00f3gicamente.<\/span><\/li>\n<\/ul>\n<p><span style=\"font-family: tahoma, arial, helvetica, sans-serif; font-size: 110%; color: #282828;\">Finalidad del filtro:<\/span><\/p>\n<ul>\n<li><span style=\"font-family: tahoma, arial, helvetica, sans-serif; font-size: 110%; color: #282828;\">filtraci\u00f3n del agua para mejorar su calidad<\/span><\/li>\n<li><span style=\"font-family: tahoma, arial, helvetica, sans-serif; font-size: 110%; color: #282828;\">protecci\u00f3n para fontaner\u00eda, calefacci\u00f3n central, caldera, bater\u00edas de agua<\/span><\/li>\n<\/ul>\n<p><span style=\"font-family: tahoma, arial, helvetica, sans-serif; font-size: 110%; color: #282828;\">Otras aplicaciones:<\/span><\/p>\n<ul>\n<li><span style=\"font-family: tahoma, arial, helvetica, sans-serif; font-size: 110%; color: #282828;\">cocinas de restaurante\/catering<\/span><\/li>\n<li><span style=\"font-family: tahoma, arial, helvetica, sans-serif; font-size: 110%; color: #282828;\">casas de vacaciones<\/span><\/li>\n<li><span style=\"font-family: tahoma, arial, helvetica, sans-serif; font-size: 110%; color: #282828;\">protecci\u00f3n para sistemas comerciales e industriales de \u00f3smosis inversa\/nanofiltraci\u00f3n\/ultrafiltraci\u00f3n<\/span><\/li>\n<\/ul>\n<p><span style=\"font-family: tahoma, arial, helvetica, sans-serif; font-size: 110%; color: #282828;\">Este filtro contiene:<\/span><\/p>\n<p><span style=\"font-family: tahoma, arial, helvetica, sans-serif; font-size: 110%; color: #282828;\">Treapta 1:\u00a0CARTUS FILTRANT SEDIMENTE SPARTAN 20\u2033 5 microni<\/span><br \/>\n<span style=\"font-family: tahoma, arial, helvetica, sans-serif; font-size: 110%; color: #282828;\"> Treapta 2: CARTUS FILTRANT SEDIMENTE SPARTAN 20\u2033 1 micron<\/span><\/p>\n<p><span style=\"font-family: tahoma, arial, helvetica, sans-serif; font-size: 110%; color: #282828;\">* Per\u00edodos de cambio de cartucho<\/span><\/p>\n<p><span style=\"font-family: tahoma, arial, helvetica, sans-serif; font-size: 110%; color: #282828;\">Viviendas peque\u00f1as y medianas con un consumo medio de agua:<\/span><\/p>\n<p><span style=\"font-family: tahoma, arial, helvetica, sans-serif; font-size: 110%; color: #282828;\">Treapta 1: 6 &#8211; 9 luni<\/span><br \/>\n<span style=\"font-family: tahoma, arial, helvetica, sans-serif; font-size: 110%; color: #282828;\"> Treapta 2: 6 &#8211; 12 luni<\/span><\/p>\n<p><span style=\"font-family: tahoma, arial, helvetica, sans-serif; font-size: 110%; color: #282828;\">Casas grandes con gran consumo de agua:<\/span><\/p>\n<p><span style=\"font-family: tahoma, arial, helvetica, sans-serif; font-size: 110%; color: #282828;\">Fase 1: 6 meses<\/span><br \/>\n<span style=\"font-family: tahoma, arial, helvetica, sans-serif; font-size: 110%; color: #282828;\"> Fase 2: 6 meses<\/span><\/p>\n<p><span style=\"font-family: tahoma, arial, helvetica, sans-serif; font-size: 110%; color: #282828;\">*Nota: los periodos mencionados son puramente indicativos. El periodo de intercambio est\u00e1 directamente influido por la calidad del agua y el volumen de agua consumida.<\/span><\/p>\n<p><span style=\"color: #282828; font-size: 110%; font-family: tahoma, arial, helvetica, sans-serif;\"><strong>Especificaciones t\u00e9cnicas de la carcasa:<\/strong><\/span><br \/>\n<span style=\"font-family: tahoma, arial, helvetica, sans-serif; font-size: 110%; color: #282828;\"> - construcci\u00f3n de pl\u00e1stico reforzado resistente a los golpes<\/span><br \/>\n<span style=\"font-family: tahoma, arial, helvetica, sans-serif; font-size: 110%; color: #282828;\"> - compatible con una amplia gama de productos qu\u00edmicos<\/span><br \/>\n<span style=\"font-family: tahoma, arial, helvetica, sans-serif; font-size: 110%; color: #282828;\"> - disponible con v\u00e1lvula de ventilaci\u00f3n y despresurizaci\u00f3n<\/span><br \/>\n<span style=\"font-family: tahoma, arial, helvetica, sans-serif; font-size: 110%; color: #282828;\"> - apto para el contacto con agua potable<\/span><br \/>\n<span style=\"font-family: tahoma, arial, helvetica, sans-serif; font-size: 110%; color: #282828;\"> - contiene una clave para recoger y retirar los cad\u00e1veres<\/span><\/p>\n<p><span style=\"color: #282828; font-size: 110%; font-family: tahoma, arial, helvetica, sans-serif;\"><strong>Caracter\u00edsticas t\u00e9cnicas:<\/strong><\/span><\/p>\n<p><span style=\"font-family: tahoma, arial, helvetica, sans-serif; font-size: 110%; color: #282828;\">Dimensiuni: Lungime 42 cm x Inaltime 78 cm x Latime 20 cm<\/span><br \/>\n<span style=\"color: #282828; font-size: 110%; font-family: tahoma, arial, helvetica, sans-serif;\"> Debit maxim: 3,6 mc\/h<br \/>\nDebit pt declorinare eficienta: 1.6 mc\/h<br \/>\nConexiones: rosca interior de 1<\/span><br \/>\n<span style=\"font-family: tahoma, arial, helvetica, sans-serif; font-size: 110%; color: #282828;\"> Temperatura de trabajo: m\u00edn.\/m\u00e1x. 2\/45\u00b0C<\/span><br \/>\n<span style=\"font-family: tahoma, arial, helvetica, sans-serif; font-size: 110%; color: #282828;\"> Presi\u00f3n m\u00edn.\/m\u00e1x.: 1-5 bar (recomendamos utilizar una presi\u00f3n m\u00e1x. de 4,5 bar)<\/span><\/p>\n<p><span style=\"font-size: 110%; color: #282828; font-family: tahoma, arial, helvetica, sans-serif;\">2 a\u00f1os de garant\u00eda, excepto para los cartuchos, ya que son consumibles<\/span><\/p>\n<p><span style=\"font-size: 110%; color: #282828; font-family: tahoma, arial, helvetica, sans-serif;\">Fabricado por: AZURA FILTERS<\/span><\/p>","protected":false},"excerpt":{"rendered":"<p><span style=\"font-family: tahoma, arial, helvetica, sans-serif; font-size: 105%;\">Sistema de filtraci\u00f3n para toda la casa u otras aplicaciones que requieran agua de baja turbidez.<\/span><\/p>","protected":false},"featured_media":69459,"comment_status":"open","ping_status":"closed","template":"","meta":{"_seopress_robots_primary_cat":"none","_seopress_titles_title":"","_seopress_titles_desc":"","_seopress_robots_index":""},"product_brand":[],"product_cat":[94],"product_tag":[975,977,1843,1852,799,1842,1849,574,969],"class_list":{"0":"post-52011","1":"product","2":"type-product","3":"status-publish","4":"has-post-thumbnail","6":"product_cat-filtre-apa-cu-cartus-schimbabil","7":"product_tag-duo","8":"product_tag-filtrare-retea","9":"product_tag-filtru-eficient","10":"product_tag-filtru-nisip","11":"product_tag-filtru-pentru-casa","12":"product_tag-filtru-retea","13":"product_tag-filtru-rugina","14":"product_tag-filtru-sedimente","15":"product_tag-spartan-20","16":"pa_amplasare-conductaprincipala","17":"pa_brand-azura-filters","19":"first","20":"instock","21":"taxable","22":"shipping-taxable","23":"purchasable","24":"product-type-simple"},"_links":{"self":[{"href":"https:\/\/azura.ro\/es\/wp-json\/wp\/v2\/product\/52011","targetHints":{"allow":["GET"]}}],"collection":[{"href":"https:\/\/azura.ro\/es\/wp-json\/wp\/v2\/product"}],"about":[{"href":"https:\/\/azura.ro\/es\/wp-json\/wp\/v2\/types\/product"}],"replies":[{"embeddable":true,"href":"https:\/\/azura.ro\/es\/wp-json\/wp\/v2\/comments?post=52011"}],"wp:featuredmedia":[{"embeddable":true,"href":"https:\/\/azura.ro\/es\/wp-json\/wp\/v2\/media\/69459"}],"wp:attachment":[{"href":"https:\/\/azura.ro\/es\/wp-json\/wp\/v2\/media?parent=52011"}],"wp:term":[{"taxonomy":"product_brand","embeddable":true,"href":"https:\/\/azura.ro\/es\/wp-json\/wp\/v2\/product_brand?post=52011"},{"taxonomy":"product_cat","embeddable":true,"href":"https:\/\/azura.ro\/es\/wp-json\/wp\/v2\/product_cat?post=52011"},{"taxonomy":"product_tag","embeddable":true,"href":"https:\/\/azura.ro\/es\/wp-json\/wp\/v2\/product_tag?post=52011"}],"curies":[{"name":"wp","href":"https:\/\/api.w.org\/{rel}","templated":true}]}}