{"id":52014,"date":"2022-11-17T19:50:35","date_gmt":"2022-11-17T17:50:35","guid":{"rendered":"https:\/\/azura.ro\/?post_type=product&#038;p=52014"},"modified":"2026-03-18T16:37:08","modified_gmt":"2026-03-18T14:37:08","slug":"filtro-domestico-spartan-blue-trio-10-filtros-azura-5-micras-bloque-de-carbon-1-micra","status":"publish","type":"product","link":"https:\/\/azura.ro\/es\/produs\/filtru-pentru-casa-spartan-blue-trio-10-azura-filters-5-microni-carbon-bloc-1-micron\/","title":{"rendered":"FILTRO DOM\u00c9STICO SPARTAN AZUL TR\u00cdO 10\u2033 AZURA FILTROS, 5 MICRAS, BLOQUE DE CARB\u00d3N, 1 MICRA"},"content":{"rendered":"<h2><span style=\"color: #282828; font-family: tahoma, arial, helvetica, sans-serif; font-size: 110%;\"><strong>Inicio Filtro SPARTAN AZUL TRIO 10\u2033 AZURA FILTROS - 5 MICRON, BLOQUE DE CARB\u00d3N, 1 MICRON <\/strong>filtra: cloro y derivados del cloro, herbicidas, pesticidas, sustancias org\u00e1nicas, sedimentos (lodo, \u00f3xido, arena).<\/span><\/h2>\n<p><span style=\"font-family: tahoma, arial, helvetica, sans-serif; font-size: 110%; color: #282828;\">La filtraci\u00f3n se realiza en tres etapas con tres cartuchos filtrantes.<\/span><\/p>\n<p><span style=\"font-family: tahoma, arial, helvetica, sans-serif; font-size: 110%; color: #282828;\"><strong>Instalaci\u00f3n de filtros dom\u00e9sticos SPARTAN BLUE TRIO 10\u2033.<\/strong><\/span><\/p>\n<p><span style=\"font-family: tahoma, arial, helvetica, sans-serif; font-size: 110%; color: #282828;\">Se instalar\u00e1 en la tuber\u00eda principal de suministro de la casa, la tuber\u00eda de suministro de agua fr\u00eda.<\/span><\/p>\n<p><span style=\"font-family: tahoma, arial, helvetica, sans-serif; font-size: 110%; color: #282828;\">Puede instalarse como prefiltraci\u00f3n antes del FILTRO ARG\u00d3NIDO DE BACTERIAS NANOCERAM 4,5\" X 10\", CONEXIONES 1'', DOBLE ESTRATO o del DEPURADOR DE AGUA DE BACTERIAS CLAIRIFY.<\/span><\/p>\n<p><span style=\"font-family: tahoma, arial, helvetica, sans-serif; font-size: 110%; color: #282828;\">Compatibilidad con el agua:<\/span><\/p>\n<ul>\n<li><span style=\"font-family: tahoma, arial, helvetica, sans-serif; font-size: 110%; color: #282828;\">Puede instalarse en cualquier fuente de agua desinfectada con cloro, en cualquier fuente de agua de las redes p\u00fablicas controladas;<\/span><\/li>\n<li><span style=\"font-family: tahoma, arial, helvetica, sans-serif; font-size: 110%; color: #282828;\">Agua de pozo: s\u00f3lo se instalar\u00e1 en una fuente de este tipo si el agua no est\u00e1 contaminada bacteriol\u00f3gicamente.<\/span><\/li>\n<\/ul>\n<p><span style=\"font-family: tahoma, arial, helvetica, sans-serif; font-size: 110%; color: #282828;\">Finalidad del filtro:<\/span><\/p>\n<ul>\n<li><span style=\"font-family: tahoma, arial, helvetica, sans-serif; font-size: 110%; color: #282828;\">eliminar el cloro del agua<\/span><\/li>\n<li><span style=\"font-family: tahoma, arial, helvetica, sans-serif; font-size: 110%; color: #282828;\">filtraci\u00f3n del agua para mejorar su calidad<\/span><\/li>\n<li><span style=\"font-family: tahoma, arial, helvetica, sans-serif; font-size: 110%; color: #282828;\">mejor sabor<\/span><\/li>\n<li><span style=\"font-family: tahoma, arial, helvetica, sans-serif; font-size: 110%; color: #282828;\">protecci\u00f3n para fontaner\u00eda, calefacci\u00f3n central, caldera, bater\u00edas de agua<\/span><\/li>\n<li><span style=\"font-family: tahoma, arial, helvetica, sans-serif; font-size: 110%; color: #282828;\">protecci\u00f3n de la ducha contra el cloro<\/span><\/li>\n<\/ul>\n<p><span style=\"font-family: tahoma, arial, helvetica, sans-serif; font-size: 110%; color: #282828;\">Otras aplicaciones:<\/span><\/p>\n<ul>\n<li><span style=\"font-family: tahoma, arial, helvetica, sans-serif; font-size: 110%; color: #282828;\">cocinas de restaurante\/catering<\/span><\/li>\n<li><span style=\"font-family: tahoma, arial, helvetica, sans-serif; font-size: 110%; color: #282828;\">casas de vacaciones<\/span><\/li>\n<li><span style=\"font-family: tahoma, arial, helvetica, sans-serif; font-size: 110%; color: #282828;\">protecci\u00f3n para sistemas comerciales e industriales de \u00f3smosis inversa\/nanofiltraci\u00f3n\/ultrafiltraci\u00f3n<\/span><\/li>\n<\/ul>\n<p><span style=\"font-family: tahoma, arial, helvetica, sans-serif; font-size: 110%; color: #282828;\">Este filtro contiene:<\/span><\/p>\n<p><span style=\"font-family: tahoma, arial, helvetica, sans-serif; font-size: 110%; color: #282828;\">Paso 1: PAPEL FILTRANTE DE SEDIMENTOS SPARTAN 10\u2033 5 micras<\/span><br \/>\n<span style=\"font-family: tahoma, arial, helvetica, sans-serif; font-size: 110%; color: #282828;\"> Paso 2: CARTUCHO FILTRANTE SPARTAN 10\u2033 DE BLOQUE DE CARBONO<\/span><br \/>\n<span style=\"font-family: tahoma, arial, helvetica, sans-serif; font-size: 110%; color: #282828;\"> Paso 3: PAPEL FILTRANTE DE SEDIMENTOS ESPART\u00c1NICOS 10\u2033 1 micra<\/span><\/p>\n<p><span style=\"font-family: tahoma, arial, helvetica, sans-serif; font-size: 110%; color: #282828;\">* Per\u00edodos de cambio de cartucho<\/span><\/p>\n<p><span style=\"font-family: tahoma, arial, helvetica, sans-serif; font-size: 110%; color: #282828;\">Viviendas peque\u00f1as y medianas con un consumo medio de agua:<\/span><\/p>\n<p><span style=\"font-family: tahoma, arial, helvetica, sans-serif; font-size: 110%; color: #282828;\">Fase 1: 4 - 6 meses<\/span><br \/>\n<span style=\"font-family: tahoma, arial, helvetica, sans-serif; font-size: 110%; color: #282828;\"> Fase 2: 6 - 8 meses<\/span><br \/>\n<span style=\"font-family: tahoma, arial, helvetica, sans-serif; font-size: 110%; color: #282828;\"> Fase 3: 6 - 8 meses<\/span><\/p>\n<p><span style=\"font-family: tahoma, arial, helvetica, sans-serif; font-size: 110%; color: #282828;\">Casas grandes con gran consumo de agua:<\/span><\/p>\n<p><span style=\"font-family: tahoma, arial, helvetica, sans-serif; font-size: 110%; color: #282828;\">Fase 1: 6 meses<\/span><br \/>\n<span style=\"font-family: tahoma, arial, helvetica, sans-serif; font-size: 110%; color: #282828;\"> Fase 2: 6 meses<\/span><br \/>\n<span style=\"font-family: tahoma, arial, helvetica, sans-serif; font-size: 110%; color: #282828;\"> Fase 3: 6 meses<\/span><\/p>\n<p><span style=\"font-family: tahoma, arial, helvetica, sans-serif; font-size: 110%; color: #282828;\">*Nota: los periodos mencionados son puramente indicativos. El periodo de intercambio est\u00e1 directamente influido por la calidad del agua y el volumen de agua consumida.<\/span><\/p>\n<p><span style=\"color: #282828; font-family: tahoma, arial, helvetica, sans-serif; font-size: 110%;\"><strong>Especificaciones t\u00e9cnicas de la carcasa:<\/strong><\/span><br \/>\n<span style=\"font-family: tahoma, arial, helvetica, sans-serif; font-size: 110%; color: #282828;\"> - construcci\u00f3n de pl\u00e1stico reforzado resistente a los golpes<\/span><br \/>\n<span style=\"font-family: tahoma, arial, helvetica, sans-serif; font-size: 110%; color: #282828;\"> - compatible con una amplia gama de productos qu\u00edmicos<\/span><br \/>\n<span style=\"font-family: tahoma, arial, helvetica, sans-serif; font-size: 110%; color: #282828;\"> - disponible con v\u00e1lvula de ventilaci\u00f3n y despresurizaci\u00f3n<\/span><br \/>\n<span style=\"font-family: tahoma, arial, helvetica, sans-serif; font-size: 110%; color: #282828;\"> - apto para el contacto con agua potable<\/span><br \/>\n<span style=\"font-family: tahoma, arial, helvetica, sans-serif; font-size: 110%; color: #282828;\"> - contiene una clave para recoger y retirar los cad\u00e1veres<\/span><\/p>\n<p><span style=\"color: #282828; font-family: tahoma, arial, helvetica, sans-serif; font-size: 110%;\"><strong>Caracter\u00edsticas t\u00e9cnicas:<\/strong><\/span><\/p>\n<p><span style=\"font-family: tahoma, arial, helvetica, sans-serif; font-size: 110%; color: #282828;\">Dimensiones: Largo 62 cm x Alto 47 x Ancho 20 cm<\/span><br \/>\n<span style=\"font-family: tahoma, arial, helvetica, sans-serif; font-size: 110%; color: #282828;\"> Caudal m\u00e1ximo: 2,1 mc\/h<br \/>\nCaudal para la eficacia de la decloraci\u00f3n:1,36 mc\/h<\/span><br \/>\n<span style=\"font-family: tahoma, arial, helvetica, sans-serif; font-size: 110%; color: #282828;\"> Conexiones: rosca interior de 1<\/span><br \/>\n<span style=\"font-family: tahoma, arial, helvetica, sans-serif; font-size: 110%; color: #282828;\"> Temperatura de trabajo: m\u00edn.\/m\u00e1x. 2\/45\u00b0C<\/span><br \/>\n<span style=\"font-family: tahoma, arial, helvetica, sans-serif; font-size: 110%; color: #282828;\"> Presi\u00f3n m\u00edn.\/m\u00e1x.: 1-5 bar (recomendamos utilizar una presi\u00f3n m\u00e1x. de 4,5 bar)<\/span><\/p>\n<p><span style=\"font-family: tahoma, arial, helvetica, sans-serif; font-size: 110%; color: #282828;\">2 a\u00f1os de garant\u00eda, excepto para los cartuchos, ya que son consumibles<\/span><\/p>\n<p><span style=\"font-family: tahoma, arial, helvetica, sans-serif; font-size: 110%; color: #282828;\">Fabricado por: AZURA FILTERS<\/span><\/p>","protected":false},"excerpt":{"rendered":"<p>Sistema de filtraci\u00f3n para toda la casa u otras aplicaciones que requieran agua de baja turbidez y declorada.<\/p>","protected":false},"featured_media":68901,"comment_status":"open","ping_status":"closed","template":"","meta":{"_seopress_robots_primary_cat":"none","_seopress_titles_title":"","_seopress_titles_desc":"","_seopress_robots_index":""},"product_brand":[],"product_cat":[94,87],"product_tag":[1174,1841,790,1843,1852,1842,1840],"class_list":{"0":"post-52014","1":"product","2":"type-product","3":"status-publish","4":"has-post-thumbnail","6":"product_cat-filtre-apa-cu-cartus-schimbabil","7":"product_cat-filtre-standard-cu-carbune-activat","8":"product_tag-adaptor-filtru-dus","9":"product_tag-filtru-casa","10":"product_tag-filtru-declorinator","11":"product_tag-filtru-eficient","12":"product_tag-filtru-nisip","13":"product_tag-filtru-retea","14":"product_tag-filtru-trio","15":"pa_amplasare-conductaprincipala","16":"pa_brand-azura-filters","18":"first","19":"instock","20":"taxable","21":"shipping-taxable","22":"purchasable","23":"product-type-simple"},"_links":{"self":[{"href":"https:\/\/azura.ro\/es\/wp-json\/wp\/v2\/product\/52014","targetHints":{"allow":["GET"]}}],"collection":[{"href":"https:\/\/azura.ro\/es\/wp-json\/wp\/v2\/product"}],"about":[{"href":"https:\/\/azura.ro\/es\/wp-json\/wp\/v2\/types\/product"}],"replies":[{"embeddable":true,"href":"https:\/\/azura.ro\/es\/wp-json\/wp\/v2\/comments?post=52014"}],"wp:featuredmedia":[{"embeddable":true,"href":"https:\/\/azura.ro\/es\/wp-json\/wp\/v2\/media\/68901"}],"wp:attachment":[{"href":"https:\/\/azura.ro\/es\/wp-json\/wp\/v2\/media?parent=52014"}],"wp:term":[{"taxonomy":"product_brand","embeddable":true,"href":"https:\/\/azura.ro\/es\/wp-json\/wp\/v2\/product_brand?post=52014"},{"taxonomy":"product_cat","embeddable":true,"href":"https:\/\/azura.ro\/es\/wp-json\/wp\/v2\/product_cat?post=52014"},{"taxonomy":"product_tag","embeddable":true,"href":"https:\/\/azura.ro\/es\/wp-json\/wp\/v2\/product_tag?post=52014"}],"curies":[{"name":"wp","href":"https:\/\/api.w.org\/{rel}","templated":true}]}}