{"id":52097,"date":"2022-11-19T13:27:16","date_gmt":"2022-11-19T11:27:16","guid":{"rendered":"https:\/\/azura.ro\/?post_type=product&#038;p=52097"},"modified":"2025-08-05T16:42:32","modified_gmt":"2025-08-05T13:42:32","slug":"ro-2-2g-recipiente-de-almacenamiento-para-osmosis-inversa-y-nanofiltracion","status":"publish","type":"product","link":"https:\/\/azura.ro\/es\/produs\/vas-de-stocare-ro-2-2g-pentru-osmoza-inversa-si-nanofiltrare\/","title":{"rendered":"RO 2.2G RECIPIENTE DE ALMACENAMIENTO PARA \u00d3SMOSIS INVERSA Y NANOFILTRACI\u00d3N"},"content":{"rendered":"<h2><span style=\"font-family: tahoma, arial, helvetica, sans-serif; font-size: 110%; color: #333333;\">Dep\u00f3sito de almacenamiento de agua de 8,3 litros para sistemas de \u00f3smosis inversa y nanofiltraci\u00f3n.<\/span><\/h2>\n<p><span style=\"font-family: tahoma, arial, helvetica, sans-serif; font-size: 110%; color: #333333;\">El recipiente es de muy alta calidad y cuenta con la certificaci\u00f3n NSF<\/span><\/p>\n<p><span style=\"font-family: tahoma, arial, helvetica, sans-serif; font-size: 110%; color: #333333;\">Capacidad de la cuba 8,3 litros<\/span><\/p>\n<p><span style=\"font-family: tahoma, arial, helvetica, sans-serif; font-size: 110%; color: #333333;\">Capacidad \u00fatil: 6 litros aprox.<\/span><\/p>\n<p><span style=\"font-family: tahoma, arial, helvetica, sans-serif; font-size: 110%;\">Dimensiones: Di\u00e1metro 23 cm x Altura 34 cm.<\/span><\/p>\n<p><span style=\"font-family: tahoma, arial, helvetica, sans-serif; font-size: 110%; color: #333333;\">Material: metal pintado<\/span><br \/>\n<span style=\"font-family: tahoma, arial, helvetica, sans-serif; font-size: 110%; color: #333333;\">Interior: membrana compatible con el agua potable<\/span><br \/>\n<span style=\"font-family: tahoma, arial, helvetica, sans-serif; font-size: 110%; color: #333333;\">Certificaci\u00f3n : NSF<\/span><br \/>\n<span style=\"font-family: tahoma, arial, helvetica, sans-serif; font-size: 110%; color: #333333;\">Pa\u00eds de origen: Taiw\u00e1n<\/span><\/p>\n<p><span style=\"font-family: tahoma, arial, helvetica, sans-serif; font-size: 110%;\">Garant\u00eda: 1 a\u00f1o<\/span><\/p>","protected":false},"excerpt":{"rendered":"<p>Vas de stocare \/ rezervor apa cu capacitate de 8,3 litri pentru sistemele de osmoza inversa si nanofiltrare. Vasul este de calitate foarte buna si detine certificare NSF Capacitate vas 2,2 galoane = 8,3 litri Capacitate utila: aproximativ: 6 litri Dimensiuni: Diametru 23 cm x Inaltime 34 cm. Material: metal acoperit cu vopsea Interior: membrana [&#8230;]\n","protected":false},"featured_media":69786,"comment_status":"open","ping_status":"closed","template":"","meta":{"_seopress_robots_primary_cat":"none","_seopress_titles_title":"","_seopress_titles_desc":"","_seopress_robots_index":""},"product_brand":[],"product_cat":[1049],"product_tag":[1183,1182],"class_list":{"0":"post-52097","1":"product","2":"type-product","3":"status-publish","4":"has-post-thumbnail","6":"product_cat-produse-conexe","7":"product_tag-rezervor","8":"product_tag-vas-stocare","10":"first","11":"instock","12":"taxable","13":"shipping-taxable","14":"purchasable","15":"product-type-simple"},"_links":{"self":[{"href":"https:\/\/azura.ro\/es\/wp-json\/wp\/v2\/product\/52097","targetHints":{"allow":["GET"]}}],"collection":[{"href":"https:\/\/azura.ro\/es\/wp-json\/wp\/v2\/product"}],"about":[{"href":"https:\/\/azura.ro\/es\/wp-json\/wp\/v2\/types\/product"}],"replies":[{"embeddable":true,"href":"https:\/\/azura.ro\/es\/wp-json\/wp\/v2\/comments?post=52097"}],"wp:featuredmedia":[{"embeddable":true,"href":"https:\/\/azura.ro\/es\/wp-json\/wp\/v2\/media\/69786"}],"wp:attachment":[{"href":"https:\/\/azura.ro\/es\/wp-json\/wp\/v2\/media?parent=52097"}],"wp:term":[{"taxonomy":"product_brand","embeddable":true,"href":"https:\/\/azura.ro\/es\/wp-json\/wp\/v2\/product_brand?post=52097"},{"taxonomy":"product_cat","embeddable":true,"href":"https:\/\/azura.ro\/es\/wp-json\/wp\/v2\/product_cat?post=52097"},{"taxonomy":"product_tag","embeddable":true,"href":"https:\/\/azura.ro\/es\/wp-json\/wp\/v2\/product_tag?post=52097"}],"curies":[{"name":"wp","href":"https:\/\/api.w.org\/{rel}","templated":true}]}}