{"id":5975,"date":"2017-02-18T10:14:36","date_gmt":"2017-02-18T08:14:36","guid":{"rendered":"https:\/\/azura.ro\/produs\/dezurizator-azurasoft-monobloc-ws1ci\/"},"modified":"2026-01-02T15:09:48","modified_gmt":"2026-01-02T13:09:48","slug":"dezurizator-azurasoft-monobloc-ws1ci","status":"publish","type":"product","link":"https:\/\/azura.ro\/es\/produs\/dezurizator-azurasoft-monobloc-ws1ci\/","title":{"rendered":"DESCALCIFICADOR MONOBLOQUE AZURASOFT WS1CI"},"content":{"rendered":"<h2><span style=\"font-family: tahoma, arial, helvetica, sans-serif; font-size: 110%;\">Bine ai venit la dedurizatorul tau volumetric proportional\u00a0 monobloc AZURASOFT echipat cu valva de comanda WS1CI (SUA). Iti multumim ca ne vizitezi si iti garantam ca nu ai putea face o alegere mai buna.<\/span><\/h2>\n<p><span style=\"font-family: tahoma, arial, helvetica, sans-serif; font-size: 110%;\"><strong>Modelul de dedurizator echipat cu valva WS1CI (SUA)<\/strong> este unul dintre cele mai bune sisteme de imbunatatire a apei pentru case individuale. Apa din mediul nostru, devine in fiecare zi mai proasta, din ce in ce mai dura, ceea ce cauzeaza probleme in instalatii si afecteaza orice echipament ce intra in contact cu apa. Aceste echipamente ce intra in contact cu apa (centrala termica, boiler, baterii de chiuveta, masina de spalat etc) vor avea nevoie din ce in ce mai des de mentenanta si service.<\/span><\/p>\n<p><span style=\"font-size: 110%; font-family: tahoma, arial, helvetica, sans-serif;\"><img decoding=\"async\" class=\"alignleft wp-image-22384\" src=\"https:\/\/azura.ro\/wp-content\/uploads\/2017\/02\/Dowex-Logo.jpg\" alt=\"\" width=\"220\" height=\"75\" srcset=\"https:\/\/azura.ro\/wp-content\/uploads\/2017\/02\/Dowex-Logo.jpg 384w, https:\/\/azura.ro\/wp-content\/uploads\/2017\/02\/Dowex-Logo-300x102.jpg 300w\" sizes=\"(max-width: 220px) 100vw, 220px\" \/>Dedurizatorul este construit cu rasina Dowex, cea mai buna rasina la nivel international (nu contine rasina China)!!!\u00a0<\/span><br \/>\n<span style=\"font-size: 110%; font-family: tahoma, arial, helvetica, sans-serif;\">Dedurizatorul are posibilitatea de reglare a duritatii reziduale. Asta inseamna ca are posibilitatea de reglare a duritatii in functie de dorinta clientului.<\/span><\/p>\n<p><span style=\"font-size: 110%; font-family: tahoma, arial, helvetica, sans-serif;\"><strong>\"Garant\u00eda \"FULL THANKS<\/strong> = Garantia ca dedurizatorul AZURASOFT are efectul promis.<\/span><\/p>\n<p><span style=\"font-size: 110%; font-family: tahoma, arial, helvetica, sans-serif;\"><img decoding=\"async\" class=\"alignleft size-full wp-image-7307\" src=\"https:\/\/azura.ro\/wp-content\/uploads\/2016\/06\/Garantie-retur.png\" alt=\"\" width=\"156\" height=\"191\" \/>Dedurizatorul AZURASOFT functioneaza si de aceea oferim acest echipament cu GARANTIE DE RETURNARE DE 45 ZILE. Scopul acestui tip de garantie este unul singur, multumirea ta.<\/span><br \/>\n<span style=\"font-size: 110%; font-family: tahoma, arial, helvetica, sans-serif;\">Noi garantam ca dedurizatorul AZURASOFT va functiona si pentru tine. Daca nu esti multumit dupa 45 de ZILE cu performantele sistemului, te rugam sa ne contactezi intr-o perioada de 30 zile dupa perioada de testare si utilizare. Daca nu putem rezolva problema ce te nemultumeste, banii pe echipament vor fi inapoiati in intregime dupa ce ne vei inapoia echipamentul. Nu vei plati nici macar costul de transport!<\/span><\/p>\n<p><span style=\"font-family: tahoma, arial, helvetica, sans-serif; font-size: 110%;\">Prin utilizarea statiei de dedurizare, te vei bucura de urmatoarele beneficii:<\/span><\/p>\n<p><span style=\"font-family: tahoma, arial, helvetica, sans-serif; font-size: 110%;\">* Ahorro de energ\u00eda<\/span><br \/>\n<span style=\"font-family: tahoma, arial, helvetica, sans-serif; font-size: 110%;\"> * Una gran ducha diaria<\/span><br \/>\n<span style=\"font-family: tahoma, arial, helvetica, sans-serif; font-size: 110%;\"> * Piel fina y cabello suave<\/span><br \/>\n<span style=\"font-family: tahoma, arial, helvetica, sans-serif; font-size: 110%;\"> * Aumenta significativamente el periodo de mantenimiento y servicio de la calefacci\u00f3n central, caldera, lavadora, bater\u00edas de fregadero, etc.<\/span><br \/>\n<span style=\"font-family: tahoma, arial, helvetica, sans-serif; font-size: 110%;\"> * Ahorre dinero reduciendo el consumo de detergente<\/span><br \/>\n<span style=\"font-family: tahoma, arial, helvetica, sans-serif; font-size: 110%;\"> * Cost scazut de mentenanta pentru statia de dedurizare AZURASOFT<\/span><br \/>\n<span style=\"font-family: tahoma, arial, helvetica, sans-serif; font-size: 110%;\"> * Funcionamiento totalmente autom\u00e1tico<\/span><\/p>\n<p><span style=\"font-family: tahoma, arial, helvetica, sans-serif; font-size: 110%;\">Atentie: daca ai orice intrebare legata de utilizare sau de mentenanta cu privire la acest echipament, te rugam sa ne contactezi telefonic sau prin mail: contact@azura.ro<\/span><\/p>\n<h3><span style=\"font-size: 110%; font-family: tahoma, arial, helvetica, sans-serif;\">Avantaje dedurizator monobloc AZURASOFT:<\/span><\/h3>\n<p><span style=\"font-family: tahoma, arial, helvetica, sans-serif; font-size: 110%;\">\u2022 Valva de comanda model WS1CI (SUA) fabricata din material Noryl (foarte rezistent la socuri si uzura)<\/span><br \/>\n<span style=\"font-family: tahoma, arial, helvetica, sans-serif; font-size: 110%;\"> \u2022 Memorie nevolatila de tip EEPROM<\/span><br \/>\n<span style=\"font-family: tahoma, arial, helvetica, sans-serif; font-size: 110%;\"> \u2022 Complet automat si cu afisaj digital<\/span><br \/>\n<span style=\"font-family: tahoma, arial, helvetica, sans-serif; font-size: 110%;\"> \u2022 Regenerare cu apa tratata<\/span><br \/>\n<span style=\"font-family: tahoma, arial, helvetica, sans-serif; font-size: 110%;\"> \u2022 Afisare pe display, ora exacta, zile ramase pana la regenerare, volum de apa ramas pana la regenerare, debit instantaneu, volum de apa dedurizata<\/span><br \/>\n<span style=\"font-family: tahoma, arial, helvetica, sans-serif; font-size: 110%;\"> \u2022 Rezervor de sare uscat sau umed, dupa cum se doreste<\/span><br \/>\n<span style=\"font-family: tahoma, arial, helvetica, sans-serif; font-size: 110%;\"> \u2022 Prepararea saramurii cu apa dedurizata<\/span><br \/>\n<span style=\"font-family: tahoma, arial, helvetica, sans-serif; font-size: 110%;\"> \u2022 Fara componente cu frecare mecanica, pozitionare optica a pistonului<\/span><br \/>\n<span style=\"font-family: tahoma, arial, helvetica, sans-serif; font-size: 110%;\"> \u2022 Baterie Litium cu back-up 8 ore (in cazul unei pene de curent)<\/span><br \/>\n<span style=\"font-family: tahoma, arial, helvetica, sans-serif; font-size: 110%;\"> \u2022 Consum redus de sare<\/span><br \/>\n<span style=\"font-family: tahoma, arial, helvetica, sans-serif; font-size: 110%;\"> \u2022 Consum redus de apa la regenerare<\/span><br \/>\n<span style=\"font-family: tahoma, arial, helvetica, sans-serif; font-size: 110%;\"> \u2022 Alarma lipsa sare<\/span><br \/>\n<span style=\"font-family: tahoma, arial, helvetica, sans-serif; font-size: 110%;\"> \u2022 Vas de sare inclus<\/span><\/p>\n<h3><span style=\"font-size: 110%; font-family: tahoma, arial, helvetica, sans-serif;\">Alegerea dedurizatorului AZURASOFT:<\/span><\/h3>\n<p><span style=\"font-family: tahoma, arial, helvetica, sans-serif; font-size: 110%;\">In cazul in care aveti nevoie de sfatul nostru cu privire la alegerea dedurizatorului in mod corect, va stam la dispozitie prin email si prin numarul de telefon afisat pe site. Vom fi incantati sa va indrumam catre cea mai buna alegere.<\/span><\/p>\n<p><span style=\"font-family: tahoma, arial, helvetica, sans-serif; font-size: 110%;\">Mai jos (acces prin link catre fisa tehnica) poti vedea modelele disponibile pentru care gasesti si preturi selectand modelul dorit de la \u201c<strong>Model dedurizator<\/strong>\u201d de langa butonul \u201cAdauga in cos\u201d. Pretul dedurizatorului se va schimba in functie de alegerea facuta. Fisa tehnica aici:\u00a0<span style=\"color: #00aae7;\"><a style=\"color: #00aae7;\" href=\"https:\/\/azura.ro\/wp-content\/uploads\/2017\/02\/DEZURIZATOR_AZURASOFT_MONOBLOC_WS1CI.pdf\" target=\"_blank\" rel=\"noopener noreferrer\"><strong>CARACTERISTICI TEHNICE PENTRU DEDURIZATOARELE AZURASOFT DIN SERIA MONOBLOC WS1CI.<\/strong><\/a><\/span><\/span><\/p>\n<h3><span style=\"font-size: 110%; font-family: tahoma, arial, helvetica, sans-serif;\">Instalare dedurizator AZURASOFT:\u00a0<\/span><\/h3>\n<p><span style=\"font-family: tahoma, arial, helvetica, sans-serif; font-size: 110%;\">Dedurizatorul trebuie sa trateze toata apa ce intra in casa sau in cazul altor aplicatii, inainte de orice consumator. Se va monta pe conducta de apa rece, imediat dupa hidrofor sau pompa si inaintea centralei termice si a boilerului. Este indicat ca un filtru de sedimente sa se monteze inaintea dedurizatorului. Acest lucru va asigura linistea dvs si o functionare indelungata si fara probleme. Fara filtru de sedimente, exista riscul ca mizeria din apa sa infunde injectoarele si canalele prin care dedurizatorul isi face regenerarea. Nu este indicat sa utilizati apa dedurizata pentru udarea gradinii si a plantelor. Exista o anumita cantitate de sodiu in apa dedurizata ce poate afecta cresterea si dezvoltarea plantelor. Pentru acest lucru, la instalare, solicitati instalatorului sa va monteze un robinet inaintea dedurizatorului, de unde puteti conecta furtunul dvs. pentru udarea gradinii.<\/span><\/p>\n<h3><span style=\"font-size: 110%; font-family: tahoma, arial, helvetica, sans-serif;\">Montaj si punere in functiune dedurizator monobloc AZURASOFT:<\/span><\/h3>\n<p><span style=\"font-family: tahoma, arial, helvetica, sans-serif; font-size: 110%;\">La cererea clientului asiguram echipa de montaj si punere in functiune. In cazul in care clientul nostru doreste sa realizeze montajul personal sau cu instalator propriu, acest lucru este posibil. Echipa AZURA FILTERS ofera schema de montaj si carte tehnica in limba romana. In plus garantam asistenta tehnica prin telefon si prin email pana cand echipamentul este montat si functioneaza la parametri optimi.<\/span><\/p>\n<p><span style=\"font-family: tahoma, arial, helvetica, sans-serif; font-size: 110%;\">*la punerea in functiune clientul trebuie sa asigure sare de tip pastile, minim 25 kg (un sac). Aceasta sare se gaseste in marile magazine de bricolaj dar si la alti comercianti. La cerere putem recomanda un furnizor de sare.<\/span><\/p>\n<h3><span style=\"font-size: 110%; font-family: tahoma, arial, helvetica, sans-serif;\">Bypass pentru izolarea statiei de dedurizare:<\/span><\/h3>\n<p><span style=\"font-family: tahoma, arial, helvetica, sans-serif; font-size: 110%;\">Orice echipament pentru tratarea si filtrarea apei ar trebui sa aiba un bypass. La fel si statia de dedurizare. In cazul dedurizatoarelor cu valva WS1CI, bypass-ul vine separat si il puteti comanda de pe site-ul nostru. Puteti vizualiza bypass-ul apasand pe accesorii in pagina curenta. Este foarte important sa existe un bypass, in cazul in care este necesara o interventie de service. Acest bypass se poate realiza si de catre instalator cu trei robineti si teava pentru montaj.<\/span><\/p>\n<p><span style=\"font-family: tahoma, arial, helvetica, sans-serif; font-size: 110%;\">Conexi\u00f3n al desag\u00fce:<\/span><\/p>\n<p><span style=\"font-family: tahoma, arial, helvetica, sans-serif; font-size: 110%;\">El desag\u00fce del descalcificador deber\u00e1 estar, en la medida de lo posible, por debajo de su altura. La conexi\u00f3n debe hacerse a un desag\u00fce de 1\" como m\u00ednimo. La distancia m\u00e1xima entre el descalcificador y el desag\u00fce no ser\u00e1 superior a 6 metros.<\/span><\/p>\n<p><span style=\"font-family: tahoma, arial, helvetica, sans-serif; font-size: 110%;\">Ajuste de la dureza residual:<\/span><\/p>\n<p><span style=\"font-family: tahoma, arial, helvetica, sans-serif; font-size: 110%;\">Duritatea reziduala se refera la duritatea apei dupa ce aceasta a fost tratata si trecuta prin dedurizator. Poate nu doresti ca duritatea apei tale sa fie sub 1 grad german, ceea ce te face sa simti apa foarte moale. Producatorul nu recomanda o anumita duritate reziduala. Noi recomandam o duritate reziduala situata intre 3 &#8211; 6 grade germane. Daca doresti acest lucru, te rugam sa specifici echipei noastre si sa ne intrebi cum poti regla duritatea reziduala.<\/span><\/p>\n<p><span style=\"font-family: tahoma, arial, helvetica, sans-serif; font-size: 110%;\">Advertencias<\/span><\/p>\n<p><span style=\"font-family: tahoma, arial, helvetica, sans-serif; font-size: 110%;\"><strong>Dedurizatoarele cu valva WS1CI<\/strong>\u00a0nu sunt sisteme de filtrare si potabilizare a apei cu scopul de a rezulta apa potabila. Daca apa ce necesita tratare cu sistemele noastre vine din reteaua publica de apa, atunci cu siguranta, calitatea acesteia va fi imbunatatita.<\/span><\/p>\n<p><span style=\"font-family: tahoma, arial, helvetica, sans-serif; font-size: 110%;\">Si el agua no ha sido tratada previamente y no procede de la red p\u00fablica, siendo la fuente de pozos o aguas superficiales, entonces es necesario un informe de an\u00e1lisis del agua desde el punto de vista f\u00edsico-qu\u00edmico y bacteriol\u00f3gico. S\u00f3lo conociendo todos los par\u00e1metros del agua se puede elegir el equipo adecuado para su potabilizaci\u00f3n. P\u00f3ngase en contacto con nosotros para un tratamiento adecuado de su agua.<\/span><\/p>\n<p><span style=\"font-family: tahoma, arial, helvetica, sans-serif; font-size: 110%;\">Otras advertencias:<\/span><\/p>\n<p><span style=\"font-family: tahoma, arial, helvetica, sans-serif; font-size: 110%;\">Nu utiliza dedurizatorul cu apa calda, mai ales cu o temperatura de peste 36\u00b0C.<\/span><\/p>\n<p><span style=\"font-family: tahoma, arial, helvetica, sans-serif; font-size: 110%;\">Temperatura camerei de amplasare a dedurizatorului trebuie sa fie intre 4\u00b0C &#8211; 45\u00b0C.<\/span><\/p>\n<p><span style=\"font-family: tahoma, arial, helvetica, sans-serif; font-size: 110%;\">El sistema no debe instalarse en una habitaci\u00f3n h\u00fameda. Aseg\u00farese de que dispone de una ventilaci\u00f3n adecuada en la que no haya mucha humedad.<\/span><\/p>\n<p><span style=\"font-family: tahoma, arial, helvetica, sans-serif; font-size: 110%;\">Recomandari pentru mentenanta si igienizare<\/span><\/p>\n<p><span style=\"font-family: tahoma, arial, helvetica, sans-serif; font-size: 110%;\">Comprobar los niveles de sal - mensualmente<\/span><br \/>\n<span style=\"font-family: tahoma, arial, helvetica, sans-serif; font-size: 110%;\"> Comprobar el nivel de dureza del agua en la entrada - mensualmente<\/span><br \/>\n<span style=\"font-family: tahoma, arial, helvetica, sans-serif; font-size: 110%;\"> Compruebe el nivel de dureza del agua en la salida de la estaci\u00f3n - mensualmente<\/span><br \/>\n<span style=\"font-family: tahoma, arial, helvetica, sans-serif; font-size: 110%;\"> Desinfecci\u00f3n - anualmente (por el equipo de servicio)<\/span><br \/>\n<span style=\"font-family: tahoma, arial, helvetica, sans-serif; font-size: 110%;\"> Limpieza anual del dep\u00f3sito de sal (recomendada por el servicio t\u00e9cnico)<\/span><br \/>\n<span style=\"font-family: tahoma, arial, helvetica, sans-serif; font-size: 110%;\"> Revisi\u00f3n t\u00e9cnica general - anualmente (por el equipo de servicio)<\/span><\/p>\n<p><span style=\"font-family: tahoma, arial, helvetica, sans-serif; font-size: 110%;\">\u00a1Atenci\u00f3n!<\/span><\/p>\n<p><span style=\"font-family: tahoma, arial, helvetica, sans-serif; font-size: 110%;\">Aumento del sodio en el agua<\/span><\/p>\n<p><span style=\"font-family: tahoma, arial, helvetica, sans-serif; font-size: 110%;\">La mayor parte del sodio que consumimos procede de los alimentos. Como la sal es un excelente conservante, se a\u00f1ade a los alimentos. El sodio que se consume con el agua es relativamente peque\u00f1o comparado con el de los alimentos. Aun as\u00ed, es muy importante tener siempre presente que los descalcificadores aumentan el nivel de sodio del agua en comparaci\u00f3n con el agua no tratada.<\/span><\/p>\n<p><span style=\"font-family: tahoma, arial, helvetica, sans-serif; font-size: 110%;\">Nivelul maxim reglementat de sodiu din apa este de 200 mg\/l (lege nr. 311 din 28 Iunie 2014 pentru modificarea si completarea legii nr. 4208\/2002 privind calitatea apei potabile). Este posibil ca in unele cazuri dedurizatorul sa adauge un nivel mai mare de sodiu decat cel reglementat. Daca se intampla acest lucru sau daca exista\u00a0 persoane care nu au voie sa consume sare, este bine sa se monteze la bucatarie, un filtru cu osmoza inversa.<\/span><\/p>\n<p><span style=\"font-family: tahoma, arial, helvetica, sans-serif; font-size: 110%;\">Puteti verifica pe site-ul nostru filtrele cu osmoza inversa.<\/span><\/p>\n<p><span style=\"font-family: tahoma, arial, helvetica, sans-serif; font-size: 110%;\">Garant\u00eda del descalcificador:<\/span><\/p>\n<p><span style=\"font-family: tahoma, arial, helvetica, sans-serif; font-size: 110%;\">Toate dedurizatoarele din seria AZURASOFT sunt acoperite de garantie timp de trei ani de zile impotriva oricarui defect de fabricatie.<\/span><\/p>\n<p><span style=\"font-family: tahoma, arial, helvetica, sans-serif; font-size: 110%;\">An\u00e1lisis de la dureza del agua:<\/span><\/p>\n<p><span style=\"font-family: tahoma, arial, helvetica, sans-serif; font-size: 110%;\">Si no conoce el nivel de dureza de su agua, p\u00f3ngase en contacto con nosotros por tel\u00e9fono o correo electr\u00f3nico. Si es posible, nos desplazaremos hasta usted para realizar un an\u00e1lisis de dureza y, si la distancia es excesiva, puede enviarnos 500 ml de agua para analizar su dureza. En funci\u00f3n del resultado del an\u00e1lisis y de otros par\u00e1metros que nos solicite, le indicaremos el modelo de descalcificador adecuado.<\/span><\/p>","protected":false},"excerpt":{"rendered":"<p><span style=\"font-size: 10pt; font-family: tahoma, arial, helvetica, sans-serif;\">Dedurizator traditional, cu rasina alimentara schimbatoare de ioni, cu valva de comanda SUA, model WS1CI. Acest dedurizator se regenereaza in functie de volumul de apa consumat: volumetric-proportional. Are posibilitatea de setare si in functie de timp, intre 1 &#8211; 99 zile.<\/span><\/p>\n<p><span style=\"font-size: 10pt; font-family: tahoma, arial, helvetica, sans-serif;\">In general aceste echipamente se afla in stocul nostru. Totusi, stocul, modelul carcasei si culoarea se vor confirma doar telefonic.<\/span><\/p>\n<p><a href=\"https:\/\/azura.ro\/es\/100-30-dias-de-garantia-de-devolucion\/\" target=\"_blank\" rel=\"noopener noreferrer\"><img decoding=\"async\" class=\"alignnone wp-image-7307\" src=\"https:\/\/azura.ro\/wp-content\/uploads\/2016\/06\/Garantie-retur.png\" alt=\"\" width=\"106\" height=\"127\" \/><\/a><a href=\"https:\/\/azura.ro\/es\/service\/\" target=\"_blank\" rel=\"noopener noreferrer\"><img decoding=\"async\" class=\"alignnone wp-image-7308\" src=\"https:\/\/azura.ro\/wp-content\/uploads\/2016\/06\/Service.png\" alt=\"\" width=\"106\" height=\"126\" \/><\/a><a href=\"https:\/\/azura.ro\/es\/3-anos-de-garantia\/\" target=\"_blank\" rel=\"noopener noreferrer\"><img decoding=\"async\" class=\"alignnone wp-image-12368\" src=\"https:\/\/azura.ro\/wp-content\/uploads\/2018\/08\/3-ani-garantie.png\" alt=\"\" width=\"106\" height=\"154\" \/><\/a><\/p>\n<p><a href=\"https:\/\/azura.ro\/es\/100-30-dias-de-garantia-de-devolucion\/\" target=\"_blank\" rel=\"noopener noreferrer\">Ofrecemos garant\u00eda de satisfacci\u00f3n con devoluci\u00f3n del dinero en 30 d\u00edas<\/a><br \/>\n<a href=\"https:\/\/azura.ro\/es\/service\/\" target=\"_blank\" rel=\"noopener noreferrer\">Ofrecemos servicio especializado en Ruman\u00eda \u00a1Cualquier problema t\u00e9cnico se resuelve en Ruman\u00eda!<\/a><br \/>\n<a href=\"https:\/\/azura.ro\/es\/3-anos-de-garantia\/\" target=\"_blank\" rel=\"noopener noreferrer\">Ofrecemos garant\u00eda contra defectos de fabricaci\u00f3n, 3 a\u00f1os de garant\u00eda<\/a><\/p>\n<p><span style=\"font-size: 85%;\" data-nosnippet=\"true\"><i>El precio de venta del AEE incluye el valor del coste del \"sello verde<u>seg\u00fan GEO 5\/2015<\/u><\/i><\/span><\/p>","protected":false},"featured_media":68611,"comment_status":"open","ping_status":"closed","template":"","meta":{"_seopress_robots_primary_cat":"none","_seopress_titles_title":"","_seopress_titles_desc":"","_seopress_robots_index":""},"product_brand":[],"product_cat":[88],"product_tag":[1412,1519,1518,1414,402],"class_list":{"0":"post-5975","1":"product","2":"type-product","3":"status-publish","4":"has-post-thumbnail","6":"product_cat-dedurizatoare-volumetrice","7":"product_tag-cel-mai-bun-dedurizator","8":"product_tag-dedurizator-in-functie-de-volum","9":"product_tag-dedurizator-monobloc","10":"product_tag-dedurizator-sua","11":"product_tag-dedurizator-volumetric","12":"pa_amplasare-conductaprincipala","13":"pa_brand-azura-filters","15":"first","16":"instock","17":"taxable","18":"shipping-taxable","19":"purchasable","20":"product-type-variable"},"_links":{"self":[{"href":"https:\/\/azura.ro\/es\/wp-json\/wp\/v2\/product\/5975","targetHints":{"allow":["GET"]}}],"collection":[{"href":"https:\/\/azura.ro\/es\/wp-json\/wp\/v2\/product"}],"about":[{"href":"https:\/\/azura.ro\/es\/wp-json\/wp\/v2\/types\/product"}],"replies":[{"embeddable":true,"href":"https:\/\/azura.ro\/es\/wp-json\/wp\/v2\/comments?post=5975"}],"wp:featuredmedia":[{"embeddable":true,"href":"https:\/\/azura.ro\/es\/wp-json\/wp\/v2\/media\/68611"}],"wp:attachment":[{"href":"https:\/\/azura.ro\/es\/wp-json\/wp\/v2\/media?parent=5975"}],"wp:term":[{"taxonomy":"product_brand","embeddable":true,"href":"https:\/\/azura.ro\/es\/wp-json\/wp\/v2\/product_brand?post=5975"},{"taxonomy":"product_cat","embeddable":true,"href":"https:\/\/azura.ro\/es\/wp-json\/wp\/v2\/product_cat?post=5975"},{"taxonomy":"product_tag","embeddable":true,"href":"https:\/\/azura.ro\/es\/wp-json\/wp\/v2\/product_tag?post=5975"}],"curies":[{"name":"wp","href":"https:\/\/api.w.org\/{rel}","templated":true}]}}