{"id":6036,"date":"2017-02-19T01:19:14","date_gmt":"2017-02-18T23:19:14","guid":{"rendered":"https:\/\/azura.ro\/produs\/dedurizator-fara-sare-tac-next-scale-stop-nss-820-copiat\/"},"modified":"2026-03-16T10:03:05","modified_gmt":"2026-03-16T08:03:05","slug":"tac-descalcificador-sin-sal-tac-next-scale-stop-nss-110b","status":"publish","type":"product","link":"https:\/\/azura.ro\/es\/produs\/dedurizator-fara-sare-tac-next-scale-stop-nss-110b\/","title":{"rendered":"DESCALCIFICADOR SIN SAL TAC NEXT SCALE STOP NSS-110B"},"content":{"rendered":"<h2><span style=\"font-family: tahoma, arial, helvetica, sans-serif; font-size: 110%;\"><strong>Lijadora sin sal TAC Next Scale Stop NSS-110B<\/strong>utiliza una tecnolog\u00eda sin sal denominada cristalizaci\u00f3n asistida por plantilla.<\/span><\/h2>\n<p><span style=\"font-family: tahoma, arial, helvetica, sans-serif; font-size: 110%;\">Probado y verificado<\/span><\/p>\n<p><span style=\"font-family: tahoma, arial, helvetica, sans-serif; font-size: 110%;\">Probado por laboratorio independiente para evitar dep\u00f3sitos,\u00a0\u00a0<strong>El TAC Next Scale Stop tiene una calificaci\u00f3n de 99,6% para la prevenci\u00f3n de dep\u00f3sitos, la \u00fanica tecnolog\u00eda que alcanza este rendimiento, siendo m\u00e1s eficaz que cualquier otra alternativa.<\/strong><\/span><\/p>\n<p><span style=\"font-family: tahoma, arial, helvetica, sans-serif; font-size: 110%;\">Certificaciones TAC, Pr\u00f3xima Parada de Escala: <\/span><span style=\"font-family: tahoma, arial, helvetica, sans-serif; font-size: 110%;\">Norma 61 de la NSF.<\/span><\/p>\n<p><span style=\"font-family: tahoma, arial, helvetica, sans-serif; font-size: 110%;\"><img decoding=\"async\" class=\"wp-image-960 alignright\" src=\"https:\/\/azura.ro\/wp-content\/uploads\/2016\/10\/nsf.png\" alt=\"\" width=\"112\" height=\"115\" \/><\/span><br \/>\n<span style=\"font-family: tahoma, arial, helvetica, sans-serif; font-size: 110%;\">Recomendado para un caudal continuo de: 10 litros\/minuto y para caudales punta de hasta 15 litros\/minuto.<\/span><\/p>\n<p><span style=\"font-family: tahoma, arial, helvetica, sans-serif; font-size: 110%;\">Dureza m\u00e1xima recomendada: 72,8 grados alemanes<\/span><\/p>\n<p><span style=\"font-family: tahoma, arial, helvetica, sans-serif; font-size: 110%;\"><strong>Nota:<\/strong> La tecnolog\u00eda TAC no funciona como un descalcificador cl\u00e1sico, mediante el intercambio de iones y la sustituci\u00f3n de las sales de calcio y magnesio por sodio en el agua. Desde este punto de vista, deber\u00eda llamarse descalcificador o, m\u00e1s correctamente, acondicionador. As\u00ed pues, hay que tener en cuenta que no se trata de un ablandador tradicional y que los iones de calcio y magnesio permanecen en el agua, pero en una forma que impide que se depositen. As\u00ed pues, la dureza del agua seguir\u00e1 siendo la misma antes y despu\u00e9s del tratamiento con TAC.<\/span><\/p>\n<h2><span style=\"font-family: tahoma, arial, helvetica, sans-serif; font-size: 110%;\"><strong>TAC Pr\u00f3xima Escala Pr\u00f3xima Parada NSS-110B<\/strong> <\/span><\/h2>\n<p><span style=\"font-family: tahoma, arial, helvetica, sans-serif; font-size: 110%;\">Evita los dep\u00f3sitos en las instalaciones y protege los equipos.<\/span><\/p>\n<p><span style=\"font-family: tahoma, arial, helvetica, sans-serif; font-size: 110%;\">Los dep\u00f3sitos de cal en la fontaner\u00eda, obstruyen las tuber\u00edas, bloquean los grifos, destruyen el sistema de calefacci\u00f3n central y la caldera. Con TAC next NSS-110B, ahorrar\u00e1 dinero y tendr\u00e1 tiempo para usted, \u00a1no tiempo para reparaciones!<\/span><\/p>\n<p><span style=\"font-family: tahoma, arial, helvetica, sans-serif; font-size: 110%;\"><strong>TAC Next Scale Stop NSS-110B TAC Next Scale Stop NSS-110B<\/strong>\u00a0- Utilizando la tecnolog\u00eda TAC, eliminar\u00e1 los dep\u00f3sitos existentes en las instalaciones y prolongar\u00e1 considerablemente la vida \u00fatil de los equipos que utilizan agua. Si ha utilizado agua dura sin tratar, se habr\u00e1n formado dep\u00f3sitos en sus instalaciones. El uso de la tecnolog\u00eda TAC limpiar\u00e1 gradualmente la instalaci\u00f3n. El descalcificador cl\u00e1sico no puede hacer esto.<\/span><\/p>\n<p><span style=\"font-family: tahoma, arial, helvetica, sans-serif; font-size: 110%;\"><strong>No necesita productos qu\u00edmicos: \u00a1respeta el medio ambiente!<\/strong><\/span><br \/>\n<span style=\"font-family: tahoma, arial, helvetica, sans-serif; font-size: 110%;\"> El descalcificador cl\u00e1sico utiliza sal para la regeneraci\u00f3n, lo que no es nada econ\u00f3mico ni respetuoso con el medio ambiente, ya que esta salmuera debe verterse al alcantarillado tras el proceso de regeneraci\u00f3n.<\/span><br \/>\n<span style=\"font-family: tahoma, arial, helvetica, sans-serif; font-size: 110%;\"> <img decoding=\"async\" class=\"wp-image-962 aligncenter\" src=\"https:\/\/azura.ro\/wp-content\/uploads\/2016\/10\/dedurizator_fara_sare.png\" alt=\"\" width=\"162\" height=\"154\" srcset=\"https:\/\/azura.ro\/wp-content\/uploads\/2016\/10\/dedurizator_fara_sare.png 305w, https:\/\/azura.ro\/wp-content\/uploads\/2016\/10\/dedurizator_fara_sare-300x284.png 300w\" sizes=\"(max-width: 162px) 100vw, 162px\" \/><\/span><br \/>\n<span style=\"font-family: tahoma, arial, helvetica, sans-serif; font-size: 110%;\"> Es 100% ecol\u00f3gico y econ\u00f3mico sin necesidad de comprar sal. Porque\u00a0<strong>TAC Next Scale Stop NSS-110B TAC Next Scale Stop NSS-110B, <\/strong>Al no utilizar sal, conseguir\u00e1 un importante ahorro, dinero que podr\u00e1 utilizar para cualquier otra cosa.<\/span><\/p>\n<p><span style=\"font-family: tahoma, arial, helvetica, sans-serif; font-size: 110%;\"><strong>M\u00ednimo mantenimiento y bajos costes<\/strong><\/span><br \/>\n<span style=\"font-family: tahoma, arial, helvetica, sans-serif; font-size: 110%;\"> Las plantas descalcificadoras cl\u00e1sicas contienen v\u00e1lvulas de control electr\u00f3nicas o mec\u00e1nicas que necesitan mantenimiento y limpieza peri\u00f3dica. Esto requiere especialistas, lo que supone costes para usted. <strong>TAC Next Scale Stop NSS-110B TAC Next Scale Stop NSS-110B\u00a0<\/strong>no contiene piezas m\u00f3viles, por lo que absolutamente nada puede desgastarse.<\/span><br \/>\n<span style=\"font-family: tahoma, arial, helvetica, sans-serif; font-size: 110%;\"> <img decoding=\"async\" class=\"wp-image-963 aligncenter\" src=\"https:\/\/azura.ro\/wp-content\/uploads\/2016\/10\/statie_dedurizare_fara_sare.jpg\" alt=\"\" width=\"151\" height=\"150\" srcset=\"https:\/\/azura.ro\/wp-content\/uploads\/2016\/10\/statie_dedurizare_fara_sare.jpg 257w, https:\/\/azura.ro\/wp-content\/uploads\/2016\/10\/statie_dedurizare_fara_sare-247x247.jpg 247w, https:\/\/azura.ro\/wp-content\/uploads\/2016\/10\/statie_dedurizare_fara_sare-100x100.jpg 100w, https:\/\/azura.ro\/wp-content\/uploads\/2016\/10\/statie_dedurizare_fara_sare-150x150.jpg 150w, https:\/\/azura.ro\/wp-content\/uploads\/2016\/10\/statie_dedurizare_fara_sare-50x50.jpg 50w\" sizes=\"(max-width: 151px) 100vw, 151px\" \/><\/span><\/p>\n<p><span style=\"font-family: tahoma, arial, helvetica, sans-serif; font-size: 110%;\"><strong>Sin electricidad - instalado en cualquier lugar<\/strong><\/span><br \/>\n<span style=\"font-family: tahoma, arial, helvetica, sans-serif; font-size: 110%;\"> <strong>TAC Next Scale Stop NSS-110B TAC Next Scale Stop NSS-110B,<\/strong> no utiliza electricidad y no vierte agua al alcantarillado. As\u00ed que puede instalarse en cualquier sitio.<\/span><\/p>\n<p><span style=\"font-family: tahoma, arial, helvetica, sans-serif; font-size: 110%;\"><strong>Ahorro de costes<\/strong><\/span><br \/>\n<span style=\"font-family: tahoma, arial, helvetica, sans-serif; font-size: 110%;\"> <strong>TAC Next Scale Stop NSS-110B - TAC Next Scale Stop NSS-110B - <\/strong>se amortiza con el tiempo, porque ya no se compra sal, ya no se consume electricidad, ya no se vierte agua al alcantarillado, \u00a1que tambi\u00e9n se bombea con electricidad o se paga a la autoridad del agua!<\/span><\/p>\n<p><span style=\"font-family: tahoma, arial, helvetica, sans-serif; font-size: 110%;\">\u00bfSab\u00eda que 1 mm de cal en una caldera o sistema de calefacci\u00f3n central reduce la potencia calor\u00edfica en 10%? Y esta acumulaci\u00f3n se produce en menos de un a\u00f1o. Y en tres a\u00f1os reducir\u00e1 la potencia calor\u00edfica hasta 241TP33T.<\/span><\/p>\n<p><span style=\"font-family: tahoma, arial, helvetica, sans-serif; font-size: 110%;\"><strong>Piezas de recambio<\/strong><\/span><br \/>\n<span style=\"font-family: tahoma, arial, helvetica, sans-serif; font-size: 110%;\"> Como nada en este mundo dura para siempre, el cartucho filtrante debe cambiarse cada 2 a\u00f1os. Este medio filtrante es el \u00fanico consumible, \u00a1sin otras reparaciones ni piezas de recambio como en el caso de los descalcificadores cl\u00e1sicos!<\/span><\/p>\n<p><span style=\"font-family: tahoma, arial, helvetica, sans-serif; font-size: 110%;\"><strong>Condiciones de instalaci\u00f3n:<\/strong><\/span><\/p>\n<p><span style=\"font-family: tahoma, arial, helvetica, sans-serif; font-size: 110%;\">- se instalar\u00e1 a la entrada de la casa en la tuber\u00eda principal de agua fr\u00eda;<\/span><br \/>\n<span style=\"font-family: tahoma, arial, helvetica, sans-serif; font-size: 110%;\"> - Si hay m\u00e1s de un equipo de tratamiento\/filtraci\u00f3n, instale el \u00faltimo en el esquema de filtraci\u00f3n;<\/span><br \/>\n<span style=\"font-family: tahoma, arial, helvetica, sans-serif; font-size: 110%;\"> - instalarse antes de cualquier equipo dom\u00e9stico o de calefacci\u00f3n que deba protegerse de la cal;<\/span><br \/>\n<span style=\"font-family: tahoma, arial, helvetica, sans-serif; font-size: 110%;\"> - si la instalaci\u00f3n es de cobre, el agua se utilizar\u00e1 durante cuatro semanas antes de ser tratada y pasada por el<strong> TAC Next Scale Stop NSS-110B TAC Next Scale Stop NSS-110B.\u00a0<\/strong>La tecnolog\u00eda TAC no puede entrar en contacto con el cobre. Despu\u00e9s de utilizar el agua durante cuatro semanas, las tuber\u00edas de cobre se pasivar\u00e1n, y esto evitar\u00e1 que los iones de cobre entren en el medio filtrante TAC.<\/span><br \/>\n<span style=\"font-family: tahoma, arial, helvetica, sans-serif; font-size: 110%;\"> - recomendamos la instalaci\u00f3n de un filtro de sedimentos con un grado de filtraci\u00f3n entre 5 - 20 micras antes del descalcificador <strong>TAC Pr\u00f3xima parada a escala NSS-110B. <\/strong>De este modo, el medio filtrante TAC se mantendr\u00e1 limpio y eficaz.<\/span><br \/>\n<span style=\"font-family: tahoma, arial, helvetica, sans-serif; font-size: 110%;\"> - si el agua est\u00e1 clorada (redes p\u00fablicas de agua) recomendamos la instalaci\u00f3n de un sistema de filtraci\u00f3n de carb\u00f3n activado;<\/span><br \/>\n<span style=\"font-family: tahoma, arial, helvetica, sans-serif; font-size: 110%;\"> - recomendamos la instalaci\u00f3n de un bypass, compuesto por tuber\u00edas y tres v\u00e1lvulas, en caso de servicio o cambio del medio filtrante.<\/span><\/p>\n<p><span style=\"font-family: tahoma, arial, helvetica, sans-serif; font-size: 110%;\"><strong>Modelo TAC Next Scale Stop NSS-110B:<\/strong><\/span><\/p>\n<ul>\n<li><span style=\"font-family: tahoma, arial, helvetica, sans-serif; font-size: 110%;\">NSS-110B<\/span><\/li>\n<li><span style=\"font-family: tahoma, arial, helvetica, sans-serif; font-size: 110%;\">NSS-110B Bypass<\/span><\/li>\n<\/ul>\n<h3><span style=\"font-family: tahoma, arial, helvetica, sans-serif; font-size: 110%;\">Calidad del agua porque <strong>Ablandador TAC Next Scale Stop next NSS-110B\u00a0<\/strong>puede utilizarse con \u00e9xito<\/span><\/h3>\n<p><span style=\"font-family: tahoma, arial, helvetica, sans-serif; font-size: 110%;\">El agua de alimentaci\u00f3n\/tratamiento debe cumplir las siguientes condiciones:<\/span><\/p>\n<p><span style=\"font-family: tahoma, arial, helvetica, sans-serif; font-size: 110%;\">pH: 6,5 - 8,5<\/span><br \/>\n<span style=\"font-family: tahoma, arial, helvetica, sans-serif; font-size: 110%;\"> Dureza m\u00e1xima: 72,8 grados alemanes<\/span><br \/>\n<span style=\"font-family: tahoma, arial, helvetica, sans-serif; font-size: 110%;\"> Presi\u00f3n del agua: de 15 psi a 100 psi (de 103 kPa a 6,9 bar)<\/span><br \/>\n<span style=\"font-family: tahoma, arial, helvetica, sans-serif; font-size: 110%;\"> Temperatura: de 5\u00b0C a 43\u00b0C<\/span><br \/>\n<span style=\"font-family: tahoma, arial, helvetica, sans-serif; font-size: 110%;\"> Cloro: &lt; 3ppm<\/span><br \/>\n<span style=\"font-family: tahoma, arial, helvetica, sans-serif; font-size: 110%;\"> Hierro (m\u00e1ximo): 0,3 mg\/l<\/span><br \/>\n<span style=\"font-family: tahoma, arial, helvetica, sans-serif; font-size: 110%;\"> Manganeso (m\u00e1ximo): 0,05 mg\/l<\/span><br \/>\n<span style=\"font-family: tahoma, arial, helvetica, sans-serif; font-size: 110%;\"> Cobre (m\u00e1ximo): 1,3 mg\/l<\/span><br \/>\n<span style=\"font-family: tahoma, arial, helvetica, sans-serif; font-size: 110%;\"> Aceite \/ gasolina y sulfuro de hidr\u00f3geno: no permitidos<\/span><br \/>\n<span style=\"font-family: tahoma, arial, helvetica, sans-serif; font-size: 110%;\"> Polifosfato: no autorizado<\/span><br \/>\n<span style=\"font-family: tahoma, arial, helvetica, sans-serif; font-size: 110%;\"> Silicio (m\u00e1ximo): 10 ppm<\/span><\/p>\n<p><span style=\"font-family: tahoma, arial, helvetica, sans-serif; font-size: 110%;\">Si el agua procede de una fuente controlada (f\u00e1brica de agua) y cumple las normas sobre agua potable, no es necesario realizar un informe de an\u00e1lisis.<\/span><\/p>\n<p><span style=\"font-family: tahoma, arial, helvetica, sans-serif; font-size: 110%;\">Caracter\u00edsticas t\u00e9cnicas:<br \/>\n<\/span><br \/>\n<span style=\"font-family: tahoma, arial, helvetica, sans-serif; font-size: 110%;\">Conexiones: 1\u2033 IN\/OUT;<\/span><br \/>\n<span style=\"font-family: tahoma, arial, helvetica, sans-serif; font-size: 110%;\"> Altura de la carcasa: 36 cm<\/span><br \/>\n<span style=\"font-family: tahoma, arial, helvetica, sans-serif; font-size: 110%;\"> Di\u00e1metro de la carcasa 19 cm<\/span><br \/>\n<span style=\"font-family: tahoma, arial, helvetica, sans-serif; font-size: 110%;\"> Altura de la carcasa con el soporte montado: 45,5 cm<\/span><br \/>\n<span style=\"font-family: tahoma, arial, helvetica, sans-serif; font-size: 110%;\"> Presi\u00f3n m\u00edn.\/m\u00e1x. 1\/6 bar.<\/span><br \/>\n<span style=\"font-family: tahoma, arial, helvetica, sans-serif; font-size: 110%;\"> Temperatura m\u00edn.\/m\u00e1x. 2\/45\u00b0C<\/span><\/p>\n<p><span style=\"font-family: tahoma, arial, helvetica, sans-serif; font-size: 110%;\">Mantenimiento:<\/span><\/p>\n<p><span style=\"font-family: tahoma, arial, helvetica, sans-serif; font-size: 110%;\">Cambie el cartucho del filtro una vez cada 2 a\u00f1os. \u00a1Durante dos a\u00f1os no hay intervenci\u00f3n de mantenimiento y servicio!<\/span><\/p>\n<p><span style=\"font-family: tahoma, arial, helvetica, sans-serif; font-size: 110%;\">2 a\u00f1os de garant\u00eda<\/span><\/p>\n<p><span style=\"font-family: tahoma, arial, helvetica, sans-serif; font-size: 110%;\">Ensamblado en Ruman\u00eda. Utilizamos TAC Next Scale Stop (Reino Unido).<\/span><\/p>","protected":false},"excerpt":{"rendered":"<p><span style=\"font-size: 105%; font-family: tahoma, arial, helvetica, sans-serif;\"><b>Siguiente Lijadora TAC Scale Stop NSS-110B, sin sal<\/b>para toda la casa. \u00a1Dos a\u00f1os sin consumo de sal y sin mantenimiento! \u00a1\u00a1\u00a1Eficiente incluso hasta 72,8 grados alemanes!!! Recomendado para un caudal continuo de 10 litros\/minuto y para picos de caudal de hasta 15 litros\/minuto.<\/span><\/p>\n<p><span style=\"font-family: tahoma, arial, helvetica, sans-serif; font-size: 105%;\"><a href=\"https:\/\/azura.ro\/es\/100-30-dias-de-garantia-de-devolucion\/\" target=\"_blank\" rel=\"noopener noreferrer\"><img decoding=\"async\" class=\"alignnone wp-image-7307\" src=\"https:\/\/azura.ro\/wp-content\/uploads\/2016\/06\/Garantie-retur.png\" alt=\"\" width=\"106\" height=\"129\" \/><\/a><a href=\"https:\/\/azura.ro\/es\/service\/\" target=\"_blank\" rel=\"noopener noreferrer\"><img decoding=\"async\" class=\"alignnone wp-image-7308\" src=\"https:\/\/azura.ro\/wp-content\/uploads\/2016\/06\/Service.png\" alt=\"\" width=\"106\" height=\"106\" srcset=\"https:\/\/azura.ro\/wp-content\/uploads\/2016\/06\/Service.png 189w, https:\/\/azura.ro\/wp-content\/uploads\/2016\/06\/Service-100x100.png 100w, https:\/\/azura.ro\/wp-content\/uploads\/2016\/06\/Service-150x150.png 150w\" sizes=\"(max-width: 106px) 100vw, 106px\" \/><\/a><a href=\"https:\/\/azura.ro\/es\/2-ani-garantie\/\" target=\"_blank\" rel=\"noopener noreferrer\"><img decoding=\"async\" class=\"alignnone wp-image-14008\" src=\"https:\/\/azura.ro\/wp-content\/uploads\/2018\/12\/2-ani-garantie.png\" alt=\"\" width=\"106\" height=\"135\" \/><\/a><\/span><\/p>\n<p><span style=\"font-family: tahoma, arial, helvetica, sans-serif; font-size: 105%;\"><a href=\"https:\/\/azura.ro\/es\/100-30-dias-de-garantia-de-devolucion\/\" target=\"_blank\" rel=\"noopener noreferrer\">Ofrecemos garant\u00eda de satisfacci\u00f3n con devoluci\u00f3n del dinero en 30 d\u00edas<\/a><\/span><br \/>\n<span style=\"font-family: tahoma, arial, helvetica, sans-serif; font-size: 105%;\"><a href=\"https:\/\/azura.ro\/es\/service\/\" target=\"_blank\" rel=\"noopener noreferrer\">Ofrecemos servicio especializado en Ruman\u00eda \u00a1Cualquier problema t\u00e9cnico se resuelve en Ruman\u00eda!<\/a><\/span><br \/>\n<span style=\"font-family: tahoma, arial, helvetica, sans-serif; font-size: 105%;\"><a href=\"https:\/\/azura.ro\/es\/2-ani-garantie\/\" target=\"_blank\" rel=\"noopener noreferrer\">Ofrecemos garant\u00eda contra defectos de fabricaci\u00f3n, 2 a\u00f1os de garant\u00eda<\/a><\/span><\/p>\n<p>&nbsp;<\/p>","protected":false},"featured_media":68344,"comment_status":"open","ping_status":"closed","template":"","meta":{"_seopress_robots_primary_cat":"none","_seopress_titles_title":"","_seopress_titles_desc":"","_seopress_robots_index":""},"product_brand":[],"product_cat":[134,135],"product_tag":[375,573,1208,1209,675,676,791,674],"class_list":{"0":"post-6036","1":"product","2":"type-product","3":"status-publish","4":"has-post-thumbnail","6":"product_cat-dedurizatoare-fara-sare-tac","7":"product_cat-sisteme-anticalcar-tac","8":"product_tag-dedurizator","9":"product_tag-dedurizator-fara-sare","10":"product_tag-dedurizator-fara-sare-next-scale-stop","11":"product_tag-dedurizator-tac","12":"product_tag-fara-sare","13":"product_tag-next","14":"product_tag-next-scale-stop","15":"product_tag-tac","16":"pa_amplasare-conductaprincipala","17":"pa_brand-next-scale-stop","19":"first","20":"instock","21":"taxable","22":"shipping-taxable","23":"purchasable","24":"product-type-simple"},"_links":{"self":[{"href":"https:\/\/azura.ro\/es\/wp-json\/wp\/v2\/product\/6036","targetHints":{"allow":["GET"]}}],"collection":[{"href":"https:\/\/azura.ro\/es\/wp-json\/wp\/v2\/product"}],"about":[{"href":"https:\/\/azura.ro\/es\/wp-json\/wp\/v2\/types\/product"}],"replies":[{"embeddable":true,"href":"https:\/\/azura.ro\/es\/wp-json\/wp\/v2\/comments?post=6036"}],"wp:featuredmedia":[{"embeddable":true,"href":"https:\/\/azura.ro\/es\/wp-json\/wp\/v2\/media\/68344"}],"wp:attachment":[{"href":"https:\/\/azura.ro\/es\/wp-json\/wp\/v2\/media?parent=6036"}],"wp:term":[{"taxonomy":"product_brand","embeddable":true,"href":"https:\/\/azura.ro\/es\/wp-json\/wp\/v2\/product_brand?post=6036"},{"taxonomy":"product_cat","embeddable":true,"href":"https:\/\/azura.ro\/es\/wp-json\/wp\/v2\/product_cat?post=6036"},{"taxonomy":"product_tag","embeddable":true,"href":"https:\/\/azura.ro\/es\/wp-json\/wp\/v2\/product_tag?post=6036"}],"curies":[{"name":"wp","href":"https:\/\/api.w.org\/{rel}","templated":true}]}}