{"id":6048,"date":"2017-02-19T14:02:19","date_gmt":"2017-02-19T12:02:19","guid":{"rendered":"https:\/\/azura.ro\/produs\/dedurizator-fara-sare-tac-next-scale-stop-nss-120b\/"},"modified":"2025-08-05T14:27:08","modified_gmt":"2025-08-05T11:27:08","slug":"dedurizator-fara-sare-tac-next-scale-stop-nss-120b","status":"publish","type":"product","link":"https:\/\/azura.ro\/es\/produs\/dedurizator-fara-sare-tac-next-scale-stop-nss-120b\/","title":{"rendered":"DESCALCIFICADOR SIN SAL TAC NEXT SCALE STOP NSS-120B"},"content":{"rendered":"<h2><span style=\"font-family: tahoma, arial, helvetica, sans-serif; font-size: 110%;\"><strong>TAC Next Scale Stop NSS-120B<\/strong>utiliza una tecnolog\u00eda sin sal denominada cristalizaci\u00f3n asistida por plantilla.<\/span><\/h2>\n<p><span style=\"font-family: tahoma, arial, helvetica, sans-serif; font-size: 110%;\">Probado y verificado<\/span><\/p>\n<p><span style=\"font-family: tahoma, arial, helvetica, sans-serif; font-size: 110%;\">Probado por laboratorio independiente para evitar dep\u00f3sitos,\u00a0\u00a0<strong>TAC Next Scale Stop are o cota de 99.6% pentru prevenirea depunerilor, singura tehnologie care a atins aceasta performanta, fiind mai eficient care orice alta alternativa.<\/strong><\/span><\/p>\n<p><span style=\"font-family: tahoma, arial, helvetica, sans-serif; font-size: 110%;\">Certificaciones TAC, Pr\u00f3xima Parada de Escala: <\/span><span style=\"font-family: tahoma, arial, helvetica, sans-serif; font-size: 110%;\">Norma 61 de la NSF.<\/span><\/p>\n<p><span style=\"font-family: tahoma, arial, helvetica, sans-serif; font-size: 110%;\"><img decoding=\"async\" class=\"wp-image-960 alignright\" src=\"https:\/\/azura.ro\/wp-content\/uploads\/2016\/10\/nsf.png\" alt=\"\" width=\"108\" height=\"111\" \/> \u00a0<\/span><br \/>\n<span style=\"font-size: 110%; font-family: tahoma, arial, helvetica, sans-serif;\">Recomandat pentru un debit continuu de 20 l \/ minut si pentru varfuri de debit pana la 25 \/ minut.<\/span><\/p>\n<p><span style=\"font-family: tahoma, arial, helvetica, sans-serif; font-size: 110%;\">Dureza m\u00e1xima recomendada: 72,8 grados alemanes<\/span><\/p>\n<p><span style=\"font-family: tahoma, arial, helvetica, sans-serif; font-size: 110%;\"><strong>Nota:<\/strong> tehnologia TAC nu functioneaza ca un dedurizator clasic, prin schimb ionic si prin inlocuirea din apa a sarurilor de calciu si de magneziu cu sodiu. Din acest punct de vedere, ar trebui numit decalcificator sau mai corect conditionator. Deci, aveti in vedere faptul ca nu este un dedurizator traditonal si ca ionii de calciu si de magneziu raman in apa dar sub o forma care stopeaza depunerile. Deci, duritatea apei va ramane aceeasi, inainte de tratare si dupa tratare cu TAC.<br \/>\n<\/span><\/p>\n<h2><span style=\"font-family: tahoma, arial, helvetica, sans-serif; font-size: 110%;\"><strong>Dedurizatorul TAC Next Scale Stop NSS-120B<\/strong>\u00a0&#8211; previne depunerile in instalatii si protejeaja echipamentele.<\/span><\/h2>\n<p><span style=\"font-family: tahoma, arial, helvetica, sans-serif; font-size: 110%;\">Depunerile calcaroase din instalatii, blocheaza conductele, robinetii, distruge centrala termica si boilerul. Cu TAC next\u00a0NSS-120B, vei economisi bani si vei aea timp pentru tine, nu timp pentru reparatii!<\/span><\/p>\n<p><span style=\"font-family: tahoma, arial, helvetica, sans-serif; font-size: 110%;\"><strong>Dedurizatorul TAC Next Scale Stop NSS-120B<\/strong>\u00a0- Utilizando la tecnolog\u00eda TAC, eliminar\u00e1 los dep\u00f3sitos existentes en las instalaciones y prolongar\u00e1 considerablemente la vida \u00fatil de los equipos que utilizan agua. Si ha utilizado agua dura sin tratar, se habr\u00e1n formado dep\u00f3sitos en sus instalaciones. El uso de la tecnolog\u00eda TAC limpiar\u00e1 gradualmente la instalaci\u00f3n. El descalcificador cl\u00e1sico no puede hacer esto.<\/span><\/p>\n<p><span style=\"font-family: tahoma, arial, helvetica, sans-serif; font-size: 110%;\"><strong>No necesita productos qu\u00edmicos: \u00a1respeta el medio ambiente!<\/strong><\/span><br \/>\n<span style=\"font-family: tahoma, arial, helvetica, sans-serif; font-size: 110%;\">El descalcificador cl\u00e1sico utiliza sal para la regeneraci\u00f3n, lo que no es nada econ\u00f3mico ni respetuoso con el medio ambiente, ya que esta salmuera debe verterse al alcantarillado tras el proceso de regeneraci\u00f3n.<\/span><br \/>\n<span style=\"font-family: tahoma, arial, helvetica, sans-serif; font-size: 110%;\"><img decoding=\"async\" class=\"wp-image-962 aligncenter\" src=\"https:\/\/azura.ro\/wp-content\/uploads\/2016\/10\/dedurizator_fara_sare.png\" alt=\"\" width=\"162\" height=\"154\" srcset=\"https:\/\/azura.ro\/wp-content\/uploads\/2016\/10\/dedurizator_fara_sare.png 305w, https:\/\/azura.ro\/wp-content\/uploads\/2016\/10\/dedurizator_fara_sare-300x284.png 300w\" sizes=\"(max-width: 162px) 100vw, 162px\" \/><\/span><br \/>\n<span style=\"font-family: tahoma, arial, helvetica, sans-serif; font-size: 110%;\">Es 100% ecol\u00f3gico y econ\u00f3mico sin necesidad de comprar sal. Porque\u00a0<strong>Dedurizatorul TAC Next Scale Stop NSS-120B, <\/strong>Al no utilizar sal, conseguir\u00e1 un importante ahorro, dinero que podr\u00e1 utilizar para cualquier otra cosa.<\/span><\/p>\n<p><span style=\"font-family: tahoma, arial, helvetica, sans-serif; font-size: 110%;\"><strong>M\u00ednimo mantenimiento y bajos costes<\/strong><\/span><br \/>\n<span style=\"font-family: tahoma, arial, helvetica, sans-serif; font-size: 110%;\">Statiile de dedurizare clasice contin valve de comanda electronice sau mecanice ce au nevoie de intretinere, curatare perioadica. Acest lucru necesita specialisti, adica costuri pentru dvs. <strong>Dedurizatorul TAC Next Scale Stop NSS-120B\u00a0<\/strong>no contiene piezas m\u00f3viles, por lo que absolutamente nada puede desgastarse.<\/span><br \/>\n<span style=\"font-family: tahoma, arial, helvetica, sans-serif; font-size: 110%;\"><img decoding=\"async\" class=\"wp-image-963 aligncenter\" src=\"https:\/\/azura.ro\/wp-content\/uploads\/2016\/10\/statie_dedurizare_fara_sare.jpg\" alt=\"\" width=\"151\" height=\"150\" srcset=\"https:\/\/azura.ro\/wp-content\/uploads\/2016\/10\/statie_dedurizare_fara_sare.jpg 257w, https:\/\/azura.ro\/wp-content\/uploads\/2016\/10\/statie_dedurizare_fara_sare-247x247.jpg 247w, https:\/\/azura.ro\/wp-content\/uploads\/2016\/10\/statie_dedurizare_fara_sare-100x100.jpg 100w, https:\/\/azura.ro\/wp-content\/uploads\/2016\/10\/statie_dedurizare_fara_sare-150x150.jpg 150w, https:\/\/azura.ro\/wp-content\/uploads\/2016\/10\/statie_dedurizare_fara_sare-50x50.jpg 50w\" sizes=\"(max-width: 151px) 100vw, 151px\" \/><\/span><\/p>\n<p><span style=\"font-family: tahoma, arial, helvetica, sans-serif; font-size: 110%;\"><strong>Sin electricidad - instalado en cualquier lugar<\/strong><\/span><br \/>\n<span style=\"font-family: tahoma, arial, helvetica, sans-serif; font-size: 110%;\"><strong>Dedurizatorul TAC Next Scale Stop NSS-120B,<\/strong> no utiliza electricidad y no vierte agua al alcantarillado. As\u00ed que puede instalarse en cualquier sitio.<\/span><\/p>\n<p><span style=\"font-family: tahoma, arial, helvetica, sans-serif; font-size: 110%;\"><strong>Ahorro de costes<\/strong><\/span><br \/>\n<span style=\"font-family: tahoma, arial, helvetica, sans-serif; font-size: 110%;\"><strong>Dedurizatorul TAC Next Scale Stop NSS-120B &#8211; <\/strong>se plateste singur in timp, deoarece nu mai cumparati sare, nu mai utilizati curent electric, nu mai deversati apa la canalizare, pompata tot cu ajutorul curentului sau platita la regia de apa!<\/span><\/p>\n<p><span style=\"font-family: tahoma, arial, helvetica, sans-serif; font-size: 110%;\">\u00bfSab\u00eda que 1 mm de cal en una caldera o sistema de calefacci\u00f3n central reduce la potencia calor\u00edfica en 10%? Y esta acumulaci\u00f3n se produce en menos de un a\u00f1o. Y en tres a\u00f1os reducir\u00e1 la potencia calor\u00edfica hasta 241TP33T.<\/span><\/p>\n<p><span style=\"font-family: tahoma, arial, helvetica, sans-serif; font-size: 110%;\"><strong>Piezas de recambio<\/strong><\/span><br \/>\n<span style=\"font-family: tahoma, arial, helvetica, sans-serif; font-size: 110%;\">Pentru ca nimic in aceasta lume nu dureaza la infinit, cartusul trebuie schimbat o data la 2 ani. Acest mediu filtrant este singurul consumabil, fara alte reparatii si piese de schimb ca in cazul dedurizatoarelor clasice!<\/span><\/p>\n<p><span style=\"font-family: tahoma, arial, helvetica, sans-serif; font-size: 110%;\"><strong>Condiciones de instalaci\u00f3n:<\/strong><\/span><\/p>\n<p><span style=\"font-family: tahoma, arial, helvetica, sans-serif; font-size: 110%;\">- se instalar\u00e1 a la entrada de la casa en la tuber\u00eda principal de agua fr\u00eda;<\/span><br \/>\n<span style=\"font-family: tahoma, arial, helvetica, sans-serif; font-size: 110%;\">- Si hay m\u00e1s de un equipo de tratamiento\/filtraci\u00f3n, instale el \u00faltimo en el esquema de filtraci\u00f3n;<\/span><br \/>\n<span style=\"font-family: tahoma, arial, helvetica, sans-serif; font-size: 110%;\">&#8211; se va instala inainte de orice echipament casnic sau de incalzire, ce ce doreste a fi protejat de calcar;<\/span><br \/>\n<span style=\"font-family: tahoma, arial, helvetica, sans-serif; font-size: 110%;\">- si la instalaci\u00f3n es de cobre, el agua se utilizar\u00e1 durante cuatro semanas antes de ser tratada y pasada por el<strong> Dedurizatorul TAC Next Scale Stop NSS-120.\u00a0<\/strong>Tehnologia TAC nu are voie sa intre in contact cu cuprul. Dupa utilizarea a patru saptamani, conductele de cupru vor fi pasivizate, iar acest lucru va impiedica ca ioni de cupru sa ajunga in mediul filtrant TAC.<\/span><br \/>\n<span style=\"font-family: tahoma, arial, helvetica, sans-serif; font-size: 110%;\">&#8211; recomandam instalarea unui filtru de sediment, cu grad de filtrare intre 5 &#8211; 20 microni, inaintea dedurizatorului\u00a0<strong>TAC Next Scale Stop NSS-120. <\/strong>In acest fel, mediul filtrant TAC, va ramane curat si performant.<\/span><br \/>\n<span style=\"font-family: tahoma, arial, helvetica, sans-serif; font-size: 110%;\">- si el agua est\u00e1 clorada (redes p\u00fablicas de agua) recomendamos la instalaci\u00f3n de un sistema de filtraci\u00f3n de carb\u00f3n activado;<\/span><br \/>\n<span style=\"font-family: tahoma, arial, helvetica, sans-serif; font-size: 110%;\">- recomendamos la instalaci\u00f3n de un bypass, compuesto por tuber\u00edas y tres v\u00e1lvulas, en caso de servicio o cambio del medio filtrante.<\/span><\/p>\n<p><span style=\"font-family: tahoma, arial, helvetica, sans-serif; font-size: 110%;\"><strong>Modele TAC Next Scale Stop NSS-120B:<\/strong><\/span><\/p>\n<ul>\n<li><span style=\"font-family: tahoma, arial, helvetica, sans-serif; font-size: 110%;\">NSS-120B<\/span><\/li>\n<li><span style=\"font-family: tahoma, arial, helvetica, sans-serif; font-size: 110%;\">NSS-120B Bypass<\/span><\/li>\n<\/ul>\n<h3><span style=\"font-family: tahoma, arial, helvetica, sans-serif; font-size: 110%;\">Calidad del agua porque <strong>dedurizatorul TAC Next Scale Stop next\u00a0NSS-120B\u00a0<\/strong>puede utilizarse con \u00e9xito<\/span><\/h3>\n<p><span style=\"font-size: 110%;\">El agua de alimentaci\u00f3n\/tratamiento debe cumplir las siguientes condiciones:<\/span><\/p>\n<p><span style=\"font-family: tahoma, arial, helvetica, sans-serif; font-size: 110%;\">pH: 6,5 - 8,5<\/span><br \/>\n<span style=\"font-family: tahoma, arial, helvetica, sans-serif; font-size: 110%;\">Dureza m\u00e1xima: 72,8 grados alemanes<\/span><br \/>\n<span style=\"font-family: tahoma, arial, helvetica, sans-serif; font-size: 110%;\">Presiune min\/max &#8211; 1-5 bari (recomandam utilizarea cu o presiune max. de 4.5 bari)<\/span><br \/>\n<span style=\"font-family: tahoma, arial, helvetica, sans-serif; font-size: 110%;\">Temperatura: de 5\u00b0C a 43\u00b0C<\/span><br \/>\n<span style=\"font-family: tahoma, arial, helvetica, sans-serif; font-size: 110%;\">Cloro: &lt; 3ppm<\/span><br \/>\n<span style=\"font-family: tahoma, arial, helvetica, sans-serif; font-size: 110%;\">Hierro (m\u00e1ximo): 0,3 mg\/l<\/span><br \/>\n<span style=\"font-family: tahoma, arial, helvetica, sans-serif; font-size: 110%;\">Manganeso (m\u00e1ximo): 0,05 mg\/l<\/span><br \/>\n<span style=\"font-family: tahoma, arial, helvetica, sans-serif; font-size: 110%;\">Cobre (m\u00e1ximo): 1,3 mg\/l<\/span><br \/>\n<span style=\"font-family: tahoma, arial, helvetica, sans-serif; font-size: 110%;\">Aceite \/ gasolina y sulfuro de hidr\u00f3geno: no permitidos<\/span><br \/>\n<span style=\"font-family: tahoma, arial, helvetica, sans-serif; font-size: 110%;\">Polifosfato: no autorizado<\/span><br \/>\n<span style=\"font-family: tahoma, arial, helvetica, sans-serif; font-size: 110%;\">Silicio (m\u00e1ximo): 10 ppm<\/span><\/p>\n<p><span style=\"font-family: tahoma, arial, helvetica, sans-serif; font-size: 110%;\">Si el agua procede de una fuente controlada (f\u00e1brica de agua) y cumple las normas sobre agua potable, no es necesario realizar un informe de an\u00e1lisis.<\/span><\/p>\n<p><span style=\"font-family: tahoma, arial, helvetica, sans-serif; font-size: 110%;\">Especificaciones t\u00e9cnicas:<\/span><br \/>\n<span style=\"font-family: tahoma, arial, helvetica, sans-serif; font-size: 110%;\">Conexiones: 1\u2033 IN\/OUT;<\/span><br \/>\n<span style=\"font-family: tahoma, arial, helvetica, sans-serif; font-size: 110%;\">Inaltime: 605 mm;<\/span><br \/>\n<span style=\"font-family: tahoma, arial, helvetica, sans-serif; font-size: 110%;\">Diametru: \u00a0190 cm;<\/span><\/p>\n<p><span style=\"font-family: tahoma, arial, helvetica, sans-serif; font-size: 110%;\">Mantenimiento:<\/span><\/p>\n<p><span style=\"font-family: tahoma, arial, helvetica, sans-serif; font-size: 110%;\">Cambie el cartucho del filtro una vez cada 2 a\u00f1os. \u00a1Durante dos a\u00f1os no hay intervenci\u00f3n de mantenimiento y servicio!<\/span><\/p>\n<p><span style=\"font-family: tahoma, arial, helvetica, sans-serif; font-size: 110%;\">2 a\u00f1os de garant\u00eda<\/span><\/p>\n<p><span style=\"font-size: 110%;\">Ensamblado en Ruman\u00eda. Utilizamos TAC Next Scale Stop (Reino Unido).<\/span><\/p>","protected":false},"excerpt":{"rendered":"<p>Dedurizator TAC, fara sare <strong>next NSS-120B<\/strong>, pentru toata casa. Doi ani fara consum de sare si fara mentenanta! Eficient chiar si pana la 72,8 grade germane!!! \u00a0<span style=\"font-size: 100%;\"><span style=\"font-family: tahoma, arial, helvetica, sans-serif; font-size: 100%;\">Recomandat pentru un debit continuu de 20 l \/ minut si pentru varfuri de debit pana la 25 \/ minut.<\/span><\/span><\/p>\n<p><a href=\"https:\/\/azura.ro\/es\/100-30-dias-de-garantia-de-devolucion\/\" target=\"_blank\" rel=\"noopener noreferrer\"><img decoding=\"async\" class=\"alignnone wp-image-7307\" src=\"https:\/\/azura.ro\/wp-content\/uploads\/2016\/06\/Garantie-retur.png\" alt=\"\" width=\"108\" height=\"131\" \/><\/a><a href=\"https:\/\/azura.ro\/es\/service\/\" target=\"_blank\" rel=\"noopener noreferrer\"><img decoding=\"async\" class=\"alignnone wp-image-7308\" src=\"https:\/\/azura.ro\/wp-content\/uploads\/2016\/06\/Service.png\" alt=\"\" width=\"109\" height=\"112\" \/><\/a><a href=\"https:\/\/azura.ro\/es\/2-ani-garantie\/\" target=\"_blank\" rel=\"noopener noreferrer\"><img decoding=\"async\" class=\"alignnone wp-image-14008\" src=\"https:\/\/azura.ro\/wp-content\/uploads\/2018\/12\/2-ani-garantie.png\" alt=\"\" width=\"107\" height=\"137\" \/><\/a><\/p>\n<p><a href=\"https:\/\/azura.ro\/es\/100-30-dias-de-garantia-de-devolucion\/\" target=\"_blank\" rel=\"noopener noreferrer\">Ofrecemos garant\u00eda de satisfacci\u00f3n con devoluci\u00f3n del dinero en 30 d\u00edas<\/a><br \/>\n<a href=\"https:\/\/azura.ro\/es\/service\/\" target=\"_blank\" rel=\"noopener noreferrer\">Ofrecemos servicio especializado en Ruman\u00eda \u00a1Cualquier problema t\u00e9cnico se resuelve en Ruman\u00eda!<\/a><br \/>\n<a href=\"https:\/\/azura.ro\/es\/2-ani-garantie\/\" target=\"_blank\" rel=\"noopener noreferrer\">Ofrecemos garant\u00eda contra defectos de fabricaci\u00f3n, 2 a\u00f1os de garant\u00eda<\/a><\/p>","protected":false},"featured_media":69111,"comment_status":"open","ping_status":"closed","template":"","meta":{"_seopress_robots_primary_cat":"none","_seopress_titles_title":"","_seopress_titles_desc":"","_seopress_robots_index":""},"product_brand":[],"product_cat":[134,135],"product_tag":[375,675,676,791,674],"class_list":{"0":"post-6048","1":"product","2":"type-product","3":"status-publish","4":"has-post-thumbnail","6":"product_cat-dedurizatoare-fara-sare-tac","7":"product_cat-sisteme-anticalcar-tac","8":"product_tag-dedurizator","9":"product_tag-fara-sare","10":"product_tag-next","11":"product_tag-next-scale-stop","12":"product_tag-tac","13":"pa_amplasare-conductaprincipala","14":"pa_brand-next-scale-stop","16":"first","17":"instock","18":"taxable","19":"shipping-taxable","20":"purchasable","21":"product-type-simple"},"_links":{"self":[{"href":"https:\/\/azura.ro\/es\/wp-json\/wp\/v2\/product\/6048","targetHints":{"allow":["GET"]}}],"collection":[{"href":"https:\/\/azura.ro\/es\/wp-json\/wp\/v2\/product"}],"about":[{"href":"https:\/\/azura.ro\/es\/wp-json\/wp\/v2\/types\/product"}],"replies":[{"embeddable":true,"href":"https:\/\/azura.ro\/es\/wp-json\/wp\/v2\/comments?post=6048"}],"wp:featuredmedia":[{"embeddable":true,"href":"https:\/\/azura.ro\/es\/wp-json\/wp\/v2\/media\/69111"}],"wp:attachment":[{"href":"https:\/\/azura.ro\/es\/wp-json\/wp\/v2\/media?parent=6048"}],"wp:term":[{"taxonomy":"product_brand","embeddable":true,"href":"https:\/\/azura.ro\/es\/wp-json\/wp\/v2\/product_brand?post=6048"},{"taxonomy":"product_cat","embeddable":true,"href":"https:\/\/azura.ro\/es\/wp-json\/wp\/v2\/product_cat?post=6048"},{"taxonomy":"product_tag","embeddable":true,"href":"https:\/\/azura.ro\/es\/wp-json\/wp\/v2\/product_tag?post=6048"}],"curies":[{"name":"wp","href":"https:\/\/api.w.org\/{rel}","templated":true}]}}