{"id":60879,"date":"2023-05-21T21:30:54","date_gmt":"2023-05-21T18:30:54","guid":{"rendered":"https:\/\/azura.ro\/?post_type=product&#038;p=60879"},"modified":"2026-02-12T10:38:31","modified_gmt":"2026-02-12T08:38:31","slug":"separator-nisip-hidrociclonic-2-toli-purjare-manuala","status":"publish","type":"product","link":"https:\/\/azura.ro\/es\/produs\/separator-nisip-hidrociclonic-2-toli-purjare-manuala\/","title":{"rendered":"HIDROCICL\u00d3N SEPARADOR DE ARENA 2 TOLI, PURGA MANUAL"},"content":{"rendered":"<h2><span style=\"font-family: tahoma, arial, helvetica, sans-serif; font-size: 110%;\">Separator nisip prin tehnologia ciclonica, conectare la 2 toli, cu purjare manuala, model P2020-PM.<\/span><\/h2>\n<p><span style=\"font-family: tahoma, arial, helvetica, sans-serif; font-size: 110%;\">El separador de arena no contiene un cartucho filtrante, sino que utiliza el m\u00e9todo cicl\u00f3nico para separar la arena. Con la velocidad del agua que pasa por el recipiente c\u00f3nico, la arena golpea las paredes del recipiente y, al ser m\u00e1s pesada que el agua, cae al recipiente cil\u00edndrico del fondo.<\/span><\/p>\n<p><span style=\"font-family: tahoma, arial, helvetica, sans-serif; font-size: 110%;\">Intretinerea separatorului de nisip hidrociclonic consta in purjarea manuala regulata a apei ce va antrena nisipul colectat. Purjarea se efectueaza prin deschiderea manuala a robinetului de la baza.<\/span><\/p>\n<p><span style=\"font-family: tahoma, arial, helvetica, sans-serif; font-size: 110%;\">El caudal m\u00ednimo especificado a continuaci\u00f3n es importante para obtener resultados \u00f3ptimos, ya que cuanto m\u00e1s fuerte sea el cicl\u00f3n, m\u00e1s eficaz ser\u00e1 la separaci\u00f3n de la arena.<\/span><\/p>\n<p><span style=\"font-family: tahoma, arial, helvetica, sans-serif; font-size: 110%;\">Para obtener resultados a\u00fan mejores en la separaci\u00f3n de arenas, se recomienda a\u00f1adir un tamiz o un filtro de discos como segunda etapa de filtraci\u00f3n.<\/span><\/p>\n<p><span style=\"font-family: tahoma, arial, helvetica, sans-serif; font-size: 110%;\">El separador de arena puede utilizarse como pretratamiento para la filtraci\u00f3n mec\u00e1nica, tanto en la industria como en los sistemas de riego.<\/span><\/p>\n<p><span style=\"font-family: tahoma, arial, helvetica, sans-serif; font-size: 110%;\">Aplicaciones:<\/span><\/p>\n<p><span style=\"font-family: tahoma, arial, helvetica, sans-serif; font-size: 110%;\">F\u00e1bricas - agua de proceso, agua para la producci\u00f3n de alimentos, agua embotellada (en combinaci\u00f3n con otros equipos);<\/span><br \/>\n<span style=\"font-family: tahoma, arial, helvetica, sans-serif; font-size: 110%;\">Riego - agricultura:<\/span><br \/>\n<span style=\"font-family: tahoma, arial, helvetica, sans-serif; font-size: 110%;\">Edificios residenciales y comerciales; naves log\u00edsticas;<\/span><br \/>\n<span style=\"font-family: tahoma, arial, helvetica, sans-serif; font-size: 110%;\">Prefiltrare sisteme de osmoza inversa, declorinare, demanganizare, deferizare, Se va instala ca prima treapta, inaintea echipamentelor de tratare a apei.<\/span><\/p>\n<p><span style=\"font-family: tahoma, arial, helvetica, sans-serif; font-size: 110%;\">Especificaciones t\u00e9cnicas:<\/span><\/p>\n<p><span style=\"font-family: tahoma, arial, helvetica, sans-serif; font-size: 110%;\">Dimensiones: Alto: 1154 mm; Largo: 580 mm; Ancho: 206 mm<\/span><br \/>\n<span style=\"font-family: tahoma, arial, helvetica, sans-serif; font-size: 110%;\">Debit minim pentru rezultate optime: 20 m3\/H<\/span><br \/>\n<span style=\"font-family: tahoma, arial, helvetica, sans-serif; font-size: 110%;\">Caudal m\u00e1ximo: 30 m3\/H<\/span><br \/>\n<span style=\"font-family: tahoma, arial, helvetica, sans-serif; font-size: 110%;\">Interruptor IN\/OUT: 2 tol, rosca exterior<\/span><br \/>\n<span style=\"font-family: tahoma, arial, helvetica, sans-serif; font-size: 110%;\">Grifo de vaciado manual: 3\/4 <\/span><br \/>\n<span style=\"font-family: tahoma, arial, helvetica, sans-serif; font-size: 110%;\">Material: Pl\u00e1stico PA6GFR30<\/span><br \/>\n<span style=\"font-family: tahoma, arial, helvetica, sans-serif; font-size: 110%;\">Temperatura m\u00e1xima del agua : 60 C<\/span><br \/>\n<span style=\"font-family: tahoma, arial, helvetica, sans-serif; font-size: 110%;\">Presi\u00f3n m\u00e1xima: 8 bar<\/span><\/p>\n<p><span style=\"font-family: tahoma, arial, helvetica, sans-serif; font-size: 110%;\">El producto no contiene cartucho filtrante porque no lo necesita. <\/span><\/p>\n<p><span style=\"font-family: tahoma, arial, helvetica, sans-serif; font-size: 110%;\">Garantie: 2 ani pentru persoane fizice si 1 an pentru persoane juridice.<\/span><\/p>","protected":false},"excerpt":{"rendered":"<p>Separator nisip prin tehnologia ciclonica, conectare la 2 toli, cu purjare manuala, model P2020-PM. Separatorul de nisip nu contine un cartus filtrant, ci se foloseste de metoda ciclonica pentru separarea nisipului. Cu ajutorul vitezei de trecere a apei prin recipientul conic, nisipul se loveste de peretii acestuia si fiind mai greu ca apa, cade in [&#8230;]\n","protected":false},"featured_media":65291,"comment_status":"open","ping_status":"closed","template":"","meta":{"_seopress_robots_primary_cat":"none","_seopress_titles_title":"","_seopress_titles_desc":"","_seopress_robots_index":""},"product_brand":[],"product_cat":[1892],"product_tag":[1898,1897],"class_list":{"0":"post-60879","1":"product","2":"type-product","3":"status-publish","4":"has-post-thumbnail","6":"product_cat-separatoare-nisip","7":"product_tag-separator-hidrociclonic","8":"product_tag-separator-nisip","9":"pa_amplasare-conductaprincipala","11":"first","12":"outofstock","13":"taxable","14":"shipping-taxable","15":"purchasable","16":"product-type-simple"},"_links":{"self":[{"href":"https:\/\/azura.ro\/es\/wp-json\/wp\/v2\/product\/60879","targetHints":{"allow":["GET"]}}],"collection":[{"href":"https:\/\/azura.ro\/es\/wp-json\/wp\/v2\/product"}],"about":[{"href":"https:\/\/azura.ro\/es\/wp-json\/wp\/v2\/types\/product"}],"replies":[{"embeddable":true,"href":"https:\/\/azura.ro\/es\/wp-json\/wp\/v2\/comments?post=60879"}],"wp:featuredmedia":[{"embeddable":true,"href":"https:\/\/azura.ro\/es\/wp-json\/wp\/v2\/media\/65291"}],"wp:attachment":[{"href":"https:\/\/azura.ro\/es\/wp-json\/wp\/v2\/media?parent=60879"}],"wp:term":[{"taxonomy":"product_brand","embeddable":true,"href":"https:\/\/azura.ro\/es\/wp-json\/wp\/v2\/product_brand?post=60879"},{"taxonomy":"product_cat","embeddable":true,"href":"https:\/\/azura.ro\/es\/wp-json\/wp\/v2\/product_cat?post=60879"},{"taxonomy":"product_tag","embeddable":true,"href":"https:\/\/azura.ro\/es\/wp-json\/wp\/v2\/product_tag?post=60879"}],"curies":[{"name":"wp","href":"https:\/\/api.w.org\/{rel}","templated":true}]}}