{"id":60883,"date":"2023-05-21T21:32:25","date_gmt":"2023-05-21T18:32:25","guid":{"rendered":"https:\/\/azura.ro\/?post_type=product&#038;p=60883"},"modified":"2026-02-10T14:46:47","modified_gmt":"2026-02-10T12:46:47","slug":"separator-nisip-hidrociclonic-2-toli-purjare-automata","status":"publish","type":"product","link":"https:\/\/azura.ro\/es\/produs\/separator-nisip-hidrociclonic-2-toli-purjare-automata\/","title":{"rendered":"HIDROCICL\u00d3N SEPARADOR DE ARENA 2 TOLI, PURGA AUTOM\u00c1TICA"},"content":{"rendered":"<h2><span style=\"font-family: tahoma, arial, helvetica, sans-serif; font-size: 110%;\">Separator nisip prin tehnologia ciclonica, conectare la 2 toli, cu purjare automata, model P2020-PA.<\/span><\/h2>\n<p><span style=\"font-family: tahoma, arial, helvetica, sans-serif; font-size: 110%;\">El separador de arena no contiene un cartucho filtrante, sino que utiliza el m\u00e9todo cicl\u00f3nico para separar la arena. Con la velocidad del agua que pasa por el recipiente c\u00f3nico, la arena golpea las paredes del recipiente y, al ser m\u00e1s pesada que el agua, cae al recipiente cil\u00edndrico del fondo.<\/span><\/p>\n<p><span style=\"font-family: tahoma, arial, helvetica, sans-serif; font-size: 110%;\">El mantenimiento del separador de arena hidrocicl\u00f3nico consiste en la purga autom\u00e1tica peri\u00f3dica del agua que arrastrar\u00e1 la arena recogida. La purga se realiza abriendo autom\u00e1ticamente la v\u00e1lvula situada en la base.<\/span><\/p>\n<p><span style=\"font-family: tahoma, arial, helvetica, sans-serif; font-size: 110%;\">El caudal m\u00ednimo especificado a continuaci\u00f3n es importante para obtener resultados \u00f3ptimos, ya que cuanto m\u00e1s fuerte sea el cicl\u00f3n, m\u00e1s eficaz ser\u00e1 la separaci\u00f3n de la arena.<\/span><\/p>\n<p><span style=\"font-family: tahoma, arial, helvetica, sans-serif; font-size: 110%;\">Para obtener resultados a\u00fan mejores en la separaci\u00f3n de arenas, se recomienda a\u00f1adir un tamiz o un filtro de discos como segunda etapa de filtraci\u00f3n.<\/span><\/p>\n<p><span style=\"font-family: tahoma, arial, helvetica, sans-serif; font-size: 110%;\">El separador de arena puede utilizarse como pretratamiento para la filtraci\u00f3n mec\u00e1nica, tanto en la industria como en los sistemas de riego.<\/span><\/p>\n<p><span style=\"font-family: tahoma, arial, helvetica, sans-serif; font-size: 110%;\">Aplicaciones:<\/span><\/p>\n<p><span style=\"font-family: tahoma, arial, helvetica, sans-serif; font-size: 110%;\">F\u00e1bricas - agua de proceso, agua para la producci\u00f3n de alimentos, agua embotellada (en combinaci\u00f3n con otros equipos);<\/span><br \/>\n<span style=\"font-family: tahoma, arial, helvetica, sans-serif; font-size: 110%;\">Riego - agricultura:<\/span><br \/>\n<span style=\"font-family: tahoma, arial, helvetica, sans-serif; font-size: 110%;\">Edificios residenciales y comerciales; naves log\u00edsticas;<\/span><br \/>\n<span style=\"font-family: tahoma, arial, helvetica, sans-serif; font-size: 110%;\">Prefiltraci\u00f3n de sistemas de \u00f3smosis inversa, decloraci\u00f3n, desmanganizaci\u00f3n, desferrizaci\u00f3n. Para instalar como primera etapa, antes del equipo de tratamiento de agua.<\/span><\/p>\n<p><span style=\"font-family: tahoma, arial, helvetica, sans-serif; font-size: 110%;\">Especificaciones t\u00e9cnicas:<\/span><\/p>\n<p><span style=\"font-family: tahoma, arial, helvetica, sans-serif; font-size: 110%;\">Dimensiones: Alto: 1154 mm; Largo: 580 mm; Ancho: 206 mm<\/span><br \/>\n<span style=\"font-family: tahoma, arial, helvetica, sans-serif; font-size: 110%;\">Debit minim pentru rezultate optime: 20 m3\/H<\/span><br \/>\n<span style=\"font-family: tahoma, arial, helvetica, sans-serif; font-size: 110%;\">Caudal m\u00e1ximo: 30 m3\/H<\/span><br \/>\n<span style=\"font-family: tahoma, arial, helvetica, sans-serif; font-size: 110%;\">Interruptor IN\/OUT: 2 tol, rosca exterior<\/span><br \/>\n<span style=\"font-family: tahoma, arial, helvetica, sans-serif; font-size: 110%;\">V\u00e1lvula programable por tiempo, purga autom\u00e1tica de 1\/2 <\/span><br \/>\n<span style=\"font-family: tahoma, arial, helvetica, sans-serif; font-size: 110%;\">Material: Pl\u00e1stico PA6GFR30<\/span><br \/>\n<span style=\"font-family: tahoma, arial, helvetica, sans-serif; font-size: 110%;\">Temperatura m\u00e1xima del agua : 60 C<\/span><br \/>\n<span style=\"font-family: tahoma, arial, helvetica, sans-serif; font-size: 110%;\">Presi\u00f3n m\u00e1xima: 8 bar<\/span><br \/>\n<span style=\"font-family: tahoma, arial, helvetica, sans-serif; font-size: 110%;\">Purga autom\u00e1tica programable por tiempo. Purga de 15 segundos con intervalo entre 1 hora - 16 horas.<\/span><\/p>\n<p><span style=\"font-family: tahoma, arial, helvetica, sans-serif; font-size: 110%;\"><strong>Otras informaciones:<\/strong><\/span><\/p>\n<p><span style=\"font-family: tahoma, arial, helvetica, sans-serif; font-size: 110%;\">El tiempo de purga puede ajustarse, pero no puede ser inferior a 15 segundos.<\/span><\/p>\n<p><span style=\"font-family: tahoma, arial, helvetica, sans-serif; font-size: 110%;\">Se puede ajustar el intervalo de filtrado sin purga, pero no m\u00e1s de 16 horas.<\/span><\/p>\n<p><span style=\"font-family: tahoma, arial, helvetica, sans-serif; font-size: 110%;\">Para que funcione la purga autom\u00e1tica son necesarios:<\/span><\/p>\n<ul>\n<li><span style=\"font-family: tahoma, arial, helvetica, sans-serif; font-size: 110%;\">Electricidad de 220 V;<\/span><\/li>\n<li><span style=\"font-family: tahoma, arial, helvetica, sans-serif; font-size: 110%;\">desag\u00fce, para el agua purgada.<\/span><\/li>\n<\/ul>\n<p><span style=\"font-family: tahoma, arial, helvetica, sans-serif; font-size: 110%;\">El producto no contiene cartucho filtrante porque no lo necesita.<\/span><\/p>\n<p><span style=\"font-family: tahoma, arial, helvetica, sans-serif; font-size: 110%;\">Garantie: 2 ani pentru persoane fizice si 1 an pentru persoane juridice.<\/span><\/p>","protected":false},"excerpt":{"rendered":"<p>Separator nisip prin tehnologia ciclonica, conectare la 2 toli, cu purjare automata, model P2020-PA. Separatorul de nisip nu contine un cartus filtrant, ci se foloseste de metoda ciclonica pentru separarea nisipului. Cu ajutorul vitezei de trecere a apei prin recipientul conic, nisipul se loveste de peretii acestuia si fiind mai greu ca apa, cade in [&#8230;]\n","protected":false},"featured_media":65289,"comment_status":"open","ping_status":"closed","template":"","meta":{"_seopress_robots_primary_cat":"none","_seopress_titles_title":"","_seopress_titles_desc":"","_seopress_robots_index":""},"product_brand":[],"product_cat":[1892],"product_tag":[1899],"class_list":{"0":"post-60883","1":"product","2":"type-product","3":"status-publish","4":"has-post-thumbnail","6":"product_cat-separatoare-nisip","7":"product_tag-separator-nisip-purjare-automata","8":"pa_amplasare-conductaprincipala","10":"first","11":"outofstock","12":"taxable","13":"shipping-taxable","14":"purchasable","15":"product-type-simple"},"_links":{"self":[{"href":"https:\/\/azura.ro\/es\/wp-json\/wp\/v2\/product\/60883","targetHints":{"allow":["GET"]}}],"collection":[{"href":"https:\/\/azura.ro\/es\/wp-json\/wp\/v2\/product"}],"about":[{"href":"https:\/\/azura.ro\/es\/wp-json\/wp\/v2\/types\/product"}],"replies":[{"embeddable":true,"href":"https:\/\/azura.ro\/es\/wp-json\/wp\/v2\/comments?post=60883"}],"wp:featuredmedia":[{"embeddable":true,"href":"https:\/\/azura.ro\/es\/wp-json\/wp\/v2\/media\/65289"}],"wp:attachment":[{"href":"https:\/\/azura.ro\/es\/wp-json\/wp\/v2\/media?parent=60883"}],"wp:term":[{"taxonomy":"product_brand","embeddable":true,"href":"https:\/\/azura.ro\/es\/wp-json\/wp\/v2\/product_brand?post=60883"},{"taxonomy":"product_cat","embeddable":true,"href":"https:\/\/azura.ro\/es\/wp-json\/wp\/v2\/product_cat?post=60883"},{"taxonomy":"product_tag","embeddable":true,"href":"https:\/\/azura.ro\/es\/wp-json\/wp\/v2\/product_tag?post=60883"}],"curies":[{"name":"wp","href":"https:\/\/api.w.org\/{rel}","templated":true}]}}