{"id":60891,"date":"2023-05-21T21:38:17","date_gmt":"2023-05-21T18:38:17","guid":{"rendered":"https:\/\/azura.ro\/?post_type=product&#038;p=60891"},"modified":"2025-09-25T14:00:39","modified_gmt":"2025-09-25T11:00:39","slug":"hidrociclon-separador-de-arena-3-toli-purga-automatica","status":"publish","type":"product","link":"https:\/\/azura.ro\/es\/produs\/separator-nisip-hidrociclonic-3-toli-purjare-automata\/","title":{"rendered":"HIDROCICL\u00d3N SEPARADOR DE ARENA 3 TOLI, PURGA AUTOM\u00c1TICA"},"content":{"rendered":"<h2><span style=\"font-family: tahoma, arial, helvetica, sans-serif; font-size: 110%;\">Separador de arena por tecnolog\u00eda de cicl\u00f3n, conexi\u00f3n de 3-toli, con purga manual, modelo P203006-PA.<\/span><\/h2>\n<p><span style=\"font-family: tahoma, arial, helvetica, sans-serif; font-size: 110%;\">El separador de arena no contiene un cartucho filtrante, sino que utiliza el m\u00e9todo cicl\u00f3nico para separar la arena. Con la velocidad del agua que pasa por el recipiente c\u00f3nico, la arena golpea las paredes del recipiente y, al ser m\u00e1s pesada que el agua, cae al recipiente cil\u00edndrico del fondo.<\/span><\/p>\n<p><span style=\"font-family: tahoma, arial, helvetica, sans-serif; font-size: 110%;\">El mantenimiento del separador de arena hidrocicl\u00f3nico consiste en la purga autom\u00e1tica peri\u00f3dica del agua que arrastrar\u00e1 la arena recogida. La purga se realiza abriendo autom\u00e1ticamente la v\u00e1lvula situada en la base.<\/span><\/p>\n<p><span style=\"font-family: tahoma, arial, helvetica, sans-serif; font-size: 110%;\">El caudal m\u00ednimo especificado a continuaci\u00f3n es importante para obtener resultados \u00f3ptimos, ya que cuanto m\u00e1s fuerte sea el cicl\u00f3n, m\u00e1s eficaz ser\u00e1 la separaci\u00f3n de la arena.<\/span><\/p>\n<p><span style=\"font-family: tahoma, arial, helvetica, sans-serif; font-size: 110%;\">Para obtener resultados a\u00fan mejores en la separaci\u00f3n de arenas, se recomienda a\u00f1adir un tamiz o un filtro de discos como segunda etapa de filtraci\u00f3n.<\/span><\/p>\n<p><span style=\"font-family: tahoma, arial, helvetica, sans-serif; font-size: 110%;\">El separador de arena puede utilizarse como pretratamiento para la filtraci\u00f3n mec\u00e1nica, tanto en la industria como en los sistemas de riego.<\/span><\/p>\n<p><span style=\"font-family: tahoma, arial, helvetica, sans-serif; font-size: 110%;\">Aplicaciones:<\/span><\/p>\n<p><span style=\"font-family: tahoma, arial, helvetica, sans-serif; font-size: 110%;\">F\u00e1bricas - agua de proceso, agua para la producci\u00f3n de alimentos, agua embotellada (en combinaci\u00f3n con otros equipos);<\/span><br \/>\n<span style=\"font-family: tahoma, arial, helvetica, sans-serif; font-size: 110%;\">Riego - agricultura:<\/span><br \/>\n<span style=\"font-family: tahoma, arial, helvetica, sans-serif; font-size: 110%;\">Edificios residenciales y comerciales; naves log\u00edsticas;<\/span><br \/>\n<span style=\"font-family: tahoma, arial, helvetica, sans-serif; font-size: 110%;\">Sistemas de \u00f3smosis inversa de prefiltraci\u00f3n, decloraci\u00f3n, desmanganizaci\u00f3n, desferrizaci\u00f3n, Se instalar\u00e1 como primera etapa, antes de los equipos de tratamiento de agua.<\/span><\/p>\n<p><span style=\"font-family: tahoma, arial, helvetica, sans-serif; font-size: 110%;\">Especificaciones t\u00e9cnicas:<\/span><\/p>\n<p><span style=\"font-family: tahoma, arial, helvetica, sans-serif; font-size: 110%;\">Dimensiones: Alto: 1154 mm; Largo: 580 mm; Ancho: 206 mm<\/span><br \/>\n<span style=\"font-family: tahoma, arial, helvetica, sans-serif; font-size: 110%;\">Caudal m\u00ednimo para obtener resultados \u00f3ptimos: 40 m2\/H<\/span><br \/>\n<span style=\"font-family: tahoma, arial, helvetica, sans-serif; font-size: 110%;\">Caudal m\u00e1ximo: 60 m3\/H<\/span><br \/>\n<span style=\"font-family: tahoma, arial, helvetica, sans-serif; font-size: 110%;\">Interruptor IN\/OUT: 3 toli, rosca exterior<\/span><br \/>\n<span style=\"font-family: tahoma, arial, helvetica, sans-serif; font-size: 110%;\">V\u00e1lvula programable por tiempo, purga autom\u00e1tica de 1\/2 <\/span><br \/>\n<span style=\"font-family: tahoma, arial, helvetica, sans-serif; font-size: 110%;\">Material: Pl\u00e1stico PA6GFR30<\/span><br \/>\n<span style=\"font-family: tahoma, arial, helvetica, sans-serif; font-size: 110%;\">Temperatura m\u00e1xima del agua : 60 C<\/span><br \/>\n<span style=\"font-family: tahoma, arial, helvetica, sans-serif; font-size: 110%;\">Presi\u00f3n m\u00e1xima: 8 bar<\/span><br \/>\n<span style=\"font-family: tahoma, arial, helvetica, sans-serif; font-size: 110%;\">Purga autom\u00e1tica programable por tiempo. Purga de 15 segundos con intervalo entre 1 hora - 16 horas.<\/span><\/p>\n<p><span style=\"font-family: tahoma, arial, helvetica, sans-serif; font-size: 110%;\"><strong>Otras informaciones:<\/strong><\/span><\/p>\n<p><span style=\"font-family: tahoma, arial, helvetica, sans-serif; font-size: 110%;\">El tiempo de purga puede ajustarse, pero no puede ser inferior a 15 segundos.<\/span><\/p>\n<p><span style=\"font-family: tahoma, arial, helvetica, sans-serif; font-size: 110%;\">Se puede ajustar el intervalo de filtrado sin purga, pero no m\u00e1s de 16 horas.<\/span><\/p>\n<p><span style=\"font-family: tahoma, arial, helvetica, sans-serif; font-size: 110%;\">Para que funcione la purga autom\u00e1tica son necesarios:<\/span><\/p>\n<ul>\n<li><span style=\"font-family: tahoma, arial, helvetica, sans-serif; font-size: 110%;\">Electricidad de 220 V;<\/span><\/li>\n<li><span style=\"font-family: tahoma, arial, helvetica, sans-serif; font-size: 110%;\">desag\u00fce, para el agua purgada.<\/span><\/li>\n<\/ul>\n<p><span style=\"font-family: tahoma, arial, helvetica, sans-serif; font-size: 110%;\">El producto no contiene cartucho filtrante porque no lo necesita. <\/span><\/p>\n<p><span style=\"font-family: tahoma, arial, helvetica, sans-serif; font-size: 110%;\">Garantie: 2 ani pentru persoane fizice si 1 an pentru persoane juridice.<\/span><\/p>","protected":false},"excerpt":{"rendered":"<p>Separator nisip prin tehnologia ciclonica, conectare la 3 toli, cu purjare manuala, model P203006-PA. Separatorul de nisip nu contine un cartus filtrant, ci se foloseste de metoda ciclonica pentru separarea nisipului. Cu ajutorul vitezei de trecere a apei prin recipientul conic, nisipul se loveste de peretii acestuia si fiind mai greu ca apa, cade in [&#8230;]\n","protected":false},"featured_media":65285,"comment_status":"open","ping_status":"closed","template":"","meta":{"_seopress_robots_primary_cat":"none","_seopress_titles_title":"","_seopress_titles_desc":"","_seopress_robots_index":""},"product_brand":[],"product_cat":[1892],"product_tag":[1900,1899],"class_list":{"0":"post-60891","1":"product","2":"type-product","3":"status-publish","4":"has-post-thumbnail","6":"product_cat-separatoare-nisip","7":"product_tag-separator-nisip-3-toli","8":"product_tag-separator-nisip-purjare-automata","9":"pa_amplasare-conductaprincipala","11":"first","12":"instock","13":"taxable","14":"shipping-taxable","15":"purchasable","16":"product-type-simple"},"_links":{"self":[{"href":"https:\/\/azura.ro\/es\/wp-json\/wp\/v2\/product\/60891","targetHints":{"allow":["GET"]}}],"collection":[{"href":"https:\/\/azura.ro\/es\/wp-json\/wp\/v2\/product"}],"about":[{"href":"https:\/\/azura.ro\/es\/wp-json\/wp\/v2\/types\/product"}],"replies":[{"embeddable":true,"href":"https:\/\/azura.ro\/es\/wp-json\/wp\/v2\/comments?post=60891"}],"wp:featuredmedia":[{"embeddable":true,"href":"https:\/\/azura.ro\/es\/wp-json\/wp\/v2\/media\/65285"}],"wp:attachment":[{"href":"https:\/\/azura.ro\/es\/wp-json\/wp\/v2\/media?parent=60891"}],"wp:term":[{"taxonomy":"product_brand","embeddable":true,"href":"https:\/\/azura.ro\/es\/wp-json\/wp\/v2\/product_brand?post=60891"},{"taxonomy":"product_cat","embeddable":true,"href":"https:\/\/azura.ro\/es\/wp-json\/wp\/v2\/product_cat?post=60891"},{"taxonomy":"product_tag","embeddable":true,"href":"https:\/\/azura.ro\/es\/wp-json\/wp\/v2\/product_tag?post=60891"}],"curies":[{"name":"wp","href":"https:\/\/api.w.org\/{rel}","templated":true}]}}