{"id":60950,"date":"2023-05-26T10:30:32","date_gmt":"2023-05-26T07:30:32","guid":{"rendered":"https:\/\/azura.ro\/?post_type=product&#038;p=60950"},"modified":"2024-05-26T14:33:54","modified_gmt":"2024-05-26T11:33:54","slug":"ozonator-apa-azuraeco3-spalarea-hainelor-fara-detergenti","status":"publish","type":"product","link":"https:\/\/azura.ro\/es\/produs\/ozonator-apa-azuraeco3-spalarea-hainelor-fara-detergenti\/","title":{"rendered":"OZONATOR APA AZURAECO3 &#8211; SPALAREA HAINELOR FARA DETERGENTI"},"content":{"rendered":"<h2><span style=\"font-family: tahoma, arial, helvetica, sans-serif; font-size: 110%;\">Ozonator AZURAECO3 pentru spalarea hainelor fara detergenti cu chimicale periculoase!<\/span><\/h2>\n<p><span style=\"font-family: tahoma, arial, helvetica, sans-serif; font-size: 110%;\">Te-ai saturat de problemele cu pielea, dermatite atopice, sau alte situatii asemanatoare? Stiai ca pielea este cel mai mare organ al corpului?<\/span><\/p>\n<p><span style=\"font-family: tahoma, arial, helvetica, sans-serif; font-size: 110%;\">Daca raspunsul la intrebarea de mai sus este: Da, m-am saturat si vreau o schimbare, ai de facut doua alegeri:<\/span><\/p>\n<ul>\n<li><span style=\"font-family: tahoma, arial, helvetica, sans-serif; font-size: 110%;\">Schimba detergentul pentru rufe cu ozon. Iar aparatul nostru de ozonare, poate face asta pentru tine;<\/span><\/li>\n<li><span style=\"font-family: tahoma, arial, helvetica, sans-serif; font-size: 110%;\">Instaleaza-ti un filtru pentru dus, care sa filtreze clorul din apa (apa din Romania este tratata cu clor din motive de singuranta igienica).<\/span><\/li>\n<\/ul>\n<p><span style=\"font-family: tahoma, arial, helvetica, sans-serif; font-size: 110%;\">Suntem constienti ca nu poti schimba apa care vine pe conducta dar poti investi in sisteme care sa-ti ofere o calitate a vietii mai buna. Muuult mai buna!<\/span><\/p>\n<p><span style=\"font-family: tahoma, arial, helvetica, sans-serif; font-size: 110%;\">Atentie! Sfaturile noastre nu sunt de tip medical. Dar, ajuta clientii nostri.<\/span><\/p>\n<h3><span style=\"font-family: tahoma, arial, helvetica, sans-serif; font-size: 110%;\">Ce face Ozonatorul AZURAECO3?<\/span><\/h3>\n<p><span style=\"font-family: tahoma, arial, helvetica, sans-serif; font-size: 110%;\">In principiu, acest ozonator se instaleaza inainte ca apa sa intre in masina de spalat rufe. Functioneaza automat si nu sunt necesare interventii sau setari permanente. Pur si simplu apa trece prin ozonator, iar acesta \u201csimte\u201d debitul apei si porneste ozonarea apei. Apa cu ozon va ajunge in masina de spalat rufe. Deci, vei spala hainele tale cu ozon in loc de detergent. Pentru haine de zi cu cu zi, vei putea renunta 100% la detergent. Pentru haine de tip salopeta sau haine de lucru, vei putea reduce detergentul cu minim 50%.<\/span><\/p>\n<h2><span style=\"font-family: tahoma, arial, helvetica, sans-serif; font-size: 110%;\">De ce ar trebui sa utilizezi ozonatorul AZURAECO3 in loc de detergent?<\/span><\/h2>\n<p><span style=\"font-family: tahoma, arial, helvetica, sans-serif; font-size: 110%;\">Economia de bani este importanta. La fel si reducerea poluarii apei uzate. Dar cea mai importanta este sanatatea ta si a familiei tale.<\/span><\/p>\n<p><span style=\"font-family: tahoma, arial, helvetica, sans-serif; font-size: 110%;\">Conform medicului Cristina Safta, unii detergenti contin lauril sulfat de sodiu, care este foarte daunator. In procesul tehnologic de obtinere a acestui lauril sulfat de sodiu, este implicat dioxinul, un ingredient foarte riscant care ne predispune la apartia de cancer. Dar acesti detergenti contin si alte tipuri de chimicale care pot provoca dermatite de contact, probleme respiratorii si chiar crize de astm.<\/span><\/p>\n<p><span style=\"font-family: tahoma, arial, helvetica, sans-serif; font-size: 110%;\">Conform aceleiasi surse (<a href=\"https:\/\/www.antena3.ro\/emisiuni\/sfat-de-sanatate\/ingrediente-nocive-detergenti-rufe-cancer-mare-atentie-etichete-674582.html\">Emisiunea &#8222;Sfat de sanatate&#8221; cu Andreea Gicolea<\/a>), ar trebui sa evitam pe cat posibil detergentii cu urmatoarele chimicale: dietanolamina \u2013 ajuta detergentul sa faca spuma; 1,4-dioxan \u2013 listat ca un compus cancerigen coloranti artificiali; parfumuri sintetice; inalbitori UV\/optici; lauril sulfat de sodiu (SLS) \u2013 agent de spumare; fosfati; etoxilat de nonilfenol; benzen.<\/span><\/p>\n<h3><span style=\"font-family: tahoma, arial, helvetica, sans-serif; font-size: 110%;\">Sfaturi cu privire la calitatea apei cu care se va utiliza ozonatorul AZURAECO3<\/span><\/h3>\n<ul>\n<li><span style=\"font-family: tahoma, arial, helvetica, sans-serif; font-size: 110%;\">Din punct de vedere microbiologic, apa poate contine bacterii, pentru ca ozonul este un puternic dezinfectant;<\/span><\/li>\n<li><span style=\"font-family: tahoma, arial, helvetica, sans-serif; font-size: 110%;\">Daca apa contine fier sau mangan peste limita maxima admisa de lege se vor lua masuri de filtrare acestor contamionanti, inainte de instalarea unui generator de ozon. (nu este cazul surselor de apa din reteaua publica. Dar poate fi cazul surselor de apa din puturi\/foraje).<\/span><\/li>\n<li><span style=\"font-family: tahoma, arial, helvetica, sans-serif; font-size: 110%;\">Daca apa este dura, recomandam dedurizarea apei cu un <a href=\"https:\/\/azura.ro\/es\/productos\/ablandadores\/ablandadores-volumetricos\/\">dedurizator volumetric<\/a> sau conditionarea apei cu un <a href=\"https:\/\/azura.ro\/es\/productos\/ablandadores\/dedurizatoare-fara-sare-tac\/\">dedurizator fara sare TAC<\/a> sau cu un <a href=\"https:\/\/azura.ro\/es\/productos\/sistemas-antical\/dispozitive-electronice-anticalcar\/\">dispozitiv electronic anticalcar<\/a>.\u00a0<\/span><\/li>\n<\/ul>\n<h3><span style=\"font-family: tahoma, arial, helvetica, sans-serif; font-size: 110%;\">Sfaturi pentru instalare <\/span><span style=\"font-family: tahoma, arial, helvetica, sans-serif; font-size: 110%;\">Ozonator AZURAECO3<\/span><\/h3>\n<p><span style=\"font-family: tahoma, arial, helvetica, sans-serif; font-size: 110%;\">In pachetul ozonatorului veti gasi: alimentator curent electric, o surubelnita, dibluri pentru prinderea pe perete, suport de prindere pe perete, furtun similar cu cel pe care il aveti la masina de spalat.<\/span><\/p>\n<p><span style=\"font-family: tahoma, arial, helvetica, sans-serif; font-size: 110%;\">Practic, furtunul pe care deja il aveti la masina de spalat va alimenta aparatul de ozonare. Din aparatul de ozonare, iesirea apei se va face prin furtunul care este livrat in pachetul ozonatorului. Acest furtun va fi conectat intre ozonator si masina de spalat. Nu este absolut necesar sa apelati la un instalator profesionist, dar o puteti face daca doriti. Depinde de dvs.<\/span><\/p>\n<p><strong><span style=\"font-family: tahoma, arial, helvetica, sans-serif; font-size: 110%;\">Se poate instala acest ozonator la bucatarie pentru apa cu care spalam vase, fructe si legume, carne?<\/span><\/strong><\/p>\n<p><span style=\"font-family: tahoma, arial, helvetica, sans-serif; font-size: 110%;\">Da, puteti face asta daca doriti. Veti avea nevoie de doua reductii de la \u00be\u201d la 1\/2\u201c sau 3\/8&#8243;. Veti avea nevoie de un furtun flexibi si de o banda de teflon. In acest caz, este indicat sa apelati la un instalator profesionist.<\/span><\/p>\n<p><span style=\"font-family: tahoma, arial, helvetica, sans-serif; font-size: 110%;\">Trebuie sa mai tineti cont ca veti avea nevoie de o priza in zona ozonatorului, pentru a fi contectat la ea.<\/span><\/p>\n<p><strong><span style=\"font-family: tahoma, arial, helvetica, sans-serif; font-size: 110%;\">Ar trebui sa ma ingrijoreze consumul de curent electric?<\/span><\/strong><\/p>\n<p><span style=\"font-family: tahoma, arial, helvetica, sans-serif; font-size: 110%;\">Deloc, deoarece consumul de curent electric este foarte mic. Mai jos gasiti o simulare de consum.<\/span><\/p>\n<p><span style=\"font-family: tahoma, arial, helvetica, sans-serif; font-size: 110%;\">Aceste sunt specificatiile tehnice pentru consumul de curent electric: Input: AC100~240V\/50~60Hz;Output: DC12V 3A<\/span><\/p>\n<p><span style=\"font-family: tahoma, arial, helvetica, sans-serif; font-size: 110%;\">Ceea ce inseamna ca 36W \/ 1000 = 0.036 KW consum pe ora<\/span><br \/>\n<span style=\"font-family: tahoma, arial, helvetica, sans-serif; font-size: 110%;\">0.036 \/ 60 min = 0.0006 kw\/ 1 minut<\/span><br \/>\n<span style=\"font-family: tahoma, arial, helvetica, sans-serif; font-size: 110%;\">Consumul de apa pentru o masina de spalat rufe este de ~60 L\/ ciclu.<\/span><br \/>\n<span style=\"font-family: tahoma, arial, helvetica, sans-serif; font-size: 110%;\">Asta insemna ca aparatul de ozonare lucreaza doar 15 min pe ciclu (60 l \/ 4 litri minut = 15 minute)<\/span><br \/>\n<span style=\"font-family: tahoma, arial, helvetica, sans-serif; font-size: 110%;\">15 minute x 0.0006 kw = 0.0009 kw consum pe ciclu de spalare<\/span><br \/>\n<span style=\"font-family: tahoma, arial, helvetica, sans-serif; font-size: 110%;\">Pretul pe 1 kw = ~1 leu<\/span><br \/>\n<span style=\"font-family: tahoma, arial, helvetica, sans-serif; font-size: 110%;\">Rezulta 1 leu x 0.0009 kw = 0.0009 lei \/ ciclu spalare<\/span><br \/>\n<span style=\"font-family: tahoma, arial, helvetica, sans-serif; font-size: 110%;\">Deci, daca veti avea 3 spalari pe saptamana =&gt; 0,0018 \/ saptamana<\/span><br \/>\n<span style=\"font-family: tahoma, arial, helvetica, sans-serif; font-size: 110%;\">Un an are 52 de saptamani x 0,0018 lei = 0.0936 lei<\/span><\/p>\n<p><span style=\"font-family: tahoma, arial, helvetica, sans-serif; font-size: 110%;\">Acesta este costul aproximativ intr-un an de zile. Nesemnificativ cu consumul de detergent!<\/span><\/p>\n<p><strong><span style=\"font-family: tahoma, arial, helvetica, sans-serif; font-size: 110%;\">Exista consumabile pe care trebuie sa le schimb la un anumit moment?<\/span><\/strong><\/p>\n<p><span style=\"font-family: tahoma, arial, helvetica, sans-serif; font-size: 110%;\">Nu exista nimic de schimbat lunar sau anual. Totusi, o data la aproximativ 3 ani (depinde de frecventa de utilizare), este necesara schimbarea interna a unitatii care produce ozon. Nu este o operatiune grea dar necesita decuplarea aparatului de la apa si de la curent electric. Daca doriti, o data la trei ani puteti trimite aparatul la noi in service pentru aceasta operatiune, dar cu putina vointa o puteti face si dvs.<\/span><\/p>\n<h3><span style=\"font-family: tahoma, arial, helvetica, sans-serif; font-size: 110%;\">Specificatii tehnice Ozonator AZURAECO3<\/span><\/h3>\n<p><span style=\"font-family: tahoma, arial, helvetica, sans-serif; font-size: 110%;\">Voltaj: AC100~240V\/50~60Hz;Output: DC12V 3A<\/span><br \/>\n<span style=\"font-family: tahoma, arial, helvetica, sans-serif; font-size: 110%;\">Presiune apa: minim:\u00a0 1,5 bari \u2013 maxim: 5 bari<\/span><br \/>\n<span style=\"font-family: tahoma, arial, helvetica, sans-serif; font-size: 110%;\">Debit: 4,5 litri\/minut<\/span><br \/>\n<span style=\"font-family: tahoma, arial, helvetica, sans-serif; font-size: 110%;\">Intrare\/iesire\u201d 3\/4\u201d filet exterior<\/span><br \/>\n<span style=\"font-family: tahoma, arial, helvetica, sans-serif; font-size: 110%;\">Nivel de ozon: 0,5 \u2013 1 mg\/L<br \/>\nPosibilitate de selectare nivel de ozon: a. fara ozon; b. cantitate mica de ozon (0,5 mg\/L ); c. cantitate mare de ozon (1 mg\/L);<\/span><br \/>\n<span style=\"font-family: tahoma, arial, helvetica, sans-serif; font-size: 110%;\">Dimensiuni: 46 cm x 24 cm x 8 cm<\/span><br \/>\n<span style=\"font-family: tahoma, arial, helvetica, sans-serif; font-size: 110%;\">Certificate: CE \/ ROHS<\/span><\/p>\n<p><span style=\"font-family: tahoma, arial, helvetica, sans-serif; font-size: 110%;\">Produs in: China. <strong>Testat de catre echipa azura.ro 12 luni in conditii reale de lucru<\/strong>, inainte de a fi vandut in Romania.<\/span><\/p>\n<p><span style=\"font-size: 110%;\">Garantie: 24 luni<\/span><\/p>","protected":false},"excerpt":{"rendered":"<p><span style=\"font-family: tahoma, arial, helvetica, sans-serif; font-size: 105%;\"><a href=\"https:\/\/azura.ro\/es\/100-30-dias-de-garantia-de-devolucion\/\" target=\"_blank\" rel=\"noopener noreferrer\"><img decoding=\"async\" class=\"alignnone wp-image-7307\" src=\"https:\/\/azura.ro\/wp-content\/uploads\/2016\/06\/Garantie-retur.png\" alt=\"\" width=\"106\" height=\"128\" \/><\/a><a href=\"https:\/\/azura.ro\/es\/service\/\" target=\"_blank\" rel=\"noopener noreferrer\"><img decoding=\"async\" class=\"alignnone wp-image-7308\" src=\"https:\/\/azura.ro\/wp-content\/uploads\/2016\/06\/Service.png\" alt=\"\" width=\"118\" height=\"112\" \/><\/a><a href=\"https:\/\/azura.ro\/es\/2-ani-garantie\/\" target=\"_blank\" rel=\"noopener noreferrer\"><img decoding=\"async\" class=\"alignnone wp-image-14008\" src=\"https:\/\/azura.ro\/wp-content\/uploads\/2018\/12\/2-ani-garantie.png\" alt=\"\" width=\"103\" height=\"142\" \/><\/a><\/span><\/p>\n<p><span style=\"font-family: tahoma, arial, helvetica, sans-serif; font-size: 105%;\"><a href=\"https:\/\/azura.ro\/es\/100-30-dias-de-garantia-de-devolucion\/\" target=\"_blank\" rel=\"noopener noreferrer\">Ofrecemos garant\u00eda de satisfacci\u00f3n con devoluci\u00f3n del dinero en 30 d\u00edas<\/a><\/span><br \/>\n<span style=\"font-family: tahoma, arial, helvetica, sans-serif; font-size: 105%;\"><a href=\"https:\/\/azura.ro\/es\/service\/\" target=\"_blank\" rel=\"noopener noreferrer\">Ofrecemos servicio especializado en Ruman\u00eda \u00a1Cualquier problema t\u00e9cnico se resuelve en Ruman\u00eda!<\/a><\/span><br \/>\n<span style=\"font-family: tahoma, arial, helvetica, sans-serif; font-size: 105%;\"><a href=\"https:\/\/azura.ro\/es\/2-ani-garantie\/\" target=\"_blank\" rel=\"noopener noreferrer\">Ofrecemos garant\u00eda contra defectos de fabricaci\u00f3n, 2 a\u00f1os de garant\u00eda<\/a><\/span><\/p>","protected":false},"featured_media":70243,"comment_status":"open","ping_status":"closed","template":"","meta":{"_seopress_robots_primary_cat":"none","_seopress_titles_title":"","_seopress_titles_desc":"","_seopress_robots_index":""},"product_brand":[],"product_cat":[1893],"product_tag":[1904,1902,1903],"class_list":{"0":"post-60950","1":"product","2":"type-product","3":"status-publish","4":"has-post-thumbnail","6":"product_cat-generatoare-ozon","7":"product_tag-aparat-ozonare","8":"product_tag-ozonator-apa","9":"product_tag-spalarea-hainelor-fara-detergent","11":"first","12":"outofstock","13":"sale","14":"taxable","15":"shipping-taxable","16":"purchasable","17":"product-type-simple"},"_links":{"self":[{"href":"https:\/\/azura.ro\/es\/wp-json\/wp\/v2\/product\/60950","targetHints":{"allow":["GET"]}}],"collection":[{"href":"https:\/\/azura.ro\/es\/wp-json\/wp\/v2\/product"}],"about":[{"href":"https:\/\/azura.ro\/es\/wp-json\/wp\/v2\/types\/product"}],"replies":[{"embeddable":true,"href":"https:\/\/azura.ro\/es\/wp-json\/wp\/v2\/comments?post=60950"}],"wp:featuredmedia":[{"embeddable":true,"href":"https:\/\/azura.ro\/es\/wp-json\/wp\/v2\/media\/70243"}],"wp:attachment":[{"href":"https:\/\/azura.ro\/es\/wp-json\/wp\/v2\/media?parent=60950"}],"wp:term":[{"taxonomy":"product_brand","embeddable":true,"href":"https:\/\/azura.ro\/es\/wp-json\/wp\/v2\/product_brand?post=60950"},{"taxonomy":"product_cat","embeddable":true,"href":"https:\/\/azura.ro\/es\/wp-json\/wp\/v2\/product_cat?post=60950"},{"taxonomy":"product_tag","embeddable":true,"href":"https:\/\/azura.ro\/es\/wp-json\/wp\/v2\/product_tag?post=60950"}],"curies":[{"name":"wp","href":"https:\/\/api.w.org\/{rel}","templated":true}]}}