{"id":61089,"date":"2023-05-29T20:36:57","date_gmt":"2023-05-29T17:36:57","guid":{"rendered":"https:\/\/azura.ro\/?post_type=product&#038;p=61089"},"modified":"2025-08-05T15:23:13","modified_gmt":"2025-08-05T12:23:13","slug":"filtru-industrial-cu-discuri-130-microni-4-toli-super-dublu-purjare-manuala","status":"publish","type":"product","link":"https:\/\/azura.ro\/es\/produs\/filtru-industrial-cu-discuri-130-microni-4-toli-super-dublu-purjare-manuala\/","title":{"rendered":"FILTRO INDUSTRIAL CON DISCOS DE 130 MICRAS, 4 TOLI, SUPER DOBLE - PURGA MANUAL"},"content":{"rendered":"<h2><span style=\"font-family: tahoma, arial, helvetica, sans-serif; font-size: 110%;\">Filtru industrial, cu discuri 130 microni si conectare la 4 toli, cu purjare manuala, model Super Dublu.<\/span><\/h2>\n<p><span style=\"font-family: tahoma, arial, helvetica, sans-serif; font-size: 110%;\">El filtro puede utilizarse para la filtraci\u00f3n mec\u00e1nica tanto en sistemas industriales como de riego.<\/span><\/p>\n<p><span style=\"font-family: tahoma, arial, helvetica, sans-serif; font-size: 110%;\">Grado de filtraci\u00f3n 130 micras - recomendado para la protecci\u00f3n de tuber\u00edas, bombas, sistemas de riego.<\/span><\/p>\n<p><span style=\"font-family: tahoma, arial, helvetica, sans-serif; font-size: 110%;\">Aplicaciones:<\/span><\/p>\n<p><span style=\"font-family: tahoma, arial, helvetica, sans-serif; font-size: 110%;\">Fabricii \u2013 apa de proces, apa pentru productie alimente, apa imbuteliata (in combinatie cu alte echipamente);<\/span><br \/>\n<span style=\"font-family: tahoma, arial, helvetica, sans-serif; font-size: 110%;\">Riego - agricultura:<\/span><br \/>\n<span style=\"font-family: tahoma, arial, helvetica, sans-serif; font-size: 110%;\">Edificios residenciales y comerciales; naves log\u00edsticas;<\/span><br \/>\n<span style=\"font-family: tahoma, arial, helvetica, sans-serif; font-size: 110%;\">Prefiltraci\u00f3n de los sistemas de \u00f3smosis inversa, decloraci\u00f3n, desmanganizaci\u00f3n, desferrizaci\u00f3n, Se instalar\u00e1 como primera etapa, antes de los equipos de tratamiento de agua.<\/span><\/p>\n<p><span style=\"font-family: tahoma, arial, helvetica, sans-serif; font-size: 110%;\">Especificaciones t\u00e9cnicas:<\/span><\/p>\n<p><span style=\"font-family: tahoma, arial, helvetica, sans-serif; font-size: 110%;\">Dimensiones: Al: 1200 mm; P: 190 mm; Distancia entre roscas: 340 mm<\/span><br \/>\n<span style=\"font-family: tahoma, arial, helvetica, sans-serif; font-size: 110%;\">Caudal m\u00e1ximo: 80 m3\/H<\/span><br \/>\n<span style=\"font-family: tahoma, arial, helvetica, sans-serif; font-size: 110%;\">Superficie filtrante: 3610 cm2<\/span><br \/>\n<span style=\"font-family: tahoma, arial, helvetica, sans-serif; font-size: 110%;\">Contectare IN\/OUT: 4 toli, filet exterior<\/span><br \/>\n<span style=\"font-family: tahoma, arial, helvetica, sans-serif; font-size: 110%;\">Grifo de vaciado manual: 3\/4 <\/span><br \/>\n<span style=\"font-family: tahoma, arial, helvetica, sans-serif; font-size: 110%;\">Material: Pl\u00e1stico PA6GFR30<\/span><br \/>\n<span style=\"font-family: tahoma, arial, helvetica, sans-serif; font-size: 110%;\">Anillo de cierre: metal<\/span><br \/>\n<span style=\"font-family: tahoma, arial, helvetica, sans-serif; font-size: 110%;\">Tipo de cartucho: discos prensados<\/span><br \/>\n<span style=\"font-family: tahoma, arial, helvetica, sans-serif; font-size: 110%;\">Temperatura m\u00e1xima del agua : 60 C<\/span><br \/>\n<span style=\"font-family: tahoma, arial, helvetica, sans-serif; font-size: 110%;\">Presi\u00f3n m\u00e1xima: 8 bar<\/span><\/p>\n<p><span style=\"font-family: tahoma, arial, helvetica, sans-serif; font-size: 110%;\">El producto no tiene consumibles. El cartucho filtrante puede limpiarse\/lavarse. Si es necesario, podemos suministrar un cartucho de repuesto.<\/span><\/p>\n<p><span style=\"font-family: tahoma, arial, helvetica, sans-serif; font-size: 110%;\">Garant\u00eda: 2 a\u00f1os para particulares y 1 a\u00f1o para personas jur\u00eddicas.<\/span><\/p>","protected":false},"excerpt":{"rendered":"<p>Filtru industrial, cu discuri 130 microni si conectare la 4 toli, cu purjare manuala, model Super Dublu. Filtrul se poate utiliza pentru filtrare mecanica, atat in industrie cat si pentru sisteme de irigatii. Grad de filtrare 130 microni \u2013 recomandat pentru protectie conducte, pompe, sisteme de irigatii. Aplicatii: Fabricii \u2013 apa de proces, apa pentru [&#8230;]\n","protected":false},"featured_media":65281,"comment_status":"open","ping_status":"closed","template":"","meta":{"_seopress_robots_primary_cat":"none","_seopress_titles_title":"","_seopress_titles_desc":"","_seopress_robots_index":""},"product_brand":[],"product_cat":[89],"product_tag":[1905,596,1792],"class_list":{"0":"post-61089","1":"product","2":"type-product","3":"status-publish","4":"has-post-thumbnail","6":"product_cat-filtre-cu-discuri","7":"product_tag-filtru-4-toli","8":"product_tag-filtru-discuri","9":"product_tag-filtru-industrial","10":"pa_amplasare-conductaprincipala","11":"pa_graddefiltrare-130-microni","13":"first","14":"instock","15":"taxable","16":"shipping-taxable","17":"purchasable","18":"product-type-simple"},"_links":{"self":[{"href":"https:\/\/azura.ro\/es\/wp-json\/wp\/v2\/product\/61089","targetHints":{"allow":["GET"]}}],"collection":[{"href":"https:\/\/azura.ro\/es\/wp-json\/wp\/v2\/product"}],"about":[{"href":"https:\/\/azura.ro\/es\/wp-json\/wp\/v2\/types\/product"}],"replies":[{"embeddable":true,"href":"https:\/\/azura.ro\/es\/wp-json\/wp\/v2\/comments?post=61089"}],"wp:featuredmedia":[{"embeddable":true,"href":"https:\/\/azura.ro\/es\/wp-json\/wp\/v2\/media\/65281"}],"wp:attachment":[{"href":"https:\/\/azura.ro\/es\/wp-json\/wp\/v2\/media?parent=61089"}],"wp:term":[{"taxonomy":"product_brand","embeddable":true,"href":"https:\/\/azura.ro\/es\/wp-json\/wp\/v2\/product_brand?post=61089"},{"taxonomy":"product_cat","embeddable":true,"href":"https:\/\/azura.ro\/es\/wp-json\/wp\/v2\/product_cat?post=61089"},{"taxonomy":"product_tag","embeddable":true,"href":"https:\/\/azura.ro\/es\/wp-json\/wp\/v2\/product_tag?post=61089"}],"curies":[{"name":"wp","href":"https:\/\/api.w.org\/{rel}","templated":true}]}}