{"id":615,"date":"2015-03-11T19:58:49","date_gmt":"2015-03-11T19:58:49","guid":{"rendered":"http:\/\/dev02.websynapse.ro\/product\/cartus-filtrant-carbune-activat-granular-bb20-aquafilter\/"},"modified":"2026-03-18T16:19:32","modified_gmt":"2026-03-18T14:19:32","slug":"cartucho-filtrante-spartan-20-carbon-gac","status":"publish","type":"product","link":"https:\/\/azura.ro\/es\/produs\/cartus-filtrant-spartan-20-carbon-gac\/","title":{"rendered":"CARTUCHO DE FILTRO SPARTAN 20\u2033 CARB\u00d3N GAC"},"content":{"rendered":"<h2><span style=\"font-size: 110%; font-family: tahoma, arial, helvetica, sans-serif;\">CARTUCHO DE FILTRO SPARTAN 20\u2033 CARB\u00d3N GAC <em>de c\u00e1scara de coco<\/em>, Aprobado por la NSF.<\/span><\/h2>\n<p><span style=\"font-size: 110%; font-family: tahoma, arial, helvetica, sans-serif;\"><strong>Finalidad del filtro<\/strong>Eliminaci\u00f3n de cloro, trihalometano, productos qu\u00edmicos org\u00e1nicos, pesticidas, herbicidas, benceno, cloroformo, tricloroetileno, disolventes, hidrocarburos arom\u00e1ticos, etc. M\u00e1s de 90 sustancias qu\u00edmicas son filtradas por el carb\u00f3n activo granular mediante adsorci\u00f3n.<\/span><\/p>\n<p><span style=\"font-size: 110%; font-family: tahoma, arial, helvetica, sans-serif;\">Las pruebas de laboratorio han demostrado que filtra m\u00e1s de 99% de cloro libre y m\u00e1s de 85% de otros contaminantes. Los porcentajes pueden variar en funci\u00f3n del nivel de contaminaci\u00f3n y del caudal.<\/span><\/p>\n<h3><span style=\"font-size: 110%; font-family: tahoma, arial, helvetica, sans-serif;\">Periodo de cambio del cartucho del filtro Spartan Carbon GAC:<\/span><\/h3>\n<p><span style=\"font-size: 110%; font-family: tahoma, arial, helvetica, sans-serif;\">La vida \u00fatil es de aproximadamente 3 - 6 meses* o 95 850 litros*, dependiendo del volumen de agua filtrada y de su calidad. Para la decloraci\u00f3n, puede utilizarse hasta 6 - 12 meses.<\/span><\/p>\n<p><span style=\"font-family: tahoma, arial, helvetica, sans-serif; font-size: 110%;\">*depende del nivel de contaminaci\u00f3n del agua.<\/span><\/p>\n<p><span style=\"font-size: 110%; font-family: tahoma, arial, helvetica, sans-serif;\"><strong>Especificaciones t\u00e9cnicas:<\/strong><\/span><br \/>\n<span style=\"font-size: 110%; font-family: tahoma, arial, helvetica, sans-serif;\">* Carb\u00f3n activado granular aprobado por la NSF<\/span><br \/>\n<span style=\"font-size: 110%; font-family: tahoma, arial, helvetica, sans-serif;\">*Temperatura m\u00edn.\/m\u00e1x.: 2 - 60 \u00b0C<\/span><br \/>\n<span style=\"font-size: 110%; font-family: tahoma, arial, helvetica, sans-serif;\">*Presi\u00f3n m\u00edn.\/m\u00e1x.: 1-5 bar (se recomienda utilizar con una presi\u00f3n m\u00e1x. de 4,5 bar)<br \/>\n*Tama\u00f1o: 20\u201d x 4 1\/2\u201d (50,8 cm x 11,5 cm)<br \/>\n*Caudal de trabajo recomendado: 15,1 litros\/min.<br \/>\n*Compatible con la maleta Big Blue 20\u2033.<br \/>\n<\/span><br \/>\n<span style=\"font-size: 110%; font-family: tahoma, arial, helvetica, sans-serif;\"><strong>Precauciones de uso:<\/strong><\/span><br \/>\n<span style=\"font-size: 110%; font-family: tahoma, arial, helvetica, sans-serif;\">No usar con agua caliente, usar s\u00f3lo con agua fr\u00eda.<\/span><br \/>\n<span style=\"font-size: 110%; font-family: tahoma, arial, helvetica, sans-serif;\">No utilizar con agua microbiol\u00f3gicamente insegura. El agua contaminada con bacterias debe tratarse primero con m\u00e9todos espec\u00edficos y luego filtrarse a trav\u00e9s de un lecho de carb\u00f3n activado. Si esta es su situaci\u00f3n, le sugerimos que consulte a nuestro equipo de especialistas.<\/span><\/p>","protected":false},"excerpt":{"rendered":"<p><span style=\"font-size: 105%; font-family: tahoma, arial, helvetica, sans-serif;\">Cartucho filtrante de carb\u00f3n activado granular, compatible con la carcasa Spartan 20\u2033.<\/span><\/p>","protected":false},"featured_media":6193,"comment_status":"open","ping_status":"closed","template":"","meta":{"_seopress_robots_primary_cat":"none","_seopress_titles_title":"","_seopress_titles_desc":"","_seopress_robots_index":""},"product_brand":[],"product_cat":[1142],"product_tag":[584,435],"class_list":{"0":"post-615","1":"product","2":"type-product","3":"status-publish","4":"has-post-thumbnail","6":"product_cat-cartuse-filtre-toata-casa","7":"product_tag-carbune-activat-granular","8":"product_tag-gac","10":"first","11":"instock","12":"taxable","13":"shipping-taxable","14":"purchasable","15":"product-type-simple"},"_links":{"self":[{"href":"https:\/\/azura.ro\/es\/wp-json\/wp\/v2\/product\/615","targetHints":{"allow":["GET"]}}],"collection":[{"href":"https:\/\/azura.ro\/es\/wp-json\/wp\/v2\/product"}],"about":[{"href":"https:\/\/azura.ro\/es\/wp-json\/wp\/v2\/types\/product"}],"replies":[{"embeddable":true,"href":"https:\/\/azura.ro\/es\/wp-json\/wp\/v2\/comments?post=615"}],"wp:featuredmedia":[{"embeddable":true,"href":"https:\/\/azura.ro\/es\/wp-json\/wp\/v2\/media\/6193"}],"wp:attachment":[{"href":"https:\/\/azura.ro\/es\/wp-json\/wp\/v2\/media?parent=615"}],"wp:term":[{"taxonomy":"product_brand","embeddable":true,"href":"https:\/\/azura.ro\/es\/wp-json\/wp\/v2\/product_brand?post=615"},{"taxonomy":"product_cat","embeddable":true,"href":"https:\/\/azura.ro\/es\/wp-json\/wp\/v2\/product_cat?post=615"},{"taxonomy":"product_tag","embeddable":true,"href":"https:\/\/azura.ro\/es\/wp-json\/wp\/v2\/product_tag?post=615"}],"curies":[{"name":"wp","href":"https:\/\/api.w.org\/{rel}","templated":true}]}}