{"id":617,"date":"2015-03-11T20:20:02","date_gmt":"2015-03-11T20:20:02","guid":{"rendered":"http:\/\/dev02.websynapse.ro\/product\/cartus-filtrant-carbune-activat-granular-bb10-aquafilter\/"},"modified":"2025-10-02T10:26:19","modified_gmt":"2025-10-02T07:26:19","slug":"cartus-filtrant-spartan-carbon-gac","status":"publish","type":"product","link":"https:\/\/azura.ro\/es\/produs\/cartus-filtrant-spartan-carbon-gac\/","title":{"rendered":"CARTUCHO FILTRANTE SPARTAN 10\u2033 CARBONO GAC"},"content":{"rendered":"<h2><span style=\"font-size: 105%; font-family: tahoma, arial, helvetica, sans-serif;\">CARTUS FILTRANT SPARTAN 10&#8243; CARBON GAC construit din coaja de nuca cocos, aprobat NSF.<\/span><\/h2>\n<p><span style=\"font-size: 105%; font-family: tahoma, arial, helvetica, sans-serif;\"><strong>Finalidad del filtro<\/strong>: eliminare clor, trihalometan, sugstante organice, pesticide, erbicide, benzen, cloroform, tricloretilena, solventi, hidrocarburi aromate etc. Peste 90 de substante chimice sunt filtrate de carbunele activat granular prin adsorbtie.<\/span><\/p>\n<p><span style=\"font-size: 105%; font-family: tahoma, arial, helvetica, sans-serif;\">Las pruebas de laboratorio han demostrado que filtra m\u00e1s de 99% de cloro libre y m\u00e1s de 85% de otros contaminantes. Los porcentajes pueden variar en funci\u00f3n del nivel de contaminaci\u00f3n y del caudal.<\/span><\/p>\n<h3><span style=\"font-size: 105%;\"><span style=\"font-family: tahoma, arial, helvetica, sans-serif;\">Perioada de schimb cartus filtrant Spartan 10 Carbon GAC:<\/span><\/span><\/h3>\n<p><span style=\"font-size: 105%;\"><span style=\"font-family: tahoma, arial, helvetica, sans-serif;\">Durata de utilizare este de aproximativ 3 &#8211; 6 luni* sau 37350 l*, in functie de volumul apei filtrat si de calitatea acesteia. Pentru declorinare, se poate utiliza pana la 6 luni.<br \/>\n<\/span><br \/>\n*depinde de nivelul de contaminanti a apei.<\/span><\/p>\n<p><span style=\"font-size: 105%;\"><strong><span style=\"font-family: tahoma, arial, helvetica, sans-serif;\">Especificaciones t\u00e9cnicas:<\/span><\/strong><\/span><br \/>\n<span style=\"font-size: 105%; font-family: tahoma, arial, helvetica, sans-serif;\">* Carb\u00f3n activado granular aprobado por la NSF<\/span><br \/>\n<span style=\"font-size: 105%; font-family: tahoma, arial, helvetica, sans-serif;\">*Temperatura maxima: 60 \u00b0C<\/span><br \/>\n<span style=\"font-size: 105%; font-family: tahoma, arial, helvetica, sans-serif;\">*Temperatura minima: 2\u00a0\u00b0C<\/span><br \/>\n<span style=\"font-size: 105%; font-family: tahoma, arial, helvetica, sans-serif;\">*Presiune de lucru: 90 psi (6 bar)<br \/>\n*Dimensiune:\u00a09 7\/8\u201d x 4 1\/2\u201d (25 cm x 11,5 cm)<br \/>\n*Debit de lucru recomandat: 7,6 l \/ min.<br \/>\n*Compatibil cu carcasa SPARTAN BLUE 10&#8243;<\/span><\/p>\n<p><span style=\"font-size: 105%;\"><strong><span style=\"font-family: tahoma, arial, helvetica, sans-serif;\">Precauciones de uso:<\/span><\/strong><\/span><br \/>\n<span style=\"font-size: 105%; font-family: tahoma, arial, helvetica, sans-serif;\">No usar con agua caliente, usar s\u00f3lo con agua fr\u00eda.<\/span><br \/>\n<span style=\"font-size: 105%; font-family: tahoma, arial, helvetica, sans-serif;\">Nu utilizati cu apa nesigura din punct de vedere microbiologic. Apa contaminata cu bacterii, se va trata mai intai prin metode specifice si dupa aceea se va filtrat prin pat de carbune activat. Daca aceasta este situatia dvs. va sugeram sa consultati echipa noastra de specialisti.<\/span><\/p>","protected":false},"excerpt":{"rendered":"<div style=\"padding-left: 30px;\"><span style=\"font-family: tahoma, arial, helvetica, sans-serif; font-size: 105%;\">Cartus filtrant carbune activat granular, compatibil cu carcasa SPARTAN BLUE 10&#8243;<\/span><\/div>","protected":false},"featured_media":6192,"comment_status":"open","ping_status":"closed","template":"","meta":{"_seopress_robots_primary_cat":"none","_seopress_titles_title":"","_seopress_titles_desc":"","_seopress_robots_index":""},"product_brand":[],"product_cat":[1142],"product_tag":[584,435],"class_list":{"0":"post-617","1":"product","2":"type-product","3":"status-publish","4":"has-post-thumbnail","6":"product_cat-cartuse-filtre-toata-casa","7":"product_tag-carbune-activat-granular","8":"product_tag-gac","10":"first","11":"instock","12":"taxable","13":"shipping-taxable","14":"purchasable","15":"product-type-simple"},"_links":{"self":[{"href":"https:\/\/azura.ro\/es\/wp-json\/wp\/v2\/product\/617","targetHints":{"allow":["GET"]}}],"collection":[{"href":"https:\/\/azura.ro\/es\/wp-json\/wp\/v2\/product"}],"about":[{"href":"https:\/\/azura.ro\/es\/wp-json\/wp\/v2\/types\/product"}],"replies":[{"embeddable":true,"href":"https:\/\/azura.ro\/es\/wp-json\/wp\/v2\/comments?post=617"}],"wp:featuredmedia":[{"embeddable":true,"href":"https:\/\/azura.ro\/es\/wp-json\/wp\/v2\/media\/6192"}],"wp:attachment":[{"href":"https:\/\/azura.ro\/es\/wp-json\/wp\/v2\/media?parent=617"}],"wp:term":[{"taxonomy":"product_brand","embeddable":true,"href":"https:\/\/azura.ro\/es\/wp-json\/wp\/v2\/product_brand?post=617"},{"taxonomy":"product_cat","embeddable":true,"href":"https:\/\/azura.ro\/es\/wp-json\/wp\/v2\/product_cat?post=617"},{"taxonomy":"product_tag","embeddable":true,"href":"https:\/\/azura.ro\/es\/wp-json\/wp\/v2\/product_tag?post=617"}],"curies":[{"name":"wp","href":"https:\/\/api.w.org\/{rel}","templated":true}]}}