{"id":6183,"date":"2017-03-03T10:59:38","date_gmt":"2017-03-03T08:59:38","guid":{"rendered":"https:\/\/azura.ro\/produs\/filtru-sedimente-pentru-casa-spartan-blue-20%e2%80%b3-azura-filters\/"},"modified":"2026-01-20T13:39:11","modified_gmt":"2026-01-20T11:39:11","slug":"filtru-sedimente-pentru-casa-spartan-blue-20-azura-filters","status":"publish","type":"product","link":"https:\/\/azura.ro\/es\/produs\/filtru-sedimente-pentru-casa-spartan-blue-20-azura-filters\/","title":{"rendered":"HOME FILTRO DE SEDIMENTOS AZUL ESPARTO 20\u2033 AZURA FILTROS"},"content":{"rendered":"<h2><span style=\"font-size: 110%; font-family: tahoma, arial, helvetica, sans-serif; color: #282828;\">Filtrul sedimente pentru casa SPARTAN BLUE 20\u2033 este special conceput pentru filtrarea apei pentru toata casa sau pentru retelele de distributie principale.<\/span><\/h2>\n<p><span style=\"font-size: 110%; font-family: tahoma, arial, helvetica, sans-serif; color: #282828;\">Contine kit complet de instalare: carcasa filtru, cartus filtrant polipropilena, cheie filtru, suport metalic pentru prindere pe perete, patru suruburi pentru prinderea suportului metalic pe capacul filtrului<\/span><\/p>\n<p><span style=\"font-size: 110%; font-family: tahoma, arial, helvetica, sans-serif; color: #282828;\">Nota: Los filtros SPARTAN AZUL tienen un soporte met\u00e1lico muy s\u00f3lido para fijarlos a la pared. Estos filtros son cualitativamente superiores a los filtros con soporte de pl\u00e1stico.<\/span><\/p>\n<p><span style=\"font-size: 110%; font-family: tahoma, arial, helvetica, sans-serif; color: #282828;\">Carcasa SPARTAN BLUE 20&#8243; este:<\/span><br \/>\n<span style=\"font-size: 110%; font-family: tahoma, arial, helvetica, sans-serif; color: #282828;\"> - de pl\u00e1stico reforzado resistente a los golpes.<\/span><br \/>\n<span style=\"font-size: 110%; font-family: tahoma, arial, helvetica, sans-serif; color: #282828;\"> - compatible con una amplia gama de productos qu\u00edmicos<\/span><br \/>\n<span style=\"font-size: 110%; font-family: tahoma, arial, helvetica, sans-serif; color: #282828;\"> &#8211; disponibila cu supapa de aerisire si depresurizare<\/span><br \/>\n<span style=\"font-size: 110%; font-family: tahoma, arial, helvetica, sans-serif; color: #282828;\"> - apto para el contacto con agua potable.<\/span><\/p>\n<p><span style=\"font-size: 110%; font-family: tahoma, arial, helvetica, sans-serif; color: #282828;\">Cartusul filtrant este construit din polipropilena multistrat. Filtrarea apei se face din exterior spre interior, retinand sedimentele pe intreaga suprafata. Retine solide in suspensie precum: nisip, namol, rugina si alte sedimente, fier si mangan oxidat.<\/span><\/p>\n<p><span style=\"font-size: 110%; font-family: tahoma, arial, helvetica, sans-serif; color: #282828;\">Carcasa SPARTAN BLUE 20&#8243; este compatibila cu mai multe tipuri de cartuse filtrante cu conditia ca acestea sa fie de dimensiunea 20&#8243; si sa respecte diametrul interior al filtrului. Carcasa poate fi incarcata cu cartuse din polipropilena de 1, 5, 20, 50 microni, sau cu: filtre cu fir infasurat, filtre din celuloza plisata, filtre din carbune activat bloc sau granular, KDF.<\/span><\/p>\n<p><span style=\"font-size: 110%; font-family: tahoma, arial, helvetica, sans-serif; color: #282828;\">\u00bfD\u00f3nde se utiliza y para qu\u00e9?<\/span><\/p>\n<ul>\n<li><span style=\"font-size: 110%; font-family: tahoma, arial, helvetica, sans-serif; color: #282828;\">Se poate utiliza ca filtru principal, instalat pe conducta principala de apa rece, ce alimenteaza casa<\/span><\/li>\n<li><span style=\"font-size: 110%; font-family: tahoma, arial, helvetica, sans-serif; color: #282828;\">S\u00f3lo para agua fr\u00eda, no para agua caliente<\/span><\/li>\n<li><span style=\"font-size: 110%; font-family: tahoma, arial, helvetica, sans-serif; color: #282828;\">Puede instalarse delante de diferentes equipos de tratamiento: descalcificadores con y sin sal (TAC); \u00f3smosis inversa, otros tipos de filtros autom\u00e1ticos con diferentes medios filtrantes.<\/span><\/li>\n<\/ul>\n<p><span style=\"font-size: 110%; font-family: tahoma, arial, helvetica, sans-serif; color: #282828;\">Perioada de schimb cartus filtrant:<\/span><\/p>\n<p><span style=\"font-size: 110%; font-family: tahoma, arial, helvetica, sans-serif; color: #282828;\">Aproximativ 6 luni &#8211; depinde de calitatea apei de alimentare si de volumul de apa consumat<\/span><\/p>\n<p><span style=\"font-size: 110%; font-family: tahoma, arial, helvetica, sans-serif; color: #282828;\"><strong>Caracter\u00edsticas t\u00e9cnicas:<br \/>\n<\/strong><\/span><br \/>\n<span style=\"font-size: 110%; font-family: tahoma, arial, helvetica, sans-serif; color: #282828;\"> Debit max.\u00a0 3.6 m\u00b3\/h<br \/>\nInaltime carcasa: 61 cm<\/span><br \/>\n<span style=\"font-size: 110%; font-family: tahoma, arial, helvetica, sans-serif; color: #282828;\"> Di\u00e1metro de la carcasa 19 cm<\/span><br \/>\n<span style=\"font-size: 110%; font-family: tahoma, arial, helvetica, sans-serif; color: #282828;\"> Inaltime carcasa cu suport montat: 72 cm<\/span><br \/>\n<span style=\"font-size: 110%; font-family: tahoma, arial, helvetica, sans-serif; color: #282828;\"> Presi\u00f3n m\u00edn.\/m\u00e1x. 1-5 bar (recomendamos utilizar con una presi\u00f3n m\u00e1x. de 4,5 bar)<\/span><br \/>\n<span style=\"font-size: 110%; font-family: tahoma, arial, helvetica, sans-serif; color: #282828;\"> Temperatura m\u00edn.\/m\u00e1x. 2\/45\u00b0C<\/span><\/p>\n<p><span style=\"font-size: 110%; font-family: tahoma, arial, helvetica, sans-serif; color: #282828;\">Cartusul filtrant prezent in filtru este din polipropilena multistrat. Gradul de filtrare il puteti alege din dreapta sus, imediat sub pret.<\/span><\/p>\n<p><span style=\"font-size: 110%; font-family: tahoma, arial, helvetica, sans-serif; color: #282828;\">Montaj filtru apa SPARTAN BLUE: se va monta doar pe conducta de apa rece!<\/span><\/p>\n<p><span style=\"font-size: 110%; font-family: tahoma, arial, helvetica, sans-serif; color: #282828;\">La garant\u00eda del filtro es de dos a\u00f1os. El cartucho del filtro es consumible y no est\u00e1 cubierto por la garant\u00eda.<\/span><\/p>","protected":false},"excerpt":{"rendered":"<p><span style=\"font-family: tahoma, arial, helvetica, sans-serif; font-size: 105%;\">Filtrul sedimente pentru casa SPARTAN BLUE 20\u2033. Se poate utiliza oriunde este nevoie de protectie importiva mizeriei si sedimentelor din apa. Doar pentru apa rece! Calitate premium!<\/span><\/p>","protected":false},"featured_media":69464,"comment_status":"open","ping_status":"closed","template":"","meta":{"_seopress_robots_primary_cat":"none","_seopress_titles_title":"","_seopress_titles_desc":"","_seopress_robots_index":""},"product_brand":[],"product_cat":[94],"product_tag":[801,799,800,798],"class_list":{"0":"post-6183","1":"product","2":"type-product","3":"status-publish","4":"has-post-thumbnail","6":"product_cat-filtre-apa-cu-cartus-schimbabil","7":"product_tag-filtru-apa-rece","8":"product_tag-filtru-pentru-casa","9":"product_tag-filtru-pentru-retea","10":"product_tag-spartan-blue","11":"pa_amplasare-conductaprincipala","12":"pa_brand-azura-filters","13":"pa_graddefiltrare-1-micron","14":"pa_graddefiltrare-20-microni","15":"pa_graddefiltrare-5-microni","17":"first","18":"instock","19":"taxable","20":"shipping-taxable","21":"purchasable","22":"product-type-variable"},"_links":{"self":[{"href":"https:\/\/azura.ro\/es\/wp-json\/wp\/v2\/product\/6183","targetHints":{"allow":["GET"]}}],"collection":[{"href":"https:\/\/azura.ro\/es\/wp-json\/wp\/v2\/product"}],"about":[{"href":"https:\/\/azura.ro\/es\/wp-json\/wp\/v2\/types\/product"}],"replies":[{"embeddable":true,"href":"https:\/\/azura.ro\/es\/wp-json\/wp\/v2\/comments?post=6183"}],"wp:featuredmedia":[{"embeddable":true,"href":"https:\/\/azura.ro\/es\/wp-json\/wp\/v2\/media\/69464"}],"wp:attachment":[{"href":"https:\/\/azura.ro\/es\/wp-json\/wp\/v2\/media?parent=6183"}],"wp:term":[{"taxonomy":"product_brand","embeddable":true,"href":"https:\/\/azura.ro\/es\/wp-json\/wp\/v2\/product_brand?post=6183"},{"taxonomy":"product_cat","embeddable":true,"href":"https:\/\/azura.ro\/es\/wp-json\/wp\/v2\/product_cat?post=6183"},{"taxonomy":"product_tag","embeddable":true,"href":"https:\/\/azura.ro\/es\/wp-json\/wp\/v2\/product_tag?post=6183"}],"curies":[{"name":"wp","href":"https:\/\/api.w.org\/{rel}","templated":true}]}}