{"id":6197,"date":"2017-03-03T14:31:31","date_gmt":"2017-03-03T12:31:31","guid":{"rendered":"https:\/\/azura.ro\/produs\/filtru-declorinator-spartan-blue-10-carbon-gac\/"},"modified":"2025-10-15T11:28:31","modified_gmt":"2025-10-15T08:28:31","slug":"filtru-declorinator-spartan-blue-10-carbon-gac","status":"publish","type":"product","link":"https:\/\/azura.ro\/es\/produs\/filtru-declorinator-spartan-blue-10-carbon-gac\/","title":{"rendered":"AZUL ESPARTANO AZUL ESPARTANO 10\u2033 CARBONO GAC"},"content":{"rendered":"<p><span style=\"color: #000000; font-family: tahoma, arial, helvetica, sans-serif; font-size: 110%;\">FILTRUL DECLORINATOR SPARTAN BLUE 10&#8243; CARBON GAC AZURA FILTERS este proiectat pentru debite ce acopera orice casa sau vila rezidentiala.<\/span><\/p>\n<p><span style=\"color: #000000; font-family: tahoma, arial, helvetica, sans-serif; font-size: 110%;\">Incluye kit de instalaci\u00f3n completo: carcasa del filtro, <em>cartus filtrant carbune activat bloc<\/em>llave de filtro, soporte de pared.<\/span><\/p>\n<p><span style=\"font-family: tahoma, arial, helvetica, sans-serif; font-size: 110%; color: #000000;\">Nota: Los filtros SPARTAN AZUL tienen un soporte met\u00e1lico muy s\u00f3lido para fijarlos a la pared. Estos filtros son cualitativamente superiores a los filtros con soporte de pl\u00e1stico.<\/span><\/p>\n<p><span style=\"color: #000000; font-family: tahoma, arial, helvetica, sans-serif; font-size: 110%;\"><strong>Carcasa SPARTAN BLUE 10&#8243; este<\/strong>:<br \/>\n<\/span><br \/>\n<span style=\"color: #000000; font-family: tahoma, arial, helvetica, sans-serif; font-size: 110%;\">- de pl\u00e1stico reforzado resistente a los golpes.<\/span><br \/>\n<span style=\"color: #000000; font-family: tahoma, arial, helvetica, sans-serif; font-size: 110%;\">- compatible con una amplia gama de productos qu\u00edmicos<\/span><br \/>\n<span style=\"color: #000000; font-family: tahoma, arial, helvetica, sans-serif; font-size: 110%;\">- apto para el contacto con agua potable.<\/span><\/p>\n<p><span style=\"color: #000000; font-family: tahoma, arial, helvetica, sans-serif; font-size: 110%;\"><br \/>\nContine filete metalice ceea ce ofera un plus de rezistenta si o durata de viata mai mare.<\/span><\/p>\n<p><span style=\"font-family: tahoma, arial, helvetica, sans-serif; font-size: 110%; color: #000000;\">Carcasa SPARTAN BLUE 10 &#8221; este compatibila cu mai multe tipuri de cartuse filtrante cu conditia ca acestea sa fie de dimensiunea 10&#8243;.<\/span><\/p>\n<p><span style=\"color: #000000; font-family: tahoma, arial, helvetica, sans-serif; font-size: 110%;\"><b><br \/>\nCartusul filtrant din carbon activat granular ce este inclus,\u00a0<\/b>est\u00e1 dise\u00f1ado para filtrar cloro, trihalometano, productos qu\u00edmicos org\u00e1nicos disueltos, herbicidas, pesticidas, benceno, cloroformo, tricloroetileno, hidrocarburos arom\u00e1ticos, etc. Hay m\u00e1s de 90 sustancias que son <em>filtraci\u00f3n por adsorci\u00f3n mediante carb\u00f3n activado granular<\/em>.<\/span><\/p>\n<p><span style=\"font-family: tahoma, arial, helvetica, sans-serif; font-size: 110%; color: #000000;\"><strong>\u00bfD\u00f3nde y para qu\u00e9?<\/strong><\/span><\/p>\n<p><span style=\"font-family: tahoma, arial, helvetica, sans-serif; font-size: 110%; color: #000000;\">Se puede utilizar en casas y chalets y se instala en la tuber\u00eda principal de agua fr\u00eda. Se puede utilizar con \u00e9xito en la industria, el \u00e1rea comercial (lavaderos de coches, lavaderos de ropa, restaurantes, cocinas profesionales, etc.). Puede utilizarse con \u00e9xito como <em><strong>filtro declorador.<\/strong><\/em><\/span><\/p>\n<p><span style=\"font-family: tahoma, arial, helvetica, sans-serif; font-size: 110%; color: #000000;\"><strong>Perioada de schimb cartusul filtrant:<\/strong><\/span><\/p>\n<p><span style=\"color: #000000; font-family: tahoma, arial, helvetica, sans-serif; font-size: 110%;\">3 &#8211; 6 luni* sau 52037 l*, in functie de calitatea apei si de volumul filtrat. Se recomanda prefiltrare de sedimente, mal, nisip, cu un filtru asemanator ca si capacitate dar cu cartus filtrant destinat sedimentelor.<\/span><\/p>\n<p><span style=\"font-family: tahoma, arial, helvetica, sans-serif; font-size: 110%; color: #000000;\">*depende del nivel de contaminaci\u00f3n del agua<\/span><\/p>\n<p><span style=\"font-family: tahoma, arial, helvetica, sans-serif; font-size: 110%; color: #000000;\">Puede encontrar el precio y la presentaci\u00f3n del cartucho filtrante haciendo clic en el bot\u00f3n \"CARTUCHOS DE INTERCAMBIO\" de esta p\u00e1gina, justo debajo de la imagen del producto.<\/span><\/p>\n<p><span style=\"color: #000000; font-family: tahoma, arial, helvetica, sans-serif; font-size: 110%;\"><strong>Caracter\u00edsticas t\u00e9cnicas Filtro completo:<\/strong><\/span><\/p>\n<p><span style=\"color: #000000; font-family: tahoma, arial, helvetica, sans-serif; font-size: 110%;\">*Conexi\u00f3n de entrada\/salida: 1\u2033.<\/span><br \/>\n<span style=\"font-family: tahoma, arial, helvetica, sans-serif; font-size: 110%; color: #000000;\">*Debit permis 3,5 m\u00b3\/h<br \/>\n*Debit recomandat 7,6 l \/min<br \/>\n*Inaltime carcasa 345 mm<\/span><br \/>\n<span style=\"font-family: tahoma, arial, helvetica, sans-serif; font-size: 110%; color: #000000;\">*Diametru carcasa 175 mm<\/span><br \/>\n<span style=\"font-family: tahoma, arial, helvetica, sans-serif; font-size: 110%; color: #000000;\">* Presi\u00f3n m\u00edn.\/m\u00e1x. 1-5 bar (recomendamos usar con una presi\u00f3n m\u00e1x. de 4,5 bar)<\/span><br \/>\n<span style=\"font-family: tahoma, arial, helvetica, sans-serif; font-size: 110%; color: #000000;\">*Temperatura min.\/max. 2\/45\u00b0C<\/span><\/p>\n<p><span style=\"color: #000000; font-family: tahoma, arial, helvetica, sans-serif; font-size: 110%;\"><strong><br \/>\nInstalaci\u00f3n filtro de agua SPARTAN AZUL<\/strong>: \u00a1s\u00f3lo debe instalarse en la tuber\u00eda de agua fr\u00eda!<\/span><\/p>\n<p><span style=\"font-family: tahoma, arial, helvetica, sans-serif; font-size: 110%; color: #000000;\">Durante la puesta en marcha, se recomienda tirar al menos 20 litros de agua por el desag\u00fce antes de utilizar el agua para lavar el carb\u00f3n activo (la primera agua producida contendr\u00e1 polvo de carb\u00f3n activo).<\/span><\/p>\n<p><span style=\"font-family: tahoma, arial, helvetica, sans-serif; font-size: 110%; color: #000000;\"><strong>Precauciones de uso:<\/strong><\/span><\/p>\n<p><span style=\"font-family: tahoma, arial, helvetica, sans-serif; font-size: 110%; color: #000000;\">No utilice el presente filtro con agua microbiol\u00f3gicamente insegura. No lo utilice con agua que contenga bacterias. En caso de que se enfrente a un problema de este tipo, solicite asesoramiento especializado a nuestros ingenieros.<\/span><\/p>\n<p><span style=\"color: #000000; font-family: tahoma, arial, helvetica, sans-serif; font-size: 110%;\"><br \/>\nLa garant\u00eda del filtro es de dos a\u00f1os. El cartucho del filtro es consumible y no est\u00e1 cubierto por la garant\u00eda.<\/span><\/p>","protected":false},"excerpt":{"rendered":"<p>FILTRUL DECLORINATOR SPARTAN BLUE 10&#8243; CARBON GAC AZURA FILTERS este proiectat pentru debite ce acopera orice casa sau vila rezidentiala. Contine Kit complet de instalare: carcasa filtru, cartus filtrant carbune activat bloc, cheie filtru, suport prindere perete. Nota: Filtrele SPARTAN BLUE au suport metalic foarte solid pentru fixarea acestora pe perete. Aceste filtre sunt superioare [&#8230;]\n","protected":false},"featured_media":70991,"comment_status":"open","ping_status":"closed","template":"","meta":{"_seopress_robots_primary_cat":"none","_seopress_titles_title":"","_seopress_titles_desc":"FILTRU APA RETEA CU CARBUNE ACTIVAT BLOC BIG BLUE 10\"","_seopress_robots_index":""},"product_brand":[],"product_cat":[126,87],"product_tag":[584,288],"class_list":{"0":"post-6197","1":"product","2":"type-product","3":"status-publish","4":"has-post-thumbnail","6":"product_cat-filtre-carbune-activat","7":"product_cat-filtre-standard-cu-carbune-activat","8":"product_tag-carbune-activat-granular","9":"product_tag-filtru-apa-pentru-casa","10":"pa_amplasare-conductaprincipala","11":"pa_brand-azura-filters","13":"first","14":"instock","15":"taxable","16":"shipping-taxable","17":"purchasable","18":"product-type-simple"},"_links":{"self":[{"href":"https:\/\/azura.ro\/es\/wp-json\/wp\/v2\/product\/6197","targetHints":{"allow":["GET"]}}],"collection":[{"href":"https:\/\/azura.ro\/es\/wp-json\/wp\/v2\/product"}],"about":[{"href":"https:\/\/azura.ro\/es\/wp-json\/wp\/v2\/types\/product"}],"replies":[{"embeddable":true,"href":"https:\/\/azura.ro\/es\/wp-json\/wp\/v2\/comments?post=6197"}],"wp:featuredmedia":[{"embeddable":true,"href":"https:\/\/azura.ro\/es\/wp-json\/wp\/v2\/media\/70991"}],"wp:attachment":[{"href":"https:\/\/azura.ro\/es\/wp-json\/wp\/v2\/media?parent=6197"}],"wp:term":[{"taxonomy":"product_brand","embeddable":true,"href":"https:\/\/azura.ro\/es\/wp-json\/wp\/v2\/product_brand?post=6197"},{"taxonomy":"product_cat","embeddable":true,"href":"https:\/\/azura.ro\/es\/wp-json\/wp\/v2\/product_cat?post=6197"},{"taxonomy":"product_tag","embeddable":true,"href":"https:\/\/azura.ro\/es\/wp-json\/wp\/v2\/product_tag?post=6197"}],"curies":[{"name":"wp","href":"https:\/\/api.w.org\/{rel}","templated":true}]}}