{"id":6198,"date":"2017-03-03T14:59:20","date_gmt":"2017-03-03T12:59:20","guid":{"rendered":"https:\/\/azura.ro\/?post_type=product&#038;p=6198"},"modified":"2026-03-31T09:00:32","modified_gmt":"2026-03-31T06:00:32","slug":"bateria-cromada-o-way-nsf","status":"publish","type":"product","link":"https:\/\/azura.ro\/es\/produs\/baterie-cromata-o-cale-nsf\/","title":{"rendered":"BATER\u00cdA CROMADA PARA FILTROS, UNA V\u00cdA, NSF"},"content":{"rendered":"<h2><span style=\"font-size: 110%; font-family: tahoma, arial, helvetica, sans-serif; color: #333333;\">Pila cromada para filtros de una v\u00eda. Certificado NSF.<\/span><\/h2>\n<p><span style=\"font-size: 110%; font-family: tahoma, arial, helvetica, sans-serif; color: #333333;\">Se utiliza con diferentes sistemas de filtraci\u00f3n: cer\u00e1mica, ultrafiltraci\u00f3n, nanofiltraci\u00f3n, \u00f3smosis inversa.<\/span><\/p>\n<p><span style=\"color: #333333; font-size: 110%;\">La bater\u00eda cuenta con la certificaci\u00f3n NSF.<\/span><\/p>\n<p><span style=\"font-size: 110%; font-family: tahoma, arial, helvetica, sans-serif; color: #333333;\">Conexi\u00f3n de manguera de 1\/4<\/span><br \/>\n<span style=\"font-size: 110%; font-family: tahoma, arial, helvetica, sans-serif; color: #333333;\">La instalaci\u00f3n de la pila requiere un orificio de 12 mm de di\u00e1metro en el fregadero o la encimera.<\/span><\/p>\n<p><span style=\"font-family: tahoma, arial, helvetica, sans-serif; font-size: 110%; color: #333333;\">Altura medida desde la base del fregadero: 29,5 cm<\/span><br \/>\n<span style=\"font-family: tahoma, arial, helvetica, sans-serif; font-size: 110%; color: #333333;\">Raza de gato cisne: 13 cm<\/span><\/p>\n<p><span style=\"font-size: 110%; font-family: tahoma, arial, helvetica, sans-serif; color: #333333;\">Garant\u00eda: 12 meses.<\/span><\/p>\n<p><span style=\"font-family: tahoma, arial, helvetica, sans-serif; font-size: 110%; color: #333333;\">V\u00eddeo de instalaci\u00f3n:<\/span><\/p>\n<p><iframe loading=\"lazy\" title=\"Instalaci\u00f3n de pilas para filtro de agua o purificador de agua\" width=\"1020\" height=\"574\" src=\"https:\/\/www.youtube.com\/embed\/m247r4M1v8E?feature=oembed\" frameborder=\"0\" allow=\"accelerometer; autoplay; clipboard-write; encrypted-media; gyroscope; picture-in-picture; web-share\" referrerpolicy=\"strict-origin-when-cross-origin\" allowfullscreen><\/iframe><\/p>\n<p>&nbsp;<\/p>","protected":false},"excerpt":{"rendered":"<p>Baterie cromata pentru filtre cu o singura cale. Detine certificare NSF. Se utilizeaza impreuna cu diferite sisteme de filtrare: ceramice, ultrafiltrare, nanofiltrare, osmoza inversa. Bateria este certificata NSF. Conectare la furtun de 1\/4&#8243; Instalarea bateriei necesita o gaura in chiuveta sau blat cu diametru de 12 mm. Inaltime masurata de la baza chiuvetei: 29,5 cm [&#8230;]\n","protected":false},"featured_media":70851,"comment_status":"open","ping_status":"closed","template":"","meta":{"_seopress_robots_primary_cat":"none","_seopress_titles_title":"","_seopress_titles_desc":"","_seopress_robots_index":""},"product_brand":[],"product_cat":[1130],"product_tag":[1060,1061,1591,1593,1592],"class_list":{"0":"post-6198","1":"product","2":"type-product","3":"status-publish","4":"has-post-thumbnail","6":"product_cat-baterii-filtre-apa","7":"product_tag-baterie","8":"product_tag-baterie-filtre-apa","9":"product_tag-baterie-filtru-apa","10":"product_tag-baterie-purificatoare-apa","11":"product_tag-baterie-purificator-apa","12":"pa_brand-azura-filters","14":"first","15":"instock","16":"sale","17":"taxable","18":"shipping-taxable","19":"purchasable","20":"product-type-simple"},"_links":{"self":[{"href":"https:\/\/azura.ro\/es\/wp-json\/wp\/v2\/product\/6198","targetHints":{"allow":["GET"]}}],"collection":[{"href":"https:\/\/azura.ro\/es\/wp-json\/wp\/v2\/product"}],"about":[{"href":"https:\/\/azura.ro\/es\/wp-json\/wp\/v2\/types\/product"}],"replies":[{"embeddable":true,"href":"https:\/\/azura.ro\/es\/wp-json\/wp\/v2\/comments?post=6198"}],"wp:featuredmedia":[{"embeddable":true,"href":"https:\/\/azura.ro\/es\/wp-json\/wp\/v2\/media\/70851"}],"wp:attachment":[{"href":"https:\/\/azura.ro\/es\/wp-json\/wp\/v2\/media?parent=6198"}],"wp:term":[{"taxonomy":"product_brand","embeddable":true,"href":"https:\/\/azura.ro\/es\/wp-json\/wp\/v2\/product_brand?post=6198"},{"taxonomy":"product_cat","embeddable":true,"href":"https:\/\/azura.ro\/es\/wp-json\/wp\/v2\/product_cat?post=6198"},{"taxonomy":"product_tag","embeddable":true,"href":"https:\/\/azura.ro\/es\/wp-json\/wp\/v2\/product_tag?post=6198"}],"curies":[{"name":"wp","href":"https:\/\/api.w.org\/{rel}","templated":true}]}}