{"id":625,"date":"2015-03-12T01:04:15","date_gmt":"2015-03-11T23:04:15","guid":{"rendered":"http:\/\/dev02.websynapse.ro\/product\/cartus-filtrant-carbune-activat-bloc-10-aquafilter\/"},"modified":"2026-03-16T23:02:52","modified_gmt":"2026-03-16T21:02:52","slug":"cartus-filtrant-spartan-20-carbon-bloc","status":"publish","type":"product","link":"https:\/\/azura.ro\/es\/produs\/cartus-filtrant-spartan-20-carbon-bloc\/","title":{"rendered":"CARTUCHO DE FILTRO SPARTAN 20\u2033 BLOQUE DE CARB\u00d3N"},"content":{"rendered":"<h2><span style=\"font-size: 110%; font-family: tahoma, arial, helvetica, sans-serif;\">Cartus filtrant SPARTAN 20&#8243; carbon bloc construit din carbune bituminos.<\/span><\/h2>\n<p><span style=\"font-size: 110%; font-family: tahoma, arial, helvetica, sans-serif;\"><strong>Finalidad del filtro<\/strong>: eliminare clor, trihalometan, substante organice, pesticicide, erbicide, benzen, cloroform, tricloretilena, solventi, hidrocarburi aromate etc. Peste 90 de substante chimice sunt filtrate de carbunele activat granular prin adsorbtie.<\/span><\/p>\n<p><span style=\"font-size: 110%; font-family: tahoma, arial, helvetica, sans-serif;\"><strong>Especificaciones t\u00e9cnicas:<br \/>\n<\/strong><\/span><br \/>\n<span style=\"font-family: tahoma, arial, helvetica, sans-serif; font-size: 110%;\">*Dimensiune (H*\u00d8): 20\u2033 x 4-1\/2\u201d (508 cm x 114 cm)<br \/>\n*Temperatura min \/ max: 4\u00b0C &#8211; 45\u00b0C<br \/>\n*Debit permis: 26.67 l\/min<br \/>\n*Durata de filtrare: max 6 luni<br \/>\n*Compatibil cu carcasa: Spartan Blue 20\u2033<br \/>\n<\/span><br \/>\n<span style=\"font-size: 110%; font-family: tahoma, arial, helvetica, sans-serif;\"><strong>Precauciones de uso:<br \/>\n<\/strong><\/span><br \/>\n<span style=\"font-size: 110%; font-family: tahoma, arial, helvetica, sans-serif;\">No usar con agua caliente, usar s\u00f3lo con agua fr\u00eda.<\/span><br \/>\n<span style=\"font-size: 110%; font-family: tahoma, arial, helvetica, sans-serif;\">No utilizar con agua microbiol\u00f3gicamente insegura. El agua contaminada con bacterias debe tratarse primero con m\u00e9todos espec\u00edficos y luego filtrarse a trav\u00e9s de un lecho de carb\u00f3n activado. Si esta es su situaci\u00f3n, le sugerimos que consulte a nuestro equipo de especialistas.<\/span><\/p>\n<p><span style=\"font-family: tahoma, arial, helvetica, sans-serif; font-size: 110%;\">Pa\u00eds de origen: Italia<\/span><\/p>","protected":false},"excerpt":{"rendered":"<p><span style=\"font-size: 105%; font-family: tahoma, arial, helvetica, sans-serif;\">Cartus filtrant carbune activat bloc, compatibil cu carcasa SPARTAN 20&#8243;<\/span><\/p>","protected":false},"featured_media":67959,"comment_status":"open","ping_status":"closed","template":"","meta":{"_seopress_robots_primary_cat":"none","_seopress_titles_title":"","_seopress_titles_desc":"Cartus filtrant carbune activat bloc AQUAFILTER Big Blue 10\"","_seopress_robots_index":""},"product_brand":[],"product_cat":[1142],"product_tag":[545],"class_list":{"0":"post-625","1":"product","2":"type-product","3":"status-publish","4":"has-post-thumbnail","6":"product_cat-cartuse-filtre-toata-casa","7":"product_tag-carbune-activat-bloc","9":"first","10":"instock","11":"taxable","12":"shipping-taxable","13":"purchasable","14":"product-type-simple"},"_links":{"self":[{"href":"https:\/\/azura.ro\/es\/wp-json\/wp\/v2\/product\/625","targetHints":{"allow":["GET"]}}],"collection":[{"href":"https:\/\/azura.ro\/es\/wp-json\/wp\/v2\/product"}],"about":[{"href":"https:\/\/azura.ro\/es\/wp-json\/wp\/v2\/types\/product"}],"replies":[{"embeddable":true,"href":"https:\/\/azura.ro\/es\/wp-json\/wp\/v2\/comments?post=625"}],"wp:featuredmedia":[{"embeddable":true,"href":"https:\/\/azura.ro\/es\/wp-json\/wp\/v2\/media\/67959"}],"wp:attachment":[{"href":"https:\/\/azura.ro\/es\/wp-json\/wp\/v2\/media?parent=625"}],"wp:term":[{"taxonomy":"product_brand","embeddable":true,"href":"https:\/\/azura.ro\/es\/wp-json\/wp\/v2\/product_brand?post=625"},{"taxonomy":"product_cat","embeddable":true,"href":"https:\/\/azura.ro\/es\/wp-json\/wp\/v2\/product_cat?post=625"},{"taxonomy":"product_tag","embeddable":true,"href":"https:\/\/azura.ro\/es\/wp-json\/wp\/v2\/product_tag?post=625"}],"curies":[{"name":"wp","href":"https:\/\/api.w.org\/{rel}","templated":true}]}}