{"id":629,"date":"2015-03-11T23:28:18","date_gmt":"2015-03-11T23:28:18","guid":{"rendered":"http:\/\/dev02.websynapse.ro\/product\/filtru-apa-retea-carbune-activat-bloc-bb20-1-aquafilter\/"},"modified":"2026-03-27T11:06:35","modified_gmt":"2026-03-27T09:06:35","slug":"filtru-declorinator-spartan-blue-20-carbon-bloc","status":"publish","type":"product","link":"https:\/\/azura.ro\/es\/produs\/filtru-declorinator-spartan-blue-20-carbon-bloc\/","title":{"rendered":"AZUL ESPARTANO 20\u2033 BLOQUE DE CARB\u00d3N 20\u2033 FILTRO AZUL ESPARTANO"},"content":{"rendered":"<p><span style=\"font-family: tahoma, arial, helvetica, sans-serif; font-size: 110%; color: #282828;\">FILTRUL DECLORINATOR SPARTAN BLUE 20\u2033 CARBON BLOC AZURA FILTERS este proiectat pentru debite ce acopera orice casa sau vila rezidentiala.<\/span><\/p>\n<p><span style=\"font-family: tahoma, arial, helvetica, sans-serif; font-size: 110%; color: #282828;\">Incluye kit de instalaci\u00f3n completo: carcasa del filtro, <em>cartus filtrant carbune activat bloc<\/em>llave de filtro, soporte de pared.<\/span><\/p>\n<p><span style=\"font-family: tahoma, arial, helvetica, sans-serif; font-size: 110%; color: #282828;\">Nota: Los filtros SPARTAN AZUL tienen un soporte met\u00e1lico muy s\u00f3lido para fijarlos a la pared. Estos filtros son cualitativamente superiores a los filtros con soporte de pl\u00e1stico.<\/span><\/p>\n<p><span style=\"font-family: tahoma, arial, helvetica, sans-serif; font-size: 110%; color: #282828;\"><strong>Vivienda SPARTAN BLUE 20\u2033 Este<\/strong>:<\/span><br \/>\n<span style=\"font-family: tahoma, arial, helvetica, sans-serif; font-size: 110%; color: #282828;\">- de pl\u00e1stico reforzado resistente a los golpes.<\/span><br \/>\n<span style=\"font-family: tahoma, arial, helvetica, sans-serif; font-size: 110%; color: #282828;\">- compatible con una amplia gama de productos qu\u00edmicos<\/span><br \/>\n<span style=\"font-family: tahoma, arial, helvetica, sans-serif; font-size: 110%; color: #282828;\">- apto para el contacto con agua potable.<\/span><\/p>\n<p><span style=\"font-family: tahoma, arial, helvetica, sans-serif; font-size: 110%; color: #282828;\"><br \/>\nLa carcasa SPARTAN BLUE 20 toli es compatible con muchos tipos de cartuchos filtrantes siempre que tengan un tama\u00f1o de 20\u2033.<br \/>\n<\/span><\/p>\n<p><span style=\"font-family: tahoma, arial, helvetica, sans-serif; font-size: 110%; color: #282828;\"><b><br \/>\nCartusul filtrant din carbon bloc ce este inclus, <\/b>are ca scop filtrarea clorului, trihalometanului, a substantelor chimice organice dizolvate, a ierbicidelor, pesticidelor, benzenului, cloroformului, tricloretilena, hidrocarburi aromate etc. Sunt peste 90 de substante ce sunt <em>filtraci\u00f3n por adsorci\u00f3n mediante carb\u00f3n activado granular<\/em>.<\/span><\/p>\n<p><span style=\"font-family: tahoma, arial, helvetica, sans-serif; font-size: 110%; color: #282828;\"><strong>\u00bfD\u00f3nde y para qu\u00e9?<\/strong><\/span><\/p>\n<p><span style=\"font-family: tahoma, arial, helvetica, sans-serif; font-size: 110%; color: #282828;\">Se puede utilizar en casas y chalets y se instala en la tuber\u00eda principal de agua fr\u00eda. Se puede utilizar con \u00e9xito en la industria, el \u00e1rea comercial (lavaderos de coches, lavaderos de ropa, restaurantes, cocinas profesionales, etc.). Puede utilizarse con \u00e9xito como <em><strong>filtro declorador.<\/strong><\/em><\/span><\/p>\n<p><span style=\"font-family: tahoma, arial, helvetica, sans-serif; font-size: 110%; color: #282828;\"><strong>Periodo de cambio del cartucho filtrante :<\/strong><\/span><\/p>\n<p><span style=\"font-family: tahoma, arial, helvetica, sans-serif; font-size: 110%; color: #282828;\">3 - 6 meses* o 108447 litros*, dependiendo de la calidad del agua y del volumen filtrado. Se recomienda la prefiltraci\u00f3n de sedimentos, bancos, arena, con un filtro similar en capacidad pero con un cartucho filtrante dise\u00f1ado para sedimentos.<\/span><\/p>\n<p><span style=\"font-family: tahoma, arial, helvetica, sans-serif; font-size: 110%; color: #282828;\">*depende del nivel de contaminaci\u00f3n del agua<\/span><\/p>\n<p><span style=\"font-family: tahoma, arial, helvetica, sans-serif; font-size: 110%; color: #282828;\">Puede encontrar el precio y la presentaci\u00f3n del cartucho filtrante haciendo clic en el bot\u00f3n \"CARTUCHOS DE INTERCAMBIO\" de esta p\u00e1gina, justo debajo de la imagen del producto.<\/span><\/p>\n<p><span style=\"color: #282828; font-family: tahoma, arial, helvetica, sans-serif; font-size: 110%;\"><strong>Caracter\u00edsticas t\u00e9cnicas Filtro completo:<\/strong><\/span><\/p>\n<p><span style=\"color: #282828; font-family: tahoma, arial, helvetica, sans-serif; font-size: 110%;\">*Conexi\u00f3n de entrada\/salida: 1\u2033.<\/span><br \/>\n<span style=\"font-family: tahoma, arial, helvetica, sans-serif; font-size: 110%; color: #282828;\">*4,5 m\u00b3\/h<br \/>\n*Caudal recomendado 15,1 l \/min<br \/>\n*Altura de la carcasa 605 mm<\/span><br \/>\n<span style=\"font-family: tahoma, arial, helvetica, sans-serif; font-size: 110%; color: #282828;\">*Di\u00e1metro de la carcasa 190 mm<\/span><br \/>\n<span style=\"font-family: tahoma, arial, helvetica, sans-serif; font-size: 110%; color: #282828;\">* Presi\u00f3n m\u00edn.\/m\u00e1x. 1-5 bar (recomendamos usar con una presi\u00f3n m\u00e1x. de 4,5 bar)<\/span><br \/>\n<span style=\"font-family: tahoma, arial, helvetica, sans-serif; font-size: 110%; color: #282828;\">*Temperatura m\u00edn.\/m\u00e1x. 5\/40\u00b0C<\/span><\/p>\n<p><span style=\"font-family: tahoma, arial, helvetica, sans-serif; font-size: 110%; color: #282828;\"><strong><br \/>\nInstalaci\u00f3n filtro de agua SPARTAN AZUL<\/strong>: \u00a1s\u00f3lo debe instalarse en la tuber\u00eda de agua fr\u00eda!<\/span><\/p>\n<p><span style=\"font-family: tahoma, arial, helvetica, sans-serif; font-size: 110%; color: #282828;\">Durante la puesta en marcha, se recomienda tirar al menos 20 litros de agua por el desag\u00fce antes de utilizar el agua para lavar el carb\u00f3n activo (la primera agua producida contendr\u00e1 polvo de carb\u00f3n activo).<\/span><\/p>\n<p><span style=\"font-family: tahoma, arial, helvetica, sans-serif; font-size: 110%; color: #282828;\"><strong>Precauciones de uso:<\/strong><\/span><\/p>\n<p><span style=\"font-family: tahoma, arial, helvetica, sans-serif; font-size: 110%; color: #282828;\">No utilice el presente filtro con agua microbiol\u00f3gicamente insegura. No lo utilice con agua que contenga bacterias. En caso de que se enfrente a un problema de este tipo, solicite asesoramiento especializado a nuestros ingenieros.<\/span><\/p>\n<p><span style=\"font-family: tahoma, arial, helvetica, sans-serif; font-size: 110%; color: #282828;\"><br \/>\nLa garant\u00eda del filtro es de dos a\u00f1os. El cartucho del filtro es consumible y no est\u00e1 cubierto por la garant\u00eda.<\/span><\/p>","protected":false},"excerpt":{"rendered":"<p>FILTRUL DECLORINATOR SPARTAN BLUE 20\u2033 CARBON BLOC AZURA FILTERS este proiectat pentru debite ce acopera orice casa sau vila rezidentiala. Contine Kit complet de instalare: carcasa filtru, cartus filtrant carbune activat bloc, cheie filtru, suport prindere perete. Nota: Filtrele SPARTAN BLUE au suport metalic foarte solid pentru fixarea acestora pe perete. Aceste filtre sunt superioare [&#8230;]\n","protected":false},"featured_media":69462,"comment_status":"open","ping_status":"closed","template":"","meta":{"_seopress_robots_primary_cat":"none","_seopress_titles_title":"","_seopress_titles_desc":"FILTRU APA RETEA CU CARBUNE ACTIVAT GRANULAR BIG BLUE 20\"","_seopress_robots_index":""},"product_brand":[],"product_cat":[126,87],"product_tag":[315,288],"class_list":{"0":"post-629","1":"product","2":"type-product","3":"status-publish","4":"has-post-thumbnail","6":"product_cat-filtre-carbune-activat","7":"product_cat-filtre-standard-cu-carbune-activat","8":"product_tag-filtru-apa-casa","9":"product_tag-filtru-apa-pentru-casa","10":"pa_amplasare-conductaprincipala","11":"pa_brand-azura-filters","13":"first","14":"instock","15":"taxable","16":"shipping-taxable","17":"purchasable","18":"product-type-simple"},"_links":{"self":[{"href":"https:\/\/azura.ro\/es\/wp-json\/wp\/v2\/product\/629","targetHints":{"allow":["GET"]}}],"collection":[{"href":"https:\/\/azura.ro\/es\/wp-json\/wp\/v2\/product"}],"about":[{"href":"https:\/\/azura.ro\/es\/wp-json\/wp\/v2\/types\/product"}],"replies":[{"embeddable":true,"href":"https:\/\/azura.ro\/es\/wp-json\/wp\/v2\/comments?post=629"}],"wp:featuredmedia":[{"embeddable":true,"href":"https:\/\/azura.ro\/es\/wp-json\/wp\/v2\/media\/69462"}],"wp:attachment":[{"href":"https:\/\/azura.ro\/es\/wp-json\/wp\/v2\/media?parent=629"}],"wp:term":[{"taxonomy":"product_brand","embeddable":true,"href":"https:\/\/azura.ro\/es\/wp-json\/wp\/v2\/product_brand?post=629"},{"taxonomy":"product_cat","embeddable":true,"href":"https:\/\/azura.ro\/es\/wp-json\/wp\/v2\/product_cat?post=629"},{"taxonomy":"product_tag","embeddable":true,"href":"https:\/\/azura.ro\/es\/wp-json\/wp\/v2\/product_tag?post=629"}],"curies":[{"name":"wp","href":"https:\/\/api.w.org\/{rel}","templated":true}]}}