{"id":63265,"date":"2023-08-16T15:08:21","date_gmt":"2023-08-16T12:08:21","guid":{"rendered":"https:\/\/azura.ro\/?post_type=product&#038;p=63265"},"modified":"2026-03-17T16:39:13","modified_gmt":"2026-03-17T14:39:13","slug":"sita-filtro-de-agua-de-riego-130-micras-1-%c2%bd-toli-purga-automatica-maxi","status":"publish","type":"product","link":"https:\/\/azura.ro\/es\/produs\/filtru-apa-irigatii-sita-130-microni-1-%c2%bd-toli-purjare-automata-maxi\/","title":{"rendered":"TAMIZ FILTRO DE AGUA DE RIEGO, 130 MICRAS, 1 \u00bd LITROS, PURGA AUTOM\u00c1TICA - MAXI"},"content":{"rendered":"<h2><span style=\"font-weight: 400; font-family: tahoma, arial, helvetica, sans-serif; font-size: 110%;\">El filtro puede utilizarse para la filtraci\u00f3n mec\u00e1nica tanto en sistemas industriales como de riego.<\/span><\/h2>\n<p><span style=\"font-weight: 400; font-family: tahoma, arial, helvetica, sans-serif; font-size: 110%;\">Grado de filtraci\u00f3n 130 micras - recomendado para la protecci\u00f3n de tuber\u00edas, bombas, sistemas de riego.<\/span><\/p>\n<p><span style=\"font-weight: 400; font-family: tahoma, arial, helvetica, sans-serif; font-size: 110%;\">Cartucho tipo tamiz - recomendado para agua de perforaci\u00f3n. Se utiliza con frecuencia para eliminar la arena.<\/span><\/p>\n<p><span style=\"font-family: tahoma, arial, helvetica, sans-serif; font-size: 110%;\"><b>Aplicaciones:<\/b><\/span><\/p>\n<ul>\n<li style=\"font-weight: 400;\" aria-level=\"1\"><span style=\"font-weight: 400; font-family: tahoma, arial, helvetica, sans-serif; font-size: 110%;\">F\u00e1bricas - agua de proceso, agua para la producci\u00f3n de alimentos, agua embotellada (en combinaci\u00f3n con otros equipos);<\/span><\/li>\n<li style=\"font-weight: 400;\" aria-level=\"1\"><span style=\"font-weight: 400; font-family: tahoma, arial, helvetica, sans-serif; font-size: 110%;\">Riego - agricultura; viticultura;<\/span><\/li>\n<li style=\"font-weight: 400;\" aria-level=\"1\"><span style=\"font-weight: 400; font-family: tahoma, arial, helvetica, sans-serif; font-size: 110%;\">Sistemas de \u00f3smosis inversa de prefiltraci\u00f3n, decloraci\u00f3n, desmanganizaci\u00f3n, desferrizaci\u00f3n, Se instalar\u00e1 como primera etapa, antes de los equipos de tratamiento de agua.<\/span><\/li>\n<\/ul>\n<p><span style=\"font-family: tahoma, arial, helvetica, sans-serif; font-size: 110%;\"><b>Especificaciones t\u00e9cnicas:<\/b><\/span><\/p>\n<p><span style=\"font-weight: 400; font-family: tahoma, arial, helvetica, sans-serif; font-size: 110%;\">Dimensiones: A: 280 mm; P: 120 mm;<\/span><\/p>\n<p><span style=\"font-weight: 400; font-family: tahoma, arial, helvetica, sans-serif; font-size: 110%;\">Distancia entre roscas: 270 mm<\/span><\/p>\n<p><span style=\"font-weight: 400; font-family: tahoma, arial, helvetica, sans-serif; font-size: 110%;\">Caudal m\u00e1ximo: 20 m3\/h<\/span><\/p>\n<p><span style=\"font-weight: 400; font-family: tahoma, arial, helvetica, sans-serif; font-size: 110%;\">Superficie filtrante: 515 cm2<\/span><\/p>\n<p><span style=\"font-weight: 400; font-family: tahoma, arial, helvetica, sans-serif; font-size: 110%;\">Conexi\u00f3n IN\/OUT: 1 \u00bd\" rosca exterior<\/span><\/p>\n<p><span style=\"font-weight: 400; font-family: tahoma, arial, helvetica, sans-serif; font-size: 110%;\">Grifo de desag\u00fce: \u00bd\".<\/span><\/p>\n<p><span style=\"font-weight: 400; font-family: tahoma, arial, helvetica, sans-serif; font-size: 110%;\">Material: Pl\u00e1stico<\/span><\/p>\n<p><span style=\"font-weight: 400; font-family: tahoma, arial, helvetica, sans-serif; font-size: 110%;\">Cartucho de tamiz: acero inoxidable SS304 con soporte de pl\u00e1stico<\/span><\/p>\n<p><span style=\"font-weight: 400; font-family: tahoma, arial, helvetica, sans-serif; font-size: 110%;\">Temperatura m\u00e1xima del agua : 60\u00b0 C<\/span><\/p>\n<p><span style=\"font-weight: 400; font-family: tahoma, arial, helvetica, sans-serif; font-size: 110%;\">Presi\u00f3n m\u00e1xima: 8 bar<\/span><\/p>\n<p><span style=\"font-family: tahoma, arial, helvetica, sans-serif; font-size: 110%;\"><b>Otras informaciones:<\/b><\/span><\/p>\n<p><span style=\"font-weight: 400; font-family: tahoma, arial, helvetica, sans-serif; font-size: 110%;\">El tiempo de purga puede ajustarse, pero no puede ser inferior a 15 segundos.<\/span><\/p>\n<p><span style=\"font-weight: 400; font-family: tahoma, arial, helvetica, sans-serif; font-size: 110%;\">Se puede ajustar el intervalo de filtrado sin purga, pero no m\u00e1s de 16 horas.<\/span><\/p>\n<p><span style=\"font-weight: 400; font-family: tahoma, arial, helvetica, sans-serif; font-size: 110%;\">Para que funcione la purga autom\u00e1tica son necesarios:<\/span><\/p>\n<ul>\n<li style=\"font-weight: 400;\" aria-level=\"1\"><span style=\"font-weight: 400; font-family: tahoma, arial, helvetica, sans-serif; font-size: 110%;\">Electricidad de 220 V;<\/span><\/li>\n<li style=\"font-weight: 400;\" aria-level=\"1\"><span style=\"font-weight: 400; font-family: tahoma, arial, helvetica, sans-serif; font-size: 110%;\">desag\u00fce, para el agua purgada.<\/span><\/li>\n<\/ul>\n<p><span style=\"font-weight: 400; font-family: tahoma, arial, helvetica, sans-serif; font-size: 110%;\">El producto no tiene consumibles. El cartucho del filtro se puede limpiar \/ lavar. Si es necesario podemos entregar cartucho de repuesto.<\/span><\/p>\n<p><span style=\"font-weight: 400; font-family: tahoma, arial, helvetica, sans-serif; font-size: 110%;\">Garant\u00eda: dos a\u00f1os para las personas f\u00edsicas y un a\u00f1o para las personas jur\u00eddicas.<\/span><\/p>","protected":false},"excerpt":{"rendered":"<p>Filtrul se poate utiliza pentru filtrare mecanica, atat in industrie cat si pentru sisteme de irigatii. Grad de filtrare 130 microni \u2013 recomandat pentru protectie conducte, pompe, sisteme de irigatii. Cartus de tip sita &#8211; recomandat pentru apa de foraj. Frecvent folosit pentru a indeparta nisipul. Aplicatii: Fabrici \u2013 apa de proces, apa pentru productie [&#8230;]\n","protected":false},"featured_media":63351,"comment_status":"open","ping_status":"closed","template":"","meta":{"_seopress_robots_primary_cat":"none","_seopress_titles_title":"","_seopress_titles_desc":"","_seopress_robots_index":""},"product_brand":[],"product_cat":[77],"product_tag":[1909],"class_list":{"0":"post-63265","1":"product","2":"type-product","3":"status-publish","4":"has-post-thumbnail","6":"product_cat-filtre-apa-cu-sita","7":"product_tag-filtru-plastic-filtru-industrial-filtru-sita-filtru-irigatii-purjare-automata","8":"pa_amplasare-conductaprincipala","9":"pa_graddefiltrare-130-microni","11":"first","12":"instock","13":"taxable","14":"shipping-taxable","15":"purchasable","16":"product-type-simple"},"_links":{"self":[{"href":"https:\/\/azura.ro\/es\/wp-json\/wp\/v2\/product\/63265","targetHints":{"allow":["GET"]}}],"collection":[{"href":"https:\/\/azura.ro\/es\/wp-json\/wp\/v2\/product"}],"about":[{"href":"https:\/\/azura.ro\/es\/wp-json\/wp\/v2\/types\/product"}],"replies":[{"embeddable":true,"href":"https:\/\/azura.ro\/es\/wp-json\/wp\/v2\/comments?post=63265"}],"wp:featuredmedia":[{"embeddable":true,"href":"https:\/\/azura.ro\/es\/wp-json\/wp\/v2\/media\/63351"}],"wp:attachment":[{"href":"https:\/\/azura.ro\/es\/wp-json\/wp\/v2\/media?parent=63265"}],"wp:term":[{"taxonomy":"product_brand","embeddable":true,"href":"https:\/\/azura.ro\/es\/wp-json\/wp\/v2\/product_brand?post=63265"},{"taxonomy":"product_cat","embeddable":true,"href":"https:\/\/azura.ro\/es\/wp-json\/wp\/v2\/product_cat?post=63265"},{"taxonomy":"product_tag","embeddable":true,"href":"https:\/\/azura.ro\/es\/wp-json\/wp\/v2\/product_tag?post=63265"}],"curies":[{"name":"wp","href":"https:\/\/api.w.org\/{rel}","templated":true}]}}