{"id":63384,"date":"2023-08-19T06:47:01","date_gmt":"2023-08-19T03:47:01","guid":{"rendered":"https:\/\/azura.ro\/?post_type=product&#038;p=63384"},"modified":"2025-08-05T15:21:03","modified_gmt":"2025-08-05T12:21:03","slug":"filtro-industrial-sita-acero-inoxidable-100-micras-2-toli-purga-manual-super","status":"publish","type":"product","link":"https:\/\/azura.ro\/es\/produs\/filtru-industrial-sita-inox-100-microni-2-toli-purjare-manuala-super\/","title":{"rendered":"FILTRO INDUSTRIAL SITA ACERO INOXIDABLE 100 MICRAS 2 TOLI, PURGA MANUAL - SUPER"},"content":{"rendered":"<h2><span style=\"font-family: tahoma, arial, helvetica, sans-serif; font-size: 110%;\">Filtro industrial, con tamiz de acero inoxidable de 100 micras y conexi\u00f3n a 2 tuber\u00edas, con purga manual, modelo SUPER.<\/span><\/h2>\n<p><span style=\"font-family: tahoma, arial, helvetica, sans-serif; font-size: 110%;\">Aplicaciones de filtros industriales:<\/span><\/p>\n<ul style=\"list-style-type: disc;\">\n<li><span style=\"font-family: tahoma, arial, helvetica, sans-serif; font-size: 110%;\">F\u00e1bricas - agua de proceso, agua para la producci\u00f3n de alimentos, agua embotellada (en combinaci\u00f3n con otros equipos);<\/span><\/li>\n<li><span style=\"font-family: tahoma, arial, helvetica, sans-serif; font-size: 110%;\">Edificios residenciales y comerciales; naves log\u00edsticas;<\/span><\/li>\n<li><span style=\"font-family: tahoma, arial, helvetica, sans-serif; font-size: 110%;\">Sistemas de \u00f3smosis inversa de prefiltraci\u00f3n, decloraci\u00f3n, desmanganizaci\u00f3n, desferrizaci\u00f3n. Para instalar como primera etapa, antes del equipo de tratamiento de agua;<\/span><\/li>\n<li><span style=\"font-family: tahoma, arial, helvetica, sans-serif; font-size: 110%;\">Riego - agricultura.<br \/>\n<\/span><\/li>\n<\/ul>\n<p><span style=\"font-family: tahoma, arial, helvetica, sans-serif; font-size: 110%;\">Especificaciones t\u00e9cnicas filtro industrial:<\/span><\/p>\n<p><span style=\"font-family: tahoma, arial, helvetica, sans-serif; font-size: 110%;\">Dimensiones: Al: 750 mm; P: 190 mm;<br \/>\nDistancia entre roscas: 335 mm<\/span><br \/>\n<span style=\"font-family: tahoma, arial, helvetica, sans-serif; font-size: 110%;\">Caudal m\u00e1ximo: 30 m3\/H<\/span><br \/>\n<span style=\"font-family: tahoma, arial, helvetica, sans-serif; font-size: 110%;\">Superficie filtrante: 1520 cm2<\/span><br \/>\n<span style=\"font-family: tahoma, arial, helvetica, sans-serif; font-size: 110%;\">Interruptor IN\/OUT: 2 tol, rosca exterior<\/span><br \/>\n<span style=\"font-family: tahoma, arial, helvetica, sans-serif; font-size: 110%;\">Grifo de vaciado manual: 3\/4 <\/span><br \/>\n<span style=\"font-family: tahoma, arial, helvetica, sans-serif; font-size: 110%;\">Material: Pl\u00e1stico PA6GFR30<\/span><br \/>\n<span style=\"font-family: tahoma, arial, helvetica, sans-serif; font-size: 110%;\">Anillo de cierre: metal<\/span><br \/>\n<span style=\"font-family: tahoma, arial, helvetica, sans-serif; font-size: 110%;\">Cartucho de tamiz: acero inoxidable SS304 con soporte de pl\u00e1stico<\/span><br \/>\n<span style=\"font-family: tahoma, arial, helvetica, sans-serif; font-size: 110%;\">Temperatura m\u00e1xima del agua : 60 C<\/span><br \/>\n<span style=\"font-family: tahoma, arial, helvetica, sans-serif; font-size: 110%;\">Presi\u00f3n m\u00e1xima: 8 bar<\/span><\/p>\n<p><span style=\"font-family: tahoma, arial, helvetica, sans-serif; font-size: 110%;\">El producto no tiene consumibles. El cartucho filtrante puede limpiarse\/lavarse. Si es necesario, podemos suministrar un cartucho de repuesto.<\/span><\/p>\n<p><span style=\"font-family: tahoma, arial, helvetica, sans-serif; font-size: 110%;\">Garant\u00eda: dos a\u00f1os para las personas f\u00edsicas y un a\u00f1o para las personas jur\u00eddicas.<\/span><\/p>","protected":false},"excerpt":{"rendered":"<p>Filtru industrial, cu sita din inox 100 microni si conectare la 2 toli, cu purjare manuala, model SUPER. Aplicatii filtru industrial: Fabrici \u2013 apa de proces, apa pentru productie alimente, apa imbuteliata (in combinatie cu alte echipamente); Cladiri rezidentiale si comerciale; Hale logistice; Prefiltrare sisteme de osmoza inversa, declorinare, demanganizare, deferizare. Se va instala ca [&#8230;]\n","protected":false},"featured_media":63565,"comment_status":"open","ping_status":"closed","template":"","meta":{"_seopress_robots_primary_cat":"none","_seopress_titles_title":"","_seopress_titles_desc":"","_seopress_robots_index":""},"product_brand":[],"product_cat":[77],"product_tag":[1862,1908],"class_list":{"0":"post-63384","1":"product","2":"type-product","3":"status-publish","4":"has-post-thumbnail","6":"product_cat-filtre-apa-cu-sita","7":"product_tag-filtru-industrial-sita-inox-2-toli","8":"product_tag-filtru-plastic-filtru-industrial-filtru-sita-filtru-irigatii-purjare-manuala","9":"pa_amplasare-conductaprincipala","10":"pa_graddefiltrare-100-microni","12":"first","13":"instock","14":"taxable","15":"shipping-taxable","16":"purchasable","17":"product-type-simple"},"_links":{"self":[{"href":"https:\/\/azura.ro\/es\/wp-json\/wp\/v2\/product\/63384","targetHints":{"allow":["GET"]}}],"collection":[{"href":"https:\/\/azura.ro\/es\/wp-json\/wp\/v2\/product"}],"about":[{"href":"https:\/\/azura.ro\/es\/wp-json\/wp\/v2\/types\/product"}],"replies":[{"embeddable":true,"href":"https:\/\/azura.ro\/es\/wp-json\/wp\/v2\/comments?post=63384"}],"wp:featuredmedia":[{"embeddable":true,"href":"https:\/\/azura.ro\/es\/wp-json\/wp\/v2\/media\/63565"}],"wp:attachment":[{"href":"https:\/\/azura.ro\/es\/wp-json\/wp\/v2\/media?parent=63384"}],"wp:term":[{"taxonomy":"product_brand","embeddable":true,"href":"https:\/\/azura.ro\/es\/wp-json\/wp\/v2\/product_brand?post=63384"},{"taxonomy":"product_cat","embeddable":true,"href":"https:\/\/azura.ro\/es\/wp-json\/wp\/v2\/product_cat?post=63384"},{"taxonomy":"product_tag","embeddable":true,"href":"https:\/\/azura.ro\/es\/wp-json\/wp\/v2\/product_tag?post=63384"}],"curies":[{"name":"wp","href":"https:\/\/api.w.org\/{rel}","templated":true}]}}