{"id":63391,"date":"2023-08-19T07:09:14","date_gmt":"2023-08-19T04:09:14","guid":{"rendered":"https:\/\/azura.ro\/?post_type=product&#038;p=63391"},"modified":"2026-03-27T09:54:38","modified_gmt":"2026-03-27T07:54:38","slug":"filtro-industrial-discos-100-micras-discos-2-toli-purga-automatica-super","status":"publish","type":"product","link":"https:\/\/azura.ro\/es\/produs\/filtru-industrial-discuri-100-microni-2-toli-purjare-automata-super\/","title":{"rendered":"FILTRO DE DISCO INDUSTRIAL 100 MICRAS DISCOS 2 TOLI, PURGA AUTOM\u00c1TICA - SUPER"},"content":{"rendered":"<h2><span style=\"font-family: tahoma, arial, helvetica, sans-serif; font-size: 110%;\">Filtro industrial, con discos de 100 micras y conexi\u00f3n a 2 cilindros, con purga autom\u00e1tica seg\u00fan tiempo, modelo SUPER.<\/span><\/h2>\n<p><span style=\"font-family: tahoma, arial, helvetica, sans-serif; font-size: 110%;\">Aplicaciones:<\/span><\/p>\n<p><span style=\"font-family: tahoma, arial, helvetica, sans-serif; font-size: 110%;\">F\u00e1bricas - agua de proceso, agua para la producci\u00f3n de alimentos, agua embotellada (en combinaci\u00f3n con otros equipos);<\/span><br \/>\n<span style=\"font-family: tahoma, arial, helvetica, sans-serif; font-size: 110%;\">Edificios residenciales y comerciales; naves log\u00edsticas;<\/span><br \/>\n<span style=\"font-family: tahoma, arial, helvetica, sans-serif; font-size: 110%;\">Prefiltraci\u00f3n de sistemas de \u00f3smosis inversa, decloraci\u00f3n, desmanganizaci\u00f3n, desferrizaci\u00f3n. Para instalar como primera etapa, antes del equipo de tratamiento de agua.<br \/>\nRiego - agricultura;<br \/>\n<\/span><\/p>\n<p><span style=\"font-family: tahoma, arial, helvetica, sans-serif; font-size: 110%;\">Especificaciones t\u00e9cnicas filtro industrial:<\/span><\/p>\n<p><span style=\"font-family: tahoma, arial, helvetica, sans-serif; font-size: 110%;\">Dimensiones: Al: 750 mm; P: 190 mm;<br \/>\nDistancia entre roscas: 335 mm<\/span><br \/>\n<span style=\"font-family: tahoma, arial, helvetica, sans-serif; font-size: 110%;\">Caudal m\u00e1ximo: 30 m3\/H<\/span><br \/>\n<span style=\"font-family: tahoma, arial, helvetica, sans-serif; font-size: 110%;\">Superficie filtrante: 1805 cm2<\/span><br \/>\n<span style=\"font-family: tahoma, arial, helvetica, sans-serif; font-size: 110%;\">Interruptor IN\/OUT: 2 tol, rosca exterior<br \/>\nGrifo de vaciado autom\u00e1tico: 1\/2\u2033<br \/>\n<\/span><span style=\"font-family: tahoma, arial, helvetica, sans-serif; font-size: 110%;\">Material: Pl\u00e1stico PA6GFR30<\/span><br \/>\n<span style=\"font-family: tahoma, arial, helvetica, sans-serif; font-size: 110%;\">Anillo de cierre: metal<\/span><br \/>\n<span style=\"font-family: tahoma, arial, helvetica, sans-serif; font-size: 110%;\">Cartucho de disco: pl\u00e1stico<\/span><br \/>\n<span style=\"font-family: tahoma, arial, helvetica, sans-serif; font-size: 110%;\">Temperatura m\u00e1xima del agua : 60\u00b0C<\/span><br \/>\n<span style=\"font-family: tahoma, arial, helvetica, sans-serif; font-size: 110%;\">Presi\u00f3n m\u00e1xima: 8 bar<\/span><br \/>\n<span style=\"font-family: tahoma, arial, helvetica, sans-serif; font-size: 110%;\">Purga autom\u00e1tica programable por tiempo. Purga de 15 segundos con intervalo entre 1 hora - 16 horas.<\/span><\/p>\n<p><span style=\"font-family: tahoma, arial, helvetica, sans-serif; font-size: 110%;\">Otras informaciones:<\/span><\/p>\n<p><span style=\"font-family: tahoma, arial, helvetica, sans-serif; font-size: 110%;\">El tiempo de purga puede ajustarse, pero no puede ser inferior a 15 segundos.<\/span><br \/>\n<span style=\"font-family: tahoma, arial, helvetica, sans-serif; font-size: 110%;\">Se puede ajustar el intervalo de filtrado sin purga, pero no m\u00e1s de 16 horas.<\/span><\/p>\n<p><span style=\"font-family: tahoma, arial, helvetica, sans-serif; font-size: 110%;\">Para que funcione la purga autom\u00e1tica son necesarios:<\/span><\/p>\n<ul>\n<li><span style=\"font-family: tahoma, arial, helvetica, sans-serif; font-size: 110%;\">Electricidad de 220 V;<\/span><\/li>\n<li><span style=\"font-family: tahoma, arial, helvetica, sans-serif; font-size: 110%;\">desag\u00fce, para el agua purgada.<\/span><\/li>\n<\/ul>\n<p><span style=\"font-family: tahoma, arial, helvetica, sans-serif; font-size: 110%;\">El producto no tiene consumibles. El cartucho filtrante puede limpiarse\/lavarse. Si es necesario, podemos suministrar un cartucho de repuesto.<\/span><\/p>\n<p><span style=\"font-family: tahoma, arial, helvetica, sans-serif; font-size: 110%;\">Garant\u00eda: dos a\u00f1os para las personas f\u00edsicas y un a\u00f1o para las personas jur\u00eddicas.<\/span><\/p>","protected":false},"excerpt":{"rendered":"<p>Filtru industrial, cu discuri 100 microni si conectare la 2 toli, cu purjare automata in functie de timp, model SUPER. Aplicatii: Fabrici \u2013 apa de proces, apa pentru productie alimente, apa imbuteliata (in combinatie cu alte echipamente); Cladiri rezidentiale si comerciale; Hale logistice; Prefiltrare sisteme de osmoza inversa, declorinare, demanganizare, deferizare. Se va instala ca [&#8230;]\n","protected":false},"featured_media":63549,"comment_status":"open","ping_status":"closed","template":"","meta":{"_seopress_robots_primary_cat":"none","_seopress_titles_title":"","_seopress_titles_desc":"","_seopress_robots_index":""},"product_brand":[],"product_cat":[89],"product_tag":[1865,1869,1912,1870,1915],"class_list":{"0":"post-63391","1":"product","2":"type-product","3":"status-publish","4":"has-post-thumbnail","6":"product_cat-filtre-cu-discuri","7":"product_tag-filtru-industrial-2-toli","8":"product_tag-filtru-industrial-discuri","9":"product_tag-filtru-plastic","10":"product_tag-filtru-purjare-automata-discuri","11":"product_tag-purjare-automata","12":"pa_amplasare-conductaprincipala","13":"pa_graddefiltrare-100-microni","15":"first","16":"outofstock","17":"taxable","18":"shipping-taxable","19":"purchasable","20":"product-type-simple"},"_links":{"self":[{"href":"https:\/\/azura.ro\/es\/wp-json\/wp\/v2\/product\/63391","targetHints":{"allow":["GET"]}}],"collection":[{"href":"https:\/\/azura.ro\/es\/wp-json\/wp\/v2\/product"}],"about":[{"href":"https:\/\/azura.ro\/es\/wp-json\/wp\/v2\/types\/product"}],"replies":[{"embeddable":true,"href":"https:\/\/azura.ro\/es\/wp-json\/wp\/v2\/comments?post=63391"}],"wp:featuredmedia":[{"embeddable":true,"href":"https:\/\/azura.ro\/es\/wp-json\/wp\/v2\/media\/63549"}],"wp:attachment":[{"href":"https:\/\/azura.ro\/es\/wp-json\/wp\/v2\/media?parent=63391"}],"wp:term":[{"taxonomy":"product_brand","embeddable":true,"href":"https:\/\/azura.ro\/es\/wp-json\/wp\/v2\/product_brand?post=63391"},{"taxonomy":"product_cat","embeddable":true,"href":"https:\/\/azura.ro\/es\/wp-json\/wp\/v2\/product_cat?post=63391"},{"taxonomy":"product_tag","embeddable":true,"href":"https:\/\/azura.ro\/es\/wp-json\/wp\/v2\/product_tag?post=63391"}],"curies":[{"name":"wp","href":"https:\/\/api.w.org\/{rel}","templated":true}]}}