{"id":63444,"date":"2023-08-20T08:03:33","date_gmt":"2023-08-20T05:03:33","guid":{"rendered":"https:\/\/azura.ro\/?post_type=product&#038;p=63444"},"modified":"2026-02-19T15:57:56","modified_gmt":"2026-02-19T13:57:56","slug":"filtru-industrial-sita-inox-100-microni-3-toli-purjare-manuala-super","status":"publish","type":"product","link":"https:\/\/azura.ro\/es\/produs\/filtru-industrial-sita-inox-100-microni-3-toli-purjare-manuala-super\/","title":{"rendered":"FILTRO INDUSTRIAL SITA ACERO INOXIDABLE 100 MICRAS 3 TOLI, PURGA MANUAL - SUPER"},"content":{"rendered":"<h2><span style=\"font-family: tahoma, arial, helvetica, sans-serif; font-size: 110%;\">Filtru industrial cu sita din inox 100 microni si conectare la 3 toli, cu purjare manuala, model SUPER.<\/span><\/h2>\n<p><span style=\"font-family: tahoma, arial, helvetica, sans-serif; font-size: 110%;\">El filtro puede utilizarse para la filtraci\u00f3n mec\u00e1nica tanto en sistemas industriales como de riego.<\/span><\/p>\n<p><span style=\"font-family: tahoma, arial, helvetica, sans-serif; font-size: 110%;\">Grad de filtrare 100 microni \u2013 recomandat pentru protectie conducte, pompe, sisteme de irigatii.<\/span><\/p>\n<p><span style=\"font-family: tahoma, arial, helvetica, sans-serif; font-size: 110%;\"><strong>Aplicaciones:<\/strong><\/span><br \/>\n<span style=\"font-family: tahoma, arial, helvetica, sans-serif; font-size: 110%;\">F\u00e1bricas - agua de proceso, agua para la producci\u00f3n de alimentos, agua embotellada (en combinaci\u00f3n con otros equipos);<br \/>\n<\/span><span style=\"font-family: tahoma, arial, helvetica, sans-serif; font-size: 110%;\">Riego - agricultura; viticultura;<br \/>\n<\/span><span style=\"font-family: tahoma, arial, helvetica, sans-serif; font-size: 110%;\">Edificios residenciales y comerciales; naves log\u00edsticas;<br \/>\n<\/span><span style=\"font-family: tahoma, arial, helvetica, sans-serif; font-size: 110%;\">Prefiltrare sisteme de osmoza inversa, declorinare, demanganizare, deferizare, Se va instala ca prima treapta, inaintea echipamentelor de tratare a apei.<\/span><\/p>\n<p><span style=\"font-family: tahoma, arial, helvetica, sans-serif; font-size: 110%;\"><strong>Especificaciones t\u00e9cnicas:<br \/>\n<\/strong>Dimensiones: Al: 750 mm; P: 190 mm;<br \/>\n<\/span><span style=\"font-family: tahoma, arial, helvetica, sans-serif; font-size: 110%;\"> Distancia entre roscas: 335 mm<\/span><br \/>\n<span style=\"font-family: tahoma, arial, helvetica, sans-serif; font-size: 110%;\">Debit maxim: 43 m3\/H<\/span><br \/>\n<span style=\"font-family: tahoma, arial, helvetica, sans-serif; font-size: 110%;\">Superficie filtrante: 1520 cm2<\/span><br \/>\n<span style=\"font-family: tahoma, arial, helvetica, sans-serif; font-size: 110%;\">Conexi\u00f3n IN\/OUT: 3 pines, rosca exterior<\/span><br \/>\n<span style=\"font-family: tahoma, arial, helvetica, sans-serif; font-size: 110%;\">Grifo de vaciado manual: 3\/4 <\/span><br \/>\n<span style=\"font-family: tahoma, arial, helvetica, sans-serif; font-size: 110%;\">Material: Pl\u00e1stico PA6GFR30<\/span><br \/>\n<span style=\"font-family: tahoma, arial, helvetica, sans-serif; font-size: 110%;\">Anillo de cierre: metal<\/span><br \/>\n<span style=\"font-family: tahoma, arial, helvetica, sans-serif; font-size: 110%;\">Cartucho de tamiz: acero inoxidable SS304 con soporte de pl\u00e1stico<\/span><br \/>\n<span style=\"font-family: tahoma, arial, helvetica, sans-serif; font-size: 110%;\">Temperatura m\u00e1xima del agua : 60\u00b0 C<\/span><br \/>\n<span style=\"font-family: tahoma, arial, helvetica, sans-serif; font-size: 110%;\">Presi\u00f3n m\u00e1xima: 8 bar<\/span><\/p>\n<p><span style=\"font-family: tahoma, arial, helvetica, sans-serif; font-size: 110%;\">El producto no tiene consumibles. El cartucho filtrante puede limpiarse\/lavarse. Si es necesario, podemos suministrar un cartucho de repuesto.<\/span><\/p>\n<p><span style=\"font-size: 110%; font-family: tahoma, arial, helvetica, sans-serif;\">Garant\u00eda: dos a\u00f1os para las personas f\u00edsicas y un a\u00f1o para las personas jur\u00eddicas.<\/span><\/p>","protected":false},"excerpt":{"rendered":"<p>Filtru industrial cu sita din inox 100 microni si conectare la 3 toli, cu purjare manuala, model SUPER. Filtrul se poate utiliza pentru filtrare mecanica, atat in industrie cat si pentru sisteme de irigatii. Grad de filtrare 100 microni \u2013 recomandat pentru protectie conducte, pompe, sisteme de irigatii. Aplicatii: Fabrici \u2013 apa de proces, apa [&#8230;]\n","protected":false},"featured_media":63546,"comment_status":"open","ping_status":"closed","template":"","meta":{"_seopress_robots_primary_cat":"none","_seopress_titles_title":"","_seopress_titles_desc":"","_seopress_robots_index":""},"product_brand":[],"product_cat":[77],"product_tag":[1865,1916,1864,1914,1912,1806,1913],"class_list":{"0":"post-63444","1":"product","2":"type-product","3":"status-publish","4":"has-post-thumbnail","6":"product_cat-filtre-apa-cu-sita","7":"product_tag-filtru-industrial-2-toli","8":"product_tag-filtru-industrial-purjare-manuala","9":"product_tag-filtru-industrial-sita-inox","10":"product_tag-filtru-irigatii","11":"product_tag-filtru-plastic","12":"product_tag-filtru-sita","13":"product_tag-purjare-manuala","14":"pa_amplasare-conductaprincipala","15":"pa_graddefiltrare-100-microni","17":"first","18":"outofstock","19":"taxable","20":"shipping-taxable","21":"purchasable","22":"product-type-simple"},"_links":{"self":[{"href":"https:\/\/azura.ro\/es\/wp-json\/wp\/v2\/product\/63444","targetHints":{"allow":["GET"]}}],"collection":[{"href":"https:\/\/azura.ro\/es\/wp-json\/wp\/v2\/product"}],"about":[{"href":"https:\/\/azura.ro\/es\/wp-json\/wp\/v2\/types\/product"}],"replies":[{"embeddable":true,"href":"https:\/\/azura.ro\/es\/wp-json\/wp\/v2\/comments?post=63444"}],"wp:featuredmedia":[{"embeddable":true,"href":"https:\/\/azura.ro\/es\/wp-json\/wp\/v2\/media\/63546"}],"wp:attachment":[{"href":"https:\/\/azura.ro\/es\/wp-json\/wp\/v2\/media?parent=63444"}],"wp:term":[{"taxonomy":"product_brand","embeddable":true,"href":"https:\/\/azura.ro\/es\/wp-json\/wp\/v2\/product_brand?post=63444"},{"taxonomy":"product_cat","embeddable":true,"href":"https:\/\/azura.ro\/es\/wp-json\/wp\/v2\/product_cat?post=63444"},{"taxonomy":"product_tag","embeddable":true,"href":"https:\/\/azura.ro\/es\/wp-json\/wp\/v2\/product_tag?post=63444"}],"curies":[{"name":"wp","href":"https:\/\/api.w.org\/{rel}","templated":true}]}}