{"id":63448,"date":"2023-08-20T08:15:04","date_gmt":"2023-08-20T05:15:04","guid":{"rendered":"https:\/\/azura.ro\/?post_type=product&#038;p=63448"},"modified":"2025-08-05T15:18:06","modified_gmt":"2025-08-05T12:18:06","slug":"filtru-industrial-cu-discuri-50-microni-3-toli-purjare-manuala-super","status":"publish","type":"product","link":"https:\/\/azura.ro\/es\/produs\/filtru-industrial-cu-discuri-50-microni-3-toli-purjare-manuala-super\/","title":{"rendered":"FILTRO INDUSTRIAL CON DISCOS 50 MICRAS 3 TOLI, PURGA MANUAL - SUPER"},"content":{"rendered":"<h2><span style=\"font-family: tahoma, arial, helvetica, sans-serif; font-size: 110%;\">Filtru industrial cu discuri 50 microni si conectare la 3 toli, cu purjare manuala, model SUPER.<\/span><\/h2>\n<p><span style=\"font-family: tahoma, arial, helvetica, sans-serif; font-size: 110%;\">El filtro puede utilizarse para la filtraci\u00f3n mec\u00e1nica tanto en sistemas industriales como de riego.<\/span><\/p>\n<p><span style=\"font-family: tahoma, arial, helvetica, sans-serif; font-size: 110%;\">Grad de filtrare 50<\/span><span style=\"font-family: tahoma, arial, helvetica, sans-serif; font-size: 110%;\">\u00a0microni \u2013 recomandat pentru protectie conducte, pompe, sisteme de irigatii.<\/span><\/p>\n<p><span style=\"font-family: tahoma, arial, helvetica, sans-serif; font-size: 110%;\"><strong>Aplicaciones:<\/strong><\/span><br \/>\n<span style=\"font-family: tahoma, arial, helvetica, sans-serif; font-size: 110%;\">F\u00e1bricas - agua de proceso, agua para la producci\u00f3n de alimentos, agua embotellada (en combinaci\u00f3n con otros equipos);<br \/>\n<\/span><span style=\"font-family: tahoma, arial, helvetica, sans-serif; font-size: 110%;\">Riego - agricultura; viticultura;<br \/>\n<\/span><span style=\"font-family: tahoma, arial, helvetica, sans-serif; font-size: 110%;\">Edificios residenciales y comerciales; naves log\u00edsticas;<br \/>\n<\/span><span style=\"font-family: tahoma, arial, helvetica, sans-serif; font-size: 110%;\">Prefiltrare sisteme de osmoza inversa, declorinare , demanganizare, deferizare. Se va instala ca prima treapta, inaintea echipamentelor de tratare a apei.<\/span><\/p>\n<p><span style=\"font-family: tahoma, arial, helvetica, sans-serif; font-size: 110%;\"><strong>Especificaciones t\u00e9cnicas:<br \/>\n<\/strong>Dimensiones: Al: 750 mm; P: 190 mm;<br \/>\nDistancia entre roscas: 335 mm<\/span><br \/>\n<span style=\"font-family: tahoma, arial, helvetica, sans-serif; font-size: 110%;\">Caudal m\u00e1ximo: 36 m3\/H<\/span><br \/>\n<span style=\"font-family: tahoma, arial, helvetica, sans-serif; font-size: 110%;\">Superficie filtrante: 1805 cm2<\/span><br \/>\n<span style=\"font-family: tahoma, arial, helvetica, sans-serif; font-size: 110%;\">Conexi\u00f3n IN\/OUT: 3 pines, rosca exterior<\/span><br \/>\n<span style=\"font-family: tahoma, arial, helvetica, sans-serif; font-size: 110%;\">Grifo de vaciado manual: 3\/4 <\/span><br \/>\n<span style=\"font-family: tahoma, arial, helvetica, sans-serif; font-size: 110%;\">Material: Pl\u00e1stico PA6GFR30<\/span><br \/>\n<span style=\"font-family: tahoma, arial, helvetica, sans-serif; font-size: 110%;\">Anillo de cierre: metal<\/span><br \/>\n<span style=\"font-family: tahoma, arial, helvetica, sans-serif; font-size: 110%;\">Cartus de tip discuri presate<\/span><br \/>\n<span style=\"font-family: tahoma, arial, helvetica, sans-serif; font-size: 110%;\">Temperatura m\u00e1xima del agua : 60\u00b0 C<\/span><br \/>\n<span style=\"font-family: tahoma, arial, helvetica, sans-serif; font-size: 110%;\">Presi\u00f3n m\u00e1xima: 8 bar<\/span><\/p>\n<p><span style=\"font-family: tahoma, arial, helvetica, sans-serif; font-size: 110%;\">El producto no tiene consumibles. El cartucho filtrante puede limpiarse\/lavarse. Si es necesario, podemos suministrar un cartucho de repuesto.<\/span><\/p>\n<p><span style=\"font-family: tahoma, arial, helvetica, sans-serif; font-size: 110%;\">Garantie: 2 ani persoane fizice; 1 an persoane juridice.<\/span><\/p>","protected":false},"excerpt":{"rendered":"<p>Filtru industrial cu discuri 50 microni si conectare la 3 toli, cu purjare manuala, model SUPER. Filtrul se poate utiliza pentru filtrare mecanica, atat in industrie cat si pentru sisteme de irigatii. Grad de filtrare 50\u00a0microni \u2013 recomandat pentru protectie conducte, pompe, sisteme de irigatii. Aplicatii: Fabrici \u2013 apa de proces, apa pentru productie alimente, [&#8230;]\n","protected":false},"featured_media":63536,"comment_status":"open","ping_status":"closed","template":"","meta":{"_seopress_robots_primary_cat":"none","_seopress_titles_title":"","_seopress_titles_desc":"","_seopress_robots_index":""},"product_brand":[],"product_cat":[89],"product_tag":[1895,1869,1917],"class_list":{"0":"post-63448","1":"product","2":"type-product","3":"status-publish","4":"has-post-thumbnail","6":"product_cat-filtre-cu-discuri","7":"product_tag-filtru-industrial-3-toli","8":"product_tag-filtru-industrial-discuri","9":"product_tag-filtru-plastic-filtru-industrial-filtru-disc-filtru-irigatii-purjare-manuala","10":"pa_amplasare-conductaprincipala","11":"pa_graddefiltrare-50-microni","13":"first","14":"outofstock","15":"taxable","16":"shipping-taxable","17":"purchasable","18":"product-type-simple"},"_links":{"self":[{"href":"https:\/\/azura.ro\/es\/wp-json\/wp\/v2\/product\/63448","targetHints":{"allow":["GET"]}}],"collection":[{"href":"https:\/\/azura.ro\/es\/wp-json\/wp\/v2\/product"}],"about":[{"href":"https:\/\/azura.ro\/es\/wp-json\/wp\/v2\/types\/product"}],"replies":[{"embeddable":true,"href":"https:\/\/azura.ro\/es\/wp-json\/wp\/v2\/comments?post=63448"}],"wp:featuredmedia":[{"embeddable":true,"href":"https:\/\/azura.ro\/es\/wp-json\/wp\/v2\/media\/63536"}],"wp:attachment":[{"href":"https:\/\/azura.ro\/es\/wp-json\/wp\/v2\/media?parent=63448"}],"wp:term":[{"taxonomy":"product_brand","embeddable":true,"href":"https:\/\/azura.ro\/es\/wp-json\/wp\/v2\/product_brand?post=63448"},{"taxonomy":"product_cat","embeddable":true,"href":"https:\/\/azura.ro\/es\/wp-json\/wp\/v2\/product_cat?post=63448"},{"taxonomy":"product_tag","embeddable":true,"href":"https:\/\/azura.ro\/es\/wp-json\/wp\/v2\/product_tag?post=63448"}],"curies":[{"name":"wp","href":"https:\/\/api.w.org\/{rel}","templated":true}]}}