{"id":6434,"date":"2017-03-28T13:39:54","date_gmt":"2017-03-28T11:39:54","guid":{"rendered":"https:\/\/azura.ro\/produs\/filtru-apa-retea-cu-discuri-si-robinet-purjare-arkal-1\/"},"modified":"2026-02-10T14:59:25","modified_gmt":"2026-02-10T12:59:25","slug":"filtru-apa-retea-cu-discuri-si-robinet-purjare-arkal-1","status":"publish","type":"product","link":"https:\/\/azura.ro\/es\/produs\/filtru-apa-retea-cu-discuri-si-robinet-purjare-arkal-1\/","title":{"rendered":"FILTRU APA RETEA CU DISCURI 55 MICRONI SI ROBINET PURJARE ARKAL 1&#8221;"},"content":{"rendered":"<h2><span style=\"font-size: 110%; font-family: tahoma, arial, helvetica, sans-serif;\">Filtrul Arkal (Israel) cu conectare pe 1 tol, filtreaza apa prin\u00a0discuri de plastic presate. <\/span><\/h2>\n<p><span style=\"font-size: 110%; font-family: tahoma, arial, helvetica, sans-serif;\">Es una filtraci\u00f3n mucho mejor y m\u00e1s segura en comparaci\u00f3n con los filtros que contienen tamiz.<\/span><\/p>\n<p><span style=\"font-size: 110%; font-family: tahoma, arial, helvetica, sans-serif;\">Es muy robusto y est\u00e1 fabricado con materiales de primera calidad.<\/span><\/p>\n<p><span style=\"font-size: 110%; font-family: tahoma, arial, helvetica, sans-serif;\"><strong>\u00bfQu\u00e9 recibe en el paquete?<\/strong><\/span><\/p>\n<p><span style=\"font-size: 110%; font-family: tahoma, arial, helvetica, sans-serif;\">1. Carcasa negra equipada con grifo de vaciado y con posibilidad de a\u00f1adir man\u00f3metros;<\/span><br \/>\n<span style=\"font-size: 110%; font-family: tahoma, arial, helvetica, sans-serif;\"> 2. cartucho filtrante de discos;<\/span><br \/>\n<span style=\"font-size: 110%; font-family: tahoma, arial, helvetica, sans-serif;\"> 3. Llave para extraer el filtro.<\/span><\/p>\n<h3><span style=\"font-size: 110%; font-family: tahoma, arial, helvetica, sans-serif;\">Disponibilitate grad de filtrare filtru Arkal \u00a01&#8243;: 55 MICRONI<\/span><\/h3>\n<h3><span style=\"font-size: 110%; font-family: tahoma, arial, helvetica, sans-serif;\">Unde utilizam filtrul Arkal 1&#8243;:<\/span><\/h3>\n<p><span style=\"font-size: 110%; font-family: tahoma, arial, helvetica, sans-serif;\">Se utiliza para la filtraci\u00f3n de agua en la tuber\u00eda principal de suministro de agua fr\u00eda antes de cualquier equipo.<\/span><\/p>\n<p><span style=\"font-size: 110%; font-family: tahoma, arial, helvetica, sans-serif;\">- se utiliza para filtrar toda el agua que entra en la casa<\/span><br \/>\n<span style=\"font-size: 110%; font-family: tahoma, arial, helvetica, sans-serif;\"> - utilizado para la filtraci\u00f3n de agua en la agricultura<\/span><br \/>\n<span style=\"font-size: 110%; font-family: tahoma, arial, helvetica, sans-serif;\"> - utilizado para la filtraci\u00f3n de agua en la industria o cualquier otra aplicaci\u00f3n.<\/span><\/p>\n<p><span style=\"font-size: 110%; font-family: tahoma, arial, helvetica, sans-serif;\">Tambi\u00e9n se puede utilizar con otros filtros, filtraci\u00f3n en cascada, Arkal es el primero de esta serie ya que no tiene consumibles.<\/span><\/p>\n<h3><span style=\"font-size: 110%; font-family: tahoma, arial, helvetica, sans-serif;\">Ce filtreaza filtrul Arkal 1&#8243;:<\/span><\/h3>\n<p><span style=\"font-size: 110%; font-family: tahoma, arial, helvetica, sans-serif;\">Suciedad, barro, arena, hierro y manganeso oxidado.<\/span><\/p>\n<h3><span style=\"font-size: 110%; font-family: tahoma, arial, helvetica, sans-serif;\">Intretinere filtru Arkal 1&#8243;:<\/span><\/h3>\n<p><span style=\"font-size: 110%; font-family: tahoma, arial, helvetica, sans-serif;\">- sin consumibles;<\/span><br \/>\n<span style=\"font-size: 110%; font-family: tahoma, arial, helvetica, sans-serif;\"> - Dispone de un grifo para evacuar el agua sucia, de modo que puedes evacuar peri\u00f3dicamente (de forma manual) el agua de la misma;<\/span><br \/>\n<span style=\"font-size: 110%; font-family: tahoma, arial, helvetica, sans-serif;\"> - Dependiendo de la calidad del agua, despu\u00e9s de cierto tiempo se retirar\u00e1 la carcasa y se lavar\u00e1 el cartucho filtrante de discos con un chorro de agua;<\/span><br \/>\n<span style=\"font-size: 110%; font-family: tahoma, arial, helvetica, sans-serif;\"> - Si la suciedad persiste en los canales finos de los discos, se puede colocar durante 12 a 24 horas en un recipiente que contenga desincrustante (disponible en el comercio). Despu\u00e9s, acl\u00e1relo a fondo con un chorro de agua y el cartucho filtrante quedar\u00e1 como nuevo.<\/span><\/p>\n<h3><span style=\"font-size: 110%; font-family: tahoma, arial, helvetica, sans-serif;\">Caracteristici tehnice filtru Arkal 1&#8243;:<\/span><\/h3>\n<p><span style=\"font-size: 110%; font-family: tahoma, arial, helvetica, sans-serif;\">Conexi\u00f3n: 1 tol<\/span><br \/>\n<span style=\"font-size: 110%; font-family: tahoma, arial, helvetica, sans-serif;\"> Presi\u00f3n m\u00e1xima: 6 bar<\/span><br \/>\n<span style=\"font-size: 110%; font-family: tahoma, arial, helvetica, sans-serif;\"> Debit maxim: 4 mc\/h<\/span><br \/>\n<span style=\"font-size: 110%; font-family: tahoma, arial, helvetica, sans-serif;\"> Arie de filtrare: 306 cm2<\/span><br \/>\n<span style=\"font-size: 110%; font-family: tahoma, arial, helvetica, sans-serif;\"> Inaltime: 233 mm<\/span><br \/>\n<span style=\"font-size: 110%; font-family: tahoma, arial, helvetica, sans-serif;\"> Di\u00e1metro: 130 mm<\/span><br \/>\n<span style=\"font-size: 110%; font-family: tahoma, arial, helvetica, sans-serif;\"> Distancia entre conexiones: 158 mm<\/span><br \/>\n<span style=\"font-size: 110%; font-family: tahoma, arial, helvetica, sans-serif;\"> Peso: 1,5 kg<\/span><br \/>\n<span style=\"font-size: 110%; font-family: tahoma, arial, helvetica, sans-serif;\"> pH de trabajo: 2 - 13<\/span><\/p>\n<h3><span style=\"font-size: 110%; font-family: tahoma, arial, helvetica, sans-serif;\">Instalare filtru Arkal 1&#8243;:<\/span><\/h3>\n<p><span style=\"font-size: 110%; font-family: tahoma, arial, helvetica, sans-serif;\">Debe ser instalado por un instalador profesional. Recomendamos no utilizar masilla sino tefl\u00f3n. En caso de que utilice masilla para la instalaci\u00f3n, utilice una cantidad muy peque\u00f1a. <\/span><\/p>\n<p><span style=\"font-size: 110%; font-family: tahoma, arial, helvetica, sans-serif;\">Productor: Arkal (Israel)<\/span><\/p>\n<p><span style=\"font-size: 110%; font-family: tahoma, arial, helvetica, sans-serif;\">Garant\u00eda: 3 a\u00f1os<\/span><\/p>","protected":false},"excerpt":{"rendered":"<p><span style=\"font-size: 100%;\"><span style=\"font-family: tahoma, arial, helvetica, sans-serif;\">Filtro de disco lavable (Israel). Sin consumibles. Mejor <\/span><span style=\"font-family: tahoma, arial, helvetica, sans-serif;\">\u00a1Filtro!<\/span><\/span><\/p>\n<p><a href=\"https:\/\/azura.ro\/es\/100-30-dias-de-garantia-de-devolucion\/\" rel=\"attachment wp-att-7307\"><img decoding=\"async\" class=\"alignnone wp-image-7307\" src=\"https:\/\/azura.ro\/wp-content\/uploads\/2016\/06\/Garantie-retur.png\" alt=\"\" width=\"108\" height=\"133\" \/><\/a><a href=\"https:\/\/azura.ro\/es\/service\/\" rel=\"attachment wp-att-7308\"><img decoding=\"async\" class=\"alignnone wp-image-7308\" src=\"https:\/\/azura.ro\/wp-content\/uploads\/2016\/06\/Service.png\" alt=\"\" width=\"134\" height=\"134\" srcset=\"https:\/\/azura.ro\/wp-content\/uploads\/2016\/06\/Service.png 189w, https:\/\/azura.ro\/wp-content\/uploads\/2016\/06\/Service-100x100.png 100w, https:\/\/azura.ro\/wp-content\/uploads\/2016\/06\/Service-150x150.png 150w\" sizes=\"(max-width: 134px) 100vw, 134px\" \/><\/a><a href=\"https:\/\/azura.ro\/es\/3-anos-de-garantia\/\" rel=\"attachment wp-att-12368\"><img decoding=\"async\" class=\"alignnone wp-image-12368\" src=\"https:\/\/azura.ro\/wp-content\/uploads\/2018\/08\/3-ani-garantie.png\" alt=\"\" width=\"107\" height=\"136\" \/><\/a><\/p>\n<p><a href=\"https:\/\/azura.ro\/es\/100-30-dias-de-garantia-de-devolucion\/\" target=\"_blank\" rel=\"noopener noreferrer\">Ofrecemos garant\u00eda de satisfacci\u00f3n con pol\u00edtica de devoluci\u00f3n de 30 d\u00edas;<\/a><br \/>\n<a href=\"https:\/\/azura.ro\/es\/service\/\" target=\"_blank\" rel=\"noopener noreferrer\">Ofrecemos servicio especializado en Ruman\u00eda \u00a1Cualquier problema t\u00e9cnico se resuelve en Ruman\u00eda!<\/a><a href=\"https:\/\/azura.ro\/es\/service\/\" target=\"_blank\" rel=\"noopener noreferrer\"><br \/>\n<\/a><a href=\"https:\/\/azura.ro\/es\/3-anos-de-garantia\/\" target=\"_blank\" rel=\"noopener noreferrer\">Ofrecemos garant\u00eda contra defectos de fabricaci\u00f3n, 3 a\u00f1os de garant\u00eda<\/a><a href=\"https:\/\/azura.ro\/es\/5-anos-de-garantia\/\" target=\"_blank\" rel=\"noopener noreferrer\">;<\/a><\/p>","protected":false},"featured_media":68156,"comment_status":"open","ping_status":"closed","template":"","meta":{"_seopress_robots_primary_cat":"none","_seopress_titles_title":"","_seopress_titles_desc":"FILTRU APA ARKAL SUPER 1\", FILTRARE CU DISCURI LAVABILE","_seopress_robots_index":""},"product_brand":[],"product_cat":[89],"product_tag":[594,597,598,596],"class_list":{"0":"post-6434","1":"product","2":"type-product","3":"status-publish","4":"has-post-thumbnail","6":"product_cat-filtre-cu-discuri","7":"product_tag-arkal","8":"product_tag-filtre-discuri","9":"product_tag-filtre-retea","10":"product_tag-filtru-discuri","11":"pa_amplasare-conductaprincipala","12":"pa_brand-arkal-by-amiad","13":"pa_graddefiltrare-100microni_discurinegre","14":"pa_graddefiltrare-130microni_discurirosii","15":"pa_graddefiltrare-200microni_discurigalbene","16":"pa_graddefiltrare-400microni_discurialbastre","17":"pa_graddefiltrare-55microni_discuriverzi","19":"first","20":"instock","21":"sale","22":"taxable","23":"shipping-taxable","24":"purchasable","25":"product-type-simple"},"_links":{"self":[{"href":"https:\/\/azura.ro\/es\/wp-json\/wp\/v2\/product\/6434","targetHints":{"allow":["GET"]}}],"collection":[{"href":"https:\/\/azura.ro\/es\/wp-json\/wp\/v2\/product"}],"about":[{"href":"https:\/\/azura.ro\/es\/wp-json\/wp\/v2\/types\/product"}],"replies":[{"embeddable":true,"href":"https:\/\/azura.ro\/es\/wp-json\/wp\/v2\/comments?post=6434"}],"wp:featuredmedia":[{"embeddable":true,"href":"https:\/\/azura.ro\/es\/wp-json\/wp\/v2\/media\/68156"}],"wp:attachment":[{"href":"https:\/\/azura.ro\/es\/wp-json\/wp\/v2\/media?parent=6434"}],"wp:term":[{"taxonomy":"product_brand","embeddable":true,"href":"https:\/\/azura.ro\/es\/wp-json\/wp\/v2\/product_brand?post=6434"},{"taxonomy":"product_cat","embeddable":true,"href":"https:\/\/azura.ro\/es\/wp-json\/wp\/v2\/product_cat?post=6434"},{"taxonomy":"product_tag","embeddable":true,"href":"https:\/\/azura.ro\/es\/wp-json\/wp\/v2\/product_tag?post=6434"}],"curies":[{"name":"wp","href":"https:\/\/api.w.org\/{rel}","templated":true}]}}