{"id":657,"date":"2015-04-01T00:08:10","date_gmt":"2015-03-31T22:08:10","guid":{"rendered":"http:\/\/dev02.websynapse.ro\/product\/membrana-osmoza-inversa-50-gpd-pentair-2\/"},"modified":"2026-03-09T20:27:01","modified_gmt":"2026-03-09T18:27:01","slug":"membrana-de-osmosis-inversa-75-gpd-pentair-2","status":"publish","type":"product","link":"https:\/\/azura.ro\/es\/produs\/membrana-osmoza-inversa-75-gpd-pentair-2\/","title":{"rendered":"MEMBRANA DE \u00d3SMOSIS INVERSA 75 GPD PENTAIR"},"content":{"rendered":"<h2><span style=\"font-size: 110%;\"><span style=\"font-family: tahoma, arial, helvetica, sans-serif;\">Membrana de \u00f3smosis inversa Pentair, capacidad 75 GPD = 283,5 litros de agua <\/span><span style=\"font-family: tahoma, arial, helvetica, sans-serif;\">depurado al d\u00eda.<\/span><\/span><\/h2>\n<p><span style=\"font-size: 110%;\"><span style=\"font-family: tahoma, arial, helvetica, sans-serif;\">La membrana de \u00f3smosis inversa es el \"coraz\u00f3n\" de un sistema de filtraci\u00f3n por \u00f3smosis <\/span><span style=\"font-family: tahoma, arial, helvetica, sans-serif;\">al rev\u00e9s.<\/span><\/span><\/p>\n<p><span style=\"font-size: 110%; font-family: tahoma, arial, helvetica, sans-serif;\">Grado de filtraci\u00f3n: 000,1 micras<\/span><\/p>\n<h2>Osmosis Inversa 75 GPD Membrana de Osmosis Inversa Pentair Compatibilidad con los siguientes sistemas de filtraci\u00f3n:<\/h2>\n<p><a href=\"https:\/\/azura.ro\/es\/product-2\/filtro-osmosis-inversa-agua-osmoazura-pro75p-ag-alcalina-ph-85\/\" target=\"_blank\" rel=\"noopener\"><span style=\"font-family: tahoma, arial, helvetica, sans-serif; font-size: 110%;\">FILTRO DE AGUA OSMOSIS INVERSA OSMOAZURA PRO75P-AG, ALCALINA pH 8,5<\/span><\/a><br \/>\n<a href=\"https:\/\/azura.ro\/es\/product-2\/filtru-apa-cu-osmoza-inversa-osmoazura-eco75-ag-alcalin-ph-85\/\" target=\"_blank\" rel=\"noopener\">FILTRO DE AGUA OSMOSIS INVERSA OSMOAZURA ECO75-AG, ALCALINA pH 8,5<\/a><\/p>\n<h2><span style=\"font-size: 110%;\"><span style=\"font-family: tahoma, arial, helvetica, sans-serif;\">\u00bfQu\u00e9 filtra la membrana de \u00f3smosis inversa Pentair 75 GPD?<\/span><\/span><\/h2>\n<p><span style=\"font-size: 110%;\"><span style=\"font-family: tahoma, arial, helvetica, sans-serif;\">Nota: el porcentaje de rechazo puede variar en funci\u00f3n de la calidad del agua <\/span><span style=\"font-family: tahoma, arial, helvetica, sans-serif;\">alimentos, pH, temperatura.<\/span><\/span><\/p>\n<p><span style=\"font-size: 110%;\"><span style=\"font-family: tahoma, arial, helvetica, sans-serif;\">Bario 97%, Bicarbonatos 94%, Cadmio 97%, Calcio 97%, Cromo 92%, Cobre 97%, <\/span><span style=\"font-family: tahoma, arial, helvetica, sans-serif;\">Detergentes 97%, Fluoruros 90%, Plomo 97%, Magnesio 97%, Nitratos 80%, Potasio <\/span><span style=\"font-family: tahoma, arial, helvetica, sans-serif;\">92%, Radio 97%, Selenio 97%, Silicatos 96%, Plata 85%, Sodio 92%, Estroncio, <\/span><span style=\"font-family: tahoma, arial, helvetica, sans-serif;\">97%, Sulfato 97%, PCB 97%, Insecticida 97%, Herbicida 97%, Tricloretan 98%, <\/span><span style=\"font-family: tahoma, arial, helvetica, sans-serif;\">Dibromoetano 15%, Dicloroetano 37%.<\/span><\/span><\/p>\n<p><span style=\"font-size: 110%; font-family: tahoma, arial, helvetica, sans-serif;\">Elimina el 99,999% de virus y quistes resistentes al cloro.<\/span><\/p>\n<p><span style=\"font-size: 110%; font-family: tahoma, arial, helvetica, sans-serif;\">Dimensiones:<br \/>\n<\/span><br \/>\n<span style=\"font-size: 110%; font-family: tahoma, arial, helvetica, sans-serif;\">Longitud total (A): 29,8 cm<\/span><br \/>\n<span style=\"font-size: 110%; font-family: tahoma, arial, helvetica, sans-serif;\">Longitud de la membrana (B): 25,4 cm<\/span><br \/>\n<span style=\"font-size: 110%; font-family: tahoma, arial, helvetica, sans-serif;\">Di\u00e1metro (C): 5,0 cm<\/span><\/p>\n<p><span style=\"font-size: 110%; font-family: tahoma, arial, helvetica, sans-serif;\">Condiciones de trabajo:<\/span><\/p>\n<ul style=\"list-style-type: disc;\">\n<li><span style=\"font-size: 110%; font-family: tahoma, arial, helvetica, sans-serif;\">Presi\u00f3n de alimentaci\u00f3n m\u00edn.\/m\u00e1x.: 2,5 bar - 5 bar<\/span><\/li>\n<li><span style=\"font-size: 110%; font-family: tahoma, arial, helvetica, sans-serif;\">Temperatura del agua: 5 - 25 \u00b0C<\/span><\/li>\n<li><span style=\"font-size: 110%; font-family: tahoma, arial, helvetica, sans-serif;\">Temperatura ambiente: m\u00edn. 3 - 35 \u00b0C<\/span><\/li>\n<li><span style=\"font-size: 110%; font-family: tahoma, arial, helvetica, sans-serif;\">TDS m\u00e1ximo: 1000 mg\/l<\/span><\/li>\n<li><span style=\"font-size: 110%; font-family: tahoma, arial, helvetica, sans-serif;\">Cloro residual m\u00e1ximo: 0,1 mg\/l<\/span><\/li>\n<li><span style=\"font-size: 110%; font-family: tahoma, arial, helvetica, sans-serif;\">Fe m\u00e1ximo: 0,5 mg\/l<\/span><\/li>\n<li><span style=\"font-size: 110%; font-family: tahoma, arial, helvetica, sans-serif;\">Mn m\u00e1ximo: 0,02 mg \/l<\/span><\/li>\n<li><span style=\"font-size: 110%; font-family: tahoma, arial, helvetica, sans-serif;\">Turbidez m\u00e1xima: 1 NTU<\/span><\/li>\n<li><span style=\"font-size: 110%; font-family: tahoma, arial, helvetica, sans-serif;\">Dureza m\u00e1xima: 1 grado alem\u00e1n<\/span><\/li>\n<\/ul>\n<h3><span style=\"font-size: 110%;\"><span style=\"font-family: tahoma, arial, helvetica, sans-serif;\">Duraci\u00f3n de la membrana de \u00f3smosis inversa Pentair 75 GPD<\/span><\/span><\/h3>\n<p><span style=\"font-size: 110%;\"><span style=\"font-family: tahoma, arial, helvetica, sans-serif;\">La vida \u00fatil normal de una membrana de \u00f3smosis inversa es de 12 <\/span><span style=\"font-family: tahoma, arial, helvetica, sans-serif;\">meses siempre que el agua respete los par\u00e1metros anteriores y en <\/span><span style=\"font-family: tahoma, arial, helvetica, sans-serif;\">siempre que los prefiltros se cambien a tiempo.<\/span><\/span><\/p>\n<p><span style=\"font-size: 110%;\"><span style=\"font-family: tahoma, arial, helvetica, sans-serif;\">Como en la mayor\u00eda de los casos el suministro de agua no puede cumplir los par\u00e1metros <\/span><span style=\"font-family: tahoma, arial, helvetica, sans-serif;\">mencionada anteriormente, recomendamos cambiar la membrana de \u00f3smosis inversa en <\/span><span style=\"font-family: tahoma, arial, helvetica, sans-serif;\">12 meses como m\u00e1ximo.<\/span><\/span><\/p>\n<p><span style=\"font-size: 110%;\"><span style=\"font-family: tahoma, arial, helvetica, sans-serif;\">Para una mayor calidad del agua y un menor porcentaje de agua <\/span><span style=\"font-family: tahoma, arial, helvetica, sans-serif;\">a las aguas residuales, recomendamos elegir siempre sistemas de alcantarillado que <\/span><span style=\"font-family: tahoma, arial, helvetica, sans-serif;\">\u00f3smosis inversa con bomba de presi\u00f3n. <\/span><\/span><\/p>\n<p><span style=\"font-size: 110%; font-family: tahoma, arial, helvetica, sans-serif;\">Precauciones de uso:<\/span><\/p>\n<p><span style=\"font-size: 110%; font-family: tahoma, arial, helvetica, sans-serif;\">No utilice la membrana de \u00f3smosis inversa con agua bacteriol\u00f3gicamente infestada o <\/span><br \/>\n<span style=\"font-size: 110%; font-family: tahoma, arial, helvetica, sans-serif;\">con agua cuya calidad desconozcas. En caso de duda sobre cu\u00e1ndo <\/span><br \/>\n<span style=\"font-size: 110%; font-family: tahoma, arial, helvetica, sans-serif;\">utiliza la tecnolog\u00eda de \u00f3smosis inversa, le animamos a que nos pregunte. <\/span><\/p>\n<p><span style=\"font-size: 110%; font-family: tahoma, arial, helvetica, sans-serif;\">Precauciones para la puesta en servicio:<\/span><\/p>\n<ul>\n<li><span style=\"font-family: tahoma, arial, helvetica, sans-serif; font-size: 110%;\">No toque la membrana con las manos sucias, si es posible utilice guantes quir\u00fargicos.<\/span><\/li>\n<li><span style=\"font-family: tahoma, arial, helvetica, sans-serif; font-size: 110%;\">Antes de consumir la primera agua filtrada por membrana, filtre agua suficiente para llenar dos recipientes de almacenamiento (del sistema de \u00f3smosis inversa) que verter\u00e1 al alcantarillado (~20 litros de agua).<\/span><\/li>\n<li><span style=\"font-family: tahoma, arial, helvetica, sans-serif; font-size: 110%;\">Asiente con cuidado la junta t\u00f3rica de la carcasa de \u00f3smosis inversa. Engrase esta junta t\u00f3rica con <a href=\"https:\/\/azura.ro\/es\/product-2\/tubo-de-silicona-alimentaria-60-g\/\" target=\"_blank\" rel=\"noopener\">alimentos de silicona<\/a>.<\/span><\/li>\n<\/ul>","protected":false},"excerpt":{"rendered":"<p>Membrana de osmoza inversa Pentair, capacitate 75 GPD = 283,5 litri apa purificata pe zi. Membrana de osmoza inversa este &#8222;inima&#8221; unui sistem de filtrare cu osmoza inversa. Grad de filtrare: 000,1 micron Compatibilitate membrana de osmoza inversa 75 GPD Pentair cu sistemele de filtrare de mai jos: FILTRU APA CU OSMOZA INVERSA OSMOAZURA PRO75P-AG, [&#8230;]\n","protected":false},"featured_media":70291,"comment_status":"open","ping_status":"closed","template":"","meta":{"_seopress_robots_primary_cat":"none","_seopress_titles_title":"","_seopress_titles_desc":"Membrana osmoza inversa de calitate superioara 75 GPD Pentair","_seopress_robots_index":""},"product_brand":[],"product_cat":[1137],"product_tag":[588,589,587,590],"class_list":{"0":"post-657","1":"product","2":"type-product","3":"status-publish","4":"has-post-thumbnail","6":"product_cat-cartuse-filtre-bucatarie","7":"product_tag-membrana-osmoza-inversa","8":"product_tag-membrana-osmoza-pentair","9":"product_tag-osmoza-inversa","10":"product_tag-pentair","12":"first","13":"instock","14":"taxable","15":"shipping-taxable","16":"purchasable","17":"product-type-simple"},"_links":{"self":[{"href":"https:\/\/azura.ro\/es\/wp-json\/wp\/v2\/product\/657","targetHints":{"allow":["GET"]}}],"collection":[{"href":"https:\/\/azura.ro\/es\/wp-json\/wp\/v2\/product"}],"about":[{"href":"https:\/\/azura.ro\/es\/wp-json\/wp\/v2\/types\/product"}],"replies":[{"embeddable":true,"href":"https:\/\/azura.ro\/es\/wp-json\/wp\/v2\/comments?post=657"}],"wp:featuredmedia":[{"embeddable":true,"href":"https:\/\/azura.ro\/es\/wp-json\/wp\/v2\/media\/70291"}],"wp:attachment":[{"href":"https:\/\/azura.ro\/es\/wp-json\/wp\/v2\/media?parent=657"}],"wp:term":[{"taxonomy":"product_brand","embeddable":true,"href":"https:\/\/azura.ro\/es\/wp-json\/wp\/v2\/product_brand?post=657"},{"taxonomy":"product_cat","embeddable":true,"href":"https:\/\/azura.ro\/es\/wp-json\/wp\/v2\/product_cat?post=657"},{"taxonomy":"product_tag","embeddable":true,"href":"https:\/\/azura.ro\/es\/wp-json\/wp\/v2\/product_tag?post=657"}],"curies":[{"name":"wp","href":"https:\/\/api.w.org\/{rel}","templated":true}]}}