{"id":659,"date":"2015-04-01T00:25:04","date_gmt":"2015-03-31T22:25:04","guid":{"rendered":"http:\/\/dev02.websynapse.ro\/product\/membrana-osmoza-inversa-100-gpd-pentair\/"},"modified":"2025-10-10T17:03:14","modified_gmt":"2025-10-10T14:03:14","slug":"membrana-de-osmosis-inversa-100-gpd-pentair","status":"publish","type":"product","link":"https:\/\/azura.ro\/es\/produs\/membrana-osmoza-inversa-100-gpd-pentair\/","title":{"rendered":"MEMBRANA DE \u00d3SMOSIS INVERSA 100 GPD PENTAIR"},"content":{"rendered":"<h2><span style=\"font-size: 110%; font-family: tahoma, arial, helvetica, sans-serif;\">Membrana de osmoza inversa Pentair, capacitate 100 GPD = 378 litri apa purificata pe zi<strong>.<\/strong><\/span><\/h2>\n<p><span style=\"font-size: 110%; font-family: tahoma, arial, helvetica, sans-serif;\">Membrana de osmoza inversa este &#8222;inima&#8221; unui sistem de filtrare cu osmoza inversa.<\/span><\/p>\n<p><span style=\"font-size: 110%; font-family: tahoma, arial, helvetica, sans-serif;\">Grado de filtraci\u00f3n: 000,1 micras<\/span><\/p>\n<p><span style=\"font-size: 110%; font-family: tahoma, arial, helvetica, sans-serif;\"><strong>\u00bfQu\u00e9 filtra la membrana de \u00f3smosis inversa?<\/strong><\/span><\/p>\n<p><span style=\"font-size: 110%; font-family: tahoma, arial, helvetica, sans-serif;\">Nota: procentul de rejectie poate varia in functie de calitate apei de alimentare, pH, temperatura.<\/span><\/p>\n<p><span style=\"font-size: 110%; font-family: tahoma, arial, helvetica, sans-serif;\">Bariu 97%, Bicarbonati 94%, Cadmiu 97%, Calciu 97%, Crom 92%, Cupru 97%, Detergenti 97%, Fluoruri 90%, Plumb 97%, Magneziu 97%, Nitrati 80%, Potasiu 92%, Radiu 97%, Seleniu 97%, Silicati 96%, Argint 85%, Sodiu 92%, Strontiu, 97%, Sulfati 97%, PCB 97%, Insecticide, 97%, Erbicide 97%, Tricloretan 98%, Dibromoetan 15%, Dicloretan 37%.<\/span><\/p>\n<p><span style=\"font-size: 110%; font-family: tahoma, arial, helvetica, sans-serif;\">Elimina el 99,999% de virus y quistes resistentes al cloro.<\/span><\/p>\n<p><span style=\"font-size: 110%; font-family: tahoma, arial, helvetica, sans-serif;\">Dimensiones:<br \/>\n<\/span><br \/>\n<span style=\"font-size: 110%; font-family: tahoma, arial, helvetica, sans-serif;\">Lungimea totala(A): 29,8 cm<\/span><br \/>\n<span style=\"font-size: 110%; font-family: tahoma, arial, helvetica, sans-serif;\">Lungimea membrana(B): 25,4 cm<\/span><br \/>\n<span style=\"font-size: 110%; font-family: tahoma, arial, helvetica, sans-serif;\">Diametrul(C): 5,0 cm<\/span><\/p>\n<p><span style=\"font-size: 110%; font-family: tahoma, arial, helvetica, sans-serif;\">Condiciones de trabajo:<\/span><\/p>\n<p><span style=\"font-size: 110%; font-family: tahoma, arial, helvetica, sans-serif;\">Presi\u00f3n de alimentaci\u00f3n m\u00edn.\/m\u00e1x.: 2,5 bar - 5 bar<\/span><br \/>\n<span style=\"font-size: 110%; font-family: tahoma, arial, helvetica, sans-serif;\">Temperatura del agua: 5 - 25 \u00b0C<\/span><br \/>\n<span style=\"font-size: 110%; font-family: tahoma, arial, helvetica, sans-serif;\">Temperatura ambiente: m\u00edn. 3 - 35 \u00b0C<\/span><br \/>\n<span style=\"font-size: 110%; font-family: tahoma, arial, helvetica, sans-serif;\">TDS m\u00e1ximo: 1000 mg\/l<\/span><br \/>\n<span style=\"font-size: 110%; font-family: tahoma, arial, helvetica, sans-serif;\">Cloro residual m\u00e1ximo: 0,1 mg\/l<\/span><br \/>\n<span style=\"font-size: 110%; font-family: tahoma, arial, helvetica, sans-serif;\">Fe m\u00e1ximo: 0,5 mg\/l<\/span><br \/>\n<span style=\"font-size: 110%; font-family: tahoma, arial, helvetica, sans-serif;\">Mn m\u00e1ximo: 0,02 mg \/l<\/span><br \/>\n<span style=\"font-size: 110%; font-family: tahoma, arial, helvetica, sans-serif;\">Turbidez m\u00e1xima: 1 NTU<\/span><br \/>\n<span style=\"font-size: 110%; font-family: tahoma, arial, helvetica, sans-serif;\">Dureza m\u00e1xima: 1 grado alem\u00e1n<\/span><\/p>\n<p><span style=\"font-size: 110%; font-family: tahoma, arial, helvetica, sans-serif;\"><strong>Vida \u00fatil de la membrana de \u00f3smosis inversa<\/strong><\/span><\/p>\n<p><span style=\"font-size: 110%; font-family: tahoma, arial, helvetica, sans-serif;\">Durata de viata normala a unei membrane de osmoza inversa este de 12 luni in conditiile in care apa respecta parametrii de mai sus si in conditiile in care filtrele cu rol de prefiltrare sunt schimbate la timp.<\/span><\/p>\n<p><span style=\"font-size: 110%; font-family: tahoma, arial, helvetica, sans-serif;\">Cum in cele mai multe cazuri apa de alimentare nu poate respecta parametrii mentionati mai sus, recomandam schimbarea membranei de osmoza inversa la maxim 12 luni.<\/span><\/p>\n<p><span style=\"font-size: 110%; font-family: tahoma, arial, helvetica, sans-serif;\">Pentru o calitatea superioara a apei si pentru un procent mai mic de apa rejectata la canalizare, recomandam sa alegeti intotdeauna sisteme de osmoza inversa cu pompa de presiune. <\/span><\/p>\n<p><span style=\"font-size: 110%; font-family: tahoma, arial, helvetica, sans-serif;\">Precauciones de uso:<\/span><\/p>\n<p><span style=\"font-size: 110%; font-family: tahoma, arial, helvetica, sans-serif;\">No utilice la membrana de \u00f3smosis inversa con agua bacteriol\u00f3gicamente infestada o <\/span><span style=\"font-size: 110%; font-family: tahoma, arial, helvetica, sans-serif;\">con agua cuya calidad desconozcas. En caso de duda sobre cu\u00e1ndo <\/span><span style=\"font-size: 110%; font-family: tahoma, arial, helvetica, sans-serif;\">utiliza la tecnolog\u00eda de \u00f3smosis inversa, le animamos a que nos pregunte. <\/span><\/p>\n<p><span style=\"font-size: 110%; font-family: tahoma, arial, helvetica, sans-serif;\">Precauciones para la puesta en servicio:<\/span><\/p>\n<p><span style=\"font-size: 110%; font-family: tahoma, arial, helvetica, sans-serif;\">No toque la membrana con las manos sucias, si es posible utilice guantes quir\u00fargicos.<\/span><\/p>\n<p><span style=\"font-family: tahoma, arial, helvetica, sans-serif; font-size: 110%;\">Inainte de a consuma prima apa filtrata prin membrana, filtrati suficienta apa incat sa umpleti doua vase de stocare (ale sistemului de osmoza inversa) pe care le veti deversa la canalizare. <\/span><\/p>","protected":false},"excerpt":{"rendered":"<p><span style=\"font-size: 100%; font-family: tahoma, arial, helvetica, sans-serif;\">Membrana de osmoza inversa Pentair 10 GPD<\/span><\/p>","protected":false},"featured_media":70294,"comment_status":"open","ping_status":"closed","template":"","meta":{"_seopress_robots_primary_cat":"none","_seopress_titles_title":"","_seopress_titles_desc":"Membrana osmoza inversa de calitate superioara 100 GPD Pentair","_seopress_robots_index":""},"product_brand":[],"product_cat":[1137],"product_tag":[588,589,587,590],"class_list":{"0":"post-659","1":"product","2":"type-product","3":"status-publish","4":"has-post-thumbnail","6":"product_cat-cartuse-filtre-bucatarie","7":"product_tag-membrana-osmoza-inversa","8":"product_tag-membrana-osmoza-pentair","9":"product_tag-osmoza-inversa","10":"product_tag-pentair","12":"first","13":"outofstock","14":"taxable","15":"shipping-taxable","16":"purchasable","17":"product-type-simple"},"_links":{"self":[{"href":"https:\/\/azura.ro\/es\/wp-json\/wp\/v2\/product\/659","targetHints":{"allow":["GET"]}}],"collection":[{"href":"https:\/\/azura.ro\/es\/wp-json\/wp\/v2\/product"}],"about":[{"href":"https:\/\/azura.ro\/es\/wp-json\/wp\/v2\/types\/product"}],"replies":[{"embeddable":true,"href":"https:\/\/azura.ro\/es\/wp-json\/wp\/v2\/comments?post=659"}],"wp:featuredmedia":[{"embeddable":true,"href":"https:\/\/azura.ro\/es\/wp-json\/wp\/v2\/media\/70294"}],"wp:attachment":[{"href":"https:\/\/azura.ro\/es\/wp-json\/wp\/v2\/media?parent=659"}],"wp:term":[{"taxonomy":"product_brand","embeddable":true,"href":"https:\/\/azura.ro\/es\/wp-json\/wp\/v2\/product_brand?post=659"},{"taxonomy":"product_cat","embeddable":true,"href":"https:\/\/azura.ro\/es\/wp-json\/wp\/v2\/product_cat?post=659"},{"taxonomy":"product_tag","embeddable":true,"href":"https:\/\/azura.ro\/es\/wp-json\/wp\/v2\/product_tag?post=659"}],"curies":[{"name":"wp","href":"https:\/\/api.w.org\/{rel}","templated":true}]}}