{"id":68631,"date":"2024-01-04T17:59:52","date_gmt":"2024-01-04T15:59:52","guid":{"rendered":"https:\/\/azura.ro\/?post_type=product&#038;p=68631"},"modified":"2026-01-08T12:16:03","modified_gmt":"2026-01-08T10:16:03","slug":"filtru-apa-cu-osmoza-inversa-osmoazura-prodf600-ag-alcalin-ph-85-direct-flow","status":"publish","type":"product","link":"https:\/\/azura.ro\/es\/produs\/filtru-apa-cu-osmoza-inversa-osmoazura-prodf600-ag-alcalin-ph-85-direct-flow\/","title":{"rendered":"PRODF600-AG FILTRO DE AGUA DE OSMOSIS INVERSA, ALCALINA pH 8,5 - FLUJO DIRECTO 94 L\/HORA"},"content":{"rendered":"<h2><span style=\"font-family: tahoma, arial, helvetica, sans-serif; font-size: 110%;\">Filtru cu osmoza inversa direct flow OSMOAZURA PRODF600-AG, ce incorporeaza cartuse filtrante impregnate cu nano argint si filtru pentru alcalinizare si remineralizare.<\/span><\/h2>\n<p><span style=\"font-family: tahoma, arial, helvetica, sans-serif; font-size: 110%;\">Modelul &#8222;direct flow&#8221; &#8211; nu necesita vas de stocare pentru ca debitul de filtrare este mult mai mare si anume: ~1, 57 litri\/minut; 94,5 litri\/ora. Debitul este influentat de: temperatura apei, calitatea apei si presiunea apei.<\/span><\/p>\n<p><span style=\"font-family: tahoma, arial, helvetica, sans-serif; font-size: 110%;\">Filtros <strong>con nanoplata son bacteriost\u00e1ticos y ofrecen una depuraci\u00f3n avanzada del agua<\/strong>en comparaci\u00f3n con los filtros convencionales. Los filtros tradicionales son propensos a la proliferaci\u00f3n de bacterias en su interior. Los filtros de nanoplata se mantienen higi\u00e9nicos durante todo el periodo de uso.<\/span><\/p>\n<p><span style=\"font-family: tahoma, arial, helvetica, sans-serif; font-size: 110%;\">Precisi\u00f3n de filtraci\u00f3n: 0,0001 micras.<\/span><\/p>\n<h2><span style=\"font-family: tahoma, arial, helvetica, sans-serif; font-size: 110%;\">Filtrul cu osmoza inversa direct flow OSMOAZURA PRODF600-AG, elimina din apa prin metoda rejectiei:<\/span><\/h2>\n<p><span style=\"font-family: tahoma, arial, helvetica, sans-serif; font-size: 110%;\">Aluminio 80-82%; Amonio 90-94%; Bario 96-98%; Cadmio 87-94%; Calcio 95-98%; Cromo trivalente 95-98%; Cromo hexavalente 96-99%; Cobre 86-92%; Dureza total 98-99%; Hierro ferroso 98-99%; Manganeso 96-99%; Magnesio 96-98%; Mercurio 96-98%; N\u00edquel 96-98%; Potasio 96-98%; Plata 96-98%; Sodio 96-98%; Estroncio 96-98%; Zinc 98-99%; Ars\u00e9nico 60-95%; Bircarbonato 90-96%; Borato 30-70%; Bromuro 94-96%; Cloruros 90-95%; Cromato 90-98%; Cianuro 90-95%; Ferrocianuro 99%; Fluoruro 90-96%; Nitrato 60-90%; Fosfato 90%; Selenato y selenito 94-97%; Sulfato 99%; Sulfito 98-99%; Tiosulfato 99%; \u00c1cido ac\u00e9tico 50%; Amianto 99,9%; Bacterias y virus 99,9%; Quistes y turbidez 99,9%; Detergentes 99%; Colorantes 99,9%; Formaldeh\u00eddo 20%; Glucosa 99,9%; Plaguicidas org\u00e1nicos 99%; Fenol 50%; Prote\u00ednas 99,9%; Pir\u00f3genos 99,9%; Az\u00facar\/Lactosa 99,9%; Urea 40-60%.<\/span><\/p>\n<p><span style=\"font-family: tahoma, arial, helvetica, sans-serif; font-size: 110%;\">Nota: El porcentaje de rechazo\/filtraci\u00f3n est\u00e1 influido por el pH y la presi\u00f3n del agua. La calidad del agua es diferente en cada caso, por lo que los porcentajes de filtraci\u00f3n tambi\u00e9n pueden variar.<\/span><\/p>\n<p><span style=\"font-family: tahoma, arial, helvetica, sans-serif; font-size: 110%;\">Nota:<\/span><br \/>\n<span style=\"font-family: tahoma, arial, helvetica, sans-serif; font-size: 110%;\">El modelo actual contiene la bomba de refuerzo. Para realizar el proceso de filtraci\u00f3n, se requiere una fuente de alimentaci\u00f3n con una presi\u00f3n de s\u00f3lo 1,5 bar (ya que contiene la bomba).<br \/>\n<\/span><\/p>\n<p><span style=\"font-family: tahoma, arial, helvetica, sans-serif; font-size: 110%;\"><strong><img decoding=\"async\" class=\"wp-image-13707 alignleft\" src=\"https:\/\/azura.ro\/wp-content\/uploads\/2018\/12\/30-zile-garantie-retur.png\" alt=\"\" width=\"198\" height=\"198\" srcset=\"https:\/\/azura.ro\/wp-content\/uploads\/2018\/12\/30-zile-garantie-retur.png 300w, https:\/\/azura.ro\/wp-content\/uploads\/2018\/12\/30-zile-garantie-retur-247x247.png 247w, https:\/\/azura.ro\/wp-content\/uploads\/2018\/12\/30-zile-garantie-retur-100x100.png 100w, https:\/\/azura.ro\/wp-content\/uploads\/2018\/12\/30-zile-garantie-retur-150x150.png 150w\" sizes=\"(max-width: 198px) 100vw, 198px\" \/>\"Garant\u00eda \"FULL THANKS<\/strong> = Garantia ca sistemul de filtrare OSMOAZURA PRODF600-AG <strong>tiene el efecto prometido<\/strong>.<\/span><br \/>\n<span style=\"font-family: tahoma, arial, helvetica, sans-serif; font-size: 110%;\">Filtro de agua <strong>OSMOAZURA trabaja<\/strong> y por eso ofrecemos estos equipos con una GARANT\u00cdA DE DEVOLUCI\u00d3N DE 30 D\u00cdAS. La finalidad de este tipo de garant\u00eda es s\u00f3lo una, su satisfacci\u00f3n.<\/span><br \/>\n<span style=\"font-family: tahoma, arial, helvetica, sans-serif; font-size: 110%;\">Noi garantam ca Filtrul de apa OSMOAZURA PRODF600-AG va functiona si pentru tine. Daca nu esti multumit dupa 30 de ZILE cu performantele sistemului, te rugam sa ne contactezi intr-o perioada de 30 zile dupa perioada de testare si utilizare. Daca nu putem rezolva problema ce te nemultumeste, banii pe echipament vor fi inapoiati in intregime dupa ce ne vei inapoia echipamentul. Nu vei plati nici macar costul de transport!<\/span><\/p>\n<p><strong><span style=\"font-family: tahoma, arial, helvetica, sans-serif; font-size: 110%;\">Configuratie unica de filtrare pentru OSMOAZURA PRODF600-AG &#8211; direct flow \u2013 garantam ca o astfel de filtrare nu veti mai intalni intr-un alt sistem cu osmoza inversa.<\/span><\/strong><\/p>\n<p><span style=\"font-family: tahoma, arial, helvetica, sans-serif; font-size: 110%;\">Sistemul de filtrare direct flow OSMOAZURA PRODF600-AG contine multiple straturi de filtrare prezente in 6 cartuse filtrante si anume:<\/span><\/p>\n<ul>\n<li><span style=\"font-family: tahoma, arial, helvetica, sans-serif; font-size: 110%;\">Primul filtru (amplasat in carcasa translucida pentru a se putea observa captarea murdariei): Cartus filtrant antibacterian 10\u201d 5 microni \u2013 contine nano argint.<\/span><\/li>\n<li><span style=\"font-family: tahoma, arial, helvetica, sans-serif; font-size: 110%;\">Al doilea filtru: Cartus filtrant antibacterian CTO Carbon 2,5\u201d x 10\u201d \u2013 contine nano argint.<\/span><\/li>\n<li><span style=\"font-family: tahoma, arial, helvetica, sans-serif; font-size: 110%;\">Al treilea filtru: Cartus filtrant antibacterian 10\u201d 1 micron \u2013 contine nano argint.<\/span><\/li>\n<li><span style=\"font-family: tahoma, arial, helvetica, sans-serif; font-size: 110%;\">Al patrulea filtru fiind si inima sistemului: Membrana osmoza inversa 600GPD \u2013 fiind si inima sistemului.<\/span><\/li>\n<li><span style=\"font-family: tahoma, arial, helvetica, sans-serif; font-size: 110%;\">Al cincilea filtru: Post filtru carbune activat argintat 2\u201d.<\/span><\/li>\n<li><span style=\"font-family: tahoma, arial, helvetica, sans-serif; font-size: 110%;\">Al saselea filtru: Post filtru alcalinizare, remineralizare 2\u201d.<\/span><\/li>\n<\/ul>\n<p><span style=\"font-family: tahoma, arial, helvetica, sans-serif; font-size: 110%;\">Periodo de sustituci\u00f3n recomendado para todos los cartuchos filtrantes: 12 meses.<\/span><\/p>\n<p><span style=\"font-family: tahoma, arial, helvetica, sans-serif; font-size: 110%;\">Puede encontrar los cartuchos filtrantes y los costes correspondientes haciendo clic en el bot\u00f3n virtual \"CARTUCHOS DE CAMBIO\", situado debajo de las im\u00e1genes de los productos (en la parte superior de la p\u00e1gina).<\/span><\/p>\n<p><strong><span style=\"font-family: tahoma, arial, helvetica, sans-serif; font-size: 110%;\">\u00bfD\u00f3nde y para qu\u00e9?<\/span><\/strong><\/p>\n<p><span style=\"font-family: tahoma, arial, helvetica, sans-serif; font-size: 110%;\">OSMOAZURA PRODF600-AG &#8211; direct flow se monteaza in general la bucatarie, sub blat, iar consumul de apa se face prin bateria de apa purificata oferita in kitul de instalare. Este o baterie moderna, argintie, ce se potriveste cu orice bucatarie moderna.<\/span><br \/>\n<span style=\"font-family: tahoma, arial, helvetica, sans-serif; font-size: 110%;\">El agua purificada de este modo se utiliza para el consumo diario, para preparar t\u00e9 y caf\u00e9, para cocinar, lavar frutas y verduras.<\/span><\/p>\n<p><span style=\"font-family: tahoma, arial, helvetica, sans-serif; font-size: 110%;\">Atentie! Sistemul de filtrare OSMOAZURA PRODF600-AG &#8211; direct flow este proiectat si gandit sa purifice apa din retelele publice controlate, dezinfectata si declarata potabila. Nu utilizati sistemul (fara sa ne consultati) cu apa din surse proprii precum apa de foraj\/put, apa de suprafata. In astfel de cazuri este necesar un buletin de analiza a apei. Specialistii nostri va stau la dispozitie prin consultanta de specialitate si va vor indica cu exactitate ce filtre va sunt necesare pentru a trata apa din surse proprii, dar numai pe baza unui buletin de analiza a apei.<\/span><\/p>\n<p><span style=\"font-family: tahoma, arial, helvetica, sans-serif; font-size: 110%;\">Utilizati OSMOAZURA PRODF600-AG doar cu apa rece. Nu montati pe conducta de apa calda!<\/span><br \/>\n<span style=\"font-family: tahoma, arial, helvetica, sans-serif; font-size: 110%;\">\u00bfLavar\u00e1s los platos con agua filtrada?<\/span><\/p>\n<p><span style=\"font-family: tahoma, arial, helvetica, sans-serif; font-size: 110%;\">Raspunsul este NU. Kitul de instalare permite ca numai apa ce se doreste a fi consumata sa fie filtrata. Filtrul OSMOAZURA PRODF600-AG contine kit de instalare in acest sens.<\/span><\/p>\n<p><strong><span style=\"font-family: tahoma, arial, helvetica, sans-serif; font-size: 110%;\">\u00bfQu\u00e9 recibo en el paquete en el momento de la entrega?<\/span><\/strong><\/p>\n<ul>\n<li><span style=\"font-family: tahoma, arial, helvetica, sans-serif; font-size: 110%;\">El dispositivo de filtrado con los filtros antes mencionados;<\/span><\/li>\n<li><span style=\"font-family: tahoma, arial, helvetica, sans-serif; font-size: 110%;\">Furtun alb de presiune pentru apa filtrata mai mult decat suficient pentru montaj;<\/span><\/li>\n<li><span style=\"font-family: tahoma, arial, helvetica, sans-serif; font-size: 110%;\">Baterie metalica argintie pentru consumul apei purificate cu certificare NSF, lead free;<\/span><\/li>\n<li><span style=\"font-family: tahoma, arial, helvetica, sans-serif; font-size: 110%;\">Piesa de racord sub chiuveta 3\/8\u2033 cu robinet de inchidere\/deschidere apa catre filtru;<\/span><\/li>\n<li><span style=\"font-family: tahoma, arial, helvetica, sans-serif; font-size: 110%;\">Piesa de bransare pentru scurgere.<\/span><\/li>\n<\/ul>\n<p><strong><span style=\"font-family: tahoma, arial, helvetica, sans-serif; font-size: 110%;\">Montaj OSMOAZURA PRODF600-AG &#8211; direct flow<br \/>\n<\/span><\/strong><br \/>\n<span style=\"font-family: tahoma, arial, helvetica, sans-serif; font-size: 110%;\">El sistema de filtraci\u00f3n se monta debajo del fregadero y en el fregadero s\u00f3lo se monta la bater\u00eda especial suministrada en el kit de instalaci\u00f3n. La instalaci\u00f3n no es dif\u00edcil, sin embargo requiere pocos conocimientos t\u00e9cnicos o un instalador. Le proporcionaremos el Manual del Usuario con la compra. Para Bucarest e Ilfov puede pedir a nuestro equipo que instale el filtro por usted (cargo adicional).<\/span><\/p>\n<p><span style=\"font-family: tahoma, arial, helvetica, sans-serif; font-size: 110%;\">Durante la puesta en marcha, antes de beber agua, llene y vac\u00ede dos recipientes de almacenamiento (el que se suministra con el sistema de filtraci\u00f3n). Despu\u00e9s de la instalaci\u00f3n, durante unos d\u00edas, ver\u00e1 finas burbujas de aire en el vaso. Esto es absolutamente normal y ocurrir\u00e1 hasta que el medio filtrante est\u00e9 completamente empapado.<\/span><\/p>\n<p><span style=\"font-family: tahoma, arial, helvetica, sans-serif; font-size: 110%;\">Dimensiones:<\/span><\/p>\n<ul>\n<li><span style=\"font-family: tahoma, arial, helvetica, sans-serif; font-size: 110%;\">dimensiunile aparatului: 36 x 46 x 23,5 cm (Lugime x inaltime x Adancime).<\/span><span style=\"font-family: tahoma, arial, helvetica, sans-serif; font-size: 110%;\"><span style=\"font-family: tahoma, arial, helvetica, sans-serif; font-size: 110%;\"><br \/>\n<\/span><\/span><span style=\"font-family: tahoma, arial, helvetica, sans-serif; font-size: 110%;\"><br \/>\n2 a\u00f1os de garant\u00eda<\/span><br \/>\n<span style=\"font-family: tahoma, arial, helvetica, sans-serif; font-size: 110%;\">Fabricado en Ruman\u00eda con subansables de: Taiw\u00e1n, Turqu\u00eda, Italia.<\/span><\/li>\n<\/ul>\n<p><span style=\"font-family: tahoma, arial, helvetica, sans-serif; font-size: 110%;\">Cambiar el agua es lo mejor que puedes hacer hoy. Las acciones de hoy cambian tu futuro, y el agua es probablemente lo m\u00e1s importante que puedes cambiar para mejorar tu salud, y est\u00e1 en tu mano, ahora mismo. \u00bfLe parece l\u00f3gico?<\/span><\/p>","protected":false},"excerpt":{"rendered":"<p><a href=\"https:\/\/azura.ro\/es\/100-30-dias-de-garantia-de-devolucion\/\" target=\"_blank\" rel=\"noopener noreferrer\"><img decoding=\"async\" class=\"alignnone wp-image-7307\" src=\"https:\/\/azura.ro\/wp-content\/uploads\/2016\/06\/Garantie-retur.png\" alt=\"\" width=\"106\" height=\"128\" \/><\/a><a href=\"https:\/\/azura.ro\/es\/service\/\" target=\"_blank\" rel=\"noopener noreferrer\"><img decoding=\"async\" class=\"alignnone wp-image-7308\" src=\"https:\/\/azura.ro\/wp-content\/uploads\/2016\/06\/Service.png\" alt=\"\" width=\"118\" height=\"112\" \/><\/a><a href=\"https:\/\/azura.ro\/es\/2-ani-garantie\/\" target=\"_blank\" rel=\"noopener noreferrer\"><img decoding=\"async\" class=\"alignnone wp-image-14008\" src=\"https:\/\/azura.ro\/wp-content\/uploads\/2018\/12\/2-ani-garantie.png\" alt=\"\" width=\"103\" height=\"142\" \/><\/a><\/p>\n<p><a href=\"https:\/\/azura.ro\/es\/100-30-dias-de-garantia-de-devolucion\/\" target=\"_blank\" rel=\"noopener noreferrer\">Ofrecemos garant\u00eda de satisfacci\u00f3n con devoluci\u00f3n del dinero en 30 d\u00edas<\/a><br \/>\n<a href=\"https:\/\/azura.ro\/es\/service\/\" target=\"_blank\" rel=\"noopener noreferrer\">Ofrecemos servicio especializado en Ruman\u00eda \u00a1Cualquier problema t\u00e9cnico se resuelve en Ruman\u00eda!<\/a><br \/>\n<a href=\"https:\/\/azura.ro\/es\/2-ani-garantie\/\" target=\"_blank\" rel=\"noopener noreferrer\">Ofrecemos garant\u00eda contra defectos de fabricaci\u00f3n, 2 a\u00f1os de garant\u00eda<\/a><\/p>","protected":false},"featured_media":68632,"comment_status":"open","ping_status":"closed","template":"","meta":{"_seopress_robots_primary_cat":"none","_seopress_titles_title":"","_seopress_titles_desc":"","_seopress_robots_index":""},"product_brand":[],"product_cat":[58,74],"product_tag":[1921,333,1089,587,612],"class_list":{"0":"post-68631","1":"product","2":"type-product","3":"status-publish","4":"has-post-thumbnail","6":"product_cat-horeca-vending","7":"product_cat-filtre-apa-cu-osmoza-inversa","8":"product_tag-direct-flow","9":"product_tag-filtru-apa","10":"product_tag-horeca","11":"product_tag-osmoza-inversa","12":"product_tag-purificator-apa","13":"pa_amplasare-subchiuveta","15":"first","16":"outofstock","17":"sale","18":"taxable","19":"shipping-taxable","20":"purchasable","21":"product-type-simple"},"_links":{"self":[{"href":"https:\/\/azura.ro\/es\/wp-json\/wp\/v2\/product\/68631","targetHints":{"allow":["GET"]}}],"collection":[{"href":"https:\/\/azura.ro\/es\/wp-json\/wp\/v2\/product"}],"about":[{"href":"https:\/\/azura.ro\/es\/wp-json\/wp\/v2\/types\/product"}],"replies":[{"embeddable":true,"href":"https:\/\/azura.ro\/es\/wp-json\/wp\/v2\/comments?post=68631"}],"wp:featuredmedia":[{"embeddable":true,"href":"https:\/\/azura.ro\/es\/wp-json\/wp\/v2\/media\/68632"}],"wp:attachment":[{"href":"https:\/\/azura.ro\/es\/wp-json\/wp\/v2\/media?parent=68631"}],"wp:term":[{"taxonomy":"product_brand","embeddable":true,"href":"https:\/\/azura.ro\/es\/wp-json\/wp\/v2\/product_brand?post=68631"},{"taxonomy":"product_cat","embeddable":true,"href":"https:\/\/azura.ro\/es\/wp-json\/wp\/v2\/product_cat?post=68631"},{"taxonomy":"product_tag","embeddable":true,"href":"https:\/\/azura.ro\/es\/wp-json\/wp\/v2\/product_tag?post=68631"}],"curies":[{"name":"wp","href":"https:\/\/api.w.org\/{rel}","templated":true}]}}